{"id":131,"date":"2025-08-05T19:50:28","date_gmt":"2025-08-05T19:50:28","guid":{"rendered":"https:\/\/acapulco.gob.mx\/ecologia\/?page_id=131"},"modified":"2026-04-16T20:18:51","modified_gmt":"2026-04-16T20:18:51","slug":"direccion-de-normatividad-e-impacto-ambiental","status":"publish","type":"page","link":"https:\/\/acapulco.gob.mx\/ecologia\/direccion-de-normatividad-e-impacto-ambiental\/","title":{"rendered":"Direcci\u00f3n de Normatividad e Impacto Ambiental"},"content":{"rendered":"\n<div class=\"wp-block-buttons has-custom-font-size has-medium-font-size is-vertical is-content-justification-center is-layout-flex wp-container-core-buttons-is-layout-1 wp-block-buttons-is-layout-flex\">\n<div class=\"wp-block-button has-custom-width wp-block-button__width-75 has-custom-font-size is-style-fill has-small-font-size\"><a class=\"wp-block-button__link has-white-color has-text-color has-background has-link-color wp-element-button\" href=\"https:\/\/acapulco.gob.mx\/ecologia\/wp-content\/uploads\/2026\/01\/GIPMIA_2026-01.pdf\" style=\"border-radius:10px;background-color:#9f2241\" target=\"_blank\" rel=\"noreferrer noopener\">Gu\u00eda para el Informe Preventivo o manifestaci\u00f3n del Impacto Ambiental (GIPMIA)<\/a><\/div>\n\n\n\n<div class=\"wp-block-button has-custom-width wp-block-button__width-75 has-custom-font-size is-style-fill has-small-font-size\"><a class=\"wp-block-button__link has-white-color has-text-color has-background has-link-color wp-element-button\" href=\"https:\/\/acapulco.gob.mx\/ecologia\/wp-content\/uploads\/2026\/01\/SEVIAM_2026-01.xlsx\" style=\"border-radius:10px;background-color:#9f2241\">Solicitud para la Evaluaci\u00f3n y Verificaci\u00f3n de Impacto Ambiental<\/a><\/div>\n\n\n\n<div class=\"wp-block-button has-custom-width wp-block-button__width-75 has-custom-font-size is-style-fill has-small-font-size\"><a class=\"wp-block-button__link has-white-color has-text-color has-background has-link-color wp-element-button\" href=\"https:\/\/acapulco.gob.mx\/ecologia\/wp-content\/uploads\/2026\/01\/Requisitos_Certificacion_2026-01.pdf\" style=\"border-radius:10px;background-color:#9f2241\" target=\"_blank\" rel=\"noreferrer noopener\">Requisitos para obtener la Autorizaci\u00f3n de Certificaci\u00f3n en Materia Ambiental<\/a><\/div>\n\n\n\n<div class=\"wp-block-button has-custom-width wp-block-button__width-75 has-custom-font-size is-style-fill has-small-font-size\"><a class=\"wp-block-button__link has-white-color has-text-color has-background has-link-color wp-element-button\" href=\"https:\/\/acapulco.gob.mx\/ecologia\/wp-content\/uploads\/2026\/02\/Tramite_Escombro_2026-01.xlsx\" style=\"border-radius:10px;background-color:#9f2241\">Requisitos para obtener la Autorizaci\u00f3n de Certificaci\u00f3n en Materia Ambiental de Residuos de la Construcci\u00f3n, Mantenimiento y Demolici\u00f3n En General<\/a><\/div>\n\n\n\n<div class=\"wp-block-button has-custom-width wp-block-button__width-75 has-custom-font-size is-style-fill has-small-font-size\"><a class=\"wp-block-button__link has-white-color has-text-color has-background has-link-color wp-element-button\" href=\"https:\/\/acapulco.gob.mx\/ecologia\/wp-content\/uploads\/2026\/01\/Requisitos_Perifoneo_2026-01.xlsx\" style=\"border-radius:10px;background-color:#9f2241\">Requisitos para obtener la Autorizaci\u00f3n de Perifoneo<\/a><\/div>\n\n\n\n<div class=\"wp-block-button has-custom-width wp-block-button__width-75 has-custom-font-size is-style-fill has-small-font-size\"><a class=\"wp-block-button__link has-white-color has-text-color has-background has-link-color wp-element-button\" href=\"https:\/\/acapulco.gob.mx\/ecologia\/wp-content\/uploads\/2026\/01\/Requisitos_Prestador_de_Servicios_2026-01.pdf\" style=\"border-radius:10px;background-color:#9f2241\" target=\"_blank\" rel=\"noreferrer noopener\">Requisitos de Registro que deber\u00e1n cumplir las personas f\u00edsicas o morales para el padr\u00f3n de prestadores de servicios de Impacto Ambiental Municipal<\/a><\/div>\n\n\n\n<div class=\"wp-block-button has-custom-width wp-block-button__width-75 has-custom-font-size is-style-fill has-small-font-size\"><a class=\"wp-block-button__link has-white-color has-text-color has-background has-link-color wp-element-button\" href=\"https:\/\/acapulco.gob.mx\/ecologia\/wp-content\/uploads\/2026\/02\/Tramite_RCA_2026-01.xlsx\" style=\"border-radius:10px;background-color:#9f2241\">Requisitos para tramitar el Registro de Control Ambiental<\/a><\/div>\n\n\n\n<div class=\"wp-block-button has-custom-width wp-block-button__width-75 has-custom-font-size is-style-fill has-small-font-size\"><a class=\"wp-block-button__link has-white-color has-text-color has-background has-link-color wp-element-button\" href=\"https:\/\/acapulco.gob.mx\/ecologia\/wp-content\/uploads\/2026\/02\/Tramite_RCA_Restaurante_2026-01.xlsx\" style=\"border-radius:10px;background-color:#9f2241\">Requisitos para tramitar el Registro de Control Ambiental (Restaurante)<\/a><\/div>\n\n\n\n<div class=\"wp-block-button has-custom-width wp-block-button__width-75 has-custom-font-size is-style-fill has-small-font-size\"><a class=\"wp-block-button__link has-white-color has-text-color has-background has-link-color wp-element-button\" href=\"https:\/\/acapulco.gob.mx\/ecologia\/wp-content\/uploads\/2026\/02\/Tramite_RCA_Veterinaria_2026-01.xlsx\" style=\"border-radius:10px;background-color:#9f2241\">Requisitos para tramitar el Registro de Control Ambiental (Veterinaria)<\/a><\/div>\n\n\n\n<div class=\"wp-block-button has-custom-width wp-block-button__width-75 has-custom-font-size is-style-fill has-small-font-size\"><a class=\"wp-block-button__link has-white-color has-text-color has-background has-link-color wp-element-button\" href=\"https:\/\/acapulco.gob.mx\/ecologia\/wp-content\/uploads\/2026\/03\/Lista_de_Prestadores_de_Servicios_Recoleccion_Escombros.pdf\" style=\"border-radius:10px;background-color:#9f2241\" target=\"_blank\" rel=\"noreferrer noopener\">Padr\u00f3n de prestadores de servicio para manejo de Residuos (Escombro)<\/a><\/div>\n\n\n\n<div class=\"wp-block-button has-custom-width wp-block-button__width-75 has-custom-font-size is-style-fill has-small-font-size\"><a class=\"wp-block-button__link has-white-color has-text-color has-background has-link-color wp-element-button\" href=\"https:\/\/acapulco.gob.mx\/ecologia\/wp-content\/uploads\/2026\/03\/Lista_de_Prestadores_de_Servicios_Recoleccion_Aguas_Residuales.pdf\" style=\"border-radius:10px;background-color:#9f2241\" target=\"_blank\" rel=\"noreferrer noopener\">Padr\u00f3n de prestadores de servicio para manejo de Residuos (Aguas Residuales)<\/a><\/div>\n\n\n\n<div class=\"wp-block-button has-custom-width wp-block-button__width-75 has-custom-font-size is-style-fill has-small-font-size\"><a class=\"wp-block-button__link has-white-color has-text-color has-background has-link-color wp-element-button\" href=\"https:\/\/acapulco.gob.mx\/ecologia\/wp-content\/uploads\/2026\/03\/Lista_de_Prestadores_de_Servicios_Recoleccion_RSU.pdf\" style=\"border-radius:10px;background-color:#9f2241\" target=\"_blank\" rel=\"noreferrer noopener\">Padr\u00f3n de prestadores de servicio para manejo de Residuos (RSU)<\/a><\/div>\n\n\n\n<div class=\"wp-block-button has-custom-width wp-block-button__width-75 has-custom-font-size is-style-fill has-small-font-size\"><a class=\"wp-block-button__link has-white-color has-text-color has-background has-link-color wp-element-button\" href=\"https:\/\/acapulco.gob.mx\/ecologia\/wp-content\/uploads\/2026\/03\/Lista_de_Prestadores_de_Servicios_Recoleccion_Trampas_de_Grasa.pdf\" style=\"border-radius:10px;background-color:#9f2241\" target=\"_blank\" rel=\"noreferrer noopener\">Padr\u00f3n de prestadores de servicio para manejo de Residuos (Trampas de Grasa)<\/a><\/div>\n\n\n\n<div class=\"wp-block-button has-custom-width wp-block-button__width-75 has-custom-font-size is-style-fill has-small-font-size\"><a class=\"wp-block-button__link has-white-color has-text-color has-background has-link-color wp-element-button\" href=\"https:\/\/acapulco.gob.mx\/ecologia\/wp-content\/uploads\/2026\/04\/Lista_de_Prestadores_de_Estudios_de_Impacto_Ambiental_2026.pdf\" style=\"border-radius:10px;background-color:#9f2241\" target=\"_blank\" rel=\"noreferrer noopener\">Padr\u00f3n de prestadores de Estudios de Impacto Ambiental<\/a><\/div>\n\n\n\n<div class=\"wp-block-button has-custom-width wp-block-button__width-75 has-custom-font-size is-style-fill has-small-font-size\"><a class=\"wp-block-button__link has-white-color has-text-color has-background has-link-color wp-element-button\" href=\"https:\/\/acapulco.gob.mx\/ecologia\/wp-content\/uploads\/2026\/03\/Lista_de_Prestadores_de_Servicios_Viveros.pdf\" style=\"border-radius:10px;background-color:#9f2241\" target=\"_blank\" rel=\"noreferrer noopener\">Padr\u00f3n de prestadores de servicio para Viveros para Compensaci\u00f3n Ambiental<\/a><\/div>\n<\/div>\n","protected":false},"excerpt":{"rendered":"","protected":false},"author":1,"featured_media":0,"parent":0,"menu_order":0,"comment_status":"closed","ping_status":"closed","template":"","meta":{"footnotes":""},"_links":{"self":[{"href":"https:\/\/acapulco.gob.mx\/ecologia\/wp-json\/wp\/v2\/pages\/131"}],"collection":[{"href":"https:\/\/acapulco.gob.mx\/ecologia\/wp-json\/wp\/v2\/pages"}],"about":[{"href":"https:\/\/acapulco.gob.mx\/ecologia\/wp-json\/wp\/v2\/types\/page"}],"author":[{"embeddable":true,"href":"https:\/\/acapulco.gob.mx\/ecologia\/wp-json\/wp\/v2\/users\/1"}],"replies":[{"embeddable":true,"href":"https:\/\/acapulco.gob.mx\/ecologia\/wp-json\/wp\/v2\/comments?post=131"}],"version-history":[{"count":21,"href":"https:\/\/acapulco.gob.mx\/ecologia\/wp-json\/wp\/v2\/pages\/131\/revisions"}],"predecessor-version":[{"id":202,"href":"https:\/\/acapulco.gob.mx\/ecologia\/wp-json\/wp\/v2\/pages\/131\/revisions\/202"}],"wp:attachment":[{"href":"https:\/\/acapulco.gob.mx\/ecologia\/wp-json\/wp\/v2\/media?parent=131"}],"curies":[{"name":"wp","href":"https:\/\/api.w.org\/{rel}","templated":true}]}}