{"id":14,"date":"2025-05-27T19:56:31","date_gmt":"2025-05-27T19:56:31","guid":{"rendered":"https:\/\/acapulco.gob.mx\/immujer\/?page_id=14"},"modified":"2025-06-04T20:55:06","modified_gmt":"2025-06-04T20:55:06","slug":"capacitacion-y-desarrollo","status":"publish","type":"page","link":"https:\/\/acapulco.gob.mx\/immujer\/capacitacion-y-desarrollo\/","title":{"rendered":"Capacitaci\u00f3n y Desarrollo"},"content":{"rendered":"\n<p>La Direcci\u00f3n de Capacitaci\u00f3n y Desarrollo del IMMUJER te da la m\u00e1s cordial bienvenida a este espacio para promover conocimientos y habilidades en materia de g\u00e9nero, igualdad sustantiva y derechos humanos de las mujeres dirigidos al sector de la administraci\u00f3n p\u00fablica, el sector privado, educativo, la sociedad civil organizada, ciudadan\u00eda y p\u00fablico en general.<br>Con estos procesos se busca promover cambios socioculturales libres de prejuicios y estereotipos de g\u00e9nero que contribuyan a la construcci\u00f3n de una sociedad m\u00e1s justa, incluyente y libre de discriminaci\u00f3n y violencia contra las mujeres.<\/p>\n\n\n\n<hr class=\"wp-block-separator has-alpha-channel-opacity\"\/>\n\n\n\n<h5 class=\"wp-block-heading\">CURSOS PARA TODAS Y TODOS<\/h5>\n\n\n\n<figure class=\"wp-block-table\"><table class=\"has-fixed-layout\"><tbody><tr><td class=\"has-text-align-center\" data-align=\"center\"><strong>PREVENCI\u00d3N DE LA VIOLENCIA CONTRA LAS MUJERES<\/strong><\/td><td class=\"has-text-align-center\" data-align=\"center\"><strong>TRANSVERSALIZACI\u00d3N DE LA PERSPECTIVA DE G\u00c9NERO EN LA ADMINISTRACI\u00d3N P\u00daBLICA MUNICIPAL<\/strong><br><br>PROGRAMA \u00daNICO DE CAPACITACI\u00d3N: \u201cEl Derecho Humano de las Mujeres a una Vida Libre de Violencia\u201d &nbsp;<\/td><td class=\"has-text-align-center\" data-align=\"center\"><strong>PROYECTOS ESPECIALES<\/strong><br><br>Alerta de Violencia de G\u00e9nero por Violencia Feminicida AVGVF <br><br>Acapulco: Municipio Promotor de la Salud<\/td><\/tr><tr><td class=\"has-text-align-center\" data-align=\"center\">&nbsp;<\/td><td class=\"has-text-align-left\" data-align=\"left\">Sensibilizar, formar y profesionalizar en materia de derechos humanos de las mujeres, transversalizaci\u00f3n de perspectiva de g\u00e9nero y mecanismos de prevenci\u00f3n y atenci\u00f3n a la violencia contra las mujeres a Servidoras y Servidores P\u00fablicos del municipio de Acapulco.<\/td><td class=\"has-text-align-center\" data-align=\"center\">&nbsp;<\/td><\/tr><\/tbody><\/table><\/figure>\n\n\n\n<hr class=\"wp-block-separator has-alpha-channel-opacity\"\/>\n\n\n\n<h5 class=\"wp-block-heading\">EMPODERAMIENTO ECON\u00d3MICO<\/h5>\n\n\n\n<figure class=\"wp-block-table\"><table class=\"has-fixed-layout\"><tbody><tr><td class=\"has-text-align-center\" data-align=\"center\"><strong><em>C\u00f3mo redactar un buen Curr\u00edculum Vitae CV, cuando no se tiene experiencia laboral previa<\/em><\/strong><\/td><td class=\"has-text-align-center\" data-align=\"center\"><strong><em>C\u00f3mo tener una entrevista laboral exitosa<\/em><\/strong><strong><em>&nbsp;<\/em><\/strong><\/td><td class=\"has-text-align-center\" data-align=\"center\"><strong><em>Actualmente, las empresas, adem\u00e1s de perfiles profesionales competentes buscan que sus Colaboradoras tengas desarrolladas las Habilidades Sociales<\/em><\/strong> <strong><em>\u00bfQu\u00e9 son?<\/em><\/strong> <\/td><\/tr><tr><td class=\"has-text-align-left\" data-align=\"left\" valign=\"top\">Recuerda que todo proceso tiene un inicio. \u00bfTe imaginas un inicio laboral exitoso? A continuaci\u00f3n, te mostraremos como construir un CV perfecto sin tener experiencia laboral previa.<br>&#8211; <strong><em>Datos personales:<\/em><\/strong> En esta primera secci\u00f3n, deber\u00e1s plasmar tus datos personales, informaci\u00f3n de contacto y si lo crees necesario enlaces web donde puedas mostrar un poco m\u00e1s de ti.<br>&#8211; <strong><em>Perfil profesional:<\/em><\/strong> Este apartado, sirve para que expongas tus pasiones, habilidades u objetivos profesionales, siempre enfocados al puesto que deseas desarrollar, es recomendable no excederte de 5 l\u00edneas en este apartado.<br>&#8211; <strong><em>Objetivo profesional:<\/em><\/strong> En este punto, es indispensable ser clara, ya que tendr\u00e1s que plasmar tus planes de crecimiento en la empresa o instituci\u00f3n a la cual quieres pertenecer.<br>&#8211; <strong><em>Formaci\u00f3n acad\u00e9mica:<\/em><\/strong> En este apartado, se te sugiere comenzar con el t\u00edtulo de mayor grado que hayas obtenido, seguido de algunos otros t\u00edtulos o certificaciones que hayas obtenido.<br>&#8211; <strong><em>Habilidades y competencias:<\/em><\/strong> En este apartado, &nbsp;es importante hablar de tus capacidades, habilidades, aptitudes y actitudes que te ayudan a realizar determinadas actividades con \u00e9xito.<br>&#8211; <strong><em>Actividades extracurriculares:<\/em><\/strong> A falta de experiencia, informar sobre actividades extracurriculares llevadas a cabo, puede servir para mostrar tu disposici\u00f3n para aprender. <br>&#8211; <strong><em>Experiencia:<\/em><\/strong> Aqu\u00ed puedes plasmar voluntariados, pr\u00e1cticas profesionales que hayas tenido en el pasado y describir alguna actividad c\u00edvica en la que hayas participado.<\/td><td class=\"has-text-align-left\" data-align=\"left\" valign=\"top\">Es importante que te prepares con anticipaci\u00f3n para la entrevista.<br><strong>Investiga:<\/strong> Conoce bien la empresa , su cultura, servicios y sobre todo el puesto para el que deseas postularte.<br><strong>Practica:<\/strong> Revisa las preguntas que com\u00fanmente formulan durante una entrevista laboral, ensaya tus respuestas.<br><strong>Prepara preguntas:<\/strong> Ten lista un par de preguntas interesantes para el entrevistador, el mayor resultado ser\u00e1 que demuestres inter\u00e9s curiosidad.<br><strong>Durante la entrevista:<\/strong><br>S\u00e9 puntual<br>Acude portando vestimenta profesional (formal)<br>Mant\u00e9n una postura abierta<br>Se recomienda tener una escucha activa<br>Responde de manera clara y concisa<br>Muestra seguridad en tus habilidades<br>Haz que se note inter\u00e9s por el puesto que deseas<br>Responde honestamente<br>Destaca tus logros<br><strong>Env\u00eda un correo de agradecimiento: <\/strong>Agradece al entrevistador por su tiempo y reitera tu inter\u00e9s en el puesto.<\/td><td class=\"has-text-align-left\" data-align=\"left\" valign=\"top\">Las habilidades sociales, son muchas veces la clave para logar la realizaci\u00f3n de tus metas, a continuaci\u00f3n, te explicamos de que se trata:<br><strong>Saber escuchar:<\/strong> Presta atenci\u00f3n, no solo a las palabras, si no al tono de voz, reformula lo que ha entendido para asegurarte que has comprendido correctamente.<br><strong>Empat\u00eda:<\/strong> Intenta comprender los sentimientos y perspectivas de los dem\u00e1s, poni\u00e9ndote en su lugar.<br><strong>Asertividad:<\/strong> Expresa tus necesidades y opiniones de forma clara y respetuosa. &nbsp; <br><strong>Manejo de situaciones sociales incomodas:<\/strong> Practica t\u00e9cnicas para mejorar la ansiedad, como la respiraci\u00f3n profunda y la visualizaci\u00f3n positiva. &nbsp; <br><strong>Comunicaci\u00f3n no violenta:<\/strong> Expresa tus necesidades y sentimientos de forma clara y sin culpar a los dem\u00e1s Ejemplos: Iniciar conversaciones Hacer cumplidos Participar en debates Trabajar en equipo Resolver conflictos<br><br>Al practicar estas habilidades de forma regular, podr\u00e1s mejorar tus interacciones sociales y construir relaciones mas fuertes y significativas.<\/td><\/tr><\/tbody><\/table><\/figure>\n\n\n\n<p><\/p>\n","protected":false},"excerpt":{"rendered":"<p>La Direcci\u00f3n de Capacitaci\u00f3n y Desarrollo del IMMUJER te da la m\u00e1s cordial bienvenida a este espacio para promover conocimientos y habilidades en materia de g\u00e9nero, igualdad sustantiva y derechos humanos de las mujeres dirigidos al sector de la administraci\u00f3n p\u00fablica, el sector privado, educativo, la sociedad civil organizada, ciudadan\u00eda y p\u00fablico en general.Con estos <a class=\"more-link\" href=\"https:\/\/acapulco.gob.mx\/immujer\/capacitacion-y-desarrollo\/\">Continue reading <i class=\"fa fa-chevron-right\"><\/i><\/a><\/p>\n","protected":false},"author":1,"featured_media":0,"parent":0,"menu_order":0,"comment_status":"closed","ping_status":"closed","template":"","meta":{"footnotes":""},"class_list":["post-14","page","type-page","status-publish","hentry"],"_links":{"self":[{"href":"https:\/\/acapulco.gob.mx\/immujer\/wp-json\/wp\/v2\/pages\/14","targetHints":{"allow":["GET"]}}],"collection":[{"href":"https:\/\/acapulco.gob.mx\/immujer\/wp-json\/wp\/v2\/pages"}],"about":[{"href":"https:\/\/acapulco.gob.mx\/immujer\/wp-json\/wp\/v2\/types\/page"}],"author":[{"embeddable":true,"href":"https:\/\/acapulco.gob.mx\/immujer\/wp-json\/wp\/v2\/users\/1"}],"replies":[{"embeddable":true,"href":"https:\/\/acapulco.gob.mx\/immujer\/wp-json\/wp\/v2\/comments?post=14"}],"version-history":[{"count":4,"href":"https:\/\/acapulco.gob.mx\/immujer\/wp-json\/wp\/v2\/pages\/14\/revisions"}],"predecessor-version":[{"id":38,"href":"https:\/\/acapulco.gob.mx\/immujer\/wp-json\/wp\/v2\/pages\/14\/revisions\/38"}],"wp:attachment":[{"href":"https:\/\/acapulco.gob.mx\/immujer\/wp-json\/wp\/v2\/media?parent=14"}],"curies":[{"name":"wp","href":"https:\/\/api.w.org\/{rel}","templated":true}]}}