{"id":166,"date":"2025-06-13T21:53:42","date_gmt":"2025-06-13T21:53:42","guid":{"rendered":"https:\/\/acapulco.gob.mx\/immujer\/?page_id=166"},"modified":"2025-06-13T21:53:42","modified_gmt":"2025-06-13T21:53:42","slug":"16-dias-de-activismo-contra-la-violencia-de-genero","status":"publish","type":"page","link":"https:\/\/acapulco.gob.mx\/immujer\/eventos-conmemorativos\/16-dias-de-activismo-contra-la-violencia-de-genero\/","title":{"rendered":"16 D\u00edas de Activismo contra la Violencia de G\u00e9nero"},"content":{"rendered":"\n<p>Los <strong>16 D\u00edas de Activismo contra la Violencia de G\u00e9nero<\/strong> son una campa\u00f1a internacional anual que busca visibilizar y erradicar la violencia contra las mujeres, <strong>adolescentes y ni\u00f1as<\/strong> en todo el mundo. Esta campa\u00f1a se conmemora del <strong>25 de noviembre al 10 de diciembre<\/strong>, y su objetivo principal es <strong>generar conciencia, promover acciones concretas y exigir el compromiso de gobiernos, instituciones y sociedad civil<\/strong> para poner fin a todas las formas de violencia de g\u00e9nero.<\/p>\n\n\n\n<h5 class=\"wp-block-heading\"><strong>\ud83d\udcc5<\/strong><strong> \u00bfPor qu\u00e9 del 25 de noviembre al 10 de diciembre?<\/strong><\/h5>\n\n\n\n<p>Las fechas no son casuales. Marcan un periodo simb\u00f3lico que conecta la violencia de g\u00e9nero con los derechos humanos:<\/p>\n\n\n\n<ul class=\"wp-block-list\">\n<li><strong>25 de noviembre<\/strong>: D\u00eda Internacional para la Eliminaci\u00f3n de la Violencia contra la Mujer.<\/li>\n\n\n\n<li><strong>10 de diciembre<\/strong>: D\u00eda de los Derechos Humanos.<\/li>\n<\/ul>\n\n\n\n<h5 class=\"wp-block-heading\"><strong>\ud83d\udccd<\/strong><strong> \u00bfQu\u00e9 significa?<\/strong><\/h5>\n\n\n\n<p>Significa un <strong>llamado global a la acci\u00f3n<\/strong>. Durante estos d\u00edas, se realizan campa\u00f1as de sensibilizaci\u00f3n, conferencias, talleres, actividades comunitarias y acciones digitales para denunciar la violencia de g\u00e9nero y exigir pol\u00edticas p\u00fablicas efectivas para erradicarla.<\/p>\n\n\n\n<p>Se conmemora porque:<\/p>\n\n\n\n<ul class=\"wp-block-list\">\n<li>La <strong>violencia contra las mujeres, adolescentes y ni\u00f1as<\/strong> sigue siendo una de las violaciones de derechos humanos m\u00e1s persistentes en todo el mundo.<\/li>\n\n\n\n<li>Las cifras son alarmantes: 1 de cada 3 mujeres ha sufrido violencia f\u00edsica o sexual en su vida.<\/li>\n\n\n\n<li>Es necesario <strong>romper el silencio<\/strong>, cuestionar las normas culturales que la perpet\u00faan y exigir justicia para las v\u00edctimas.<\/li>\n<\/ul>\n\n\n\n<p>El <strong>color naranja<\/strong> es el s\u00edmbolo de esta campa\u00f1a, que representa un futuro libre de violencia.<\/p>\n\n\n\n<figure class=\"wp-block-gallery has-nested-images columns-default is-cropped wp-block-gallery-1 is-layout-flex wp-block-gallery-is-layout-flex\">\n<figure data-wp-context=\"{&quot;imageId&quot;:&quot;69def819c9835&quot;}\" data-wp-interactive=\"core\/image\" data-wp-key=\"69def819c9835\" class=\"wp-block-image size-large wp-lightbox-container\"><img loading=\"lazy\" decoding=\"async\" width=\"1024\" height=\"683\" data-wp-class--hide=\"state.isContentHidden\" data-wp-class--show=\"state.isContentVisible\" data-wp-init=\"callbacks.setButtonStyles\" data-wp-on--click=\"actions.showLightbox\" data-wp-on--load=\"callbacks.setButtonStyles\" data-wp-on-window--resize=\"callbacks.setButtonStyles\" data-id=\"168\" src=\"https:\/\/acapulco.gob.mx\/immujer\/wp-content\/uploads\/2025\/06\/08-1024x683.jpg\" alt=\"\" class=\"wp-image-168\" srcset=\"https:\/\/acapulco.gob.mx\/immujer\/wp-content\/uploads\/2025\/06\/08-1024x683.jpg 1024w, https:\/\/acapulco.gob.mx\/immujer\/wp-content\/uploads\/2025\/06\/08-300x200.jpg 300w, https:\/\/acapulco.gob.mx\/immujer\/wp-content\/uploads\/2025\/06\/08-768x512.jpg 768w, https:\/\/acapulco.gob.mx\/immujer\/wp-content\/uploads\/2025\/06\/08-1536x1024.jpg 1536w, https:\/\/acapulco.gob.mx\/immujer\/wp-content\/uploads\/2025\/06\/08-2048x1365.jpg 2048w\" sizes=\"auto, (max-width: 1024px) 100vw, 1024px\" \/><button\n\t\t\tclass=\"lightbox-trigger\"\n\t\t\ttype=\"button\"\n\t\t\taria-haspopup=\"dialog\"\n\t\t\taria-label=\"Agrandar\"\n\t\t\tdata-wp-init=\"callbacks.initTriggerButton\"\n\t\t\tdata-wp-on--click=\"actions.showLightbox\"\n\t\t\tdata-wp-style--right=\"state.imageButtonRight\"\n\t\t\tdata-wp-style--top=\"state.imageButtonTop\"\n\t\t>\n\t\t\t<svg xmlns=\"http:\/\/www.w3.org\/2000\/svg\" width=\"12\" height=\"12\" fill=\"none\" viewBox=\"0 0 12 12\">\n\t\t\t\t<path fill=\"#fff\" d=\"M2 0a2 2 0 0 0-2 2v2h1.5V2a.5.5 0 0 1 .5-.5h2V0H2Zm2 10.5H2a.5.5 0 0 1-.5-.5V8H0v2a2 2 0 0 0 2 2h2v-1.5ZM8 12v-1.5h2a.5.5 0 0 0 .5-.5V8H12v2a2 2 0 0 1-2 2H8Zm2-12a2 2 0 0 1 2 2v2h-1.5V2a.5.5 0 0 0-.5-.5H8V0h2Z\" \/>\n\t\t\t<\/svg>\n\t\t<\/button><\/figure>\n\n\n\n<figure data-wp-context=\"{&quot;imageId&quot;:&quot;69def819c9b71&quot;}\" data-wp-interactive=\"core\/image\" data-wp-key=\"69def819c9b71\" class=\"wp-block-image size-large wp-lightbox-container\"><img loading=\"lazy\" decoding=\"async\" width=\"1024\" height=\"683\" data-wp-class--hide=\"state.isContentHidden\" data-wp-class--show=\"state.isContentVisible\" data-wp-init=\"callbacks.setButtonStyles\" data-wp-on--click=\"actions.showLightbox\" data-wp-on--load=\"callbacks.setButtonStyles\" data-wp-on-window--resize=\"callbacks.setButtonStyles\" data-id=\"171\" src=\"https:\/\/acapulco.gob.mx\/immujer\/wp-content\/uploads\/2025\/06\/26-1024x683.jpg\" alt=\"\" class=\"wp-image-171\" srcset=\"https:\/\/acapulco.gob.mx\/immujer\/wp-content\/uploads\/2025\/06\/26-1024x683.jpg 1024w, https:\/\/acapulco.gob.mx\/immujer\/wp-content\/uploads\/2025\/06\/26-300x200.jpg 300w, https:\/\/acapulco.gob.mx\/immujer\/wp-content\/uploads\/2025\/06\/26-768x512.jpg 768w, https:\/\/acapulco.gob.mx\/immujer\/wp-content\/uploads\/2025\/06\/26-1536x1024.jpg 1536w, https:\/\/acapulco.gob.mx\/immujer\/wp-content\/uploads\/2025\/06\/26-2048x1365.jpg 2048w\" sizes=\"auto, (max-width: 1024px) 100vw, 1024px\" \/><button\n\t\t\tclass=\"lightbox-trigger\"\n\t\t\ttype=\"button\"\n\t\t\taria-haspopup=\"dialog\"\n\t\t\taria-label=\"Agrandar\"\n\t\t\tdata-wp-init=\"callbacks.initTriggerButton\"\n\t\t\tdata-wp-on--click=\"actions.showLightbox\"\n\t\t\tdata-wp-style--right=\"state.imageButtonRight\"\n\t\t\tdata-wp-style--top=\"state.imageButtonTop\"\n\t\t>\n\t\t\t<svg xmlns=\"http:\/\/www.w3.org\/2000\/svg\" width=\"12\" height=\"12\" fill=\"none\" viewBox=\"0 0 12 12\">\n\t\t\t\t<path fill=\"#fff\" d=\"M2 0a2 2 0 0 0-2 2v2h1.5V2a.5.5 0 0 1 .5-.5h2V0H2Zm2 10.5H2a.5.5 0 0 1-.5-.5V8H0v2a2 2 0 0 0 2 2h2v-1.5ZM8 12v-1.5h2a.5.5 0 0 0 .5-.5V8H12v2a2 2 0 0 1-2 2H8Zm2-12a2 2 0 0 1 2 2v2h-1.5V2a.5.5 0 0 0-.5-.5H8V0h2Z\" \/>\n\t\t\t<\/svg>\n\t\t<\/button><\/figure>\n\n\n\n<figure data-wp-context=\"{&quot;imageId&quot;:&quot;69def819c9e10&quot;}\" data-wp-interactive=\"core\/image\" data-wp-key=\"69def819c9e10\" class=\"wp-block-image size-large wp-lightbox-container\"><img loading=\"lazy\" decoding=\"async\" width=\"1024\" height=\"768\" data-wp-class--hide=\"state.isContentHidden\" data-wp-class--show=\"state.isContentVisible\" data-wp-init=\"callbacks.setButtonStyles\" data-wp-on--click=\"actions.showLightbox\" data-wp-on--load=\"callbacks.setButtonStyles\" data-wp-on-window--resize=\"callbacks.setButtonStyles\" data-id=\"173\" src=\"https:\/\/acapulco.gob.mx\/immujer\/wp-content\/uploads\/2025\/06\/20241205_115724-1024x768.jpg\" alt=\"\" class=\"wp-image-173\" srcset=\"https:\/\/acapulco.gob.mx\/immujer\/wp-content\/uploads\/2025\/06\/20241205_115724-1024x768.jpg 1024w, https:\/\/acapulco.gob.mx\/immujer\/wp-content\/uploads\/2025\/06\/20241205_115724-300x225.jpg 300w, https:\/\/acapulco.gob.mx\/immujer\/wp-content\/uploads\/2025\/06\/20241205_115724-768x576.jpg 768w, https:\/\/acapulco.gob.mx\/immujer\/wp-content\/uploads\/2025\/06\/20241205_115724-1536x1152.jpg 1536w, https:\/\/acapulco.gob.mx\/immujer\/wp-content\/uploads\/2025\/06\/20241205_115724-2048x1536.jpg 2048w\" sizes=\"auto, (max-width: 1024px) 100vw, 1024px\" \/><button\n\t\t\tclass=\"lightbox-trigger\"\n\t\t\ttype=\"button\"\n\t\t\taria-haspopup=\"dialog\"\n\t\t\taria-label=\"Agrandar\"\n\t\t\tdata-wp-init=\"callbacks.initTriggerButton\"\n\t\t\tdata-wp-on--click=\"actions.showLightbox\"\n\t\t\tdata-wp-style--right=\"state.imageButtonRight\"\n\t\t\tdata-wp-style--top=\"state.imageButtonTop\"\n\t\t>\n\t\t\t<svg xmlns=\"http:\/\/www.w3.org\/2000\/svg\" width=\"12\" height=\"12\" fill=\"none\" viewBox=\"0 0 12 12\">\n\t\t\t\t<path fill=\"#fff\" d=\"M2 0a2 2 0 0 0-2 2v2h1.5V2a.5.5 0 0 1 .5-.5h2V0H2Zm2 10.5H2a.5.5 0 0 1-.5-.5V8H0v2a2 2 0 0 0 2 2h2v-1.5ZM8 12v-1.5h2a.5.5 0 0 0 .5-.5V8H12v2a2 2 0 0 1-2 2H8Zm2-12a2 2 0 0 1 2 2v2h-1.5V2a.5.5 0 0 0-.5-.5H8V0h2Z\" \/>\n\t\t\t<\/svg>\n\t\t<\/button><\/figure>\n\n\n\n<figure data-wp-context=\"{&quot;imageId&quot;:&quot;69def819ca087&quot;}\" data-wp-interactive=\"core\/image\" data-wp-key=\"69def819ca087\" class=\"wp-block-image size-large wp-lightbox-container\"><img loading=\"lazy\" decoding=\"async\" width=\"1024\" height=\"768\" data-wp-class--hide=\"state.isContentHidden\" data-wp-class--show=\"state.isContentVisible\" data-wp-init=\"callbacks.setButtonStyles\" data-wp-on--click=\"actions.showLightbox\" data-wp-on--load=\"callbacks.setButtonStyles\" data-wp-on-window--resize=\"callbacks.setButtonStyles\" data-id=\"167\" src=\"https:\/\/acapulco.gob.mx\/immujer\/wp-content\/uploads\/2025\/06\/20241205_121029-1024x768.jpg\" alt=\"\" class=\"wp-image-167\" srcset=\"https:\/\/acapulco.gob.mx\/immujer\/wp-content\/uploads\/2025\/06\/20241205_121029-1024x768.jpg 1024w, https:\/\/acapulco.gob.mx\/immujer\/wp-content\/uploads\/2025\/06\/20241205_121029-300x225.jpg 300w, https:\/\/acapulco.gob.mx\/immujer\/wp-content\/uploads\/2025\/06\/20241205_121029-768x576.jpg 768w, https:\/\/acapulco.gob.mx\/immujer\/wp-content\/uploads\/2025\/06\/20241205_121029-1536x1152.jpg 1536w, https:\/\/acapulco.gob.mx\/immujer\/wp-content\/uploads\/2025\/06\/20241205_121029-2048x1536.jpg 2048w\" sizes=\"auto, (max-width: 1024px) 100vw, 1024px\" \/><button\n\t\t\tclass=\"lightbox-trigger\"\n\t\t\ttype=\"button\"\n\t\t\taria-haspopup=\"dialog\"\n\t\t\taria-label=\"Agrandar\"\n\t\t\tdata-wp-init=\"callbacks.initTriggerButton\"\n\t\t\tdata-wp-on--click=\"actions.showLightbox\"\n\t\t\tdata-wp-style--right=\"state.imageButtonRight\"\n\t\t\tdata-wp-style--top=\"state.imageButtonTop\"\n\t\t>\n\t\t\t<svg xmlns=\"http:\/\/www.w3.org\/2000\/svg\" width=\"12\" height=\"12\" fill=\"none\" viewBox=\"0 0 12 12\">\n\t\t\t\t<path fill=\"#fff\" d=\"M2 0a2 2 0 0 0-2 2v2h1.5V2a.5.5 0 0 1 .5-.5h2V0H2Zm2 10.5H2a.5.5 0 0 1-.5-.5V8H0v2a2 2 0 0 0 2 2h2v-1.5ZM8 12v-1.5h2a.5.5 0 0 0 .5-.5V8H12v2a2 2 0 0 1-2 2H8Zm2-12a2 2 0 0 1 2 2v2h-1.5V2a.5.5 0 0 0-.5-.5H8V0h2Z\" \/>\n\t\t\t<\/svg>\n\t\t<\/button><\/figure>\n\n\n\n<figure data-wp-context=\"{&quot;imageId&quot;:&quot;69def819ca2f3&quot;}\" data-wp-interactive=\"core\/image\" data-wp-key=\"69def819ca2f3\" class=\"wp-block-image size-large wp-lightbox-container\"><img loading=\"lazy\" decoding=\"async\" width=\"1024\" height=\"768\" data-wp-class--hide=\"state.isContentHidden\" data-wp-class--show=\"state.isContentVisible\" data-wp-init=\"callbacks.setButtonStyles\" data-wp-on--click=\"actions.showLightbox\" data-wp-on--load=\"callbacks.setButtonStyles\" data-wp-on-window--resize=\"callbacks.setButtonStyles\" data-id=\"174\" src=\"https:\/\/acapulco.gob.mx\/immujer\/wp-content\/uploads\/2025\/06\/20241205_121305-1024x768.jpg\" alt=\"\" class=\"wp-image-174\" srcset=\"https:\/\/acapulco.gob.mx\/immujer\/wp-content\/uploads\/2025\/06\/20241205_121305-1024x768.jpg 1024w, https:\/\/acapulco.gob.mx\/immujer\/wp-content\/uploads\/2025\/06\/20241205_121305-300x225.jpg 300w, https:\/\/acapulco.gob.mx\/immujer\/wp-content\/uploads\/2025\/06\/20241205_121305-768x576.jpg 768w, https:\/\/acapulco.gob.mx\/immujer\/wp-content\/uploads\/2025\/06\/20241205_121305-1536x1152.jpg 1536w, https:\/\/acapulco.gob.mx\/immujer\/wp-content\/uploads\/2025\/06\/20241205_121305-2048x1536.jpg 2048w\" sizes=\"auto, (max-width: 1024px) 100vw, 1024px\" \/><button\n\t\t\tclass=\"lightbox-trigger\"\n\t\t\ttype=\"button\"\n\t\t\taria-haspopup=\"dialog\"\n\t\t\taria-label=\"Agrandar\"\n\t\t\tdata-wp-init=\"callbacks.initTriggerButton\"\n\t\t\tdata-wp-on--click=\"actions.showLightbox\"\n\t\t\tdata-wp-style--right=\"state.imageButtonRight\"\n\t\t\tdata-wp-style--top=\"state.imageButtonTop\"\n\t\t>\n\t\t\t<svg xmlns=\"http:\/\/www.w3.org\/2000\/svg\" width=\"12\" height=\"12\" fill=\"none\" viewBox=\"0 0 12 12\">\n\t\t\t\t<path fill=\"#fff\" d=\"M2 0a2 2 0 0 0-2 2v2h1.5V2a.5.5 0 0 1 .5-.5h2V0H2Zm2 10.5H2a.5.5 0 0 1-.5-.5V8H0v2a2 2 0 0 0 2 2h2v-1.5ZM8 12v-1.5h2a.5.5 0 0 0 .5-.5V8H12v2a2 2 0 0 1-2 2H8Zm2-12a2 2 0 0 1 2 2v2h-1.5V2a.5.5 0 0 0-.5-.5H8V0h2Z\" \/>\n\t\t\t<\/svg>\n\t\t<\/button><\/figure>\n\n\n\n<figure data-wp-context=\"{&quot;imageId&quot;:&quot;69def819ca559&quot;}\" data-wp-interactive=\"core\/image\" data-wp-key=\"69def819ca559\" class=\"wp-block-image size-large wp-lightbox-container\"><img loading=\"lazy\" decoding=\"async\" width=\"1024\" height=\"768\" data-wp-class--hide=\"state.isContentHidden\" data-wp-class--show=\"state.isContentVisible\" data-wp-init=\"callbacks.setButtonStyles\" data-wp-on--click=\"actions.showLightbox\" data-wp-on--load=\"callbacks.setButtonStyles\" data-wp-on-window--resize=\"callbacks.setButtonStyles\" data-id=\"170\" src=\"https:\/\/acapulco.gob.mx\/immujer\/wp-content\/uploads\/2025\/06\/20241209_134751-1024x768.jpg\" alt=\"\" class=\"wp-image-170\" srcset=\"https:\/\/acapulco.gob.mx\/immujer\/wp-content\/uploads\/2025\/06\/20241209_134751-1024x768.jpg 1024w, https:\/\/acapulco.gob.mx\/immujer\/wp-content\/uploads\/2025\/06\/20241209_134751-300x225.jpg 300w, https:\/\/acapulco.gob.mx\/immujer\/wp-content\/uploads\/2025\/06\/20241209_134751-768x576.jpg 768w, https:\/\/acapulco.gob.mx\/immujer\/wp-content\/uploads\/2025\/06\/20241209_134751-1536x1152.jpg 1536w, https:\/\/acapulco.gob.mx\/immujer\/wp-content\/uploads\/2025\/06\/20241209_134751-2048x1536.jpg 2048w\" sizes=\"auto, (max-width: 1024px) 100vw, 1024px\" \/><button\n\t\t\tclass=\"lightbox-trigger\"\n\t\t\ttype=\"button\"\n\t\t\taria-haspopup=\"dialog\"\n\t\t\taria-label=\"Agrandar\"\n\t\t\tdata-wp-init=\"callbacks.initTriggerButton\"\n\t\t\tdata-wp-on--click=\"actions.showLightbox\"\n\t\t\tdata-wp-style--right=\"state.imageButtonRight\"\n\t\t\tdata-wp-style--top=\"state.imageButtonTop\"\n\t\t>\n\t\t\t<svg xmlns=\"http:\/\/www.w3.org\/2000\/svg\" width=\"12\" height=\"12\" fill=\"none\" viewBox=\"0 0 12 12\">\n\t\t\t\t<path fill=\"#fff\" d=\"M2 0a2 2 0 0 0-2 2v2h1.5V2a.5.5 0 0 1 .5-.5h2V0H2Zm2 10.5H2a.5.5 0 0 1-.5-.5V8H0v2a2 2 0 0 0 2 2h2v-1.5ZM8 12v-1.5h2a.5.5 0 0 0 .5-.5V8H12v2a2 2 0 0 1-2 2H8Zm2-12a2 2 0 0 1 2 2v2h-1.5V2a.5.5 0 0 0-.5-.5H8V0h2Z\" \/>\n\t\t\t<\/svg>\n\t\t<\/button><\/figure>\n\n\n\n<figure data-wp-context=\"{&quot;imageId&quot;:&quot;69def819ca7c8&quot;}\" data-wp-interactive=\"core\/image\" data-wp-key=\"69def819ca7c8\" class=\"wp-block-image size-large wp-lightbox-container\"><img loading=\"lazy\" decoding=\"async\" width=\"1024\" height=\"768\" data-wp-class--hide=\"state.isContentHidden\" data-wp-class--show=\"state.isContentVisible\" data-wp-init=\"callbacks.setButtonStyles\" data-wp-on--click=\"actions.showLightbox\" data-wp-on--load=\"callbacks.setButtonStyles\" data-wp-on-window--resize=\"callbacks.setButtonStyles\" data-id=\"169\" src=\"https:\/\/acapulco.gob.mx\/immujer\/wp-content\/uploads\/2025\/06\/20241209_165304-1024x768.jpg\" alt=\"\" class=\"wp-image-169\" srcset=\"https:\/\/acapulco.gob.mx\/immujer\/wp-content\/uploads\/2025\/06\/20241209_165304-1024x768.jpg 1024w, https:\/\/acapulco.gob.mx\/immujer\/wp-content\/uploads\/2025\/06\/20241209_165304-300x225.jpg 300w, https:\/\/acapulco.gob.mx\/immujer\/wp-content\/uploads\/2025\/06\/20241209_165304-768x576.jpg 768w, https:\/\/acapulco.gob.mx\/immujer\/wp-content\/uploads\/2025\/06\/20241209_165304-1536x1152.jpg 1536w, https:\/\/acapulco.gob.mx\/immujer\/wp-content\/uploads\/2025\/06\/20241209_165304-2048x1536.jpg 2048w\" sizes=\"auto, (max-width: 1024px) 100vw, 1024px\" \/><button\n\t\t\tclass=\"lightbox-trigger\"\n\t\t\ttype=\"button\"\n\t\t\taria-haspopup=\"dialog\"\n\t\t\taria-label=\"Agrandar\"\n\t\t\tdata-wp-init=\"callbacks.initTriggerButton\"\n\t\t\tdata-wp-on--click=\"actions.showLightbox\"\n\t\t\tdata-wp-style--right=\"state.imageButtonRight\"\n\t\t\tdata-wp-style--top=\"state.imageButtonTop\"\n\t\t>\n\t\t\t<svg xmlns=\"http:\/\/www.w3.org\/2000\/svg\" width=\"12\" height=\"12\" fill=\"none\" viewBox=\"0 0 12 12\">\n\t\t\t\t<path fill=\"#fff\" d=\"M2 0a2 2 0 0 0-2 2v2h1.5V2a.5.5 0 0 1 .5-.5h2V0H2Zm2 10.5H2a.5.5 0 0 1-.5-.5V8H0v2a2 2 0 0 0 2 2h2v-1.5ZM8 12v-1.5h2a.5.5 0 0 0 .5-.5V8H12v2a2 2 0 0 1-2 2H8Zm2-12a2 2 0 0 1 2 2v2h-1.5V2a.5.5 0 0 0-.5-.5H8V0h2Z\" \/>\n\t\t\t<\/svg>\n\t\t<\/button><\/figure>\n\n\n\n<figure data-wp-context=\"{&quot;imageId&quot;:&quot;69def819caa32&quot;}\" data-wp-interactive=\"core\/image\" data-wp-key=\"69def819caa32\" class=\"wp-block-image size-large wp-lightbox-container\"><img loading=\"lazy\" decoding=\"async\" width=\"1024\" height=\"768\" data-wp-class--hide=\"state.isContentHidden\" data-wp-class--show=\"state.isContentVisible\" data-wp-init=\"callbacks.setButtonStyles\" data-wp-on--click=\"actions.showLightbox\" data-wp-on--load=\"callbacks.setButtonStyles\" data-wp-on-window--resize=\"callbacks.setButtonStyles\" data-id=\"172\" src=\"https:\/\/acapulco.gob.mx\/immujer\/wp-content\/uploads\/2025\/06\/20241209_165321-1024x768.jpg\" alt=\"\" class=\"wp-image-172\" srcset=\"https:\/\/acapulco.gob.mx\/immujer\/wp-content\/uploads\/2025\/06\/20241209_165321-1024x768.jpg 1024w, https:\/\/acapulco.gob.mx\/immujer\/wp-content\/uploads\/2025\/06\/20241209_165321-300x225.jpg 300w, https:\/\/acapulco.gob.mx\/immujer\/wp-content\/uploads\/2025\/06\/20241209_165321-768x576.jpg 768w, https:\/\/acapulco.gob.mx\/immujer\/wp-content\/uploads\/2025\/06\/20241209_165321-1536x1152.jpg 1536w, https:\/\/acapulco.gob.mx\/immujer\/wp-content\/uploads\/2025\/06\/20241209_165321-2048x1536.jpg 2048w\" sizes=\"auto, (max-width: 1024px) 100vw, 1024px\" \/><button\n\t\t\tclass=\"lightbox-trigger\"\n\t\t\ttype=\"button\"\n\t\t\taria-haspopup=\"dialog\"\n\t\t\taria-label=\"Agrandar\"\n\t\t\tdata-wp-init=\"callbacks.initTriggerButton\"\n\t\t\tdata-wp-on--click=\"actions.showLightbox\"\n\t\t\tdata-wp-style--right=\"state.imageButtonRight\"\n\t\t\tdata-wp-style--top=\"state.imageButtonTop\"\n\t\t>\n\t\t\t<svg xmlns=\"http:\/\/www.w3.org\/2000\/svg\" width=\"12\" height=\"12\" fill=\"none\" viewBox=\"0 0 12 12\">\n\t\t\t\t<path fill=\"#fff\" d=\"M2 0a2 2 0 0 0-2 2v2h1.5V2a.5.5 0 0 1 .5-.5h2V0H2Zm2 10.5H2a.5.5 0 0 1-.5-.5V8H0v2a2 2 0 0 0 2 2h2v-1.5ZM8 12v-1.5h2a.5.5 0 0 0 .5-.5V8H12v2a2 2 0 0 1-2 2H8Zm2-12a2 2 0 0 1 2 2v2h-1.5V2a.5.5 0 0 0-.5-.5H8V0h2Z\" \/>\n\t\t\t<\/svg>\n\t\t<\/button><\/figure>\n\n\n\n<figure data-wp-context=\"{&quot;imageId&quot;:&quot;69def819caca3&quot;}\" data-wp-interactive=\"core\/image\" data-wp-key=\"69def819caca3\" class=\"wp-block-image size-large wp-lightbox-container\"><img loading=\"lazy\" decoding=\"async\" width=\"1024\" height=\"768\" data-wp-class--hide=\"state.isContentHidden\" data-wp-class--show=\"state.isContentVisible\" data-wp-init=\"callbacks.setButtonStyles\" data-wp-on--click=\"actions.showLightbox\" data-wp-on--load=\"callbacks.setButtonStyles\" data-wp-on-window--resize=\"callbacks.setButtonStyles\" data-id=\"175\" src=\"https:\/\/acapulco.gob.mx\/immujer\/wp-content\/uploads\/2025\/06\/20241209_174808-1024x768.jpg\" alt=\"\" class=\"wp-image-175\" srcset=\"https:\/\/acapulco.gob.mx\/immujer\/wp-content\/uploads\/2025\/06\/20241209_174808-1024x768.jpg 1024w, https:\/\/acapulco.gob.mx\/immujer\/wp-content\/uploads\/2025\/06\/20241209_174808-300x225.jpg 300w, https:\/\/acapulco.gob.mx\/immujer\/wp-content\/uploads\/2025\/06\/20241209_174808-768x576.jpg 768w, https:\/\/acapulco.gob.mx\/immujer\/wp-content\/uploads\/2025\/06\/20241209_174808-1536x1152.jpg 1536w, https:\/\/acapulco.gob.mx\/immujer\/wp-content\/uploads\/2025\/06\/20241209_174808-2048x1536.jpg 2048w\" sizes=\"auto, (max-width: 1024px) 100vw, 1024px\" \/><button\n\t\t\tclass=\"lightbox-trigger\"\n\t\t\ttype=\"button\"\n\t\t\taria-haspopup=\"dialog\"\n\t\t\taria-label=\"Agrandar\"\n\t\t\tdata-wp-init=\"callbacks.initTriggerButton\"\n\t\t\tdata-wp-on--click=\"actions.showLightbox\"\n\t\t\tdata-wp-style--right=\"state.imageButtonRight\"\n\t\t\tdata-wp-style--top=\"state.imageButtonTop\"\n\t\t>\n\t\t\t<svg xmlns=\"http:\/\/www.w3.org\/2000\/svg\" width=\"12\" height=\"12\" fill=\"none\" viewBox=\"0 0 12 12\">\n\t\t\t\t<path fill=\"#fff\" d=\"M2 0a2 2 0 0 0-2 2v2h1.5V2a.5.5 0 0 1 .5-.5h2V0H2Zm2 10.5H2a.5.5 0 0 1-.5-.5V8H0v2a2 2 0 0 0 2 2h2v-1.5ZM8 12v-1.5h2a.5.5 0 0 0 .5-.5V8H12v2a2 2 0 0 1-2 2H8Zm2-12a2 2 0 0 1 2 2v2h-1.5V2a.5.5 0 0 0-.5-.5H8V0h2Z\" \/>\n\t\t\t<\/svg>\n\t\t<\/button><\/figure>\n\n\n\n<figure data-wp-context=\"{&quot;imageId&quot;:&quot;69def819caef7&quot;}\" data-wp-interactive=\"core\/image\" data-wp-key=\"69def819caef7\" class=\"wp-block-image size-large wp-lightbox-container\"><img loading=\"lazy\" decoding=\"async\" width=\"1024\" height=\"683\" data-wp-class--hide=\"state.isContentHidden\" data-wp-class--show=\"state.isContentVisible\" data-wp-init=\"callbacks.setButtonStyles\" data-wp-on--click=\"actions.showLightbox\" data-wp-on--load=\"callbacks.setButtonStyles\" data-wp-on-window--resize=\"callbacks.setButtonStyles\" data-id=\"177\" src=\"https:\/\/acapulco.gob.mx\/immujer\/wp-content\/uploads\/2025\/06\/IMG_3127-1024x683.jpg\" alt=\"\" class=\"wp-image-177\" srcset=\"https:\/\/acapulco.gob.mx\/immujer\/wp-content\/uploads\/2025\/06\/IMG_3127-1024x683.jpg 1024w, https:\/\/acapulco.gob.mx\/immujer\/wp-content\/uploads\/2025\/06\/IMG_3127-300x200.jpg 300w, https:\/\/acapulco.gob.mx\/immujer\/wp-content\/uploads\/2025\/06\/IMG_3127-768x512.jpg 768w, https:\/\/acapulco.gob.mx\/immujer\/wp-content\/uploads\/2025\/06\/IMG_3127-1536x1024.jpg 1536w, https:\/\/acapulco.gob.mx\/immujer\/wp-content\/uploads\/2025\/06\/IMG_3127-2048x1365.jpg 2048w\" sizes=\"auto, (max-width: 1024px) 100vw, 1024px\" \/><button\n\t\t\tclass=\"lightbox-trigger\"\n\t\t\ttype=\"button\"\n\t\t\taria-haspopup=\"dialog\"\n\t\t\taria-label=\"Agrandar\"\n\t\t\tdata-wp-init=\"callbacks.initTriggerButton\"\n\t\t\tdata-wp-on--click=\"actions.showLightbox\"\n\t\t\tdata-wp-style--right=\"state.imageButtonRight\"\n\t\t\tdata-wp-style--top=\"state.imageButtonTop\"\n\t\t>\n\t\t\t<svg xmlns=\"http:\/\/www.w3.org\/2000\/svg\" width=\"12\" height=\"12\" fill=\"none\" viewBox=\"0 0 12 12\">\n\t\t\t\t<path fill=\"#fff\" d=\"M2 0a2 2 0 0 0-2 2v2h1.5V2a.5.5 0 0 1 .5-.5h2V0H2Zm2 10.5H2a.5.5 0 0 1-.5-.5V8H0v2a2 2 0 0 0 2 2h2v-1.5ZM8 12v-1.5h2a.5.5 0 0 0 .5-.5V8H12v2a2 2 0 0 1-2 2H8Zm2-12a2 2 0 0 1 2 2v2h-1.5V2a.5.5 0 0 0-.5-.5H8V0h2Z\" \/>\n\t\t\t<\/svg>\n\t\t<\/button><\/figure>\n\n\n\n<figure data-wp-context=\"{&quot;imageId&quot;:&quot;69def819cb155&quot;}\" data-wp-interactive=\"core\/image\" data-wp-key=\"69def819cb155\" class=\"wp-block-image size-large wp-lightbox-container\"><img loading=\"lazy\" decoding=\"async\" width=\"1024\" height=\"683\" data-wp-class--hide=\"state.isContentHidden\" data-wp-class--show=\"state.isContentVisible\" data-wp-init=\"callbacks.setButtonStyles\" data-wp-on--click=\"actions.showLightbox\" data-wp-on--load=\"callbacks.setButtonStyles\" data-wp-on-window--resize=\"callbacks.setButtonStyles\" data-id=\"176\" src=\"https:\/\/acapulco.gob.mx\/immujer\/wp-content\/uploads\/2025\/06\/IMG_3169-1024x683.jpg\" alt=\"\" class=\"wp-image-176\" srcset=\"https:\/\/acapulco.gob.mx\/immujer\/wp-content\/uploads\/2025\/06\/IMG_3169-1024x683.jpg 1024w, https:\/\/acapulco.gob.mx\/immujer\/wp-content\/uploads\/2025\/06\/IMG_3169-300x200.jpg 300w, https:\/\/acapulco.gob.mx\/immujer\/wp-content\/uploads\/2025\/06\/IMG_3169-768x512.jpg 768w, https:\/\/acapulco.gob.mx\/immujer\/wp-content\/uploads\/2025\/06\/IMG_3169-1536x1024.jpg 1536w, https:\/\/acapulco.gob.mx\/immujer\/wp-content\/uploads\/2025\/06\/IMG_3169-2048x1365.jpg 2048w\" sizes=\"auto, (max-width: 1024px) 100vw, 1024px\" \/><button\n\t\t\tclass=\"lightbox-trigger\"\n\t\t\ttype=\"button\"\n\t\t\taria-haspopup=\"dialog\"\n\t\t\taria-label=\"Agrandar\"\n\t\t\tdata-wp-init=\"callbacks.initTriggerButton\"\n\t\t\tdata-wp-on--click=\"actions.showLightbox\"\n\t\t\tdata-wp-style--right=\"state.imageButtonRight\"\n\t\t\tdata-wp-style--top=\"state.imageButtonTop\"\n\t\t>\n\t\t\t<svg xmlns=\"http:\/\/www.w3.org\/2000\/svg\" width=\"12\" height=\"12\" fill=\"none\" viewBox=\"0 0 12 12\">\n\t\t\t\t<path fill=\"#fff\" d=\"M2 0a2 2 0 0 0-2 2v2h1.5V2a.5.5 0 0 1 .5-.5h2V0H2Zm2 10.5H2a.5.5 0 0 1-.5-.5V8H0v2a2 2 0 0 0 2 2h2v-1.5ZM8 12v-1.5h2a.5.5 0 0 0 .5-.5V8H12v2a2 2 0 0 1-2 2H8Zm2-12a2 2 0 0 1 2 2v2h-1.5V2a.5.5 0 0 0-.5-.5H8V0h2Z\" \/>\n\t\t\t<\/svg>\n\t\t<\/button><\/figure>\n<\/figure>\n","protected":false},"excerpt":{"rendered":"<p>Los 16 D\u00edas de Activismo contra la Violencia de G\u00e9nero son una campa\u00f1a internacional anual que busca visibilizar y erradicar la violencia contra las mujeres, adolescentes y ni\u00f1as en todo el mundo. Esta campa\u00f1a se conmemora del 25 de noviembre al 10 de diciembre, y su objetivo principal es generar conciencia, promover acciones concretas y <a class=\"more-link\" href=\"https:\/\/acapulco.gob.mx\/immujer\/eventos-conmemorativos\/16-dias-de-activismo-contra-la-violencia-de-genero\/\">Continue reading <i class=\"fa fa-chevron-right\"><\/i><\/a><\/p>\n","protected":false},"author":1,"featured_media":0,"parent":16,"menu_order":0,"comment_status":"closed","ping_status":"closed","template":"","meta":{"footnotes":""},"class_list":["post-166","page","type-page","status-publish","hentry"],"_links":{"self":[{"href":"https:\/\/acapulco.gob.mx\/immujer\/wp-json\/wp\/v2\/pages\/166","targetHints":{"allow":["GET"]}}],"collection":[{"href":"https:\/\/acapulco.gob.mx\/immujer\/wp-json\/wp\/v2\/pages"}],"about":[{"href":"https:\/\/acapulco.gob.mx\/immujer\/wp-json\/wp\/v2\/types\/page"}],"author":[{"embeddable":true,"href":"https:\/\/acapulco.gob.mx\/immujer\/wp-json\/wp\/v2\/users\/1"}],"replies":[{"embeddable":true,"href":"https:\/\/acapulco.gob.mx\/immujer\/wp-json\/wp\/v2\/comments?post=166"}],"version-history":[{"count":2,"href":"https:\/\/acapulco.gob.mx\/immujer\/wp-json\/wp\/v2\/pages\/166\/revisions"}],"predecessor-version":[{"id":179,"href":"https:\/\/acapulco.gob.mx\/immujer\/wp-json\/wp\/v2\/pages\/166\/revisions\/179"}],"up":[{"embeddable":true,"href":"https:\/\/acapulco.gob.mx\/immujer\/wp-json\/wp\/v2\/pages\/16"}],"wp:attachment":[{"href":"https:\/\/acapulco.gob.mx\/immujer\/wp-json\/wp\/v2\/media?parent=166"}],"curies":[{"name":"wp","href":"https:\/\/api.w.org\/{rel}","templated":true}]}}