{"id":45,"date":"2025-06-04T21:36:25","date_gmt":"2025-06-04T21:36:25","guid":{"rendered":"https:\/\/acapulco.gob.mx\/immujer\/?page_id=45"},"modified":"2025-06-09T16:18:24","modified_gmt":"2025-06-09T16:18:24","slug":"bolsa-de-trabajo","status":"publish","type":"page","link":"https:\/\/acapulco.gob.mx\/immujer\/servicios\/bolsa-de-trabajo\/","title":{"rendered":"Bolsa de Trabajo"},"content":{"rendered":"<div class=\"wp-block-image\">\n<figure class=\"aligncenter size-full\"><img loading=\"lazy\" decoding=\"async\" width=\"1080\" height=\"1080\" src=\"https:\/\/acapulco.gob.mx\/immujer\/wp-content\/uploads\/2025\/06\/1000565135.jpg\" alt=\"\" class=\"wp-image-81\" srcset=\"https:\/\/acapulco.gob.mx\/immujer\/wp-content\/uploads\/2025\/06\/1000565135.jpg 1080w, https:\/\/acapulco.gob.mx\/immujer\/wp-content\/uploads\/2025\/06\/1000565135-300x300.jpg 300w, https:\/\/acapulco.gob.mx\/immujer\/wp-content\/uploads\/2025\/06\/1000565135-1024x1024.jpg 1024w, https:\/\/acapulco.gob.mx\/immujer\/wp-content\/uploads\/2025\/06\/1000565135-150x150.jpg 150w, https:\/\/acapulco.gob.mx\/immujer\/wp-content\/uploads\/2025\/06\/1000565135-768x768.jpg 768w, https:\/\/acapulco.gob.mx\/immujer\/wp-content\/uploads\/2025\/06\/1000565135-60x60.jpg 60w\" sizes=\"auto, (max-width: 1080px) 100vw, 1080px\" \/><\/figure>\n<\/div>\n\n\n<div style=\"height:50px\" aria-hidden=\"true\" class=\"wp-block-spacer\"><\/div>\n\n\n\n<h5 class=\"wp-block-heading\">\u00bfEST\u00c1S BUSCANDO EMPLEO?<\/h5>\n\n\n\n<p><br>Est\u00e1s son las vacantes que el IMMUJER a trav\u00e9s del Servicio Estatal del Empleo tienen para ti, &nbsp;en este&nbsp;Ch\u00e9cate el detalle de las vacantes aqu\u00ed:<\/p>\n\n\n\n<p><\/p>\n","protected":false},"excerpt":{"rendered":"<p>\u00bfEST\u00c1S BUSCANDO EMPLEO? Est\u00e1s son las vacantes que el IMMUJER a trav\u00e9s del Servicio Estatal del Empleo tienen para ti, &nbsp;en este&nbsp;Ch\u00e9cate el detalle de las vacantes aqu\u00ed:<\/p>\n","protected":false},"author":1,"featured_media":0,"parent":10,"menu_order":0,"comment_status":"closed","ping_status":"closed","template":"","meta":{"footnotes":""},"class_list":["post-45","page","type-page","status-publish","hentry"],"_links":{"self":[{"href":"https:\/\/acapulco.gob.mx\/immujer\/wp-json\/wp\/v2\/pages\/45","targetHints":{"allow":["GET"]}}],"collection":[{"href":"https:\/\/acapulco.gob.mx\/immujer\/wp-json\/wp\/v2\/pages"}],"about":[{"href":"https:\/\/acapulco.gob.mx\/immujer\/wp-json\/wp\/v2\/types\/page"}],"author":[{"embeddable":true,"href":"https:\/\/acapulco.gob.mx\/immujer\/wp-json\/wp\/v2\/users\/1"}],"replies":[{"embeddable":true,"href":"https:\/\/acapulco.gob.mx\/immujer\/wp-json\/wp\/v2\/comments?post=45"}],"version-history":[{"count":3,"href":"https:\/\/acapulco.gob.mx\/immujer\/wp-json\/wp\/v2\/pages\/45\/revisions"}],"predecessor-version":[{"id":83,"href":"https:\/\/acapulco.gob.mx\/immujer\/wp-json\/wp\/v2\/pages\/45\/revisions\/83"}],"up":[{"embeddable":true,"href":"https:\/\/acapulco.gob.mx\/immujer\/wp-json\/wp\/v2\/pages\/10"}],"wp:attachment":[{"href":"https:\/\/acapulco.gob.mx\/immujer\/wp-json\/wp\/v2\/media?parent=45"}],"curies":[{"name":"wp","href":"https:\/\/api.w.org\/{rel}","templated":true}]}}