{"id":52,"date":"2025-06-04T22:25:37","date_gmt":"2025-06-04T22:25:37","guid":{"rendered":"https:\/\/acapulco.gob.mx\/immujer\/?page_id=52"},"modified":"2025-08-06T23:06:25","modified_gmt":"2025-08-06T23:06:25","slug":"violencia-feminicida","status":"publish","type":"page","link":"https:\/\/acapulco.gob.mx\/immujer\/guia-de-emergencia\/violencia-feminicida\/","title":{"rendered":"Violencia Feminicida"},"content":{"rendered":"\n<h5 class=\"wp-block-heading\"><strong>2.- Declaratorias de Alerta de Violencia de G\u00e9nero contra las Mujeres en el estado de Guerrero<\/strong><\/h5>\n\n\n\n<p><strong>VIOLENCIA FEMINICIDA<\/strong>: De acuerdo a la Ley General de Acceso de las Mujeres a una Vida Libre Violencia:<\/p>\n\n\n\n<p><strong>ART\u00cdCULO 21.- Violencia Feminicida:<\/strong>&nbsp;Es la forma extrema de violencia de g\u00e9nero contra las mujeres, las adolescentes y las ni\u00f1as, producto de la violaci\u00f3n de sus derechos humanos y del ejercicio abusivo del poder, tanto en los \u00e1mbitos p\u00fablico y privado, que puede conllevar impunidad social y del Estado.<\/p>\n\n\n\n<p>Se manifiesta a trav\u00e9s de conductas de odio y discriminaci\u00f3n que ponen en riesgo sus vidas o culminan en muertes violentas como el feminicidio, el suicidio y el homicidio, u otras formas de muertes evitables y en conductas que afectan gravemente la integridad, la seguridad, la libertad personal y el libre desarrollo de las mujeres, las adolescentes y las ni\u00f1as.<\/p>\n\n\n\n<p><strong>ART\u00cdCULO 22.- Alerta de Violencia de G\u00e9nero contra las mujeres:<\/strong>&nbsp;Es el conjunto de acciones gubernamentales coordinadas, integrales, de emergencia y temporales realizadas entre las autoridades de los tres \u00f3rdenes y niveles de gobierno, para enfrentar y erradicar la violencia feminicida en un <strong>territorio determinado; as\u00ed como para eliminar el agravio comparado, resultado de las<\/strong> desigualdades producidas por ordenamientos jur\u00eddicos o pol\u00edticas p\u00fablicas que impiden el reconocimiento o ejercicio de los derechos humanos de las mujeres, las adolescentes y las ni\u00f1as, a fin de garantizar su pleno acceso al derecho a una vida libre de violencias.<\/p>\n\n\n\n<p><strong>Participan:<\/strong><\/p>\n\n\n\n<ul class=\"wp-block-list\">\n<li>Los tres poderes: ejecutivo, legislativo y judicial.<\/li>\n\n\n\n<li>Organismos aut\u00f3nomos.<\/li>\n\n\n\n<li>\u00d3rdenes de gobierno: Municipal, estatal y federal.<\/li>\n\n\n\n<li>Organizaciones de la sociedad civil<\/li>\n<\/ul>\n\n\n\n<hr class=\"wp-block-separator has-alpha-channel-opacity\"\/>\n\n\n\n<h5 class=\"wp-block-heading has-text-align-left\"><strong>Memoria Fotogr\u00e1fica de las Acciones Realizadas<\/strong><br><strong>Periodo 30\/09\/24 al 31\/07\/25<\/strong><\/h5>\n\n\n<a href=\"https:\/\/acapulco.gob.mx\/immujer\/wp-content\/uploads\/2025\/08\/AVGM_Memoria_Fotografica_Congreso.pdf\" class=\"pdfemb-viewer\" style=\"\" data-width=\"max\" data-height=\"max\" data-toolbar=\"bottom\" data-toolbar-fixed=\"on\">AVGM_Memoria_Fotografica_Congreso<\/a>\n\n\n<p><\/p>\n","protected":false},"excerpt":{"rendered":"<p>2.- Declaratorias de Alerta de Violencia de G\u00e9nero contra las Mujeres en el estado de Guerrero VIOLENCIA FEMINICIDA: De acuerdo a la Ley General de Acceso de las Mujeres a una Vida Libre Violencia: ART\u00cdCULO 21.- Violencia Feminicida:&nbsp;Es la forma extrema de violencia de g\u00e9nero contra las mujeres, las adolescentes y las ni\u00f1as, producto de <a class=\"more-link\" href=\"https:\/\/acapulco.gob.mx\/immujer\/guia-de-emergencia\/violencia-feminicida\/\">Continue reading <i class=\"fa fa-chevron-right\"><\/i><\/a><\/p>\n","protected":false},"author":1,"featured_media":0,"parent":20,"menu_order":0,"comment_status":"closed","ping_status":"closed","template":"","meta":{"footnotes":""},"class_list":["post-52","page","type-page","status-publish","hentry"],"_links":{"self":[{"href":"https:\/\/acapulco.gob.mx\/immujer\/wp-json\/wp\/v2\/pages\/52","targetHints":{"allow":["GET"]}}],"collection":[{"href":"https:\/\/acapulco.gob.mx\/immujer\/wp-json\/wp\/v2\/pages"}],"about":[{"href":"https:\/\/acapulco.gob.mx\/immujer\/wp-json\/wp\/v2\/types\/page"}],"author":[{"embeddable":true,"href":"https:\/\/acapulco.gob.mx\/immujer\/wp-json\/wp\/v2\/users\/1"}],"replies":[{"embeddable":true,"href":"https:\/\/acapulco.gob.mx\/immujer\/wp-json\/wp\/v2\/comments?post=52"}],"version-history":[{"count":2,"href":"https:\/\/acapulco.gob.mx\/immujer\/wp-json\/wp\/v2\/pages\/52\/revisions"}],"predecessor-version":[{"id":217,"href":"https:\/\/acapulco.gob.mx\/immujer\/wp-json\/wp\/v2\/pages\/52\/revisions\/217"}],"up":[{"embeddable":true,"href":"https:\/\/acapulco.gob.mx\/immujer\/wp-json\/wp\/v2\/pages\/20"}],"wp:attachment":[{"href":"https:\/\/acapulco.gob.mx\/immujer\/wp-json\/wp\/v2\/media?parent=52"}],"curies":[{"name":"wp","href":"https:\/\/api.w.org\/{rel}","templated":true}]}}