{"id":55,"date":"2025-06-04T22:27:11","date_gmt":"2025-06-04T22:27:11","guid":{"rendered":"https:\/\/acapulco.gob.mx\/immujer\/?page_id=55"},"modified":"2025-06-04T22:27:11","modified_gmt":"2025-06-04T22:27:11","slug":"agravio-comparado","status":"publish","type":"page","link":"https:\/\/acapulco.gob.mx\/immujer\/guia-de-emergencia\/agravio-comparado\/","title":{"rendered":"Agravio Comparado"},"content":{"rendered":"\n<p><strong>AGRAVIO COMPARADO<\/strong> <strong>De acuerdo a la Ley General de Acceso de las Mujeres a una Vida Libre de Violencia:<\/strong><\/p>\n\n\n\n<p>ART\u00cdCULO 22.- Alerta de Violencia de G\u00e9nero contra las mujeres: Es el conjunto de acciones<br>gubernamentales coordinadas, integrales, de emergencia y temporales realizadas entre las autoridades de los tres \u00f3rdenes y niveles de gobierno, para enfrentar y erradicar la violencia feminicida en un territorio determinado; as\u00ed como para eliminar el agravio comparado, resultado de las desigualdades producidas por ordenamientos jur\u00eddicos o pol\u00edticas p\u00fablicas que impiden el reconocimiento o ejercicio de los derechos humanos de las mujeres, las adolescentes y las ni\u00f1as, a fin de garantizar su pleno acceso al<br>derecho a una vida libre de violencias.<\/p>\n\n\n\n<p>Fue declarada para todo el estado de Guerrero en el 2020.<\/p>\n\n\n\n<p><strong>Participan:<\/strong><\/p>\n\n\n\n<ul class=\"wp-block-list\">\n<li>Los tres poderes: ejecutivo, legislativo y judicial.<\/li>\n\n\n\n<li>Organismos aut\u00f3nomos<\/li>\n\n\n\n<li>\u00d3rdenes de gobierno: Municipal, estatal y federal.<\/li>\n\n\n\n<li>Organizaciones de la sociedad civil.<\/li>\n<\/ul>\n","protected":false},"excerpt":{"rendered":"<p>AGRAVIO COMPARADO De acuerdo a la Ley General de Acceso de las Mujeres a una Vida Libre de Violencia: ART\u00cdCULO 22.- Alerta de Violencia de G\u00e9nero contra las mujeres: Es el conjunto de accionesgubernamentales coordinadas, integrales, de emergencia y temporales realizadas entre las autoridades de los tres \u00f3rdenes y niveles de gobierno, para enfrentar y <a class=\"more-link\" href=\"https:\/\/acapulco.gob.mx\/immujer\/guia-de-emergencia\/agravio-comparado\/\">Continue reading <i class=\"fa fa-chevron-right\"><\/i><\/a><\/p>\n","protected":false},"author":1,"featured_media":0,"parent":20,"menu_order":0,"comment_status":"closed","ping_status":"closed","template":"","meta":{"footnotes":""},"class_list":["post-55","page","type-page","status-publish","hentry"],"_links":{"self":[{"href":"https:\/\/acapulco.gob.mx\/immujer\/wp-json\/wp\/v2\/pages\/55","targetHints":{"allow":["GET"]}}],"collection":[{"href":"https:\/\/acapulco.gob.mx\/immujer\/wp-json\/wp\/v2\/pages"}],"about":[{"href":"https:\/\/acapulco.gob.mx\/immujer\/wp-json\/wp\/v2\/types\/page"}],"author":[{"embeddable":true,"href":"https:\/\/acapulco.gob.mx\/immujer\/wp-json\/wp\/v2\/users\/1"}],"replies":[{"embeddable":true,"href":"https:\/\/acapulco.gob.mx\/immujer\/wp-json\/wp\/v2\/comments?post=55"}],"version-history":[{"count":1,"href":"https:\/\/acapulco.gob.mx\/immujer\/wp-json\/wp\/v2\/pages\/55\/revisions"}],"predecessor-version":[{"id":56,"href":"https:\/\/acapulco.gob.mx\/immujer\/wp-json\/wp\/v2\/pages\/55\/revisions\/56"}],"up":[{"embeddable":true,"href":"https:\/\/acapulco.gob.mx\/immujer\/wp-json\/wp\/v2\/pages\/20"}],"wp:attachment":[{"href":"https:\/\/acapulco.gob.mx\/immujer\/wp-json\/wp\/v2\/media?parent=55"}],"curies":[{"name":"wp","href":"https:\/\/api.w.org\/{rel}","templated":true}]}}