{"id":58,"date":"2025-06-04T22:52:35","date_gmt":"2025-06-04T22:52:35","guid":{"rendered":"https:\/\/acapulco.gob.mx\/immujer\/?page_id=58"},"modified":"2025-06-09T16:43:38","modified_gmt":"2025-06-09T16:43:38","slug":"sistemas-municipales","status":"publish","type":"page","link":"https:\/\/acapulco.gob.mx\/immujer\/biblioteca-juridica\/sistemas-municipales\/","title":{"rendered":"Sistemas Municipales"},"content":{"rendered":"\n<details class=\"wp-block-details is-layout-flow wp-block-details-is-layout-flow\"><summary><strong>\u2192<\/strong> <strong>SISTEMA MUNICIPAL PARA PREVENIR, ATENDER, SANCIONAR Y ERRADICAR LA VIOLENCIA CONTRA LAS MUJERES<\/strong><\/summary>\n<p><br><strong>\u00bfQU\u00c9 ES EL SISTEMA PARA PREVENIR ATENDER SANCIONAR Y ERRADICAR LA VIOLENCIA CONTRA LAS MUJERES?<\/strong><\/p>\n\n\n\n<p>Es el conjunto org\u00e1nico y articulado de estructuras, relaciones funcionales, m\u00e9todos y procedimientos que establecen las autoridades y entes p\u00fablicos del Estado y de los Municipios, entre s\u00ed, con las organizaciones de la sociedad civil, las instituciones acad\u00e9micas y de investigaci\u00f3n, con el resto de las Entidades Federativas y sus Municipios y con la Federaci\u00f3n, a fin de efectuar acciones de com\u00fan acuerdo destinadas a la promoci\u00f3n y procuraci\u00f3n de la Prevenci\u00f3n Sanci\u00f3n y Erradicaci\u00f3n de la Violencia contra las Mujeres.<\/p>\n\n\n\n<p><strong>\u00bfPARA QUE SIRVE EL SISTEMA PARA PREVENIR ATENDER SANCIONAR Y ERRADICAR LA VIOLENCIA CONTRA LAS MUJERES?<\/strong><\/p>\n\n\n\n<p>El Sistema Municipal para Prevenir, Atender, Sancionar y Erradicar la Violencia contra las Mujeres en Acapulco de Ju\u00e1rez, sirve para&nbsp;coordinar los esfuerzos interinstitucionales, instrumentar pol\u00edticas, servicios y acciones para garantizar que las mujeres tengan acceso a una vida libre de Violencia.&nbsp;Este sistema tiene como objetivo prevenir, atender, sancionar y erradicar la violencia contra las mujeres a trav\u00e9s de diferentes acciones.&nbsp;<\/p>\n\n\n\n<p><strong>\u00bfQUI\u00c9NES CONFORMAN EL SISTEMA MUNICIPAL PARA PREVENIR, ATENDER, SANCIONAR Y ERRADICAR LA VIOLENCIA CONTRA LAS MUJERES?<\/strong><\/p>\n\n\n\n<p>Este Sistema<strong> lo Preside la Secretar\u00eda General del Ayuntamiento, la Directora General del Instituto Municipal de la Mujer <\/strong>funge como<strong> Secretar\u00eda T\u00e9cnica y Sus integrantes son 24 <\/strong>Dependencias Municipales<strong>, 4 <\/strong>Organismos P\u00fablicos Aut\u00f3nomos<strong>, 2 <\/strong>Instituciones Educativas y<strong> 4 <\/strong>Asociaciones Civiles.<strong><\/strong><\/p>\n\n\n\n<p>1.- Secretaria General del Ayuntamiento, y;<br>2.- Instituto municipal de la Mujer<br>3.- Sindicatura de Gobernaci\u00f3n, Justicia, Seguridad P\u00fablica, Polic\u00eda y Gobierno.<br>4.- Presidenta de la comisi\u00f3n de Igualdad y G\u00e9nero<br>5.- Presidente de la Comisi\u00f3n de Salud P\u00fablica y Asistencia Social<br>6.- Secretar\u00eda de Administraci\u00f3n y Finanzas<br>7.- Secretar\u00eda de Desarrollo Urbano y Obras P\u00fablicas<br>8.- Secretar\u00eda de Bienestar y Desarrollo Comunitario<br>9.- Secretar\u00eda de seguridad p\u00fablica<br>10.- Secretar\u00eda de Turismo<br>11.- Secretar\u00eda de Planeaci\u00f3n y Desarrollo Econ\u00f3mico<br>12.- \u00d3rgano de control interno municipal<br>13.- Direcci\u00f3n General del DIF<br>14.- Instituto Municipal de la Juventud<br>15.- Direcci\u00f3n de Salud&nbsp;<br>16.- Direcci\u00f3n de grupos \u00e9tnicos<br>17.- Direcci\u00f3n de comunicaci\u00f3n social<br>18.- Direcci\u00f3n de Ecolog\u00eda y Protecci\u00f3n al Medio Ambiente<br>19.- Direcci\u00f3n de asuntos jur\u00eddicos<br>20.- Direcci\u00f3n de integraci\u00f3n ciudadana<br>21.- Direcci\u00f3n de Fomento Educativo<br>22.- Direcci\u00f3n de promoci\u00f3n y recreaci\u00f3n deportiva<br>23.- Direcci\u00f3n de Gobernaci\u00f3n<br>24.- Coordinaci\u00f3n General de Servicios P\u00fablicos.<br><strong>Organismos P\u00fablicos aut\u00f3nomos:<\/strong><br>25.- Fiscal\u00eda General del Estado<br>26.- Comisi\u00f3n Estatal de los Derechos Humanos<br>27.- Tribunal Superior de Justicia<br>28.- Comisi\u00f3n Ejecutiva Estatal de Atenci\u00f3n a V\u00edctimas<br><strong>Instituciones Educativas:<\/strong><br>29.- Universidad Hip\u00f3crates de Acapulco.<br>30.- Unidad de G\u00e9nero de la Zona Sur<br><strong>Asociaciones Civiles:<\/strong><br>31.- Grupo interdisciplinario para la igualdad.<br>32.- Asociaci\u00f3n Guerrerense contra la Violencia hacia las Mujeres.<br>33.- Mujeres por Guerrero.<br>34.- Grupo Gavih A. C.<\/p>\n<\/details>\n\n\n\n<p><\/p>\n\n\n\n<details class=\"wp-block-details is-layout-flow wp-block-details-is-layout-flow\"><summary><strong><strong>\u2192<\/strong><\/strong> <strong>SISTEMA MUNICIPAL PARA LA IGUALDAD ENTRE MUJERES Y HOMBRES<\/strong><\/summary>\n<p><br><strong>\u00bfQU\u00c9 ES EL SISTEMA MUNICIPAL PARA LA IGUALDAD ENTRE MUJERES Y HOMBRES?<\/strong><\/p>\n\n\n\n<p>Es el conjunto org\u00e1nico y articulado de estructuras, relaciones funcionales, m\u00e9todos y procedimientos que establecen las autoridades y entes p\u00fablicos del Estado y de los Municipios, entre s\u00ed, con las organizaciones de la sociedad civil, las instituciones acad\u00e9micas y de investigaci\u00f3n, con el resto de las Entidades Federativas y sus Municipios y con la Federaci\u00f3n, a fin de efectuar acciones de com\u00fan acuerdo destinadas a la promoci\u00f3n y procuraci\u00f3n de la igualdad entre mujeres y hombres.<\/p>\n\n\n\n<p><strong>\u00bfPARA QUE SIRVE EL SISTEMA MUNICIPAL PARA LA IGUALDAD ENTRE MUJERES Y HOMBRES DE ACAPULCO DE JU\u00c1REZ, GUERRERO?<\/strong><\/p>\n\n\n\n<p>El Sistema Municipal para la Igualdad entre Mujeres y Hombres de Acapulco de Ju\u00e1rez tiene como objetivo principal promover la igualdad y eliminar la discriminaci\u00f3n entre mujeres y hombres en el municipio.&nbsp;Esto se logra a trav\u00e9s de la coordinaci\u00f3n interinstitucional, la promoci\u00f3n de pol\u00edticas p\u00fablicas, la atenci\u00f3n a la violencia contra las mujeres y la participaci\u00f3n ciudadana.&nbsp;<\/p>\n\n\n\n<p><strong>\u00bfQUI\u00c9NES CONFORMAN EL SISTEMA MUNICIPAL PARA LA IGUALDAD ENTRE MUJERES Y HOMBRES DE ACAPULCO DE JU\u00c1REZ, GUERRERO?<\/strong><\/p>\n\n\n\n<p>&nbsp;Este sistema lo preside la <strong>Presidenta Municipal<\/strong>, la <strong>Directora General del Instituto Municipal de la Mujer <\/strong>funge como<strong> Secretar\u00eda T\u00e9cnica.<\/strong><\/p>\n\n\n\n<p>Sus<strong> integrantes <\/strong>son: <strong>&nbsp;32 <\/strong>Dependencias Municipales, <strong>1 <\/strong>Organismo P\u00fablico Aut\u00f3nomo, <strong>1<\/strong> Instituci\u00f3n Educativa y <strong>4 <\/strong>Asociaciones Civiles.<\/p>\n\n\n\n<p>1.- Presidencia Municipal<br>2.- Secretaria General del Ayuntamiento,&nbsp;<br>3.- Instituto Municipal de la Mujer<br>4.- Sindicatura de Gobernaci\u00f3n, Justicia, Seguridad P\u00fablica, Polic\u00eda y Gobierno.<br>5.- Sindicatura de Administraci\u00f3n, Finanzas, Contabilidad y Patrimonial.<br>6.- Regidora Municipal y Presidenta de la comisi\u00f3n de Igualdad y G\u00e9nero<br>7.- \u00d3rgano de Control Interno Municipal<br>8.- Secretar\u00eda de Administraci\u00f3n y Finanzas<br>9.- Secretar\u00eda de Desarrollo Urbano y Obras P\u00fablicas<br>10.- Secretar\u00eda de Bienestar y Desarrollo Comunitario<br>11.- Secretar\u00eda de Seguridad P\u00fablica<br>12.- Secretar\u00eda de Turismo<br>13.- Secretar\u00eda de Planeaci\u00f3n y Desarrollo Econ\u00f3mico&nbsp;<br>14.- Direcci\u00f3n de Gobernaci\u00f3n.<br>15.- Direcci\u00f3n de Comunicaci\u00f3n Social<br>16.- Instituto Municipal de la Juventud<br>17.- Direcci\u00f3n de Salud&nbsp;<br>18.- Direcci\u00f3n de atenci\u00f3n a grupos \u00e9tnicos y afro mexicanos<br>19.- Direcci\u00f3n de Relaciones P\u00fablicas<br>20.- Direcci\u00f3n General de CAPAMA<br>21.- Direcci\u00f3n de Cultura<br>22.- Direcci\u00f3n de asuntos jur\u00eddicos<br>23.- Direcci\u00f3n de integraci\u00f3n ciudadana<br>24.- Direcci\u00f3n de Fomento Educativo<br>25.- Direcci\u00f3n de Promoci\u00f3n Deportiva y Recreaci\u00f3n<br>26.- Direcci\u00f3n General del DIF<br>27.- Direcci\u00f3n de V\u00eda P\u00fablica<br>28.- Direcci\u00f3n de Recursos Humanos<br>29.- Direcci\u00f3n de Reglamentos y Espect\u00e1culos<br>30.- Direcci\u00f3n de Ecolog\u00eda y Protecci\u00f3n del Medio Ambiente<br>31.- Coordinaci\u00f3n General de Servicios P\u00fablicos<br>32.- Coordinaci\u00f3n de Protecci\u00f3n Civil y Bomberos.<br><strong>Organismos P\u00fablicos aut\u00f3nomos:<\/strong><br>33.- Comisi\u00f3n Estatal de los Derechos Humanos<br><strong>Instituciones Educativas:<\/strong><br>34.- Universidad Hip\u00f3crates de Acapulco. Dra. Marisol Manzanares Nava<br><strong>Asociaciones Civiles:<\/strong><br>35.- Grupo interdisciplinario para la igualdad.<br>36.- Mujeres por Guerrero.<br>37.- Grupo GAVIH A. C.<br>38.- Asociaci\u00f3n Guerrerense contra la violencia hacia las mujeres, A.C<\/p>\n<\/details>\n\n\n\n<p><\/p>\n\n\n\n<details class=\"wp-block-details is-layout-flow wp-block-details-is-layout-flow\"><summary><strong><strong>\u2192<\/strong><\/strong> <strong>PROTOCOLO PARA LA IMPLEMENTACI\u00d3N DE LAS \u00d3RDENES DE PROTECCI\u00d3N A MUJERES, NI\u00d1AS Y ADOLESCENTES V\u00cdCTIMAS DE VIOLENCIA DE G\u00c9NERO EN EL MUNICIPIO DE ACAPULCO DE JU\u00c1REZ, GUERRERO<\/strong><\/summary>\n<p><br>El objetivo general de este protocolo, es definir el procedimiento a seguir por las y los servidores p\u00fablicos del H. Ayuntamiento de Acapulco, en torno a la emisi\u00f3n y ejecuci\u00f3n de las \u00f3rdenes de protecci\u00f3n que establece la Ley General de Acceso de las Mujeres a una vida libre de violencia en la atenci\u00f3n de las denuncias que entra\u00f1an violencia en contra de mujeres, ni\u00f1as y adolescentes del municipio de Acapulco de Ju\u00e1rez, Guerrero.<\/p>\n\n\n\n<p>Constituye una herramienta de apoyo para quienes atienden el fen\u00f3meno estructural de la Violencia contra las mujeres, ni\u00f1as y adolescentes de nuestro Municipio.<\/p>\n\n\n\n<p>Su finalidad es servir de consulta y an\u00e1lisis para garantizar el cumplimiento de esta disposici\u00f3n legal.<\/p>\n\n\n\n<p>Su estructura permite y motiva a las servidoras y servidores p\u00fablicos del H. Ayuntamiento de Acapulco, en particular, las que reciben y atienden a mujeres, ni\u00f1as y adolescentes, coordinen sus actuaciones y determinen la forma en que deben emitir las \u00f3rdenes de protecci\u00f3n y los elementos materiales y humanos que requieren para vigilar su cumplimiento.<\/p>\n\n\n\n<p>Al tratarse de una herramienta de apoyo, las y los servidores p\u00fablicos municipales que intervienen ante la solicitud y el dictado de alguna orden de protecci\u00f3n, en forma complementaria deben:<\/p>\n\n\n\n<ul class=\"wp-block-list\">\n<li>Mantener una capacitaci\u00f3n constante sobre perspectiva de g\u00e9nero y el marco normativo nacional e internacional que regula el derecho de las mujeres, ni\u00f1as y adolescentes a una vida libre de violencia.<\/li>\n\n\n\n<li>Advertir que el car\u00e1cter de este Protocolo es informativo y orientativo. No agota todos los supuestos que podr\u00edan aplicarse en la prevenci\u00f3n de la violencia contra mujeres, ni\u00f1as y adolescentes, ya que cada caso es distinto.<\/li>\n\n\n\n<li>Estudiar otras herramientas conceptuales en materia de g\u00e9nero y derechos humanos de las mujeres, ni\u00f1as y adolescentes, as\u00ed como los siguientes protocolos de la Suprema Corte de Justicia de la Naci\u00f3n:\n<ul class=\"wp-block-list\">\n<li>Protocolo para juzgar con perspectiva de g\u00e9nero<\/li>\n\n\n\n<li>Protocolo para juzgar con perspectiva de infancia y adolescencia<\/li>\n\n\n\n<li>Protocolo para juzgar casos que involucren derechos de personas, comunidades y pueblos ind\u00edgenas<\/li>\n\n\n\n<li>Protocolo para juzgar casos que involucren derechos de personas con discapacidad<\/li>\n\n\n\n<li>Protocolo para juzgar casos que involucren la orientaci\u00f3n sexual o identidad de g\u00e9nero.<\/li>\n<\/ul>\n<\/li>\n<\/ul>\n<\/details>\n","protected":false},"excerpt":{"rendered":"","protected":false},"author":1,"featured_media":0,"parent":18,"menu_order":0,"comment_status":"closed","ping_status":"closed","template":"","meta":{"footnotes":""},"class_list":["post-58","page","type-page","status-publish","hentry"],"_links":{"self":[{"href":"https:\/\/acapulco.gob.mx\/immujer\/wp-json\/wp\/v2\/pages\/58","targetHints":{"allow":["GET"]}}],"collection":[{"href":"https:\/\/acapulco.gob.mx\/immujer\/wp-json\/wp\/v2\/pages"}],"about":[{"href":"https:\/\/acapulco.gob.mx\/immujer\/wp-json\/wp\/v2\/types\/page"}],"author":[{"embeddable":true,"href":"https:\/\/acapulco.gob.mx\/immujer\/wp-json\/wp\/v2\/users\/1"}],"replies":[{"embeddable":true,"href":"https:\/\/acapulco.gob.mx\/immujer\/wp-json\/wp\/v2\/comments?post=58"}],"version-history":[{"count":4,"href":"https:\/\/acapulco.gob.mx\/immujer\/wp-json\/wp\/v2\/pages\/58\/revisions"}],"predecessor-version":[{"id":90,"href":"https:\/\/acapulco.gob.mx\/immujer\/wp-json\/wp\/v2\/pages\/58\/revisions\/90"}],"up":[{"embeddable":true,"href":"https:\/\/acapulco.gob.mx\/immujer\/wp-json\/wp\/v2\/pages\/18"}],"wp:attachment":[{"href":"https:\/\/acapulco.gob.mx\/immujer\/wp-json\/wp\/v2\/media?parent=58"}],"curies":[{"name":"wp","href":"https:\/\/api.w.org\/{rel}","templated":true}]}}