{"id":16,"date":"2025-07-10T18:32:47","date_gmt":"2025-07-10T18:32:47","guid":{"rendered":"https:\/\/acapulco.gob.mx\/proteccioncivil\/?page_id=16"},"modified":"2025-07-31T16:50:06","modified_gmt":"2025-07-31T16:50:06","slug":"somos","status":"publish","type":"page","link":"https:\/\/acapulco.gob.mx\/proteccioncivil\/dependencia\/somos\/","title":{"rendered":"Somos"},"content":{"rendered":"<div class=\"wp-block-image\">\n<figure class=\"aligncenter size-full\"><img loading=\"lazy\" decoding=\"async\" width=\"640\" height=\"480\" src=\"https:\/\/acapulco.gob.mx\/proteccioncivil\/wp-content\/uploads\/2025\/07\/fachada.jpg\" alt=\"\" class=\"wp-image-213\" srcset=\"https:\/\/acapulco.gob.mx\/proteccioncivil\/wp-content\/uploads\/2025\/07\/fachada.jpg 640w, https:\/\/acapulco.gob.mx\/proteccioncivil\/wp-content\/uploads\/2025\/07\/fachada-300x225.jpg 300w\" sizes=\"auto, (max-width: 640px) 100vw, 640px\" \/><\/figure>\n<\/div>\n\n\n<div style=\"height:50px\" aria-hidden=\"true\" class=\"wp-block-spacer\"><\/div>\n\n\n\n<p>La Coordinaci\u00f3n General de Protecci\u00f3n Civil y Bomberos es la Primera instancia de actuaci\u00f3n especializada para conocer de la situaci\u00f3n de riesgos, emergencias o desastres, la cual estar\u00e1 a cargo de un Coordinador General, el cual depender\u00e1 jer\u00e1rquicamente de la Secretar\u00eda General. (Art. 21 del RPC Municipal).<\/p>\n\n\n\n<p>&nbsp;Para el desarrollo de sus facultades y atribuciones, La Coordinaci\u00f3n General de Protecci\u00f3n Civil y Bomberos, estar\u00e1 conformada por la Direcci\u00f3n de Protecci\u00f3n Civil y la Direcci\u00f3n de Bomberos, quienes a su vez, tienen los departamentos necesarios para el cumplimiento de las ordenanzas en materia de Protecci\u00f3n Civil y la Atenci\u00f3n de Emergencias.<\/p>\n\n\n\n<p>&nbsp;La Direcci\u00f3n de Protecci\u00f3n Civil para el cumplimiento de sus funciones, est\u00e1 conformada por:<\/p>\n\n\n\n<ol style=\"list-style-type:lower-alpha\" class=\"wp-block-list\">\n<li>Un Director.<\/li>\n\n\n\n<li>Un Delegado Administrativo.<\/li>\n\n\n\n<li>Un Jefe del Departamento de Zonas de Alto Riesgo.<\/li>\n\n\n\n<li>Un Jefe del Departamento de Inspecci\u00f3n y Verificaci\u00f3n.<\/li>\n\n\n\n<li>Un Jefe del Departamento T\u00e9cnico.<\/li>\n\n\n\n<li>Un Jefe del Departamento de Capacitaci\u00f3n.<\/li>\n\n\n\n<li>Un Jefe del Departamento del Centro de Comunicaciones y Monitoreo.<\/li>\n\n\n\n<li>Un Responsable de Enlace de Calidad.<\/li>\n\n\n\n<li>Inspectores de Verificaciones.<\/li>\n\n\n\n<li>Capacitadores.<\/li>\n\n\n\n<li>Recepcionistas.<\/li>\n\n\n\n<li>Secretarias de Departamento.<\/li>\n\n\n\n<li>Radioperadores.<\/li>\n\n\n\n<li>Telefonistas.<\/li>\n\n\n\n<li>Personal Operativo.<\/li>\n<\/ol>\n\n\n\n<p>La Direcci\u00f3n de Bomberos para el cumplimiento de sus funciones, est\u00e1 conformada por:<\/p>\n\n\n\n<ol style=\"list-style-type:lower-alpha\" class=\"wp-block-list\">\n<li>Un Director o Comandante.<\/li>\n\n\n\n<li>Bomberos oficiales de Guardia.<\/li>\n\n\n\n<li>Un Jefe de Param\u00e9dicos.<\/li>\n\n\n\n<li>Param\u00e9dicos.<\/li>\n\n\n\n<li>Radioperadores.<\/li>\n\n\n\n<li>Bomberos Mec\u00e1nicos.<\/li>\n\n\n\n<li>Bomberos.<\/li>\n\n\n\n<li>Secretarias.<\/li>\n<\/ol>\n\n\n\n<div style=\"height:50px\" aria-hidden=\"true\" class=\"wp-block-spacer\"><\/div>\n\n\n\n<p><strong>Facultades y Atribuciones del Titular de la Coordinaci\u00f3n General de Protecci\u00f3n Civil y Bomberos<\/strong><\/p>\n\n\n\n<ol style=\"list-style-type:lower-alpha\" class=\"wp-block-list\">\n<li>Identificar y diagnosticar los riesgos a los que est\u00e1 expuesta la poblaci\u00f3n del Municipio y mantener actualizado el Atlas Municipal de Riesgos:<\/li>\n\n\n\n<li>Aplicar y ejecutar el Programa Municipal y los programas espec\u00edficos de Protecci\u00f3n Civil;<\/li>\n\n\n\n<li>Instrumentar un sistema de seguimiento y evaluaci\u00f3n de los servicios e informar al Consejo Municipal y al Cabildo del Ayuntamiento sobre sus funciones y avances;<\/li>\n\n\n\n<li>Convocar a sesiones ordinarias o extraordinarias, seg\u00fan determine el Presidente del Consejo Municipal, formulando el orden del d\u00eda y el acta correspondiente;<\/li>\n\n\n\n<li>Establecer y mantener la coordinaci\u00f3n con dependencias, instituciones y organismos del sector p\u00fablico, social y privado involucrados en tareas de Protecci\u00f3n Civil, as\u00ed como con los de Municipios colindantes;<\/li>\n\n\n\n<li>Promover la participaci\u00f3n social e integraci\u00f3n de grupos voluntarios al Sistema Municipal;<\/li>\n\n\n\n<li>Fomentar la cultura de Protecci\u00f3n Civil a trav\u00e9s de la realizaci\u00f3n de eventos, campa\u00f1as de difusi\u00f3n y capacitaci\u00f3n;<\/li>\n\n\n\n<li>Formular el an\u00e1lisis y evaluaci\u00f3n preliminar de los da\u00f1os en caso de emergencia o desastre, e informar al Presidente Municipal;<\/li>\n\n\n\n<li>Establecer los mecanismos de comunicaci\u00f3n y coordinaci\u00f3n tanto, en situaci\u00f3n normal como en caso de emergencia, con la Subsecretaria de Protecci\u00f3n Civil Estatal;<\/li>\n\n\n\n<li>Promover la realizaci\u00f3n de cursos, foros, pl\u00e1ticas, ejercicios o simulacros que permitan mejorar la capacidad de respuesta de los participantes en el Sistema Municipal;<\/li>\n\n\n\n<li>Establecer un Sistema de Informaci\u00f3n que comprenda los directorios de personas e instituciones cuyas funciones se relacionen con la Protecci\u00f3n Civil, los inventarios de recursos humanos y materiales disponibles en caso de emergencia; as\u00ed como los mapas de riesgos y archivos hist\u00f3ricos sobre desastres ocurridos en el Municipio;<\/li>\n\n\n\n<li>Establecer comunicaci\u00f3n con organismos o instancias especializadas que realicen acciones de monitoreo, para vigilar permanentemente la posible ocurrencia de fen\u00f3menos perturbadores en:<\/li>\n\n\n\n<li>Discotecas, salones de fiestas, restaurantes, centrales de autobuses, instalaciones municipales y casas de hu\u00e9spedes;<\/li>\n\n\n\n<li>Tortiller\u00edas, ferreter\u00edas, tiendas de abarrotes, mercados municipales, loncher\u00edas, taquer\u00edas, tendajones y cualquier negocio peque\u00f1o que represente alg\u00fan riesgo;<\/li>\n\n\n\n<li>Venta de gasolina en establecimientos no autorizados;<\/li>\n\n\n\n<li>Anuncios panor\u00e1micos, puentes peatonales, paradas del servicio urbano, alumbrado p\u00fablico y drenajes hidr\u00e1ulicos;<\/li>\n\n\n\n<li>Lienzos charros, circos o fiesta eventuales;<\/li>\n\n\n\n<li>Centros de desarrollo infantil y primario;<\/li>\n\n\n\n<li>Dispensarios y consultorios m\u00e9dicos;<\/li>\n\n\n\n<li>Parques vehiculares, unidades repartidoras de gas licuado de petr\u00f3leo; y,<\/li>\n\n\n\n<li>Vivienda en general y cualquier construcci\u00f3n de riesgo menor.<\/li>\n\n\n\n<li>Coordinar las acciones del H. Cuerpo de Bomberos, y<\/li>\n\n\n\n<li>Las dem\u00e1s que no est\u00e9n reservadas por la Ley, al Estado o a la Federaci\u00f3n.<\/li>\n<\/ol>\n\n\n\n<div style=\"height:50px\" aria-hidden=\"true\" class=\"wp-block-spacer\"><\/div>\n\n\n\n<p class=\"has-text-align-center\">Horarios de atenci\u00f3n y servicio: <strong>24 horas del d\u00eda.<\/strong><br>Mayores Informes dudas o comentarios a los tel\u00e9fonos: <strong>744 440&nbsp; 7031 ext. 4772<\/strong><\/p>\n","protected":false},"excerpt":{"rendered":"<p>La Coordinaci\u00f3n General de Protecci\u00f3n Civil y Bomberos es la Primera instancia de actuaci\u00f3n especializada para conocer de la situaci\u00f3n de riesgos, emergencias o desastres, la cual estar\u00e1 a cargo de un Coordinador General, el cual depender\u00e1 jer\u00e1rquicamente de la Secretar\u00eda General. (Art. 21 del RPC Municipal). &nbsp;Para el desarrollo de sus facultades y atribuciones, <a class=\"more-link\" href=\"https:\/\/acapulco.gob.mx\/proteccioncivil\/dependencia\/somos\/\">Continue reading <i class=\"fa fa-chevron-right\"><\/i><\/a><\/p>\n","protected":false},"author":1,"featured_media":0,"parent":14,"menu_order":0,"comment_status":"closed","ping_status":"closed","template":"","meta":{"footnotes":""},"class_list":["post-16","page","type-page","status-publish","hentry"],"_links":{"self":[{"href":"https:\/\/acapulco.gob.mx\/proteccioncivil\/wp-json\/wp\/v2\/pages\/16","targetHints":{"allow":["GET"]}}],"collection":[{"href":"https:\/\/acapulco.gob.mx\/proteccioncivil\/wp-json\/wp\/v2\/pages"}],"about":[{"href":"https:\/\/acapulco.gob.mx\/proteccioncivil\/wp-json\/wp\/v2\/types\/page"}],"author":[{"embeddable":true,"href":"https:\/\/acapulco.gob.mx\/proteccioncivil\/wp-json\/wp\/v2\/users\/1"}],"replies":[{"embeddable":true,"href":"https:\/\/acapulco.gob.mx\/proteccioncivil\/wp-json\/wp\/v2\/comments?post=16"}],"version-history":[{"count":2,"href":"https:\/\/acapulco.gob.mx\/proteccioncivil\/wp-json\/wp\/v2\/pages\/16\/revisions"}],"predecessor-version":[{"id":221,"href":"https:\/\/acapulco.gob.mx\/proteccioncivil\/wp-json\/wp\/v2\/pages\/16\/revisions\/221"}],"up":[{"embeddable":true,"href":"https:\/\/acapulco.gob.mx\/proteccioncivil\/wp-json\/wp\/v2\/pages\/14"}],"wp:attachment":[{"href":"https:\/\/acapulco.gob.mx\/proteccioncivil\/wp-json\/wp\/v2\/media?parent=16"}],"curies":[{"name":"wp","href":"https:\/\/api.w.org\/{rel}","templated":true}]}}