{"id":24,"date":"2025-07-10T18:34:27","date_gmt":"2025-07-10T18:34:27","guid":{"rendered":"https:\/\/acapulco.gob.mx\/proteccioncivil\/?page_id=24"},"modified":"2025-07-31T16:49:04","modified_gmt":"2025-07-31T16:49:04","slug":"consejo","status":"publish","type":"page","link":"https:\/\/acapulco.gob.mx\/proteccioncivil\/dependencia\/consejo\/","title":{"rendered":"Consejo Municipal de Protecci\u00f3n Civil del Municipio de Acapulco"},"content":{"rendered":"\n<p>La existencia del Consejo Municipal de Protecci\u00f3n Civil esta dispuesta en el T\u00edtulo Tercero, Cap\u00edtulo I de la Ley No. 455 de Protecci\u00f3n Civil del Estado de Guerrero, y que establece que en cada Municipio se establecer\u00e1 un Sistema de Protecci\u00f3n Civil que se organizar\u00e1 en lo conducente de manera similar al Sistema Estatal, a fin de hacer posible la coordinaci\u00f3n, de esta manera el Consejo Municipal tiene atribuciones que la ley confiere.<\/p>\n\n\n\n<div class=\"wp-block-columns is-layout-flex wp-container-core-columns-is-layout-9d6595d7 wp-block-columns-is-layout-flex\">\n<div class=\"wp-block-column is-layout-flow wp-block-column-is-layout-flow\">\n<h5 class=\"wp-block-heading\">\u00bfQu\u00e9 es el Consejo Municipal de Protecci\u00f3n Civil?<\/h5>\n\n\n\n<p>El Consejo Municipal de Protecci\u00f3n Civil es la instancia de coordinaci\u00f3n, operaci\u00f3n y supervisi\u00f3n de las pol\u00edticas, planes, programas y acciones que se ejecutan en la jurisdicci\u00f3n Municipal de Acapulco.<\/p>\n<\/div>\n\n\n\n<div class=\"wp-block-column is-layout-flow wp-block-column-is-layout-flow\">\n<h5 class=\"wp-block-heading\">\u00bf Qui\u00e9n integra el Consejo Municipal de Protecci\u00f3n Civil?<\/h5>\n\n\n\n<p>Esta integrado por:<\/p>\n\n\n\n<ul class=\"wp-block-list\">\n<li>El Presidente Municipal quien lo presidir\u00e1;<\/li>\n\n\n\n<li>El Secretario General del Ayuntamiento, quien fungir\u00e1 como Secretario Ejecutivo;<\/li>\n\n\n\n<li>El Titular de la Unidad Municipal de Protecci\u00f3n Civil quien fungir\u00e1 como Secretario T\u00e9cnico;<\/li>\n\n\n\n<li>Un Regidor y los titulares de Seguridad P\u00fablica, Desarrollo Urbano y Obras P\u00fablicas, Ecolog\u00eda y de Salud; y<\/li>\n\n\n\n<li>El Presidente del Consejo de Comisarios y los Presidentes de los Comisariados de Bienes Ejidales o Comunales<\/li>\n\n\n\n<li>Representantes de instituciones acad\u00e9micas, de Investigaci\u00f3n y agrupaciones del sector social y privado<\/li>\n<\/ul>\n<\/div>\n<\/div>\n\n\n\n<div class=\"wp-block-columns is-layout-flex wp-container-core-columns-is-layout-9d6595d7 wp-block-columns-is-layout-flex\">\n<div class=\"wp-block-column is-layout-flow wp-block-column-is-layout-flow\">\n<h5 class=\"wp-block-heading\">\u00bfCu\u00e1ndo Sesiona el Consejo Municipal de Protecci\u00f3n Civil ?<\/h5>\n\n\n\n<p>Los integrantes del Consejo Municipal son convocados a reuniones ordinarias para dar conocer el avance de las acciones emprendidas en materia de Protecci\u00f3n Civil y son encabezadas por el Presidente del Consejo.<\/p>\n\n\n\n<p>Tambi\u00e9n pueden ser convocados de manera extraordinaria cuando se determina un riesgo latente para el Municipio y se pueda tomar una desici\u00f3n colegiada emitiendo las acciones a seguir para mitigar los efectos de la amenaza y salvaguardar la vida y el entorno de los habitantes del Municipio de Acapulco<\/p>\n<\/div>\n\n\n\n<div class=\"wp-block-column is-layout-flow wp-block-column-is-layout-flow\">\n<h5 class=\"wp-block-heading\">\u00bfCu\u00e1les son las funciones del Consejo Municipal de Protecci\u00f3n Civil?<\/h5>\n\n\n\n<p>Las funciones y facultades del Consejo Muicipal est\u00e1n comprendidas en el T\u00edtulo Tercero, Cap\u00edtulo I Art\u00edculo 22 de la Ley No. 455 de Protecci\u00f3n Civil del Estado de Guerrero.<\/p>\n\n\n\n<ul class=\"wp-block-list\">\n<li>Ley No. 455 de Protecci\u00f3n Civil del Estado de Guerrero<\/li>\n\n\n\n<li>Reglamento Municipal de Protecci\u00f3n Civil<\/li>\n<\/ul>\n<\/div>\n<\/div>\n\n\n\n<div class=\"wp-block-columns is-layout-flex wp-container-core-columns-is-layout-9d6595d7 wp-block-columns-is-layout-flex\">\n<div class=\"wp-block-column is-layout-flow wp-block-column-is-layout-flow\">\n<h5 class=\"wp-block-heading\">\u00bfC\u00f3mo esta organizado el Consejo Municipal de Protecci\u00f3n Civil?<\/h5>\n\n\n\n<p>A los integrantes del Consejo Municipal de Protecci\u00f3n Civil, se les ha convocado a formar SubComit\u00e9s de trabajo para tratar temas relacionados con los fen\u00f3menos perturbadores, siendo estos:<\/p>\n\n\n\n<ul class=\"wp-block-list\">\n<li>Subcomit\u00e9 de Fen\u00f3menos Geol\u00f3gicos;<\/li>\n\n\n\n<li>Subcomit\u00e9 de Fen\u00f3menos Hidrometeorol\u00f3gicos;<\/li>\n\n\n\n<li>Subcomit\u00e9 de Fen\u00f3menos Sanitarios;<\/li>\n\n\n\n<li>Subcomit\u00e9 de Fen\u00f3menos Socio-organizativos;<\/li>\n\n\n\n<li>Subcomit\u00e9 de Fen\u00f3menos Qu\u00edmicos;<\/li>\n<\/ul>\n<\/div>\n\n\n\n<div class=\"wp-block-column is-layout-flow wp-block-column-is-layout-flow\">\n<h5 class=\"wp-block-heading\">\u00bfQuienes participan en el Consejo Municipal?<\/h5>\n\n\n\n<p>Los participantes&nbsp; del Consejo Municipal de Protecci\u00f3n Civil son integrantes de las instancias gubernamentales de los tres niveles de gobierno suscritos en el \u00e1mbito Municipal, representantes del sector educativo, iniciativa p\u00fablica y privada y grupos voluntarios<\/p>\n\n\n\n<ul class=\"wp-block-list\">\n<li>Directorio del Consejo Municipal<\/li>\n\n\n\n<li>Resumen de actividades del Consejo Municipal.<\/li>\n<\/ul>\n<\/div>\n<\/div>\n\n\n\n<p><\/p>\n","protected":false},"excerpt":{"rendered":"<p>La existencia del Consejo Municipal de Protecci\u00f3n Civil esta dispuesta en el T\u00edtulo Tercero, Cap\u00edtulo I de la Ley No. 455 de Protecci\u00f3n Civil del Estado de Guerrero, y que establece que en cada Municipio se establecer\u00e1 un Sistema de Protecci\u00f3n Civil que se organizar\u00e1 en lo conducente de manera similar al Sistema Estatal, a <a class=\"more-link\" href=\"https:\/\/acapulco.gob.mx\/proteccioncivil\/dependencia\/consejo\/\">Continue reading <i class=\"fa fa-chevron-right\"><\/i><\/a><\/p>\n","protected":false},"author":1,"featured_media":0,"parent":14,"menu_order":0,"comment_status":"closed","ping_status":"closed","template":"","meta":{"footnotes":""},"class_list":["post-24","page","type-page","status-publish","hentry"],"_links":{"self":[{"href":"https:\/\/acapulco.gob.mx\/proteccioncivil\/wp-json\/wp\/v2\/pages\/24","targetHints":{"allow":["GET"]}}],"collection":[{"href":"https:\/\/acapulco.gob.mx\/proteccioncivil\/wp-json\/wp\/v2\/pages"}],"about":[{"href":"https:\/\/acapulco.gob.mx\/proteccioncivil\/wp-json\/wp\/v2\/types\/page"}],"author":[{"embeddable":true,"href":"https:\/\/acapulco.gob.mx\/proteccioncivil\/wp-json\/wp\/v2\/users\/1"}],"replies":[{"embeddable":true,"href":"https:\/\/acapulco.gob.mx\/proteccioncivil\/wp-json\/wp\/v2\/comments?post=24"}],"version-history":[{"count":2,"href":"https:\/\/acapulco.gob.mx\/proteccioncivil\/wp-json\/wp\/v2\/pages\/24\/revisions"}],"predecessor-version":[{"id":220,"href":"https:\/\/acapulco.gob.mx\/proteccioncivil\/wp-json\/wp\/v2\/pages\/24\/revisions\/220"}],"up":[{"embeddable":true,"href":"https:\/\/acapulco.gob.mx\/proteccioncivil\/wp-json\/wp\/v2\/pages\/14"}],"wp:attachment":[{"href":"https:\/\/acapulco.gob.mx\/proteccioncivil\/wp-json\/wp\/v2\/media?parent=24"}],"curies":[{"name":"wp","href":"https:\/\/api.w.org\/{rel}","templated":true}]}}