{"id":241,"date":"2025-07-31T18:19:28","date_gmt":"2025-07-31T18:19:28","guid":{"rendered":"https:\/\/acapulco.gob.mx\/proteccioncivil\/?page_id=241"},"modified":"2025-07-31T18:19:28","modified_gmt":"2025-07-31T18:19:28","slug":"programa-interno-de-proteccion-civil","status":"publish","type":"page","link":"https:\/\/acapulco.gob.mx\/proteccioncivil\/programa-interno-de-proteccion-civil\/","title":{"rendered":"Elaboraci\u00f3n y Dise\u00f1o de un Programa Interno de Protecci\u00f3n Civil"},"content":{"rendered":"\n<div class=\"wp-block-columns is-layout-flex wp-container-core-columns-is-layout-9d6595d7 wp-block-columns-is-layout-flex\">\n<div class=\"wp-block-column is-layout-flow wp-block-column-is-layout-flow\">\n<h5 class=\"wp-block-heading\"><strong>\u00bfQu\u00e9 es un Programa Interno de Protecci\u00f3n Civil?<\/strong><\/h5>\n\n\n\n<p>Es un Instrumento de planeaci\u00f3n circunscrito al \u00e1mbito de una dependencia, entidad, instituci\u00f3n u organismo del sector p\u00fablico, privado o social, de cualquier \u00edndole, que se compone por el Plan Operativo para la Autoridad de Protecci\u00f3n Civil, el Plan de Continuidad de operaciones y el Plan&nbsp; de Contingencias y tiene como prop\u00f3sito definir acciones preventivas y de respuesta para estar en condiciones de atender la eventualidad de alguna emergencia o desastre y mitigar el impacto o da\u00f1os ante la presencia de un agente perturbador o disminuir los riesgos previamente identificados.<\/p>\n\n\n\n<p><em>Titulo Primero Capitulo \u00danico, Art. 4\u00ba inciso XXXV de la Ley No. 455 de Protecci\u00f3n Civil del Estado de Guerrero.<\/em><\/p>\n\n\n\n<hr class=\"wp-block-separator has-alpha-channel-opacity\"\/>\n<\/div>\n\n\n\n<div class=\"wp-block-column is-layout-flow wp-block-column-is-layout-flow\">\n<h5 class=\"wp-block-heading\"><strong>\u00bfPorque tengo que presentar un Programa Interno?<\/strong><\/h5>\n\n\n\n<p>Esta estipulado en la Ley No. 455 de Protecci\u00f3n Civil del Estado de Guerrero que a la letra dice:<\/p>\n\n\n\n<p>Art\u00edculo 34: <em>Los Propietarios, representantes legales o encargados de los establecimientos a que se refiere la presente Ley, tienen las siguientes obligaciones:<\/em><\/p>\n\n\n\n<p><em>II. Contar con un Programa Interno de Protecci\u00f3n Civil, mismo que deber\u00e1 ser formulado por un consultor externo debidamente registrado y certificado ante la Secretar\u00eda de Seguridad P\u00fablica y Protecci\u00f3n Civil.<\/em><\/p>\n\n\n\n<p>As\u00ed como en el Art. 14 del Reglamento Municipal de Protecci\u00f3n Civil que a la letra dice:<\/p>\n\n\n\n<p><em>V. Los administradores, gerentes, propietarios, arrendatarios o apoderados legales de establecimientos industriales, comerciales o de servicios, o de inmuebles, que por su propia naturaleza o porque reciban una afluencia masiva de personas, est\u00e1n obligados a preparar un programa espec\u00edfico de protecci\u00f3n civil, que incluya al menos, la capacitaci\u00f3n del personal, la colocaci\u00f3n de se\u00f1alizaci\u00f3n y equipo necesarios y la integraci\u00f3n de un Comit\u00e9 Interno de Protecci\u00f3n Civil.<\/em><\/p>\n\n\n\n<hr class=\"wp-block-separator has-alpha-channel-opacity\"\/>\n<\/div>\n<\/div>\n\n\n\n<div class=\"wp-block-columns is-layout-flex wp-container-core-columns-is-layout-9d6595d7 wp-block-columns-is-layout-flex\">\n<div class=\"wp-block-column is-layout-flow wp-block-column-is-layout-flow\">\n<h5 class=\"wp-block-heading\"><strong>\u00bfCu\u00e1ndo tengo que presentar un Programa Interno o Plan de Contingencia ?<\/strong><\/h5>\n\n\n\n<p>Los Programas Internos o Planes de Contingencia tienen que ser presentados cuando la autoridad se los requiera, para ello se tendr\u00e1 que realizar la verificaci\u00f3n correspondiente por parte de un inspector de Protecci\u00f3n Civil quien determinar\u00e1 la aplicaci\u00f3n del mismo.<\/p>\n\n\n\n<hr class=\"wp-block-separator has-alpha-channel-opacity\"\/>\n<\/div>\n\n\n\n<div class=\"wp-block-column is-layout-flow wp-block-column-is-layout-flow\">\n<h5 class=\"wp-block-heading\"><strong>\u00bfQu\u00e9 compone un Programa Interno de Protecci\u00f3n Civil?<\/strong><\/h5>\n\n\n\n<p>Al desarrollar un Programa de Protecci\u00f3n Civil sea cualquiera de los mencionados, se requieren contemplar tres subprogramas:<\/p>\n\n\n\n<ul class=\"wp-block-list\">\n<li>SubPrograma de Prevenci\u00f3n<\/li>\n\n\n\n<li>SubPrograma Auxilio.<\/li>\n\n\n\n<li>SubPrograma de Recuperaci\u00f3n.<\/li>\n<\/ul>\n\n\n\n<hr class=\"wp-block-separator has-alpha-channel-opacity\"\/>\n<\/div>\n<\/div>\n\n\n\n<div class=\"wp-block-columns is-layout-flex wp-container-core-columns-is-layout-9d6595d7 wp-block-columns-is-layout-flex\">\n<div class=\"wp-block-column is-layout-flow wp-block-column-is-layout-flow\">\n<h5 class=\"wp-block-heading\"><strong>\u00bfQu\u00e9 comprende cada uno de los Subprogramas?<\/strong><\/h5>\n\n\n\n<p>&nbsp;<strong>El Subprograma de Prevenci\u00f3n<\/strong> es: Conjunto de acciones y mecanismos tendientes a reducir riesgos, as\u00ed como evitar o disminuir los efectos del impacto destructivo de los fen\u00f3menos perturbadores sobre la vida y bienes de la poblaci\u00f3n, la planta productiva, los servicios p\u00fablicos y el medio ambiente.<\/p>\n\n\n\n<p>Funciones de Prevenci\u00f3n:<\/p>\n\n\n\n<ul class=\"wp-block-list\">\n<li>Organizaci\u00f3n<\/li>\n\n\n\n<li>Documentaci\u00f3n<\/li>\n\n\n\n<li>An\u00e1lisis de Riesgos y Recursos<\/li>\n\n\n\n<li>Directorios<\/li>\n\n\n\n<li>Inventarios<\/li>\n\n\n\n<li>Se\u00f1alizaci\u00f3n<\/li>\n\n\n\n<li>Programa de Mantenimiento<\/li>\n\n\n\n<li>Normas de Seguridad<\/li>\n\n\n\n<li>Equipos de Seguridad<\/li>\n\n\n\n<li>Capacitaci\u00f3n<\/li>\n\n\n\n<li>Difusi\u00f3n<\/li>\n\n\n\n<li>Ejercicios y Simulacros<\/li>\n<\/ul>\n\n\n\n<p><strong>El Subprograma de Auxilio<\/strong>: Son acciones destinadas primordialmente a salvaguardar la vida de las personas, sus bienes y la planta productiva y a preservar los servicios p\u00fablicos y el medio ambiente, ante la presencia de un agente destructivo28.<\/p>\n\n\n\n<p>Funciones de Auxilio:<\/p>\n\n\n\n<ul class=\"wp-block-list\">\n<li>Alertamiento<\/li>\n\n\n\n<li>Evaluaci\u00f3n de Da\u00f1os<\/li>\n\n\n\n<li>Plan de Emergencia<\/li>\n<\/ul>\n\n\n\n<p><strong>El<\/strong> <strong>Subprograma de Recuperaci\u00f3n<\/strong>: Es Proceso orientado a la reconstrucci\u00f3n y mejoramiento del sistema afectado (poblaci\u00f3n y entorno), as\u00ed como a la reducci\u00f3n del riesgo de ocurrencia y la magnitud de los desastres futuros.<\/p>\n\n\n\n<p>Funci\u00f3n de Recuperaci\u00f3n:<\/p>\n\n\n\n<ul class=\"wp-block-list\">\n<li>Vuelta a la Normalidad<\/li>\n<\/ul>\n\n\n\n<hr class=\"wp-block-separator has-alpha-channel-opacity\"\/>\n<\/div>\n\n\n\n<div class=\"wp-block-column is-layout-flow wp-block-column-is-layout-flow\">\n<h5 class=\"wp-block-heading\"><strong>\u00bfC\u00f3mo integrar un Programa Interno o Plan de Contingencia?<\/strong><\/h5>\n\n\n\n<p>Para integrar un P.I.P.C. pueden tomar en cuenta los siguientes documentos, teniendo en cuenta que para cada tipo de giro comercial, es la documentaci\u00f3n que tienen que presentar.<\/p>\n\n\n\n<ul class=\"wp-block-list\">\n<li><a href=\"https:\/\/acapulco.gob.mx\/proteccioncivil\/documentos\/lipipc.pdf\" target=\"_blank\" rel=\"noreferrer noopener\">Lineamientos para la Implementaci\u00f3n de Programas Internos de Protecci\u00f3n Civil<\/a><\/li>\n\n\n\n<li><a href=\"https:\/\/acapulco.gob.mx\/proteccioncivil\/pipc_guia.pdf\" target=\"_blank\" rel=\"noreferrer noopener\">Gu\u00eda para la elaboraci\u00f3n del Programa Interno<\/a><\/li>\n<\/ul>\n\n\n\n<hr class=\"wp-block-separator has-alpha-channel-opacity\"\/>\n\n\n\n<h5 class=\"wp-block-heading\"><strong>\u00bfQu\u00e9 requisitos debo cumplir en el Programa Interno o Plan de Contingencia?<\/strong><\/h5>\n\n\n\n<p>Para integrar un PIPC pueden tomar en cuenta los siguientes documentos, teniendo en cuenta que para cada tipo de giro comercial, es la documentaci\u00f3n que tienen que presentar.<\/p>\n\n\n\n<ul class=\"wp-block-list\">\n<li><a href=\"https:\/\/acapulco.gob.mx\/proteccioncivil\/documentos\/requisitos_pipc_2012.pdf\">Requisitos para Integrar un PIPC y Plan de Emergencia por primera vez<\/a><\/li>\n\n\n\n<li><a href=\"https:\/\/acapulco.gob.mx\/proteccioncivil\/documentos\/requisitos_act_pipc_2012.pdf\">Requisitos para actualizar un Programa Interno para el ejercicio fiscal 2012.<\/a><\/li>\n\n\n\n<li><a href=\"https:\/\/acapulco.gob.mx\/proteccioncivil\/PIPC_Gasolineras.pdf\">Requisitos de P<\/a><a href=\"https:\/\/acapulco.gob.mx\/proteccioncivil\/PIPC_Gasolineras.pdf\" target=\"_blank\" rel=\"noreferrer noopener\">rograma Interno para Estaciones de Servicio<\/a><\/li>\n<\/ul>\n\n\n\n<hr class=\"wp-block-separator has-alpha-channel-opacity\"\/>\n\n\n\n<h5 class=\"wp-block-heading\"><strong>\u00bfQu\u00e9 formatos puedo utilizar en mi Programa Interno?<\/strong><\/h5>\n\n\n\n<ul class=\"wp-block-list\">\n<li><a href=\"https:\/\/acapulco.gob.mx\/proteccioncivil\/documentos\/acta%20de%20uipc.doc\" target=\"_blank\" rel=\"noreferrer noopener\">Acta de integraci\u00f3n de la U.I.P.C<\/a>.<\/li>\n\n\n\n<li><a href=\"https:\/\/acapulco.gob.mx\/proteccioncivil\/documentos\/PIPC-01_Actividades_del_PIPC.pdf\" target=\"_blank\" rel=\"noreferrer noopener\">Actividades del Programa Interno<\/a><\/li>\n\n\n\n<li><a href=\"https:\/\/acapulco.gob.mx\/proteccioncivil\/documentos\/PIPC-02_Censo_Poblacion_Fija.pdf\" target=\"_blank\" rel=\"noreferrer noopener\">Censo de poblaci\u00f3n fija.<\/a><\/li>\n\n\n\n<li><a href=\"https:\/\/acapulco.gob.mx\/proteccioncivil\/documentos\/PIPC-03_inventario_de_recursos_materiales.pdf\" target=\"_blank\" rel=\"noreferrer noopener\">Inventario de Recursos Materiales.<\/a><\/li>\n\n\n\n<li><a href=\"https:\/\/acapulco.gob.mx\/proteccioncivil\/documentos\/PIPC-04_Inventario_de_equipo_contra%20incendio.pdf\" target=\"_blank\" rel=\"noreferrer noopener\">Inventario de Equipo contra Incendio.<\/a><\/li>\n\n\n\n<li><a href=\"https:\/\/acapulco.gob.mx\/proteccioncivil\/documentos\/PIPC-05_Inventario_de_equipo_de_brigadista.pdf\" target=\"_blank\" rel=\"noreferrer noopener\">Inventario de Equipo de Brigadistas.<\/a><\/li>\n\n\n\n<li><a href=\"https:\/\/acapulco.gob.mx\/proteccioncivil\/documentos\/PIPC-06_Inventario_del_sistema_de_alertamiento.pdf\" target=\"_blank\" rel=\"noreferrer noopener\">Inventario del Sistema de Alertamiento.<\/a><\/li>\n\n\n\n<li><a href=\"https:\/\/acapulco.gob.mx\/proteccioncivil\/documentos\/PIPC-07_Programa_de_capacitacion.pdf\" target=\"_blank\" rel=\"noreferrer noopener\">Calendario de Capacitaci\u00f3n.<\/a><\/li>\n\n\n\n<li><a href=\"https:\/\/acapulco.gob.mx\/proteccioncivil\/documentos\/PIPC-08_Programa_de_simulacros.pdf\" target=\"_blank\" rel=\"noreferrer noopener\">Calendario de Simulacros.<\/a><\/li>\n\n\n\n<li><a href=\"https:\/\/acapulco.gob.mx\/proteccioncivil\/documentos\/PIPC-09_Cedula_de_Brigadista_de_PC.pdf\" target=\"_blank\" rel=\"noreferrer noopener\">Cedula de Brigadista de Protecci\u00f3n Civil<\/a><\/li>\n<\/ul>\n\n\n\n<hr class=\"wp-block-separator has-alpha-channel-opacity\"\/>\n\n\n\n<h5 class=\"wp-block-heading\"><strong>\u00bfQu\u00e9 Normas debe cumplir?<\/strong><\/h5>\n\n\n\n<p>Algunas de las Normas Oficiales Mexicanas que pueden ser aplicables.<\/p>\n\n\n\n<ul class=\"wp-block-list\">\n<li><a href=\"https:\/\/acapulco.gob.mx\/proteccioncivil\/documentos\/nom-003-segob-2002.pdf\" target=\"_blank\" rel=\"noreferrer noopener\">Norma Oficial Mexicana NOM-003-SEGOB\/2002, Se\u00f1ales y Avisos para Protecci\u00f3n.- Colores, Formas y s\u00edmbolos a utilizar<\/a><\/li>\n\n\n\n<li><a href=\"https:\/\/acapulco.gob.mx\/proteccioncivil\/documentos\/Guiasimulacros.pdf\">Gu\u00eda para organizar Simulacros<\/a><\/li>\n\n\n\n<li><a href=\"https:\/\/acapulco.gob.mx\/proteccioncivil\/documentos\/ces_dcs-002-04.xls\" target=\"_blank\" rel=\"noreferrer noopener\">Cedula de Evaluaci\u00f3n de Simulacros<\/a><\/li>\n<\/ul>\n\n\n\n<hr class=\"wp-block-separator has-alpha-channel-opacity\"\/>\n<\/div>\n<\/div>\n\n\n\n<div class=\"wp-block-columns is-layout-flex wp-container-core-columns-is-layout-9d6595d7 wp-block-columns-is-layout-flex\">\n<div class=\"wp-block-column is-layout-flow wp-block-column-is-layout-flow\">\n<h5 class=\"wp-block-heading\"><strong>Centros de Atenci\u00f3n y Cuidado Infantil<\/strong><\/h5>\n\n\n\n<ul class=\"wp-block-list\">\n<li><a href=\"https:\/\/acapulco.gob.mx\/proteccioncivil\/documentos\/rmspccaci.pdf\" target=\"_blank\" rel=\"noreferrer noopener\">Recomendaciones sobre Medidas de Seguridad y Protecci\u00f3n Civil emitidos por el Comit\u00e9 Consultivo Nacional de Normalizaci\u00f3n sobre Protecci\u00f3n Civil y Prevenci\u00f3n de Desastres<\/a>.<\/li>\n\n\n\n<li><a href=\"https:\/\/acapulco.gob.mx\/proteccioncivil\/documentos\/requisitos_act_pipc_estancias_2012.pdf\" target=\"_blank\" rel=\"noreferrer noopener\">Requisitos para actualizar los Programas Internos de los Centros de Atenci\u00f3n y Cuidado Infantil<\/a><\/li>\n\n\n\n<li><a href=\"https:\/\/acapulco.gob.mx\/proteccioncivil\/documentos\/formato_ident_analisis-riesgo.doc\" target=\"_blank\" rel=\"noreferrer noopener\">Formato para la identificaci\u00f3n y An\u00e1lisis de Riesgo<\/a><\/li>\n\n\n\n<li><a href=\"https:\/\/acapulco.gob.mx\/proteccioncivil\/documentos\/Proce_apert_centros_atencion.pdf\" target=\"_blank\" rel=\"noreferrer noopener\">Procedimiento para las aperturas de Nuevos Centros de Atenci\u00f3n Infantil<\/a><\/li>\n\n\n\n<li><a href=\"https:\/\/acapulco.gob.mx\/proteccioncivil\/documentos\/Tarifas_constancias_pcyb.pdf\" target=\"_blank\" rel=\"noreferrer noopener\">Tarifas para las Constancias de Factibilidad del Entorno del Inmueble<\/a><\/li>\n<\/ul>\n\n\n\n<hr class=\"wp-block-separator has-alpha-channel-opacity\"\/>\n<\/div>\n\n\n\n<div class=\"wp-block-column is-layout-flow wp-block-column-is-layout-flow\">\n<h5 class=\"wp-block-heading\"><strong>\u00bfQui\u00e9n puede elaborar, desarrollar \u00f3 integrar un Programa Interno de Protecci\u00f3n Civil?<\/strong><\/h5>\n\n\n\n<p>De acuerdo con la Ley No. 455 de Protecci\u00f3n Civil del Estado de Guerrero, en su Art\u00edculo No. 34, inciso II dice que deber\u00e1 ser formulado por un Consultor Externo debidamente registrado y certificado ante la Autoridad Estatal, para ello deber\u00e1 contar con:<\/p>\n\n\n\n<ul class=\"wp-block-list\">\n<li>Cedula de Profesionista o cualquier otro documento que lo avale como conocedor de la materia.<\/li>\n\n\n\n<li>Registro de la S.T.P.S.<\/li>\n\n\n\n<li>Registro ante la S.S.P. y P.C. en Guerrero.<\/li>\n<\/ul>\n\n\n\n<hr class=\"wp-block-separator has-alpha-channel-opacity\"\/>\n<\/div>\n<\/div>\n","protected":false},"excerpt":{"rendered":"<p>\u00bfQu\u00e9 es un Programa Interno de Protecci\u00f3n Civil? Es un Instrumento de planeaci\u00f3n circunscrito al \u00e1mbito de una dependencia, entidad, instituci\u00f3n u organismo del sector p\u00fablico, privado o social, de cualquier \u00edndole, que se compone por el Plan Operativo para la Autoridad de Protecci\u00f3n Civil, el Plan de Continuidad de operaciones y el Plan&nbsp; de <a class=\"more-link\" href=\"https:\/\/acapulco.gob.mx\/proteccioncivil\/programa-interno-de-proteccion-civil\/\">Continue reading <i class=\"fa fa-chevron-right\"><\/i><\/a><\/p>\n","protected":false},"author":1,"featured_media":0,"parent":0,"menu_order":0,"comment_status":"closed","ping_status":"closed","template":"","meta":{"footnotes":""},"class_list":["post-241","page","type-page","status-publish","hentry"],"_links":{"self":[{"href":"https:\/\/acapulco.gob.mx\/proteccioncivil\/wp-json\/wp\/v2\/pages\/241","targetHints":{"allow":["GET"]}}],"collection":[{"href":"https:\/\/acapulco.gob.mx\/proteccioncivil\/wp-json\/wp\/v2\/pages"}],"about":[{"href":"https:\/\/acapulco.gob.mx\/proteccioncivil\/wp-json\/wp\/v2\/types\/page"}],"author":[{"embeddable":true,"href":"https:\/\/acapulco.gob.mx\/proteccioncivil\/wp-json\/wp\/v2\/users\/1"}],"replies":[{"embeddable":true,"href":"https:\/\/acapulco.gob.mx\/proteccioncivil\/wp-json\/wp\/v2\/comments?post=241"}],"version-history":[{"count":3,"href":"https:\/\/acapulco.gob.mx\/proteccioncivil\/wp-json\/wp\/v2\/pages\/241\/revisions"}],"predecessor-version":[{"id":244,"href":"https:\/\/acapulco.gob.mx\/proteccioncivil\/wp-json\/wp\/v2\/pages\/241\/revisions\/244"}],"wp:attachment":[{"href":"https:\/\/acapulco.gob.mx\/proteccioncivil\/wp-json\/wp\/v2\/media?parent=241"}],"curies":[{"name":"wp","href":"https:\/\/api.w.org\/{rel}","templated":true}]}}