{"id":28,"date":"2025-07-10T18:36:36","date_gmt":"2025-07-10T18:36:36","guid":{"rendered":"https:\/\/acapulco.gob.mx\/proteccioncivil\/?page_id=28"},"modified":"2025-07-31T17:38:52","modified_gmt":"2025-07-31T17:38:52","slug":"visto-bueno-de-proteccion-civil","status":"publish","type":"page","link":"https:\/\/acapulco.gob.mx\/proteccioncivil\/tramites-y-servicios\/visto-bueno-de-proteccion-civil\/","title":{"rendered":"Visto Bueno de Protecci\u00f3n Civil"},"content":{"rendered":"\n<p class=\"has-text-align-center\"><strong>REQUISITOS PARA EL TR\u00c1MITE DE VERIFICACIONES A LOCALES COMERCIALES DE BAJO, MEDIO Y ALTO RIESGO<\/strong><\/p>\n\n\n\n<p class=\"has-text-align-center\"><strong>REQUISITOS PARA LA 1RA. y\u00a0 2DA. VERIFICACI\u00d3N<\/strong><\/p>\n\n\n\n<ul class=\"wp-block-list\">\n<li>Copia del recibo de pago por verificaci\u00f3n de Protecci\u00f3n Civil (de la Direcci\u00f3n de Ingresos).<\/li>\n<\/ul>\n\n\n\n<ul class=\"wp-block-list\">\n<li>Croquis de la ubicaci\u00f3n con un n\u00famero telef\u00f3nico para contactar al contribuyente y mencionar horario del negocio.<\/li>\n<\/ul>\n\n\n\n<ul class=\"wp-block-list\">\n<li>Una vez realizada la visita, si cuenta con todas las medidas preventivas, acudir en (cinco) d\u00edas h\u00e1biles para obtener su VoBo de Protecci\u00f3n Civil y as\u00ed continuar con el tr\u00e1mite de su licencia de funcionamiento.<\/li>\n<\/ul>\n\n\n\n<ul class=\"wp-block-list\">\n<li>En caso de no contar con las medidas de prevenci\u00f3n, se emitir\u00e1 un documento en el que se niega el VoBo. Una vez subsanadas las observaciones realizadas durante la visita de inspecci\u00f3n, notificar a la Coordinaci\u00f3n de Protecci\u00f3n Civil, mediante un oficio libre, solicitando una segunda visita para corroborarlo, misma que tendr\u00e1 un costo por concepto de derecho de la segunda verificaci\u00f3n de Protecci\u00f3n Civil. (anexar copia del pago)<\/li>\n<\/ul>\n\n\n\n<ul class=\"wp-block-list\">\n<li>Una vez realizada la segunda visita de inspecci\u00f3n, acudir en cinco d\u00edas h\u00e1biles para obtener el VoBo de Protecci\u00f3n Civil y continuar con el tr\u00e1mite de su licencia de funcionamiento.<\/li>\n<\/ul>\n\n\n<div class=\"wp-block-image\">\n<figure data-wp-context=\"{&quot;imageId&quot;:&quot;6a007db949639&quot;}\" data-wp-interactive=\"core\/image\" data-wp-key=\"6a007db949639\" class=\"aligncenter size-medium wp-lightbox-container\"><img loading=\"lazy\" decoding=\"async\" width=\"231\" height=\"300\" data-wp-class--hide=\"state.isContentHidden\" data-wp-class--show=\"state.isContentVisible\" data-wp-init=\"callbacks.setButtonStyles\" data-wp-on--click=\"actions.showLightbox\" data-wp-on--load=\"callbacks.setButtonStyles\" data-wp-on-window--resize=\"callbacks.setButtonStyles\" src=\"https:\/\/acapulco.gob.mx\/proteccioncivil\/wp-content\/uploads\/2025\/07\/img1a-231x300.jpg\" alt=\"\" class=\"wp-image-227\" srcset=\"https:\/\/acapulco.gob.mx\/proteccioncivil\/wp-content\/uploads\/2025\/07\/img1a-231x300.jpg 231w, https:\/\/acapulco.gob.mx\/proteccioncivil\/wp-content\/uploads\/2025\/07\/img1a-790x1024.jpg 790w, https:\/\/acapulco.gob.mx\/proteccioncivil\/wp-content\/uploads\/2025\/07\/img1a-768x996.jpg 768w, https:\/\/acapulco.gob.mx\/proteccioncivil\/wp-content\/uploads\/2025\/07\/img1a.jpg 816w\" sizes=\"auto, (max-width: 231px) 100vw, 231px\" \/><button\n\t\t\tclass=\"lightbox-trigger\"\n\t\t\ttype=\"button\"\n\t\t\taria-haspopup=\"dialog\"\n\t\t\taria-label=\"Agrandar\"\n\t\t\tdata-wp-init=\"callbacks.initTriggerButton\"\n\t\t\tdata-wp-on--click=\"actions.showLightbox\"\n\t\t\tdata-wp-style--right=\"state.imageButtonRight\"\n\t\t\tdata-wp-style--top=\"state.imageButtonTop\"\n\t\t>\n\t\t\t<svg xmlns=\"http:\/\/www.w3.org\/2000\/svg\" width=\"12\" height=\"12\" fill=\"none\" viewBox=\"0 0 12 12\">\n\t\t\t\t<path fill=\"#fff\" d=\"M2 0a2 2 0 0 0-2 2v2h1.5V2a.5.5 0 0 1 .5-.5h2V0H2Zm2 10.5H2a.5.5 0 0 1-.5-.5V8H0v2a2 2 0 0 0 2 2h2v-1.5ZM8 12v-1.5h2a.5.5 0 0 0 .5-.5V8H12v2a2 2 0 0 1-2 2H8Zm2-12a2 2 0 0 1 2 2v2h-1.5V2a.5.5 0 0 0-.5-.5H8V0h2Z\" \/>\n\t\t\t<\/svg>\n\t\t<\/button><\/figure>\n<\/div>\n\n\n<div style=\"height:50px\" aria-hidden=\"true\" class=\"wp-block-spacer\"><\/div>\n\n\n\n<p class=\"has-text-align-center\"><strong>REQUISITOS PARA OTORGAR EL VISTO BUENO A ESTABLECIMIENTOS COMERCIALES QUE UTILIZAN GAS L.P.<\/strong><\/p>\n\n\n\n<p class=\"has-text-align-center\"><strong>REQUISITOS PARA LA 1RA. y&nbsp; 2DA. VERIFICACI\u00d3N<\/strong><\/p>\n\n\n\n<ul class=\"wp-block-list\">\n<li>Recibo de pago para Protecci\u00f3n Civil, croquis y copia del INE del solicitante.<\/li>\n<\/ul>\n\n\n\n<ul class=\"wp-block-list\">\n<li>Dictamen de la instalaci\u00f3n de Gas L.P. que contenga:<\/li>\n<\/ul>\n\n\n\n<ol class=\"wp-block-list\">\n<li>Plano o diagrama isom\u00e9trico a escala 30\u00b0<\/li>\n\n\n\n<li>Nombre, firma y de cedula profesional del ingeniero o t\u00e9cnico que firme el dictamen.<\/li>\n\n\n\n<li>Adjuntar copia de la cedula profesional.<\/li>\n\n\n\n<li>Adjuntar copia de o las constancias que acrediten el conocimiento en el ramo.<\/li>\n<\/ol>\n\n\n\n<ul class=\"wp-block-list\">\n<li>En caso de salir negado el visto bueno, presentar escrito en el que se solicite una segunda verificaci\u00f3n, para lo cual se deber\u00e1 efectuar un segundo pago por concepto de verificaci\u00f3n de Protecci\u00f3n Civil.<\/li>\n<\/ul>\n\n\n<div class=\"wp-block-image\">\n<figure data-wp-context=\"{&quot;imageId&quot;:&quot;6a007db949c00&quot;}\" data-wp-interactive=\"core\/image\" data-wp-key=\"6a007db949c00\" class=\"aligncenter size-medium wp-lightbox-container\"><img loading=\"lazy\" decoding=\"async\" width=\"231\" height=\"300\" data-wp-class--hide=\"state.isContentHidden\" data-wp-class--show=\"state.isContentVisible\" data-wp-init=\"callbacks.setButtonStyles\" data-wp-on--click=\"actions.showLightbox\" data-wp-on--load=\"callbacks.setButtonStyles\" data-wp-on-window--resize=\"callbacks.setButtonStyles\" src=\"https:\/\/acapulco.gob.mx\/proteccioncivil\/wp-content\/uploads\/2025\/07\/img1bc-231x300.jpg\" alt=\"\" class=\"wp-image-228\" srcset=\"https:\/\/acapulco.gob.mx\/proteccioncivil\/wp-content\/uploads\/2025\/07\/img1bc-231x300.jpg 231w, https:\/\/acapulco.gob.mx\/proteccioncivil\/wp-content\/uploads\/2025\/07\/img1bc-790x1024.jpg 790w, https:\/\/acapulco.gob.mx\/proteccioncivil\/wp-content\/uploads\/2025\/07\/img1bc-768x996.jpg 768w, https:\/\/acapulco.gob.mx\/proteccioncivil\/wp-content\/uploads\/2025\/07\/img1bc.jpg 816w\" sizes=\"auto, (max-width: 231px) 100vw, 231px\" \/><button\n\t\t\tclass=\"lightbox-trigger\"\n\t\t\ttype=\"button\"\n\t\t\taria-haspopup=\"dialog\"\n\t\t\taria-label=\"Agrandar\"\n\t\t\tdata-wp-init=\"callbacks.initTriggerButton\"\n\t\t\tdata-wp-on--click=\"actions.showLightbox\"\n\t\t\tdata-wp-style--right=\"state.imageButtonRight\"\n\t\t\tdata-wp-style--top=\"state.imageButtonTop\"\n\t\t>\n\t\t\t<svg xmlns=\"http:\/\/www.w3.org\/2000\/svg\" width=\"12\" height=\"12\" fill=\"none\" viewBox=\"0 0 12 12\">\n\t\t\t\t<path fill=\"#fff\" d=\"M2 0a2 2 0 0 0-2 2v2h1.5V2a.5.5 0 0 1 .5-.5h2V0H2Zm2 10.5H2a.5.5 0 0 1-.5-.5V8H0v2a2 2 0 0 0 2 2h2v-1.5ZM8 12v-1.5h2a.5.5 0 0 0 .5-.5V8H12v2a2 2 0 0 1-2 2H8Zm2-12a2 2 0 0 1 2 2v2h-1.5V2a.5.5 0 0 0-.5-.5H8V0h2Z\" \/>\n\t\t\t<\/svg>\n\t\t<\/button><\/figure>\n<\/div>","protected":false},"excerpt":{"rendered":"<p>REQUISITOS PARA EL TR\u00c1MITE DE VERIFICACIONES A LOCALES COMERCIALES DE BAJO, MEDIO Y ALTO RIESGO REQUISITOS PARA LA 1RA. y\u00a0 2DA. VERIFICACI\u00d3N REQUISITOS PARA OTORGAR EL VISTO BUENO A ESTABLECIMIENTOS COMERCIALES QUE UTILIZAN GAS L.P. REQUISITOS PARA LA 1RA. y&nbsp; 2DA. VERIFICACI\u00d3N<\/p>\n","protected":false},"author":1,"featured_media":0,"parent":26,"menu_order":0,"comment_status":"closed","ping_status":"closed","template":"","meta":{"footnotes":""},"class_list":["post-28","page","type-page","status-publish","hentry"],"_links":{"self":[{"href":"https:\/\/acapulco.gob.mx\/proteccioncivil\/wp-json\/wp\/v2\/pages\/28","targetHints":{"allow":["GET"]}}],"collection":[{"href":"https:\/\/acapulco.gob.mx\/proteccioncivil\/wp-json\/wp\/v2\/pages"}],"about":[{"href":"https:\/\/acapulco.gob.mx\/proteccioncivil\/wp-json\/wp\/v2\/types\/page"}],"author":[{"embeddable":true,"href":"https:\/\/acapulco.gob.mx\/proteccioncivil\/wp-json\/wp\/v2\/users\/1"}],"replies":[{"embeddable":true,"href":"https:\/\/acapulco.gob.mx\/proteccioncivil\/wp-json\/wp\/v2\/comments?post=28"}],"version-history":[{"count":2,"href":"https:\/\/acapulco.gob.mx\/proteccioncivil\/wp-json\/wp\/v2\/pages\/28\/revisions"}],"predecessor-version":[{"id":229,"href":"https:\/\/acapulco.gob.mx\/proteccioncivil\/wp-json\/wp\/v2\/pages\/28\/revisions\/229"}],"up":[{"embeddable":true,"href":"https:\/\/acapulco.gob.mx\/proteccioncivil\/wp-json\/wp\/v2\/pages\/26"}],"wp:attachment":[{"href":"https:\/\/acapulco.gob.mx\/proteccioncivil\/wp-json\/wp\/v2\/media?parent=28"}],"curies":[{"name":"wp","href":"https:\/\/api.w.org\/{rel}","templated":true}]}}