{"id":32,"date":"2025-07-10T18:37:26","date_gmt":"2025-07-10T18:37:26","guid":{"rendered":"https:\/\/acapulco.gob.mx\/proteccioncivil\/?page_id=32"},"modified":"2025-07-31T17:41:49","modified_gmt":"2025-07-31T17:41:49","slug":"inspeccion-ocular-y-cartas-de-afectacion","status":"publish","type":"page","link":"https:\/\/acapulco.gob.mx\/proteccioncivil\/tramites-y-servicios\/inspeccion-ocular-y-cartas-de-afectacion\/","title":{"rendered":"Inspecci\u00f3n Ocular y Cartas de Afectaci\u00f3n"},"content":{"rendered":"\n<p class=\"has-text-align-center\"><strong>REQUISITOS PARA SOLICITAR UNA INSPECCI\u00d3N OCULAR O CARTA DE AFECTACI\u00d3N<\/strong><\/p>\n\n\n\n<p>Realizar oficio a nombre del T.U.M. Ra\u00fal Noyola Rocha, Coordinador General de Protecci\u00f3n Civil y Bomberos del Municipio de Acapulco, con asunto o petici\u00f3n, domicilio y tel\u00e9fono, indicando el tipo de afectaci\u00f3n, el documento se presentar\u00e1 en original y copia para acuse.<br><br>Anexar:<br>\u00a0\u00a0 \u2022\u00a0\u00a0 Croquis de localizaci\u00f3n<br>\u00a0\u00a0 \u2022\u00a0\u00a0 6 fotos a color claras del interior, exterior y alrededor, impresas<br>\u00a0\u00a0 \u2022\u00a0\u00a0 Copia de la Credencial INE<\/p>\n\n\n<div class=\"wp-block-image\">\n<figure data-wp-context=\"{&quot;imageId&quot;:&quot;6a007da4f01c3&quot;}\" data-wp-interactive=\"core\/image\" data-wp-key=\"6a007da4f01c3\" class=\"aligncenter size-medium wp-lightbox-container\"><img loading=\"lazy\" decoding=\"async\" width=\"231\" height=\"300\" data-wp-class--hide=\"state.isContentHidden\" data-wp-class--show=\"state.isContentVisible\" data-wp-init=\"callbacks.setButtonStyles\" data-wp-on--click=\"actions.showLightbox\" data-wp-on--load=\"callbacks.setButtonStyles\" data-wp-on-window--resize=\"callbacks.setButtonStyles\" src=\"https:\/\/acapulco.gob.mx\/proteccioncivil\/wp-content\/uploads\/2025\/07\/img2a-231x300.jpg\" alt=\"\" class=\"wp-image-233\" srcset=\"https:\/\/acapulco.gob.mx\/proteccioncivil\/wp-content\/uploads\/2025\/07\/img2a-231x300.jpg 231w, https:\/\/acapulco.gob.mx\/proteccioncivil\/wp-content\/uploads\/2025\/07\/img2a-790x1024.jpg 790w, https:\/\/acapulco.gob.mx\/proteccioncivil\/wp-content\/uploads\/2025\/07\/img2a-768x996.jpg 768w, https:\/\/acapulco.gob.mx\/proteccioncivil\/wp-content\/uploads\/2025\/07\/img2a.jpg 816w\" sizes=\"auto, (max-width: 231px) 100vw, 231px\" \/><button\n\t\t\tclass=\"lightbox-trigger\"\n\t\t\ttype=\"button\"\n\t\t\taria-haspopup=\"dialog\"\n\t\t\taria-label=\"Agrandar\"\n\t\t\tdata-wp-init=\"callbacks.initTriggerButton\"\n\t\t\tdata-wp-on--click=\"actions.showLightbox\"\n\t\t\tdata-wp-style--right=\"state.imageButtonRight\"\n\t\t\tdata-wp-style--top=\"state.imageButtonTop\"\n\t\t>\n\t\t\t<svg xmlns=\"http:\/\/www.w3.org\/2000\/svg\" width=\"12\" height=\"12\" fill=\"none\" viewBox=\"0 0 12 12\">\n\t\t\t\t<path fill=\"#fff\" d=\"M2 0a2 2 0 0 0-2 2v2h1.5V2a.5.5 0 0 1 .5-.5h2V0H2Zm2 10.5H2a.5.5 0 0 1-.5-.5V8H0v2a2 2 0 0 0 2 2h2v-1.5ZM8 12v-1.5h2a.5.5 0 0 0 .5-.5V8H12v2a2 2 0 0 1-2 2H8Zm2-12a2 2 0 0 1 2 2v2h-1.5V2a.5.5 0 0 0-.5-.5H8V0h2Z\" \/>\n\t\t\t<\/svg>\n\t\t<\/button><\/figure>\n<\/div>","protected":false},"excerpt":{"rendered":"<p>REQUISITOS PARA SOLICITAR UNA INSPECCI\u00d3N OCULAR O CARTA DE AFECTACI\u00d3N Realizar oficio a nombre del T.U.M. Ra\u00fal Noyola Rocha, Coordinador General de Protecci\u00f3n Civil y Bomberos del Municipio de Acapulco, con asunto o petici\u00f3n, domicilio y tel\u00e9fono, indicando el tipo de afectaci\u00f3n, el documento se presentar\u00e1 en original y copia para acuse. Anexar:\u00a0\u00a0 \u2022\u00a0\u00a0 Croquis <a class=\"more-link\" href=\"https:\/\/acapulco.gob.mx\/proteccioncivil\/tramites-y-servicios\/inspeccion-ocular-y-cartas-de-afectacion\/\">Continue reading <i class=\"fa fa-chevron-right\"><\/i><\/a><\/p>\n","protected":false},"author":1,"featured_media":0,"parent":26,"menu_order":0,"comment_status":"closed","ping_status":"closed","template":"","meta":{"footnotes":""},"class_list":["post-32","page","type-page","status-publish","hentry"],"_links":{"self":[{"href":"https:\/\/acapulco.gob.mx\/proteccioncivil\/wp-json\/wp\/v2\/pages\/32","targetHints":{"allow":["GET"]}}],"collection":[{"href":"https:\/\/acapulco.gob.mx\/proteccioncivil\/wp-json\/wp\/v2\/pages"}],"about":[{"href":"https:\/\/acapulco.gob.mx\/proteccioncivil\/wp-json\/wp\/v2\/types\/page"}],"author":[{"embeddable":true,"href":"https:\/\/acapulco.gob.mx\/proteccioncivil\/wp-json\/wp\/v2\/users\/1"}],"replies":[{"embeddable":true,"href":"https:\/\/acapulco.gob.mx\/proteccioncivil\/wp-json\/wp\/v2\/comments?post=32"}],"version-history":[{"count":2,"href":"https:\/\/acapulco.gob.mx\/proteccioncivil\/wp-json\/wp\/v2\/pages\/32\/revisions"}],"predecessor-version":[{"id":234,"href":"https:\/\/acapulco.gob.mx\/proteccioncivil\/wp-json\/wp\/v2\/pages\/32\/revisions\/234"}],"up":[{"embeddable":true,"href":"https:\/\/acapulco.gob.mx\/proteccioncivil\/wp-json\/wp\/v2\/pages\/26"}],"wp:attachment":[{"href":"https:\/\/acapulco.gob.mx\/proteccioncivil\/wp-json\/wp\/v2\/media?parent=32"}],"curies":[{"name":"wp","href":"https:\/\/api.w.org\/{rel}","templated":true}]}}