{"id":332,"date":"2025-08-01T19:50:32","date_gmt":"2025-08-01T19:50:32","guid":{"rendered":"https:\/\/acapulco.gob.mx\/proteccioncivil\/?page_id=332"},"modified":"2025-08-01T19:50:32","modified_gmt":"2025-08-01T19:50:32","slug":"para-el-ejercicio-del-comercio-de-jugueteria-pirotecnica","status":"publish","type":"page","link":"https:\/\/acapulco.gob.mx\/proteccioncivil\/recomendaciones\/pirotecnia\/para-el-ejercicio-del-comercio-de-jugueteria-pirotecnica\/","title":{"rendered":"Para el Ejercicio del Comercio de Jugueter\u00eda Pirot\u00e9cnica al Interior de las Ciudades"},"content":{"rendered":"\n<p>La Subsecretaria de Seguridad P\u00fablica y Protecci\u00f3n Civil en coordinaci\u00f3n con la Direcci\u00f3n Municipal de Protecci\u00f3n y Bomberos del Municipio de Acapulco, hacen del conocimiento las <strong>&#8220;Medidas B\u00e1sicas de Seguridad y Prevenci\u00f3n de Accidentes en Materia Pirot\u00e9cnica&#8221;<\/strong> propuestas por el Instituto Mexiquense de la Pirotecnia, las cuales son las siguientes:<\/p>\n\n\n\n<p class=\"has-text-align-center\"><strong>RECOMENDACIONES PARA EL EJERCICIO DEL COMERCIO DE JUGUETERIA PIROTECNICA AL INTERIOR DE LAS CIUDADES REQUIERE:<\/strong><\/p>\n\n\n\n<ul class=\"wp-block-list\">\n<li><strong>EL PERMISO EXTRAORDINARIO<\/strong>; autorizado por la Secretar\u00eda de la Defensa Nacional (SEDENA), el cual <strong>es intransferible y vence el 31 de diciembre de cada a\u00f1o<\/strong>.<\/li>\n\n\n\n<li>La vitrina debe tener vidrio o mica con 6 mm de grosor ya sea mica o vidrio, extintor tipo B, colocar letreros de <strong>\u201cNO FUMAR\u201d<\/strong> y <strong>\u201cPELIGRO\u201d.<\/strong><\/li>\n\n\n\n<li>Se debe negar la venta a menores.<\/li>\n\n\n\n<li>La venta se debe efectuar durante el d\u00eda.<\/li>\n\n\n\n<li>No contar con instalaciones el\u00e9ctricas o dispositivos que produzcan flama o chispas.<\/li>\n\n\n\n<li>Se proh\u00edbe comercializar productos con alta carga p\u00edrica, tales como: pata de mula, huevo de codorniz, pata de elefante, dinamitas 3 y 4, paloma especial o dem\u00e1s de 3 pulgadas, vampiros, garra, super garra, el peje y otros similares.<\/li>\n\n\n\n<li>Comercializar \u00fanicamente la cantidad autorizada por la autoridad competente.<\/li>\n\n\n\n<li>Se proh\u00edbe emplear a menores de edad para la venta de artificios pirot\u00e9cnicos<\/li>\n<\/ul>\n\n\n<div class=\"wp-block-image\">\n<figure class=\"aligncenter size-full\"><img loading=\"lazy\" decoding=\"async\" width=\"314\" height=\"236\" src=\"https:\/\/acapulco.gob.mx\/proteccioncivil\/wp-content\/uploads\/2025\/08\/petardo4.jpg\" alt=\"\" class=\"wp-image-333\" srcset=\"https:\/\/acapulco.gob.mx\/proteccioncivil\/wp-content\/uploads\/2025\/08\/petardo4.jpg 314w, https:\/\/acapulco.gob.mx\/proteccioncivil\/wp-content\/uploads\/2025\/08\/petardo4-300x225.jpg 300w\" sizes=\"auto, (max-width: 314px) 100vw, 314px\" \/><\/figure>\n<\/div>","protected":false},"excerpt":{"rendered":"<p>La Subsecretaria de Seguridad P\u00fablica y Protecci\u00f3n Civil en coordinaci\u00f3n con la Direcci\u00f3n Municipal de Protecci\u00f3n y Bomberos del Municipio de Acapulco, hacen del conocimiento las &#8220;Medidas B\u00e1sicas de Seguridad y Prevenci\u00f3n de Accidentes en Materia Pirot\u00e9cnica&#8221; propuestas por el Instituto Mexiquense de la Pirotecnia, las cuales son las siguientes: RECOMENDACIONES PARA EL EJERCICIO DEL <a class=\"more-link\" href=\"https:\/\/acapulco.gob.mx\/proteccioncivil\/recomendaciones\/pirotecnia\/para-el-ejercicio-del-comercio-de-jugueteria-pirotecnica\/\">Continue reading <i class=\"fa fa-chevron-right\"><\/i><\/a><\/p>\n","protected":false},"author":1,"featured_media":0,"parent":60,"menu_order":0,"comment_status":"closed","ping_status":"closed","template":"","meta":{"footnotes":""},"class_list":["post-332","page","type-page","status-publish","hentry"],"_links":{"self":[{"href":"https:\/\/acapulco.gob.mx\/proteccioncivil\/wp-json\/wp\/v2\/pages\/332","targetHints":{"allow":["GET"]}}],"collection":[{"href":"https:\/\/acapulco.gob.mx\/proteccioncivil\/wp-json\/wp\/v2\/pages"}],"about":[{"href":"https:\/\/acapulco.gob.mx\/proteccioncivil\/wp-json\/wp\/v2\/types\/page"}],"author":[{"embeddable":true,"href":"https:\/\/acapulco.gob.mx\/proteccioncivil\/wp-json\/wp\/v2\/users\/1"}],"replies":[{"embeddable":true,"href":"https:\/\/acapulco.gob.mx\/proteccioncivil\/wp-json\/wp\/v2\/comments?post=332"}],"version-history":[{"count":1,"href":"https:\/\/acapulco.gob.mx\/proteccioncivil\/wp-json\/wp\/v2\/pages\/332\/revisions"}],"predecessor-version":[{"id":334,"href":"https:\/\/acapulco.gob.mx\/proteccioncivil\/wp-json\/wp\/v2\/pages\/332\/revisions\/334"}],"up":[{"embeddable":true,"href":"https:\/\/acapulco.gob.mx\/proteccioncivil\/wp-json\/wp\/v2\/pages\/60"}],"wp:attachment":[{"href":"https:\/\/acapulco.gob.mx\/proteccioncivil\/wp-json\/wp\/v2\/media?parent=332"}],"curies":[{"name":"wp","href":"https:\/\/api.w.org\/{rel}","templated":true}]}}