{"id":335,"date":"2025-08-01T19:52:05","date_gmt":"2025-08-01T19:52:05","guid":{"rendered":"https:\/\/acapulco.gob.mx\/proteccioncivil\/?page_id=335"},"modified":"2025-08-01T19:52:05","modified_gmt":"2025-08-01T19:52:05","slug":"para-la-quema-de-coheton-pirotecnico","status":"publish","type":"page","link":"https:\/\/acapulco.gob.mx\/proteccioncivil\/recomendaciones\/pirotecnia\/para-la-quema-de-coheton-pirotecnico\/","title":{"rendered":"Para la Quema de Cohet\u00f3n Pirot\u00e9cnico"},"content":{"rendered":"\n<p>La Subsecretaria de Seguridad P\u00fablica y Protecci\u00f3n Civil en coordinaci\u00f3n con la Direcci\u00f3n Municipal de Protecci\u00f3n y Bomberos del Municipio de Acapulco, hacen del conocimiento las<br><strong>&#8220;Medidas B\u00e1sicas de Seguridad y Prevenci\u00f3n de Accidentes en Materia Pirot\u00e9cnica&#8221;<\/strong> propuestas por el Instituto Mexiquense de la Pirotecnia, las cuales son las siguientes:<\/p>\n\n\n\n<p class=\"has-text-align-center\"><strong>RECOMENDACIONES PARA LA QUEMA DE COHETON PIROT\u00c9CNICO:<\/strong><\/p>\n\n\n\n<ol class=\"wp-block-list\">\n<li><strong>\u00a0<\/strong>Designar a tres operarios para el uso y quema del copet\u00f3n pirot\u00e9cnico.<\/li>\n\n\n\n<li>El radio de seguridad del sitio de quema y los participantes en una procesi\u00f3n ser\u00e1 de 100 m en la parte de atr\u00e1s para evitar la ca\u00edda de varas.<\/li>\n\n\n\n<li>Utilizar dispositivos como encendedores de gas butano para realizar el encendido de los\u00a0 artificios pirot\u00e9cnicos.<\/li>\n\n\n\n<li>El producto debe ser empaquetado para su manejo, preferentemente en cart\u00f3n grueso, desde el lugar de la compra hasta la quema.<\/li>\n\n\n\n<li>El copet\u00f3n debe estar en posici\u00f3n vertical y con tap\u00f3n para mechas.<\/li>\n\n\n\n<li>El transporte debe realizarse en veh\u00edculos especializados (caja cerrada, recubierta de madera, rombos de seguridad, etc.).<\/li>\n\n\n\n<li>Utilizar lugares destinados s\u00f3lo para el almacenamiento temporal mientras son quemados estos productos, evitando \u00e1reas al aire libre; y preferentemente mantenerlos vigilados.<\/li>\n\n\n\n<li>En fiestas patronales y procesiones no se debe utilizar copet\u00f3n para granizo.<\/li>\n\n\n\n<li>Utilizar base para sostener el copet\u00f3n en su lanzamiento; \u00e9ste puede ser de uno o de m\u00e1s tiros, que evita que se utilice la mano para realizar el lanzamiento.<\/li>\n\n\n\n<li>No se debe insistir en el encendido, si falla en el encendido dejar reposar en un lugar apartado por 30 min.<\/li>\n<\/ol>\n\n\n<div class=\"wp-block-image\">\n<figure class=\"aligncenter size-full\"><img loading=\"lazy\" decoding=\"async\" width=\"314\" height=\"240\" src=\"https:\/\/acapulco.gob.mx\/proteccioncivil\/wp-content\/uploads\/2025\/08\/petardo3.jpg\" alt=\"\" class=\"wp-image-336\" srcset=\"https:\/\/acapulco.gob.mx\/proteccioncivil\/wp-content\/uploads\/2025\/08\/petardo3.jpg 314w, https:\/\/acapulco.gob.mx\/proteccioncivil\/wp-content\/uploads\/2025\/08\/petardo3-300x229.jpg 300w\" sizes=\"auto, (max-width: 314px) 100vw, 314px\" \/><\/figure>\n<\/div>","protected":false},"excerpt":{"rendered":"<p>La Subsecretaria de Seguridad P\u00fablica y Protecci\u00f3n Civil en coordinaci\u00f3n con la Direcci\u00f3n Municipal de Protecci\u00f3n y Bomberos del Municipio de Acapulco, hacen del conocimiento las&#8220;Medidas B\u00e1sicas de Seguridad y Prevenci\u00f3n de Accidentes en Materia Pirot\u00e9cnica&#8221; propuestas por el Instituto Mexiquense de la Pirotecnia, las cuales son las siguientes: RECOMENDACIONES PARA LA QUEMA DE COHETON <a class=\"more-link\" href=\"https:\/\/acapulco.gob.mx\/proteccioncivil\/recomendaciones\/pirotecnia\/para-la-quema-de-coheton-pirotecnico\/\">Continue reading <i class=\"fa fa-chevron-right\"><\/i><\/a><\/p>\n","protected":false},"author":1,"featured_media":0,"parent":60,"menu_order":0,"comment_status":"closed","ping_status":"closed","template":"","meta":{"footnotes":""},"class_list":["post-335","page","type-page","status-publish","hentry"],"_links":{"self":[{"href":"https:\/\/acapulco.gob.mx\/proteccioncivil\/wp-json\/wp\/v2\/pages\/335","targetHints":{"allow":["GET"]}}],"collection":[{"href":"https:\/\/acapulco.gob.mx\/proteccioncivil\/wp-json\/wp\/v2\/pages"}],"about":[{"href":"https:\/\/acapulco.gob.mx\/proteccioncivil\/wp-json\/wp\/v2\/types\/page"}],"author":[{"embeddable":true,"href":"https:\/\/acapulco.gob.mx\/proteccioncivil\/wp-json\/wp\/v2\/users\/1"}],"replies":[{"embeddable":true,"href":"https:\/\/acapulco.gob.mx\/proteccioncivil\/wp-json\/wp\/v2\/comments?post=335"}],"version-history":[{"count":2,"href":"https:\/\/acapulco.gob.mx\/proteccioncivil\/wp-json\/wp\/v2\/pages\/335\/revisions"}],"predecessor-version":[{"id":338,"href":"https:\/\/acapulco.gob.mx\/proteccioncivil\/wp-json\/wp\/v2\/pages\/335\/revisions\/338"}],"up":[{"embeddable":true,"href":"https:\/\/acapulco.gob.mx\/proteccioncivil\/wp-json\/wp\/v2\/pages\/60"}],"wp:attachment":[{"href":"https:\/\/acapulco.gob.mx\/proteccioncivil\/wp-json\/wp\/v2\/media?parent=335"}],"curies":[{"name":"wp","href":"https:\/\/api.w.org\/{rel}","templated":true}]}}