{"id":339,"date":"2025-08-01T19:53:14","date_gmt":"2025-08-01T19:53:14","guid":{"rendered":"https:\/\/acapulco.gob.mx\/proteccioncivil\/?page_id=339"},"modified":"2025-08-01T19:53:14","modified_gmt":"2025-08-01T19:53:14","slug":"para-la-quema-de-castillos","status":"publish","type":"page","link":"https:\/\/acapulco.gob.mx\/proteccioncivil\/recomendaciones\/pirotecnia\/para-la-quema-de-castillos\/","title":{"rendered":"Para la Quema de Castillos"},"content":{"rendered":"\n<p>La Subsecretaria de Seguridad P\u00fablica y Protecci\u00f3n Civil en coordinaci\u00f3n con la Direcci\u00f3n Municipal de Protecci\u00f3n y Bomberos del Municipio de Acapulco, hacen del conocimiento las<br><strong>&#8220;Medidas B\u00e1sicas de Seguridad y Prevenci\u00f3n de Accidentes en Materia Pirot\u00e9cnica&#8221;<\/strong> propuestas por el Instituto Mexiquense de la Pirotecnia, las cuales son las siguientes:<\/p>\n\n\n\n<p class=\"has-text-align-center\"><strong>RECOMENDACIONES PARA LA QUEMA DE CASTILLOS:<\/strong><\/p>\n\n\n\n<ol class=\"wp-block-list\">\n<li>\u00a0Realizar los tr\u00e1mites correspondientes para obtener el permiso extraordinario dando aviso a la Unidad de Protecci\u00f3n Civil Municipal.<\/li>\n\n\n\n<li>Elaborar el Plan de Uso o Contingencia respetando la zona de quema de castillo, de lanzamiento de bombas, ca\u00edda de residuos y concentraci\u00f3n de p\u00fablico.<\/li>\n\n\n\n<li>Contar con cinta que indique <strong>PRECAUCI\u00d3N o PROHIBIDO EL PASO<\/strong>.\u00a0 En el momento de armado y quema del castillo.<\/li>\n\n\n\n<li>Tener al menos 3 extintores tipo B, en un radio de 15 m de los fuegos artificiales.<\/li>\n\n\n\n<li>Colocar letreros o carteles de <strong>NO FUMAR<\/strong> en el lugar donde se preparen los fuegos artificiales.<\/li>\n\n\n\n<li>Verificar la existencia de dispositivos de ataque de incendios.<\/li>\n\n\n\n<li>Revisar la existencia de dispositivos de ataque de incendios.<\/li>\n\n\n\n<li>Revisar el estado de materiales, edificaciones u objetos susceptibles de incendiarse, a fin de cerciorarse que hayan sido considerados, tomando en cuenta las distancias de acci\u00f3n de los fuegos artificiales a utilizar.<\/li>\n\n\n\n<li>Mantener vigilado los fuegos artificiales a utilizar.<\/li>\n\n\n\n<li>Mantener vigilados los fuegos artificiales en todo momento.<\/li>\n\n\n\n<li>Antes de encender los fuegos artificiales, limpiar cualquier residuo o encendido de fuegos artificiales.<\/li>\n\n\n\n<li>El radio de seguridad del sitio de quema y los espectadores ser\u00e1 la altura final del castillo ejemplo: si el castillo mide 20 m, la distancia del p\u00fablico al castillo ser\u00e1 de 20 m.<\/li>\n\n\n\n<li>La distancia m\u00ednima de seguridad del castillo a los comerciantes de puestos ambulantes o fijos, as\u00ed como los fuegos mec\u00e1nicos de diversi\u00f3n, debe ser al menos de 5 m mayor que la altura del castillo, ejemplo, si mi castillo mide 20 m, los puestos deben estar a 25 m.<\/li>\n\n\n\n<li>Dentro de la zona de riesgo debe permanecer \u00fanicamente el maestro pirot\u00e9cnico responsable y sus ayudantes.<\/li>\n\n\n\n<li>Durante el tiempo de exhibici\u00f3n (quema) del castillo, ning\u00fan operador debe estar escalando, ni permanecer\u00e1 en la estructura del mismo.<\/li>\n\n\n\n<li>La distancia de un castillo a otro deber\u00e1 de ser de al menos 20 m.<\/li>\n\n\n\n<li>Las canastillas se deben lanzar en la zona de pruebas y no junto al castillo.<\/li>\n\n\n\n<li>Se debe evitar quemar los toritos cerca de los castillos.<\/li>\n\n\n\n<li><strong>La Secretar\u00eda de la Defensa Nacional<\/strong>, proh\u00edbe el uso de buscapi\u00e9s en los toritos.<\/li>\n\n\n\n<li>En caso de morillo la altura m\u00e1xima no rebasar\u00e1 los 16 m.<\/li>\n<\/ol>\n\n\n<div class=\"wp-block-image\">\n<figure class=\"aligncenter size-full\"><img loading=\"lazy\" decoding=\"async\" width=\"314\" height=\"398\" src=\"https:\/\/acapulco.gob.mx\/proteccioncivil\/wp-content\/uploads\/2025\/08\/torito.jpg\" alt=\"\" class=\"wp-image-340\" srcset=\"https:\/\/acapulco.gob.mx\/proteccioncivil\/wp-content\/uploads\/2025\/08\/torito.jpg 314w, https:\/\/acapulco.gob.mx\/proteccioncivil\/wp-content\/uploads\/2025\/08\/torito-237x300.jpg 237w\" sizes=\"auto, (max-width: 314px) 100vw, 314px\" \/><\/figure>\n<\/div>","protected":false},"excerpt":{"rendered":"<p>La Subsecretaria de Seguridad P\u00fablica y Protecci\u00f3n Civil en coordinaci\u00f3n con la Direcci\u00f3n Municipal de Protecci\u00f3n y Bomberos del Municipio de Acapulco, hacen del conocimiento las&#8220;Medidas B\u00e1sicas de Seguridad y Prevenci\u00f3n de Accidentes en Materia Pirot\u00e9cnica&#8221; propuestas por el Instituto Mexiquense de la Pirotecnia, las cuales son las siguientes: RECOMENDACIONES PARA LA QUEMA DE CASTILLOS:<\/p>\n","protected":false},"author":1,"featured_media":0,"parent":60,"menu_order":0,"comment_status":"closed","ping_status":"closed","template":"","meta":{"footnotes":""},"class_list":["post-339","page","type-page","status-publish","hentry"],"_links":{"self":[{"href":"https:\/\/acapulco.gob.mx\/proteccioncivil\/wp-json\/wp\/v2\/pages\/339","targetHints":{"allow":["GET"]}}],"collection":[{"href":"https:\/\/acapulco.gob.mx\/proteccioncivil\/wp-json\/wp\/v2\/pages"}],"about":[{"href":"https:\/\/acapulco.gob.mx\/proteccioncivil\/wp-json\/wp\/v2\/types\/page"}],"author":[{"embeddable":true,"href":"https:\/\/acapulco.gob.mx\/proteccioncivil\/wp-json\/wp\/v2\/users\/1"}],"replies":[{"embeddable":true,"href":"https:\/\/acapulco.gob.mx\/proteccioncivil\/wp-json\/wp\/v2\/comments?post=339"}],"version-history":[{"count":1,"href":"https:\/\/acapulco.gob.mx\/proteccioncivil\/wp-json\/wp\/v2\/pages\/339\/revisions"}],"predecessor-version":[{"id":341,"href":"https:\/\/acapulco.gob.mx\/proteccioncivil\/wp-json\/wp\/v2\/pages\/339\/revisions\/341"}],"up":[{"embeddable":true,"href":"https:\/\/acapulco.gob.mx\/proteccioncivil\/wp-json\/wp\/v2\/pages\/60"}],"wp:attachment":[{"href":"https:\/\/acapulco.gob.mx\/proteccioncivil\/wp-json\/wp\/v2\/media?parent=339"}],"curies":[{"name":"wp","href":"https:\/\/api.w.org\/{rel}","templated":true}]}}