{"id":34,"date":"2025-07-10T18:37:47","date_gmt":"2025-07-10T18:37:47","guid":{"rendered":"https:\/\/acapulco.gob.mx\/proteccioncivil\/?page_id=34"},"modified":"2025-07-31T17:43:13","modified_gmt":"2025-07-31T17:43:13","slug":"constancia-de-factibilidad","status":"publish","type":"page","link":"https:\/\/acapulco.gob.mx\/proteccioncivil\/tramites-y-servicios\/constancia-de-factibilidad\/","title":{"rendered":"Constancia de Factibilidad"},"content":{"rendered":"\n<p class=\"has-text-align-center\"><strong>REQUISITOS PARA SOLICITAR LA CONSTANCIA DE FACTIBILIDAD DEL ENTORNO DEL INMUEBLE<\/strong><\/p>\n\n\n\n<ul class=\"wp-block-list\">\n<li>Solicitud por escrito dirigido al Coordinador General de Protecci\u00f3n Civil y Bomberos, en el cual mencione la direcci\u00f3n del lugar, giro, nombre del propietario y un n\u00famero telef\u00f3nico de contacto, en original y una copia para su acuse.<\/li>\n\n\n\n<li>Anexar un croquis de ubicaci\u00f3n.<\/li>\n\n\n\n<li>La boleta de pago por concepto de derechos, se elabora en el Departamento de Verificaciones e Inspecciones de Protecci\u00f3n Civil, y su pago puede hacerse en cualquiera de las cajas de Ingresos en un horario de 09:00 a 15:00 p.m.<\/li>\n\n\n\n<li>Una vez realizada la visita de Inspecci\u00f3n, si se concluye que el lugar es factible para funcionamiento, se emite la constancia de factibilidad del entorno.<\/li>\n<\/ul>\n\n\n<div class=\"wp-block-image\">\n<figure data-wp-context=\"{&quot;imageId&quot;:&quot;6a007dc439f2e&quot;}\" data-wp-interactive=\"core\/image\" data-wp-key=\"6a007dc439f2e\" class=\"aligncenter size-medium wp-lightbox-container\"><img loading=\"lazy\" decoding=\"async\" width=\"232\" height=\"300\" data-wp-class--hide=\"state.isContentHidden\" data-wp-class--show=\"state.isContentVisible\" data-wp-init=\"callbacks.setButtonStyles\" data-wp-on--click=\"actions.showLightbox\" data-wp-on--load=\"callbacks.setButtonStyles\" data-wp-on-window--resize=\"callbacks.setButtonStyles\" src=\"https:\/\/acapulco.gob.mx\/proteccioncivil\/wp-content\/uploads\/2025\/07\/img7a-232x300.jpg\" alt=\"\" class=\"wp-image-235\" srcset=\"https:\/\/acapulco.gob.mx\/proteccioncivil\/wp-content\/uploads\/2025\/07\/img7a-232x300.jpg 232w, https:\/\/acapulco.gob.mx\/proteccioncivil\/wp-content\/uploads\/2025\/07\/img7a-791x1024.jpg 791w, https:\/\/acapulco.gob.mx\/proteccioncivil\/wp-content\/uploads\/2025\/07\/img7a-768x995.jpg 768w, https:\/\/acapulco.gob.mx\/proteccioncivil\/wp-content\/uploads\/2025\/07\/img7a.jpg 817w\" sizes=\"auto, (max-width: 232px) 100vw, 232px\" \/><button\n\t\t\tclass=\"lightbox-trigger\"\n\t\t\ttype=\"button\"\n\t\t\taria-haspopup=\"dialog\"\n\t\t\taria-label=\"Agrandar\"\n\t\t\tdata-wp-init=\"callbacks.initTriggerButton\"\n\t\t\tdata-wp-on--click=\"actions.showLightbox\"\n\t\t\tdata-wp-style--right=\"state.imageButtonRight\"\n\t\t\tdata-wp-style--top=\"state.imageButtonTop\"\n\t\t>\n\t\t\t<svg xmlns=\"http:\/\/www.w3.org\/2000\/svg\" width=\"12\" height=\"12\" fill=\"none\" viewBox=\"0 0 12 12\">\n\t\t\t\t<path fill=\"#fff\" d=\"M2 0a2 2 0 0 0-2 2v2h1.5V2a.5.5 0 0 1 .5-.5h2V0H2Zm2 10.5H2a.5.5 0 0 1-.5-.5V8H0v2a2 2 0 0 0 2 2h2v-1.5ZM8 12v-1.5h2a.5.5 0 0 0 .5-.5V8H12v2a2 2 0 0 1-2 2H8Zm2-12a2 2 0 0 1 2 2v2h-1.5V2a.5.5 0 0 0-.5-.5H8V0h2Z\" \/>\n\t\t\t<\/svg>\n\t\t<\/button><\/figure>\n<\/div>","protected":false},"excerpt":{"rendered":"<p>REQUISITOS PARA SOLICITAR LA CONSTANCIA DE FACTIBILIDAD DEL ENTORNO DEL INMUEBLE<\/p>\n","protected":false},"author":1,"featured_media":0,"parent":26,"menu_order":0,"comment_status":"closed","ping_status":"closed","template":"","meta":{"footnotes":""},"class_list":["post-34","page","type-page","status-publish","hentry"],"_links":{"self":[{"href":"https:\/\/acapulco.gob.mx\/proteccioncivil\/wp-json\/wp\/v2\/pages\/34","targetHints":{"allow":["GET"]}}],"collection":[{"href":"https:\/\/acapulco.gob.mx\/proteccioncivil\/wp-json\/wp\/v2\/pages"}],"about":[{"href":"https:\/\/acapulco.gob.mx\/proteccioncivil\/wp-json\/wp\/v2\/types\/page"}],"author":[{"embeddable":true,"href":"https:\/\/acapulco.gob.mx\/proteccioncivil\/wp-json\/wp\/v2\/users\/1"}],"replies":[{"embeddable":true,"href":"https:\/\/acapulco.gob.mx\/proteccioncivil\/wp-json\/wp\/v2\/comments?post=34"}],"version-history":[{"count":3,"href":"https:\/\/acapulco.gob.mx\/proteccioncivil\/wp-json\/wp\/v2\/pages\/34\/revisions"}],"predecessor-version":[{"id":237,"href":"https:\/\/acapulco.gob.mx\/proteccioncivil\/wp-json\/wp\/v2\/pages\/34\/revisions\/237"}],"up":[{"embeddable":true,"href":"https:\/\/acapulco.gob.mx\/proteccioncivil\/wp-json\/wp\/v2\/pages\/26"}],"wp:attachment":[{"href":"https:\/\/acapulco.gob.mx\/proteccioncivil\/wp-json\/wp\/v2\/media?parent=34"}],"curies":[{"name":"wp","href":"https:\/\/api.w.org\/{rel}","templated":true}]}}