{"id":345,"date":"2025-08-01T19:55:44","date_gmt":"2025-08-01T19:55:44","guid":{"rendered":"https:\/\/acapulco.gob.mx\/proteccioncivil\/?page_id=345"},"modified":"2025-08-01T19:55:44","modified_gmt":"2025-08-01T19:55:44","slug":"para-adquirir-productos-pirotecnicos","status":"publish","type":"page","link":"https:\/\/acapulco.gob.mx\/proteccioncivil\/recomendaciones\/pirotecnia\/para-adquirir-productos-pirotecnicos\/","title":{"rendered":"Para Adquirir Productos Pirot\u00e9cnicos con Personas que Cuenten con los Permisos Correspondientes"},"content":{"rendered":"\n<p>La Subsecretaria de Seguridad P\u00fablica y Protecci\u00f3n Civil en coordinaci\u00f3n con la Direcci\u00f3n Municipal de Protecci\u00f3n y Bomberos del Municipio de Acapulco, hacen del conocimiento las<br><strong>&#8220;Medidas B\u00e1sicas de Seguridad y Prevenci\u00f3n de Accidentes en Materia Pirot\u00e9cnica&#8221;<\/strong> propuestas por el Instituto Mexiquense de la Pirotecnia, las cuales son las siguientes:<\/p>\n\n\n\n<p class=\"has-text-align-center\"><strong>RECOMENDACIONES PARA ADQUIRIR PRODUCTOS PIROT\u00c9CNICOS CON PERSONAS QUE CUENTEN CON LOS PERMISOS CORRESPONDIENTES<\/strong><\/p>\n\n\n\n<ol class=\"wp-block-list\">\n<li>Evitar comprar productos de procedencia extranjera.<\/li>\n\n\n\n<li>Tener dispositivos contra incendios al usar artificios pirot\u00e9cnicos.<\/li>\n\n\n\n<li>Respetar la zona de quema de artificios pirot\u00e9cnicos, as\u00ed como las indicaciones de los sistemas de seguridad y protecci\u00f3n civil.<\/li>\n\n\n\n<li>Realizar la quema en lugares al aire libre de mascotas, veh\u00edculos, juegos mec\u00e1nicos y lugares de consumo de alimentos.<\/li>\n\n\n\n<li>Recoger la basura despu\u00e9s de una quema, si se encuentran dispositivos, sin encender regresarlos al productor.<\/li>\n<\/ol>\n\n\n<div class=\"wp-block-image\">\n<figure class=\"aligncenter size-full\"><img loading=\"lazy\" decoding=\"async\" width=\"314\" height=\"236\" src=\"https:\/\/acapulco.gob.mx\/proteccioncivil\/wp-content\/uploads\/2025\/08\/petardo1.jpg\" alt=\"\" class=\"wp-image-346\" srcset=\"https:\/\/acapulco.gob.mx\/proteccioncivil\/wp-content\/uploads\/2025\/08\/petardo1.jpg 314w, https:\/\/acapulco.gob.mx\/proteccioncivil\/wp-content\/uploads\/2025\/08\/petardo1-300x225.jpg 300w\" sizes=\"auto, (max-width: 314px) 100vw, 314px\" \/><\/figure>\n<\/div>","protected":false},"excerpt":{"rendered":"<p>La Subsecretaria de Seguridad P\u00fablica y Protecci\u00f3n Civil en coordinaci\u00f3n con la Direcci\u00f3n Municipal de Protecci\u00f3n y Bomberos del Municipio de Acapulco, hacen del conocimiento las&#8220;Medidas B\u00e1sicas de Seguridad y Prevenci\u00f3n de Accidentes en Materia Pirot\u00e9cnica&#8221; propuestas por el Instituto Mexiquense de la Pirotecnia, las cuales son las siguientes: RECOMENDACIONES PARA ADQUIRIR PRODUCTOS PIROT\u00c9CNICOS CON <a class=\"more-link\" href=\"https:\/\/acapulco.gob.mx\/proteccioncivil\/recomendaciones\/pirotecnia\/para-adquirir-productos-pirotecnicos\/\">Continue reading <i class=\"fa fa-chevron-right\"><\/i><\/a><\/p>\n","protected":false},"author":1,"featured_media":0,"parent":60,"menu_order":0,"comment_status":"closed","ping_status":"closed","template":"","meta":{"footnotes":""},"class_list":["post-345","page","type-page","status-publish","hentry"],"_links":{"self":[{"href":"https:\/\/acapulco.gob.mx\/proteccioncivil\/wp-json\/wp\/v2\/pages\/345","targetHints":{"allow":["GET"]}}],"collection":[{"href":"https:\/\/acapulco.gob.mx\/proteccioncivil\/wp-json\/wp\/v2\/pages"}],"about":[{"href":"https:\/\/acapulco.gob.mx\/proteccioncivil\/wp-json\/wp\/v2\/types\/page"}],"author":[{"embeddable":true,"href":"https:\/\/acapulco.gob.mx\/proteccioncivil\/wp-json\/wp\/v2\/users\/1"}],"replies":[{"embeddable":true,"href":"https:\/\/acapulco.gob.mx\/proteccioncivil\/wp-json\/wp\/v2\/comments?post=345"}],"version-history":[{"count":1,"href":"https:\/\/acapulco.gob.mx\/proteccioncivil\/wp-json\/wp\/v2\/pages\/345\/revisions"}],"predecessor-version":[{"id":347,"href":"https:\/\/acapulco.gob.mx\/proteccioncivil\/wp-json\/wp\/v2\/pages\/345\/revisions\/347"}],"up":[{"embeddable":true,"href":"https:\/\/acapulco.gob.mx\/proteccioncivil\/wp-json\/wp\/v2\/pages\/60"}],"wp:attachment":[{"href":"https:\/\/acapulco.gob.mx\/proteccioncivil\/wp-json\/wp\/v2\/media?parent=345"}],"curies":[{"name":"wp","href":"https:\/\/api.w.org\/{rel}","templated":true}]}}