{"id":36,"date":"2025-07-10T18:38:07","date_gmt":"2025-07-10T18:38:07","guid":{"rendered":"https:\/\/acapulco.gob.mx\/proteccioncivil\/?page_id=36"},"modified":"2025-07-31T18:20:37","modified_gmt":"2025-07-31T18:20:37","slug":"constancia-de-funcionalidad","status":"publish","type":"page","link":"https:\/\/acapulco.gob.mx\/proteccioncivil\/tramites-y-servicios\/constancia-de-funcionalidad\/","title":{"rendered":"Constancia de Funcionalidad"},"content":{"rendered":"\n<p class=\"has-text-align-center\"><strong>CONSTANCIA DE FUNCIONALIDAD<\/strong><\/p>\n\n\n\n<p><strong>\u00bfQu\u00e9 es la Constancia de Funcionalidad?<\/strong><\/p>\n\n\n\n<p>La Constancia de Funcionalidad es un documento que hace constar que un inmueble, a cumplido satisfactoriamente con los requerimientos de seguridad que de acuerdo al tipo de giro comercial, los procesos de fabricaci\u00f3n que tiene; almacenamiento \u00f3 uso de sustancias qu\u00edmicas; tipo de construcci\u00f3n \u00f3 concentraci\u00f3n masivas de personas, se les requiere por la autoridad competente.<\/p>\n\n\n\n<p><strong>\u00bfCu\u00e1ndo tengo que actualizar la Constancia de Funcionalidad?<\/strong><\/p>\n\n\n\n<p>La constancia se renueva cada a\u00f1o al inicio de cada ejercicio fiscal, para ello deber\u00e1 de presentar la actualizaci\u00f3n del PIPC o Plan de Contingencia. La actualizaci\u00f3n consiste de aquellos documentos que garanticen el funcionamiento de la Unidad Interna de Protecci\u00f3n Civil as\u00ed como de las condiciones de seguridad del inmueble.<\/p>\n\n\n\n<p><strong>\u00bfCu\u00e1ndo tengo que presentar un Programa Interno o Plan de Contingencia ?<\/strong><\/p>\n\n\n\n<p>Los Programas Internos o Planes de Contingencia tienen que ser presentados cuando la autoridad se los requiera, para ello se tendr\u00e1 que realizar la verificaci\u00f3n correspondiente por parte de un inspector de Protecci\u00f3n Civil quien determinar\u00e1 la aplicaci\u00f3n del mismo.<\/p>\n\n\n\n<p><strong>REQUISITOS PARA ENTREGA DE CONSTANCIA DE FUNCIONALIDAD<\/strong><\/p>\n\n\n\n<ul class=\"wp-block-list\">\n<li>Solicitud por escrito al Coordinador General de Protecci\u00f3n Civil, en atenci\u00f3n al Director de Protecci\u00f3n Civil en original y una copia para su acuse.<\/li>\n\n\n\n<li>Presentar anexo un Programa Interno de Protecci\u00f3n Civil, elaborado por un consultor (tercer acreditado), debidamente registrado ante la Secretaria de Protecci\u00f3n Civil del Estado de Guerrero.<\/li>\n\n\n\n<li>En caso de que el programa interno deba complementarse con informaci\u00f3n faltante, se le har\u00e1 saber a trav\u00e9s de un oficio, para que en un lapso de 10 d\u00edas h\u00e1biles lo subsane.<\/li>\n\n\n\n<li>Una vez analizado el Programa Interno y realizada una visita de inspecci\u00f3n al establecimiento, se elaborara una constancia de funcionabilidad, la cual se le entregara una vez cubiertos el pago de derechos, en nomas de 10 d\u00edas h\u00e1biles.<\/li>\n\n\n\n<li>La boleta de pago por concepto de derechos, se elabora en el Departamento de Verificaciones e Inspecciones de Protecci\u00f3n Civil, y el pago puede hacerse en cualquiera de las cajas de Ingresos en un horario de 09:00 a 15:00 pm.<\/li>\n<\/ul>\n\n\n\n<p>Puede consultar informaci\u00f3n para integrar un PIPC o Plan de emergencia en la Secci\u00f3n <a href=\"https:\/\/acapulco.gob.mx\/proteccioncivil\/programa-interno-de-proteccioncivil\/\" data-type=\"page\" data-id=\"241\">Programas Internos<\/a>  de esta misma p\u00e1gina o visitar las p\u00e1ginas: <a href=\"http:\/\/www.proteccioncivil.gob.mx\">www.proteccioncivil.gob.mx<\/a>, <a href=\"http:\/\/www.segob.gob.mx\">www.segob.gob.mx<\/a>, <a href=\"http:\/\/www.stps.gob.mx\">www.stps.gob.mx<\/a>, <a href=\"http:\/\/www.cenapred.unam.mx\">www.cenapred.unam.mx<\/a>, <a href=\"http:\/\/www.guerrero.gob.mx\">www.guerrero.gob.mx<\/a><\/p>\n\n\n<div class=\"wp-block-image\">\n<figure data-wp-context=\"{&quot;imageId&quot;:&quot;6a007db7be70d&quot;}\" data-wp-interactive=\"core\/image\" data-wp-key=\"6a007db7be70d\" class=\"aligncenter size-medium wp-lightbox-container\"><img loading=\"lazy\" decoding=\"async\" width=\"232\" height=\"300\" data-wp-class--hide=\"state.isContentHidden\" data-wp-class--show=\"state.isContentVisible\" data-wp-init=\"callbacks.setButtonStyles\" data-wp-on--click=\"actions.showLightbox\" data-wp-on--load=\"callbacks.setButtonStyles\" data-wp-on-window--resize=\"callbacks.setButtonStyles\" src=\"https:\/\/acapulco.gob.mx\/proteccioncivil\/wp-content\/uploads\/2025\/07\/img5a-232x300.jpg\" alt=\"\" class=\"wp-image-239\" srcset=\"https:\/\/acapulco.gob.mx\/proteccioncivil\/wp-content\/uploads\/2025\/07\/img5a-232x300.jpg 232w, https:\/\/acapulco.gob.mx\/proteccioncivil\/wp-content\/uploads\/2025\/07\/img5a-791x1024.jpg 791w, https:\/\/acapulco.gob.mx\/proteccioncivil\/wp-content\/uploads\/2025\/07\/img5a-768x995.jpg 768w, https:\/\/acapulco.gob.mx\/proteccioncivil\/wp-content\/uploads\/2025\/07\/img5a.jpg 817w\" sizes=\"auto, (max-width: 232px) 100vw, 232px\" \/><button\n\t\t\tclass=\"lightbox-trigger\"\n\t\t\ttype=\"button\"\n\t\t\taria-haspopup=\"dialog\"\n\t\t\taria-label=\"Agrandar\"\n\t\t\tdata-wp-init=\"callbacks.initTriggerButton\"\n\t\t\tdata-wp-on--click=\"actions.showLightbox\"\n\t\t\tdata-wp-style--right=\"state.imageButtonRight\"\n\t\t\tdata-wp-style--top=\"state.imageButtonTop\"\n\t\t>\n\t\t\t<svg xmlns=\"http:\/\/www.w3.org\/2000\/svg\" width=\"12\" height=\"12\" fill=\"none\" viewBox=\"0 0 12 12\">\n\t\t\t\t<path fill=\"#fff\" d=\"M2 0a2 2 0 0 0-2 2v2h1.5V2a.5.5 0 0 1 .5-.5h2V0H2Zm2 10.5H2a.5.5 0 0 1-.5-.5V8H0v2a2 2 0 0 0 2 2h2v-1.5ZM8 12v-1.5h2a.5.5 0 0 0 .5-.5V8H12v2a2 2 0 0 1-2 2H8Zm2-12a2 2 0 0 1 2 2v2h-1.5V2a.5.5 0 0 0-.5-.5H8V0h2Z\" \/>\n\t\t\t<\/svg>\n\t\t<\/button><\/figure>\n<\/div>","protected":false},"excerpt":{"rendered":"<p>CONSTANCIA DE FUNCIONALIDAD \u00bfQu\u00e9 es la Constancia de Funcionalidad? La Constancia de Funcionalidad es un documento que hace constar que un inmueble, a cumplido satisfactoriamente con los requerimientos de seguridad que de acuerdo al tipo de giro comercial, los procesos de fabricaci\u00f3n que tiene; almacenamiento \u00f3 uso de sustancias qu\u00edmicas; tipo de construcci\u00f3n \u00f3 concentraci\u00f3n <a class=\"more-link\" href=\"https:\/\/acapulco.gob.mx\/proteccioncivil\/tramites-y-servicios\/constancia-de-funcionalidad\/\">Continue reading <i class=\"fa fa-chevron-right\"><\/i><\/a><\/p>\n","protected":false},"author":1,"featured_media":0,"parent":26,"menu_order":0,"comment_status":"closed","ping_status":"closed","template":"","meta":{"footnotes":""},"class_list":["post-36","page","type-page","status-publish","hentry"],"_links":{"self":[{"href":"https:\/\/acapulco.gob.mx\/proteccioncivil\/wp-json\/wp\/v2\/pages\/36","targetHints":{"allow":["GET"]}}],"collection":[{"href":"https:\/\/acapulco.gob.mx\/proteccioncivil\/wp-json\/wp\/v2\/pages"}],"about":[{"href":"https:\/\/acapulco.gob.mx\/proteccioncivil\/wp-json\/wp\/v2\/types\/page"}],"author":[{"embeddable":true,"href":"https:\/\/acapulco.gob.mx\/proteccioncivil\/wp-json\/wp\/v2\/users\/1"}],"replies":[{"embeddable":true,"href":"https:\/\/acapulco.gob.mx\/proteccioncivil\/wp-json\/wp\/v2\/comments?post=36"}],"version-history":[{"count":3,"href":"https:\/\/acapulco.gob.mx\/proteccioncivil\/wp-json\/wp\/v2\/pages\/36\/revisions"}],"predecessor-version":[{"id":245,"href":"https:\/\/acapulco.gob.mx\/proteccioncivil\/wp-json\/wp\/v2\/pages\/36\/revisions\/245"}],"up":[{"embeddable":true,"href":"https:\/\/acapulco.gob.mx\/proteccioncivil\/wp-json\/wp\/v2\/pages\/26"}],"wp:attachment":[{"href":"https:\/\/acapulco.gob.mx\/proteccioncivil\/wp-json\/wp\/v2\/media?parent=36"}],"curies":[{"name":"wp","href":"https:\/\/api.w.org\/{rel}","templated":true}]}}