{"id":363,"date":"2025-08-01T23:05:06","date_gmt":"2025-08-01T23:05:06","guid":{"rendered":"https:\/\/acapulco.gob.mx\/proteccioncivil\/?page_id=363"},"modified":"2025-08-01T23:05:06","modified_gmt":"2025-08-01T23:05:06","slug":"preguntas-frecuentes-de-proteccion-civil","status":"publish","type":"page","link":"https:\/\/acapulco.gob.mx\/proteccioncivil\/preguntas-frecuentes-de-proteccion-civil\/","title":{"rendered":"Preguntas Frecuentes de Protecci\u00f3n Civil"},"content":{"rendered":"\n<p>Los fen\u00f3menos perturbadores que son objeto de estudio del Sistema de Protecci\u00f3n Civil, est\u00e1n clasificados en cinco grupos de acuerdo a su origen, pudiendo ser natural y antropog\u00e9nicos \u00f3 creados por el hombre. Aqu\u00ed respondemos algunas de las preguntas que pudieran tener acerca de estos fen\u00f3menos que pueden ocasionar un desastre cuando se presentan.<\/p>\n\n\n\n<div class=\"wp-block-columns is-layout-flex wp-container-core-columns-is-layout-9d6595d7 wp-block-columns-is-layout-flex\">\n<div class=\"wp-block-column is-layout-flow wp-block-column-is-layout-flow\"><div class=\"wp-block-image\">\n<figure class=\"aligncenter size-full is-resized\"><a href=\"https:\/\/acapulco.gob.mx\/proteccioncivil\/wp-content\/documentos\/cuestionario_fenomenos_geologicos[1].doc\"><img loading=\"lazy\" decoding=\"async\" width=\"160\" height=\"211\" src=\"https:\/\/acapulco.gob.mx\/proteccioncivil\/wp-content\/uploads\/2025\/08\/fengeologicos1.jpg\" alt=\"\" class=\"wp-image-364\" style=\"width:auto;height:210px\"\/><\/a><\/figure>\n<\/div><\/div>\n\n\n\n<div class=\"wp-block-column is-layout-flow wp-block-column-is-layout-flow\"><div class=\"wp-block-image\">\n<figure class=\"aligncenter size-full is-resized\"><a href=\"https:\/\/acapulco.gob.mx\/proteccioncivil\/wp-content\/documentos\/Cuestionario_fenomenos_hidrometeorologicos[1].doc\"><img loading=\"lazy\" decoding=\"async\" width=\"160\" height=\"211\" src=\"https:\/\/acapulco.gob.mx\/proteccioncivil\/wp-content\/uploads\/2025\/08\/fenhidrometeoro1.jpg\" alt=\"\" class=\"wp-image-365\" style=\"width:auto;height:210px\"\/><\/a><\/figure>\n<\/div><\/div>\n\n\n\n<div class=\"wp-block-column is-layout-flow wp-block-column-is-layout-flow\"><div class=\"wp-block-image\">\n<figure class=\"aligncenter size-full is-resized\"><a href=\"https:\/\/acapulco.gob.mx\/proteccioncivil\/wp-content\/documentos\/cuestionario_fenomenos_quimicos[1].doc\"><img loading=\"lazy\" decoding=\"async\" width=\"160\" height=\"211\" src=\"https:\/\/acapulco.gob.mx\/proteccioncivil\/wp-content\/uploads\/2025\/08\/fenquimicos1.jpg\" alt=\"\" class=\"wp-image-366\" style=\"width:auto;height:210px\"\/><\/a><\/figure>\n<\/div><\/div>\n\n\n\n<div class=\"wp-block-column is-layout-flow wp-block-column-is-layout-flow\"><div class=\"wp-block-image\">\n<figure class=\"aligncenter size-full is-resized\"><a href=\"https:\/\/acapulco.gob.mx\/proteccioncivil\/wp-content\/documentos\/Cuestionario_Fenomenos_Sanitarios.doc\"><img loading=\"lazy\" decoding=\"async\" width=\"160\" height=\"211\" src=\"https:\/\/acapulco.gob.mx\/proteccioncivil\/wp-content\/uploads\/2025\/08\/fensanitarios1.jpg\" alt=\"\" class=\"wp-image-367\" style=\"width:auto;height:210px\"\/><\/a><\/figure>\n<\/div><\/div>\n\n\n\n<div class=\"wp-block-column is-layout-flow wp-block-column-is-layout-flow\"><div class=\"wp-block-image\">\n<figure class=\"aligncenter size-full is-resized\"><a href=\"https:\/\/acapulco.gob.mx\/proteccioncivil\/wp-content\/documentos\/Cuestionario_Fenomenos_Socio.doc\"><img loading=\"lazy\" decoding=\"async\" width=\"160\" height=\"211\" src=\"https:\/\/acapulco.gob.mx\/proteccioncivil\/wp-content\/uploads\/2025\/08\/fensocio1.jpg\" alt=\"\" class=\"wp-image-368\" style=\"width:auto;height:210px\"\/><\/a><\/figure>\n<\/div><\/div>\n<\/div>\n\n\n\n<p><\/p>\n","protected":false},"excerpt":{"rendered":"<p>Los fen\u00f3menos perturbadores que son objeto de estudio del Sistema de Protecci\u00f3n Civil, est\u00e1n clasificados en cinco grupos de acuerdo a su origen, pudiendo ser natural y antropog\u00e9nicos \u00f3 creados por el hombre. Aqu\u00ed respondemos algunas de las preguntas que pudieran tener acerca de estos fen\u00f3menos que pueden ocasionar un desastre cuando se presentan.<\/p>\n","protected":false},"author":1,"featured_media":0,"parent":0,"menu_order":0,"comment_status":"closed","ping_status":"closed","template":"","meta":{"footnotes":""},"class_list":["post-363","page","type-page","status-publish","hentry"],"_links":{"self":[{"href":"https:\/\/acapulco.gob.mx\/proteccioncivil\/wp-json\/wp\/v2\/pages\/363","targetHints":{"allow":["GET"]}}],"collection":[{"href":"https:\/\/acapulco.gob.mx\/proteccioncivil\/wp-json\/wp\/v2\/pages"}],"about":[{"href":"https:\/\/acapulco.gob.mx\/proteccioncivil\/wp-json\/wp\/v2\/types\/page"}],"author":[{"embeddable":true,"href":"https:\/\/acapulco.gob.mx\/proteccioncivil\/wp-json\/wp\/v2\/users\/1"}],"replies":[{"embeddable":true,"href":"https:\/\/acapulco.gob.mx\/proteccioncivil\/wp-json\/wp\/v2\/comments?post=363"}],"version-history":[{"count":1,"href":"https:\/\/acapulco.gob.mx\/proteccioncivil\/wp-json\/wp\/v2\/pages\/363\/revisions"}],"predecessor-version":[{"id":369,"href":"https:\/\/acapulco.gob.mx\/proteccioncivil\/wp-json\/wp\/v2\/pages\/363\/revisions\/369"}],"wp:attachment":[{"href":"https:\/\/acapulco.gob.mx\/proteccioncivil\/wp-json\/wp\/v2\/media?parent=363"}],"curies":[{"name":"wp","href":"https:\/\/api.w.org\/{rel}","templated":true}]}}