{"id":38,"date":"2025-07-10T18:38:33","date_gmt":"2025-07-10T18:38:33","guid":{"rendered":"https:\/\/acapulco.gob.mx\/proteccioncivil\/?page_id=38"},"modified":"2025-07-31T18:21:52","modified_gmt":"2025-07-31T18:21:52","slug":"solicitud-para-poda-de-arboles","status":"publish","type":"page","link":"https:\/\/acapulco.gob.mx\/proteccioncivil\/tramites-y-servicios\/solicitud-para-poda-de-arboles\/","title":{"rendered":"Solicitud para Poda de \u00c1rboles"},"content":{"rendered":"\n<p class=\"has-text-align-center\"><strong>REQUISITOS PARA PODA MODERADA Y CORTE DE \u00c1RBOLES<\/strong><\/p>\n\n\n\n<ul class=\"wp-block-list\">\n<li>Traer oficio de petici\u00f3n (original y copia para acuse), dirigido al Coordinador General de Protecci\u00f3n Civil y Bomberos.\u00a0<\/li>\n\n\n\n<li>Croquis de la ubicaci\u00f3n.<\/li>\n\n\n\n<li>2 Fotos del \u00e1rbol a cortar o podar.<\/li>\n\n\n\n<li>Permiso expedido por la Direcci\u00f3n General de Ecolog\u00eda autorizando el corte total o poda moderada del \u00e1rbol.<\/li>\n\n\n\n<li>Si es dentro de su vivienda, debe estar alguien presente para permitir el acceso al personal.<\/li>\n<\/ul>\n\n\n\n<p>Tiempo de respuesta: 10 d\u00edas h\u00e1biles.<\/p>\n\n\n<div class=\"wp-block-image\">\n<figure data-wp-context=\"{&quot;imageId&quot;:&quot;6a007e93a1d8e&quot;}\" data-wp-interactive=\"core\/image\" data-wp-key=\"6a007e93a1d8e\" class=\"aligncenter size-medium wp-lightbox-container\"><img loading=\"lazy\" decoding=\"async\" width=\"232\" height=\"300\" data-wp-class--hide=\"state.isContentHidden\" data-wp-class--show=\"state.isContentVisible\" data-wp-init=\"callbacks.setButtonStyles\" data-wp-on--click=\"actions.showLightbox\" data-wp-on--load=\"callbacks.setButtonStyles\" data-wp-on-window--resize=\"callbacks.setButtonStyles\" src=\"https:\/\/acapulco.gob.mx\/proteccioncivil\/wp-content\/uploads\/2025\/07\/img4a-232x300.jpg\" alt=\"\" class=\"wp-image-246\" srcset=\"https:\/\/acapulco.gob.mx\/proteccioncivil\/wp-content\/uploads\/2025\/07\/img4a-232x300.jpg 232w, https:\/\/acapulco.gob.mx\/proteccioncivil\/wp-content\/uploads\/2025\/07\/img4a-791x1024.jpg 791w, https:\/\/acapulco.gob.mx\/proteccioncivil\/wp-content\/uploads\/2025\/07\/img4a-768x995.jpg 768w, https:\/\/acapulco.gob.mx\/proteccioncivil\/wp-content\/uploads\/2025\/07\/img4a.jpg 817w\" sizes=\"auto, (max-width: 232px) 100vw, 232px\" \/><button\n\t\t\tclass=\"lightbox-trigger\"\n\t\t\ttype=\"button\"\n\t\t\taria-haspopup=\"dialog\"\n\t\t\taria-label=\"Agrandar\"\n\t\t\tdata-wp-init=\"callbacks.initTriggerButton\"\n\t\t\tdata-wp-on--click=\"actions.showLightbox\"\n\t\t\tdata-wp-style--right=\"state.imageButtonRight\"\n\t\t\tdata-wp-style--top=\"state.imageButtonTop\"\n\t\t>\n\t\t\t<svg xmlns=\"http:\/\/www.w3.org\/2000\/svg\" width=\"12\" height=\"12\" fill=\"none\" viewBox=\"0 0 12 12\">\n\t\t\t\t<path fill=\"#fff\" d=\"M2 0a2 2 0 0 0-2 2v2h1.5V2a.5.5 0 0 1 .5-.5h2V0H2Zm2 10.5H2a.5.5 0 0 1-.5-.5V8H0v2a2 2 0 0 0 2 2h2v-1.5ZM8 12v-1.5h2a.5.5 0 0 0 .5-.5V8H12v2a2 2 0 0 1-2 2H8Zm2-12a2 2 0 0 1 2 2v2h-1.5V2a.5.5 0 0 0-.5-.5H8V0h2Z\" \/>\n\t\t\t<\/svg>\n\t\t<\/button><\/figure>\n<\/div>","protected":false},"excerpt":{"rendered":"<p>REQUISITOS PARA PODA MODERADA Y CORTE DE \u00c1RBOLES Tiempo de respuesta: 10 d\u00edas h\u00e1biles.<\/p>\n","protected":false},"author":1,"featured_media":0,"parent":26,"menu_order":0,"comment_status":"closed","ping_status":"closed","template":"","meta":{"footnotes":""},"class_list":["post-38","page","type-page","status-publish","hentry"],"_links":{"self":[{"href":"https:\/\/acapulco.gob.mx\/proteccioncivil\/wp-json\/wp\/v2\/pages\/38","targetHints":{"allow":["GET"]}}],"collection":[{"href":"https:\/\/acapulco.gob.mx\/proteccioncivil\/wp-json\/wp\/v2\/pages"}],"about":[{"href":"https:\/\/acapulco.gob.mx\/proteccioncivil\/wp-json\/wp\/v2\/types\/page"}],"author":[{"embeddable":true,"href":"https:\/\/acapulco.gob.mx\/proteccioncivil\/wp-json\/wp\/v2\/users\/1"}],"replies":[{"embeddable":true,"href":"https:\/\/acapulco.gob.mx\/proteccioncivil\/wp-json\/wp\/v2\/comments?post=38"}],"version-history":[{"count":2,"href":"https:\/\/acapulco.gob.mx\/proteccioncivil\/wp-json\/wp\/v2\/pages\/38\/revisions"}],"predecessor-version":[{"id":247,"href":"https:\/\/acapulco.gob.mx\/proteccioncivil\/wp-json\/wp\/v2\/pages\/38\/revisions\/247"}],"up":[{"embeddable":true,"href":"https:\/\/acapulco.gob.mx\/proteccioncivil\/wp-json\/wp\/v2\/pages\/26"}],"wp:attachment":[{"href":"https:\/\/acapulco.gob.mx\/proteccioncivil\/wp-json\/wp\/v2\/media?parent=38"}],"curies":[{"name":"wp","href":"https:\/\/api.w.org\/{rel}","templated":true}]}}