{"id":44,"date":"2025-07-10T18:40:10","date_gmt":"2025-07-10T18:40:10","guid":{"rendered":"https:\/\/acapulco.gob.mx\/proteccioncivil\/?page_id=44"},"modified":"2025-07-31T18:50:15","modified_gmt":"2025-07-31T18:50:15","slug":"biblioteca-virtual","status":"publish","type":"page","link":"https:\/\/acapulco.gob.mx\/proteccioncivil\/recomendaciones\/biblioteca-virtual\/","title":{"rendered":"Biblioteca Virtual"},"content":{"rendered":"\n<p class=\"has-text-align-center\"><strong>Serie de Fasc\u00edculos elaborados por el CENAPRED (Centro Nacional de Prevenci\u00f3n de Desastres)<\/strong><\/p>\n\n\n\n<p class=\"has-text-align-left\">Fuente oficial de informaci\u00f3n que estudia cada uno de los riesgos provocados por los agentes perturbadores de origen natural \u00f3 antropog\u00e9nicos.<\/p>\n\n\n\n<div class=\"wp-block-columns is-layout-flex wp-container-core-columns-is-layout-9d6595d7 wp-block-columns-is-layout-flex\">\n<div class=\"wp-block-column is-layout-flow wp-block-column-is-layout-flow\"><div class=\"wp-block-image\">\n<figure class=\"aligncenter size-full is-resized\"><img loading=\"lazy\" decoding=\"async\" width=\"87\" height=\"119\" src=\"https:\/\/acapulco.gob.mx\/proteccioncivil\/wp-content\/uploads\/2025\/07\/Fasciculo_inundaciones_cenapred_a.jpg\" alt=\"\" class=\"wp-image-261\" style=\"width:auto;height:120px\"\/><\/figure>\n<\/div>\n\n\n<p class=\"has-text-align-center\">Las inundaciones es uno de los fen\u00f3menos m\u00e1s recurrente en nuestro pa\u00eds, cada a\u00f1o ocasionan grandes da\u00f1os. Este fasc\u00edculo contribuye al conocimiento sobre el origen de las inundaciones, la mitigaci\u00f3n y las acciones a seguir para reducir sus efectos.<\/p>\n<\/div>\n\n\n\n<div class=\"wp-block-column is-layout-flow wp-block-column-is-layout-flow\"><div class=\"wp-block-image\">\n<figure class=\"aligncenter size-full is-resized\"><img loading=\"lazy\" decoding=\"async\" width=\"78\" height=\"108\" src=\"https:\/\/acapulco.gob.mx\/proteccioncivil\/wp-content\/uploads\/2025\/07\/Fasciculo_ciclones_cenapred.jpg\" alt=\"\" class=\"wp-image-262\" style=\"width:auto;height:120px\"\/><\/figure>\n<\/div>\n\n\n<p class=\"has-text-align-center\">Los ciclones tropicales es uno de los fen\u00f3menos de mayor impacto en la poblaci\u00f3n. Contiene los conceptos b\u00e1sicos sobre los ciclones tropicales, tales como su origen, desarrollo y efectos, sistemas de alertamiento, as\u00ed como las medidas preventivas de sus da\u00f1os.<\/p>\n<\/div>\n\n\n\n<div class=\"wp-block-column is-layout-flow wp-block-column-is-layout-flow\"><div class=\"wp-block-image\">\n<figure class=\"aligncenter size-full is-resized\"><img loading=\"lazy\" decoding=\"async\" width=\"1758\" height=\"2266\" src=\"https:\/\/acapulco.gob.mx\/proteccioncivil\/wp-content\/uploads\/2025\/07\/Fasciculo_Sismos_cenapred.jpg\" alt=\"\" class=\"wp-image-263\" style=\"width:auto;height:120px\" srcset=\"https:\/\/acapulco.gob.mx\/proteccioncivil\/wp-content\/uploads\/2025\/07\/Fasciculo_Sismos_cenapred.jpg 1758w, https:\/\/acapulco.gob.mx\/proteccioncivil\/wp-content\/uploads\/2025\/07\/Fasciculo_Sismos_cenapred-233x300.jpg 233w, https:\/\/acapulco.gob.mx\/proteccioncivil\/wp-content\/uploads\/2025\/07\/Fasciculo_Sismos_cenapred-794x1024.jpg 794w, https:\/\/acapulco.gob.mx\/proteccioncivil\/wp-content\/uploads\/2025\/07\/Fasciculo_Sismos_cenapred-768x990.jpg 768w, https:\/\/acapulco.gob.mx\/proteccioncivil\/wp-content\/uploads\/2025\/07\/Fasciculo_Sismos_cenapred-1192x1536.jpg 1192w, https:\/\/acapulco.gob.mx\/proteccioncivil\/wp-content\/uploads\/2025\/07\/Fasciculo_Sismos_cenapred-1589x2048.jpg 1589w\" sizes=\"auto, (max-width: 1758px) 100vw, 1758px\" \/><\/figure>\n<\/div>\n\n\n<p class=\"has-text-align-center\">El fasc\u00edculo de sismos, contiene informaci\u00f3n respecto a las escalas de intensidad y magnitud, sismicidad en M\u00e9xico, regionalizaci\u00f3n s\u00edsmica y qu\u00e9 hacer antes, durante y despu\u00e9s de un sismo.<\/p>\n<\/div>\n\n\n\n<div class=\"wp-block-column is-layout-flow wp-block-column-is-layout-flow\"><div class=\"wp-block-image\">\n<figure class=\"aligncenter size-full is-resized\"><img loading=\"lazy\" decoding=\"async\" width=\"865\" height=\"1108\" src=\"https:\/\/acapulco.gob.mx\/proteccioncivil\/wp-content\/uploads\/2025\/07\/Fasc__Incendios_Forestales_2008_ceanpred.jpg\" alt=\"\" class=\"wp-image-264\" style=\"width:auto;height:120px\" srcset=\"https:\/\/acapulco.gob.mx\/proteccioncivil\/wp-content\/uploads\/2025\/07\/Fasc__Incendios_Forestales_2008_ceanpred.jpg 865w, https:\/\/acapulco.gob.mx\/proteccioncivil\/wp-content\/uploads\/2025\/07\/Fasc__Incendios_Forestales_2008_ceanpred-234x300.jpg 234w, https:\/\/acapulco.gob.mx\/proteccioncivil\/wp-content\/uploads\/2025\/07\/Fasc__Incendios_Forestales_2008_ceanpred-799x1024.jpg 799w, https:\/\/acapulco.gob.mx\/proteccioncivil\/wp-content\/uploads\/2025\/07\/Fasc__Incendios_Forestales_2008_ceanpred-768x984.jpg 768w\" sizes=\"auto, (max-width: 865px) 100vw, 865px\" \/><\/figure>\n<\/div>\n\n\n<p class=\"has-text-align-center\">Este fasc\u00edculo de incendios forestales contiene informaci\u00f3n referente a los tipos de incendio, prevenci\u00f3n y detecci\u00f3n. Adem\u00e1s de c\u00f3mo actuar, si se encuentra en peligro por un incendio forestal.<\/p>\n<\/div>\n<\/div>\n\n\n\n<div class=\"wp-block-columns is-layout-flex wp-container-core-columns-is-layout-9d6595d7 wp-block-columns-is-layout-flex\">\n<div class=\"wp-block-column is-layout-flow wp-block-column-is-layout-flow\"><div class=\"wp-block-image\">\n<figure class=\"aligncenter size-full is-resized\"><img loading=\"lazy\" decoding=\"async\" width=\"95\" height=\"125\" src=\"https:\/\/acapulco.gob.mx\/proteccioncivil\/wp-content\/uploads\/2025\/07\/Fasciculo_Sequias_cenapred.jpg\" alt=\"\" class=\"wp-image-266\" style=\"width:auto;height:120px\"\/><\/figure>\n<\/div>\n\n\n<p class=\"has-text-align-center\">Las sequ\u00edas se presentan en forma lenta y es poco notoria, pero desgasta la agricultura, la ganader\u00eda y la industria. Este fasc\u00edculo contiene informaci\u00f3n \u00fatil para ayudar a disminuir sus efectos negativos y establecer pol\u00edticas adecuadas de uso del agua antes y durante los per\u00edodos de sequ\u00edas.<\/p>\n<\/div>\n\n\n\n<div class=\"wp-block-column is-layout-flow wp-block-column-is-layout-flow\"><div class=\"wp-block-image\">\n<figure class=\"aligncenter size-full is-resized\"><img loading=\"lazy\" decoding=\"async\" width=\"95\" height=\"130\" src=\"https:\/\/acapulco.gob.mx\/proteccioncivil\/wp-content\/uploads\/2025\/07\/Fasciculo_riesgos_quimicos_cenapred.jpg\" alt=\"\" class=\"wp-image-267\" style=\"width:auto;height:120px\"\/><\/figure>\n<\/div>\n\n\n<p class=\"has-text-align-center\">Este fasc\u00edculo de riesgos qu\u00edmicos contiene medidas preventivas y difunde conocimientos sobre uno de los riesgos m\u00e1s frecuentes y destructivos en el pa\u00eds.<\/p>\n<\/div>\n\n\n\n<div class=\"wp-block-column is-layout-flow wp-block-column-is-layout-flow\"><div class=\"wp-block-image\">\n<figure class=\"aligncenter size-full is-resized\"><img loading=\"lazy\" decoding=\"async\" width=\"74\" height=\"99\" src=\"https:\/\/acapulco.gob.mx\/proteccioncivil\/wp-content\/uploads\/2025\/07\/Fasciculo_tsunami_cenapred.jpg\" alt=\"\" class=\"wp-image-268\" style=\"width:auto;height:120px\"\/><\/figure>\n<\/div>\n\n\n<p class=\"has-text-align-center\">Este fasc\u00edculo contribuye al conocimiento sobre el origen de los tsunamis, la mitigaci\u00f3n, estrategia para prevenci\u00f3n y reducci\u00f3n del impacto de los tsunamis en M\u00e9xico, sistemas de alertamiento y las acciones a seguir para reducir sus efectos.<\/p>\n<\/div>\n\n\n\n<div class=\"wp-block-column is-layout-flow wp-block-column-is-layout-flow\"><div class=\"wp-block-image\">\n<figure class=\"aligncenter size-full is-resized\"><img loading=\"lazy\" decoding=\"async\" width=\"1661\" height=\"2211\" src=\"https:\/\/acapulco.gob.mx\/proteccioncivil\/wp-content\/uploads\/2025\/07\/Fasc._Laderas_inest_cenapred.jpg\" alt=\"\" class=\"wp-image-269\" style=\"width:auto;height:120px\" srcset=\"https:\/\/acapulco.gob.mx\/proteccioncivil\/wp-content\/uploads\/2025\/07\/Fasc._Laderas_inest_cenapred.jpg 1661w, https:\/\/acapulco.gob.mx\/proteccioncivil\/wp-content\/uploads\/2025\/07\/Fasc._Laderas_inest_cenapred-225x300.jpg 225w, https:\/\/acapulco.gob.mx\/proteccioncivil\/wp-content\/uploads\/2025\/07\/Fasc._Laderas_inest_cenapred-769x1024.jpg 769w, https:\/\/acapulco.gob.mx\/proteccioncivil\/wp-content\/uploads\/2025\/07\/Fasc._Laderas_inest_cenapred-768x1022.jpg 768w, https:\/\/acapulco.gob.mx\/proteccioncivil\/wp-content\/uploads\/2025\/07\/Fasc._Laderas_inest_cenapred-1154x1536.jpg 1154w, https:\/\/acapulco.gob.mx\/proteccioncivil\/wp-content\/uploads\/2025\/07\/Fasc._Laderas_inest_cenapred-1539x2048.jpg 1539w\" sizes=\"auto, (max-width: 1661px) 100vw, 1661px\" \/><\/figure>\n<\/div>\n\n\n<p class=\"has-text-align-center\">El fasc\u00edculo contiene informaci\u00f3n correspondiente a los problemas de inestabilidad de laderas y su impacto potencial. Adem\u00e1s de las medidas preventivas y algunos m\u00e9todos para corregir fallas en laderas y taludes inestables.<\/p>\n<\/div>\n<\/div>\n\n\n\n<div class=\"wp-block-columns is-layout-flex wp-container-core-columns-is-layout-9d6595d7 wp-block-columns-is-layout-flex\">\n<div class=\"wp-block-column is-layout-flow wp-block-column-is-layout-flow\"><div class=\"wp-block-image\">\n<figure class=\"aligncenter size-full is-resized\"><img loading=\"lazy\" decoding=\"async\" width=\"834\" height=\"1160\" src=\"https:\/\/acapulco.gob.mx\/proteccioncivil\/wp-content\/uploads\/2025\/07\/Fasc_Eval_vulnerabilidadfisicaysocial_cenapred.jpg\" alt=\"\" class=\"wp-image-270\" style=\"width:auto;height:120px\" srcset=\"https:\/\/acapulco.gob.mx\/proteccioncivil\/wp-content\/uploads\/2025\/07\/Fasc_Eval_vulnerabilidadfisicaysocial_cenapred.jpg 834w, https:\/\/acapulco.gob.mx\/proteccioncivil\/wp-content\/uploads\/2025\/07\/Fasc_Eval_vulnerabilidadfisicaysocial_cenapred-216x300.jpg 216w, https:\/\/acapulco.gob.mx\/proteccioncivil\/wp-content\/uploads\/2025\/07\/Fasc_Eval_vulnerabilidadfisicaysocial_cenapred-736x1024.jpg 736w, https:\/\/acapulco.gob.mx\/proteccioncivil\/wp-content\/uploads\/2025\/07\/Fasc_Eval_vulnerabilidadfisicaysocial_cenapred-768x1068.jpg 768w\" sizes=\"auto, (max-width: 834px) 100vw, 834px\" \/><\/figure>\n<\/div>\n\n\n<p class=\"has-text-align-center\">Esta importante obra re\u00fane el esfuerzo conjunto de las Direcciones de Investigaci\u00f3n e Instrumentaci\u00f3n, donde concentra por primera vez la \u201cGu\u00eda B\u00e1sica para la Elaboraci\u00f3n de Atlas Estatales y Municipales de Peligros y Riesgos\u201d sobre los diferentes fen\u00f3menos a los que se enfrenta la sociedad. Esta Gu\u00eda es de gran utilidad para que los estados y municipios elaboren sus propios Atlas de Riesgos.<\/p>\n<\/div>\n\n\n\n<div class=\"wp-block-column is-layout-flow wp-block-column-is-layout-flow\"><div class=\"wp-block-image\">\n<figure class=\"aligncenter size-full is-resized\"><img loading=\"lazy\" decoding=\"async\" width=\"868\" height=\"1154\" src=\"https:\/\/acapulco.gob.mx\/proteccioncivil\/wp-content\/uploads\/2025\/07\/Fasc_FenmenosQumicos_cenapred.jpg\" alt=\"\" class=\"wp-image-271\" style=\"width:auto;height:120px\" srcset=\"https:\/\/acapulco.gob.mx\/proteccioncivil\/wp-content\/uploads\/2025\/07\/Fasc_FenmenosQumicos_cenapred.jpg 868w, https:\/\/acapulco.gob.mx\/proteccioncivil\/wp-content\/uploads\/2025\/07\/Fasc_FenmenosQumicos_cenapred-226x300.jpg 226w, https:\/\/acapulco.gob.mx\/proteccioncivil\/wp-content\/uploads\/2025\/07\/Fasc_FenmenosQumicos_cenapred-770x1024.jpg 770w, https:\/\/acapulco.gob.mx\/proteccioncivil\/wp-content\/uploads\/2025\/07\/Fasc_FenmenosQumicos_cenapred-768x1021.jpg 768w\" sizes=\"auto, (max-width: 868px) 100vw, 868px\" \/><\/figure>\n<\/div>\n\n\n<p class=\"has-text-align-center\">Este Atlas de riesgos contiene las zonas m\u00e1s propensas a sufrir el impacto de fen\u00f3menos Qu\u00edmicos a fin de incrementar y aplicar acciones para la mitigaci\u00f3n del riesgo por sus efectos destructivos, tanto en los estados costeros como en algunos del interior de la Rep\u00fablica Mexicana.<\/p>\n<\/div>\n\n\n\n<div class=\"wp-block-column is-layout-flow wp-block-column-is-layout-flow\"><div class=\"wp-block-image\">\n<figure class=\"aligncenter size-full is-resized\"><img loading=\"lazy\" decoding=\"async\" width=\"851\" height=\"1139\" src=\"https:\/\/acapulco.gob.mx\/proteccioncivil\/wp-content\/uploads\/2025\/07\/Fasc_FenmenosGeolgicos_cenapred.jpg\" alt=\"\" class=\"wp-image-272\" style=\"width:auto;height:120px\" srcset=\"https:\/\/acapulco.gob.mx\/proteccioncivil\/wp-content\/uploads\/2025\/07\/Fasc_FenmenosGeolgicos_cenapred.jpg 851w, https:\/\/acapulco.gob.mx\/proteccioncivil\/wp-content\/uploads\/2025\/07\/Fasc_FenmenosGeolgicos_cenapred-224x300.jpg 224w, https:\/\/acapulco.gob.mx\/proteccioncivil\/wp-content\/uploads\/2025\/07\/Fasc_FenmenosGeolgicos_cenapred-765x1024.jpg 765w, https:\/\/acapulco.gob.mx\/proteccioncivil\/wp-content\/uploads\/2025\/07\/Fasc_FenmenosGeolgicos_cenapred-768x1028.jpg 768w\" sizes=\"auto, (max-width: 851px) 100vw, 851px\" \/><\/figure>\n<\/div>\n\n\n<p class=\"has-text-align-center\">Este Atlas de riesgos contiene las zonas m\u00e1s propensas a sufrir el impacto de fen\u00f3menos hidrometerol\u00f3gicos a fin de incrementar y aplicar acciones para la mitigaci\u00f3n del riesgo por sus efectos destructivos, tanto en los estados costeros como en algunos del interior de la Rep\u00fablica Mexicana.<\/p>\n<\/div>\n\n\n\n<div class=\"wp-block-column is-layout-flow wp-block-column-is-layout-flow\"><div class=\"wp-block-image\">\n<figure class=\"aligncenter size-full is-resized\"><img loading=\"lazy\" decoding=\"async\" width=\"850\" height=\"1149\" src=\"https:\/\/acapulco.gob.mx\/proteccioncivil\/wp-content\/uploads\/2025\/07\/Fasc_Fenomenos_Hidrometeorolgicos_cenapred.jpg\" alt=\"\" class=\"wp-image-273\" style=\"width:auto;height:120px\" srcset=\"https:\/\/acapulco.gob.mx\/proteccioncivil\/wp-content\/uploads\/2025\/07\/Fasc_Fenomenos_Hidrometeorolgicos_cenapred.jpg 850w, https:\/\/acapulco.gob.mx\/proteccioncivil\/wp-content\/uploads\/2025\/07\/Fasc_Fenomenos_Hidrometeorolgicos_cenapred-222x300.jpg 222w, https:\/\/acapulco.gob.mx\/proteccioncivil\/wp-content\/uploads\/2025\/07\/Fasc_Fenomenos_Hidrometeorolgicos_cenapred-758x1024.jpg 758w, https:\/\/acapulco.gob.mx\/proteccioncivil\/wp-content\/uploads\/2025\/07\/Fasc_Fenomenos_Hidrometeorolgicos_cenapred-768x1038.jpg 768w\" sizes=\"auto, (max-width: 850px) 100vw, 850px\" \/><\/figure>\n<\/div>\n\n\n<p class=\"has-text-align-center\">Fasciculo 2 de fen\u00f3menos hidrometeorol\u00f3gicos , esta importante obra re\u00fane el esfuerzo conjunto de las Direcciones de Investigaci\u00f3n e Instrumentaci\u00f3n, donde concentra por primera vez la \u201cGu\u00eda B\u00e1sica para la Elaboraci\u00f3n de Atlas Estatales y Municipales de Peligros y Riesgos\u201d sobre los diferentes fen\u00f3menos a los que se enfrenta la sociedad. Esta Gu\u00eda es de gran utilidad para que los estados y municipios elaboren sus propios Atlas de Riesgos.<\/p>\n<\/div>\n<\/div>\n\n\n\n<div class=\"wp-block-columns is-layout-flex wp-container-core-columns-is-layout-9d6595d7 wp-block-columns-is-layout-flex\">\n<div class=\"wp-block-column is-layout-flow wp-block-column-is-layout-flow\"><div class=\"wp-block-image\">\n<figure class=\"aligncenter size-full is-resized\"><img loading=\"lazy\" decoding=\"async\" width=\"74\" height=\"98\" src=\"https:\/\/acapulco.gob.mx\/proteccioncivil\/wp-content\/uploads\/2025\/07\/Sistema_alerta_hidrometeorologica_cenapred.jpg\" alt=\"\" class=\"wp-image-274\" style=\"width:auto;height:120px\"\/><\/figure>\n<\/div>\n\n\n<p class=\"has-text-align-center\">El presente documento tiene por objeto presentar los Sistemas de Alerta Hidrometeorol\u00f3gica que se instalaron en varias ciudades del pa\u00eds durante los a\u00f1os 1998 y 1999.<\/p>\n<\/div>\n\n\n\n<div class=\"wp-block-column is-layout-flow wp-block-column-is-layout-flow\"><div class=\"wp-block-image\">\n<figure class=\"aligncenter size-full is-resized\"><img loading=\"lazy\" decoding=\"async\" width=\"137\" height=\"97\" src=\"https:\/\/acapulco.gob.mx\/proteccioncivil\/wp-content\/uploads\/2025\/07\/Atlas_climatologico_cenapred.jpg\" alt=\"\" class=\"wp-image-275\" style=\"width:auto;height:120px\"\/><\/figure>\n<\/div>\n\n\n<p class=\"has-text-align-center\">Este Atlas de riesgos contiene las zonas m\u00e1s propensas a sufrir el impacto de fen\u00f3menos hidrometerol\u00f3gicos a fin de incrementar y aplicar acciones para la mitigaci\u00f3n del riesgo por sus efectos destructivos, tanto en los estados costeros como en algunos del interior de la Rep\u00fablica Mexicana.<\/p>\n<\/div>\n\n\n\n<div class=\"wp-block-column is-layout-flow wp-block-column-is-layout-flow\"><div class=\"wp-block-image\">\n<figure class=\"aligncenter size-full is-resized\"><img loading=\"lazy\" decoding=\"async\" width=\"89\" height=\"127\" src=\"https:\/\/acapulco.gob.mx\/proteccioncivil\/wp-content\/uploads\/2025\/07\/Fasc_Peligros_Mexico_cenapred.jpg\" alt=\"\" class=\"wp-image-276\" style=\"width:auto;height:120px\"\/><\/figure>\n<\/div>\n\n\n<p class=\"has-text-align-center\">La presente publicaci\u00f3n tiene principalmente el prop\u00f3sito de difundir conocimientos sobre los peligros e identificaci\u00f3n de riesgos de desastres que se presentan en el pa\u00eds derivados de los fen\u00f3menos de origen geol\u00f3gico, hidrometeorol\u00f3gico, qu\u00edmico, sanitario y socio-organizativo.<\/p>\n<\/div>\n\n\n\n<div class=\"wp-block-column is-layout-flow wp-block-column-is-layout-flow\"><\/div>\n<\/div>\n","protected":false},"excerpt":{"rendered":"<p>Serie de Fasc\u00edculos elaborados por el CENAPRED (Centro Nacional de Prevenci\u00f3n de Desastres) Fuente oficial de informaci\u00f3n que estudia cada uno de los riesgos provocados por los agentes perturbadores de origen natural \u00f3 antropog\u00e9nicos. Las inundaciones es uno de los fen\u00f3menos m\u00e1s recurrente en nuestro pa\u00eds, cada a\u00f1o ocasionan grandes da\u00f1os. Este fasc\u00edculo contribuye al <a class=\"more-link\" href=\"https:\/\/acapulco.gob.mx\/proteccioncivil\/recomendaciones\/biblioteca-virtual\/\">Continue reading <i class=\"fa fa-chevron-right\"><\/i><\/a><\/p>\n","protected":false},"author":1,"featured_media":0,"parent":42,"menu_order":0,"comment_status":"closed","ping_status":"closed","template":"page-fullwidth.php","meta":{"footnotes":""},"class_list":["post-44","page","type-page","status-publish","hentry"],"_links":{"self":[{"href":"https:\/\/acapulco.gob.mx\/proteccioncivil\/wp-json\/wp\/v2\/pages\/44","targetHints":{"allow":["GET"]}}],"collection":[{"href":"https:\/\/acapulco.gob.mx\/proteccioncivil\/wp-json\/wp\/v2\/pages"}],"about":[{"href":"https:\/\/acapulco.gob.mx\/proteccioncivil\/wp-json\/wp\/v2\/types\/page"}],"author":[{"embeddable":true,"href":"https:\/\/acapulco.gob.mx\/proteccioncivil\/wp-json\/wp\/v2\/users\/1"}],"replies":[{"embeddable":true,"href":"https:\/\/acapulco.gob.mx\/proteccioncivil\/wp-json\/wp\/v2\/comments?post=44"}],"version-history":[{"count":3,"href":"https:\/\/acapulco.gob.mx\/proteccioncivil\/wp-json\/wp\/v2\/pages\/44\/revisions"}],"predecessor-version":[{"id":277,"href":"https:\/\/acapulco.gob.mx\/proteccioncivil\/wp-json\/wp\/v2\/pages\/44\/revisions\/277"}],"up":[{"embeddable":true,"href":"https:\/\/acapulco.gob.mx\/proteccioncivil\/wp-json\/wp\/v2\/pages\/42"}],"wp:attachment":[{"href":"https:\/\/acapulco.gob.mx\/proteccioncivil\/wp-json\/wp\/v2\/media?parent=44"}],"curies":[{"name":"wp","href":"https:\/\/api.w.org\/{rel}","templated":true}]}}