{"id":48,"date":"2025-07-10T18:41:27","date_gmt":"2025-07-10T18:41:27","guid":{"rendered":"https:\/\/acapulco.gob.mx\/proteccioncivil\/?page_id=48"},"modified":"2025-07-31T18:30:40","modified_gmt":"2025-07-31T18:30:40","slug":"riesgos-geologicos","status":"publish","type":"page","link":"https:\/\/acapulco.gob.mx\/proteccioncivil\/recomendaciones\/riesgos-geologicos\/","title":{"rendered":"Riesgos Geol\u00f3gicos"},"content":{"rendered":"\n<p>Son todos aquellos eventos naturales originados por la din\u00e1mica del interior y exterior de la tierra. En ellos pueden intervenir cantidades de materiales en bajas proporciones o bien escalas continentales o del planeta y se manifiestan recurrentemente a lo largo de millones de a\u00f1os<\/p>\n\n\n\n<p>La tierra se encuentra constituida por tres cuerpos dispuestos de manera conc\u00e9ntrica: n\u00facleo, manto y corteza. El n\u00facleo con una parte externa en estado liquido y una interna externa en estado s\u00f3lido, esta formado esencialmente por elementos met\u00e1licos y tiene un radio cercano a 3,500 Km.<\/p>\n\n\n\n<p>El manto, en posici\u00f3n intermedia&nbsp; y cubre completamente el n\u00facleo, est\u00e1 formado por materiales en estado entre s\u00f3lido y pl\u00e1stico, con un espesor de 2,800 Km.<\/p>\n\n\n\n<p>La parte externa, que cubre completamente el planeta, es la llamada corteza. Esta tiene un espesor promedio de 35 Km. y junto con la parte superior del manto constituye la litosfera terrestre, cubierta r\u00edgida y quebradiza que se divide en varios fragmentos conocidos como placas tect\u00f3nicas.<\/p>\n\n\n\n<p><strong><em>Sismicidad<\/em><\/strong><\/p>\n\n\n\n<p>Un sismo se origina por la liberaci\u00f3n repentina de energ\u00eda, acumulada por deformaci\u00f3n durante un cierto tiempo, dentro o entre placas tect\u00f3nicas. Este proceso produce ondas s\u00edsmicas de varios tipos que se propagan en todas direcciones dentro y sobre la superficie de la tierra.<\/p>\n\n\n\n<p>En el Planeta, la sismicidad se concentra principalmente en el llamado Cintur\u00f3n Circumpac\u00edfico, franja que incluyen las costas orientales de Asia y occidentales de Am\u00e9rica&nbsp; donde se registra m\u00e1s del 75% de la actividad s\u00edsmica. M\u00e9xico est\u00e1 ligado a dicha franja y los temblores que los afectan se debe b\u00e1sicamente a la interacci\u00f3n de cuatro placas tect\u00f3nicas: la de Norteam\u00e9rica, la del Pac\u00edfico, la de Cocos y la de Rivera.<\/p>\n\n\n\n<p>La placas de Rivera y Cocos penetran por debajo de la placa Norteamericana, ocasionan el fen\u00f3meno de subducci\u00f3n a lo largo de las costas de Jalisco, Colima, Michoac\u00e1n, Guerrero, Oaxaca y Chiapas. En la Regi\u00f3n noreste del pa\u00eds, entre las placas del pac\u00edfico y la Norteamericana se presenta un corrimiento lateral que, adem\u00e1s de movimientos s\u00edsmicos, llega a producir desplazamientos permanentes en la superficie, afectan el terreno y las obras civiles ah\u00ed presentes. A este fen\u00f3meno tect\u00f3nico se le conoce como falla de San Andr\u00e9s<\/p>\n\n\n\n<p>Cerca del 75% de los temblores que ocurren en M\u00e9xico, se originan profundidades no mayores de 40 Km. lo que implica, junto con la frecuencia de ocurrencia de sismos en M\u00e9xico y las magnitudes que alcanzan, una amenaza de gran importancia, sobre todo cuando sus epicentros se encuentran tierra adentro.<\/p>\n\n\n\n<p>Los sismos se pueden presentar tambi\u00e9n en regiones distintas a las fronteras entre placas, aunque en pocos casos representan un peligro mayor. Los casos mas relevantes de este tipo que se han presentado en M\u00e9xico son los sismos de Bavispe, Sonora en 1887, (M 7.2), Acambay, Estado de M\u00e9xico en 1912 (M 6.9) y en Jalapa el 4 de Enero de 1920 (M 6.4). Los epicentro reportados por el Servicio Sismol\u00f3gico Nacional u otras instituciones en estados del norte y centro del pa\u00eds, (por ejemplo: Tamaulipas, San Luis Potos\u00ed, Nuevo Le\u00f3n, Chihuahua o Zacatecas) indican, por lo general, la presencia de fallas geol\u00f3gicas con bajo potencial s\u00edsmico.<\/p>\n\n\n\n<p><strong><em>Vulcanismo<\/em><\/strong><\/p>\n\n\n\n<p>La actividad volc\u00e1nica consiste en la salida hacia la superficie de la tierra de roca fundida llamada magma, acompa\u00f1adas de fumarolas o productos hidrogaseosos de las partes profundas de la corteza terrestre. El magma se origina a una profundidad que varia entre 70 y 150 Km. Si se considera que el radio de la tierra tiene poco mas de 6,000 Km se puede afirmar que la magma se origina a una profundidad relativamente superficial. A est\u00e1 profundidad existen condiciones de temperatura y presi\u00f3n que localmente producen un cierto grado de fusi\u00f3n de la roca; se estima que de esta, solo el 1% esta fundida y se considera magma. Cuando hay cambios en las condiciones de temperatura y presi\u00f3n se pueden formar mayores cantidades de magma. El magma es m\u00e1s ligero que la roca encajonante, por lo que tiende a ascender a la superficie.<\/p>\n\n\n\n<p>&nbsp;La distribuci\u00f3n de la actividad volc\u00e1nica no es homog\u00e9nea, sino que ocurre en zonas muy delimitadas a lo largo de franjas. Esto se debe a que la parte superior de la tierra llamada litosfera esta subdividida en \u201cplacas\u201d que \u201cflotan\u201d sobre la astenosfera y sufren movimientos horizontales. El 90% de la actividad volc\u00e1nica ocurren en zonas en donde las placas divergen. Esto se presenta en la mayor\u00eda de los casos en las profundidades de los oc\u00e9anos a lo largo de verdaderas cordilleras submarinas.<\/p>\n\n\n\n<p>En algunos puntos, estas cordilleras oce\u00e1nicas emergen sobre la superficie del mar formando islas (por ejemplo Islandia). Donde las placas convergen y chocan se forman generalmente zonas de \u201csubducci\u00f3n\u201d, es decir, que una placa es \u201csubducida\u201d bajo otra. La placa subducida produce un disturbio en las condiciones de temperatura, presi\u00f3n y propicia de esta manera la formaci\u00f3n de magmas. El choque y la convergencia de las placas da lugar a&nbsp; plegamientos y a la formaci\u00f3n de cordilleras continentales. Este proceso genera grandes tensiones que al ser relajadas s\u00fabitamente dan origen a la mayor\u00eda de los sismos de mayor magnitud. El ascenso de los magmas por el otro lado da lugar a la formaci\u00f3n de volcanes a lo largo de las cordilleras .<\/p>\n\n\n\n<p><strong>Peligros volc\u00e1nicos<\/strong><\/p>\n\n\n\n<p>Las erupciones pueden ser de diferentes estilos, lo cual depende principalmente de la cantidad de magma que llega a la superficie as\u00ed como de su composici\u00f3n qu\u00edmica y contenido de gases. Todos los estilos eruptivos ocurren entre dos extremos posibles: erupciones efusivas con lava muy fluida y erupciones explosivas con la expulsi\u00f3n mayoritaria de fragmentos s\u00f3lidos de lava (ceniza y p\u00f3mez) a altas temperaturas. Los principales fen\u00f3menos que pueden ocurrir durante una erupci\u00f3n y que representan un peligro para los habitantes y sus bienes son los siguientes:<\/p>\n\n\n\n<p><em>A)&nbsp;&nbsp;&nbsp; Flujos de lava<\/em><\/p>\n\n\n\n<p>Se trata de roca fundida e incandescente (mayor a 800\u00b0 C) que se derrama a partir de un cr\u00e1ter o fisura lateral y fluye con direcci\u00f3n de los accidentes topogr\u00e1ficos (barrancas y Valles) que propician su flujo. Generalmente avanzan de manera bastante lenta (algunos metros\/hora) de a cuerdo con la inclinaci\u00f3n del terreno, lo que permite el desalojo previo de las zonas afectadas. Sin embargo, significan un da\u00f1o irreversible para los terrenos de cultivo y los asentamientos humanos que se consumen a su paso. En zonas boscosas generan invariablemente grandes incendios cuando la lava entra en contacto con materia org\u00e1nica. La mayor\u00eda de los flujos alcanzan pocos Km. de distancia desde su punto de origen. Sin embargo, hay numerosas excepciones. En M\u00e9xico existen ejemplos de flujos de lava de edad reciente que han alcanzado distancias de hasta 30 Km. de su fuente.<\/p>\n\n\n\n<p><em>B) Ca\u00edda de ceniza<\/em><\/p>\n\n\n\n<p>Toda erupci\u00f3n explosiva genera la ca\u00edda de ceniza (roca fragmentada y pulverizada) en los alrededores del cr\u00e1ter. Mientras que los fragmentos de mayor tama\u00f1o y densidad caen a\u00fan calientes en las cercan\u00edas del cr\u00e1ter, las part\u00edculas m\u00e1s peque\u00f1as del tama\u00f1o de la arena y el limo son dispersados por el viento a grandes distancias donde caen ya enfriadas. En la gran mayor\u00eda de los casos las cenizas no contienen sustancias toxicas y basta proveer a la poblaci\u00f3n con un cubrebocas para evitar inhalaci\u00f3n, la cual es molesta y por ser abrasiva puede producir irritaci\u00f3n en los ojos. Cerca del centro de emisi\u00f3n, la ca\u00edda de ceniza puede formar dep\u00f3sitos de varios metros de espesor y sepultar poblado enteros. A distancias de 20 a 40 Km. los espesores pueden ser de hasta 30 cm y f\u00e1cilmente producir el derrumbe de techumbres (incluyen naves industriales y cobertizos). El peso de la ceniza sobre los techos se incrementa notablemente con la ca\u00edda de la lluvia debido a su capacidad para absorber el agua. Por esta raz\u00f3n se debe limpiar los techos de manera constante como medida preventiva.<\/p>\n\n\n\n<p>La ca\u00edda de ceniza representa un peligro menor en sociedades pre-industriales. No as\u00ed en zonas urbanas modernas. La ca\u00edda de ceniza puede afectar de manera letal el suministro de energ\u00eda el\u00e9ctrica al crear puentes en lo cables de alta tensi\u00f3n y otras instalaciones (especialmente cuando se humedecen). Adem\u00e1s afecta de manera terminante al trafico a\u00e9reo (la ceniza a\u00fan en peque\u00f1as cantidades es un abrasivo poderoso que da\u00f1a las turbinas de las aeronaves) por lo que es necesario cerrar aeropuertos afectados. La mayor\u00eda de los aeropuertos no cuentan con el equipo necesario para limpiar las pistas de manera r\u00e1pida y eficiente con las consiguientes p\u00e9rdidas econ\u00f3micas que han llegado a ser millonarias.<\/p>\n\n\n\n<p>En cantidades suficientes la ceniza tambi\u00e9n puede afectar de manera definitiva el sistema de drenaje, lo que en el peor de los casos puede representar un serio problema de salud. Por esta raz\u00f3n es necesario evitar a toda costa su introducci\u00f3n en el drenaje.<\/p>\n\n\n\n<p>Las erupciones de ceniza de grandes dimensiones crean una situaci\u00f3n de penumbra durante el d\u00eda debido a la gran cantidad de part\u00edculas suspendidas en la atm\u00f3sfera. Esta situaci\u00f3n puede prevalecer por varios d\u00edas entorpeciendo el trafico vehicular y otras actividades que requieren de una buena visibilidad.<\/p>\n\n\n\n<p><em>C)&nbsp;&nbsp;&nbsp; Flujos Pirocl\u00e1sticos<\/em><\/p>\n\n\n\n<p>Representan el fen\u00f3meno m\u00e1s letal asociado a la erupciones explosivas, ya que destruyen y calcinan todo cuanto encuentran a su paso. Se trata de una mezcla de part\u00edculas de ceniza, P\u00f3mez y gases que viajan a grandes velocidades (m\u00e1s de 100 Km.\/h) y al atas temperaturas (200-500\u00b0 C). Generalmente no llegan a distancias mayores a 40 Km. desde su puno de emisi\u00f3n.<\/p>\n\n\n\n<p><em>d) Lahares (flujos de lodo)<\/em><\/p>\n\n\n\n<p>Se generan en la mayor\u00eda de los casos por la remoci\u00f3n de material fragmentado mezclado con agua. El agua puede tener diversos or\u00edgenes: lluvia, lagos naturales o represas y glaciares.<\/p>\n\n\n\n<p>Las erupciones explosivas depositan grandes cantidades de material fragmentado en las laderas de los volcanes. Este material por ser de reciente dep\u00f3sito se encuentra en lugares con fuerte pendiente y rellena tambi\u00e9n los lechos de los arroyos, es decir, se encuentra en una situaci\u00f3n inestable que propicia su f\u00e1cil remoci\u00f3n si entra en contacto con suficiente agua (por ejemplo a causa de fuertes lluvias). De esta manera se generan los &#8220;lahares&#8221; (palabra indonesia que significa &#8220;\u00a1c\u00f3rrele!&#8221; o flujos de lodo que pueden alcanzar velocidades considerables (60 Km\/h) y vol\u00famenes sorprendentes. Esta mezcla de material rocoso y agua tiene una densidad espec\u00edfica de aproximadamente 1.5 a 2 gr\/cm3 y propiedades mec\u00e1nicas similares a las de una mezcla de concreto. Los lahares aprovechan para su flujo los cauces de los arroyos y r\u00edos donde incorporan erosivamente a\u00fan m\u00e1s material rocoso de los lechos.<\/p>\n\n\n\n<p>Al llegar a las planicies circundantes al volc\u00e1n, su volumen se ha incrementado de tal manera que los cauces son insuficientes para contener el flujo y los obliga a salirse del cauce e inundar las planicies donde pueden causar una enorme destrucci\u00f3n. La mayor\u00eda de las planicies que circundan a los volcanes est\u00e1n constituidas por dep\u00f3sitos de lahar. Como estas planicies son generalmente muy f\u00e9rtiles, representan un gran atractivo para la agricultura y los asentamientos humanos. En d\u00e9cadas recientes la poblaci\u00f3n de muchos de estos asentamientos se ha incrementado de manera explosiva y tambi\u00e9n ha participado de un significativo desarrollo industrial.<\/p>\n\n\n\n<p>Los lahares pueden llegar f\u00e1cilmente a m\u00e1s de 100 Km de distancia de su origen y representan un gran peligro por su capacidad destructiva. Son capaces de derribar muros, puentes y torres de alta tensi\u00f3n, entre otros.<\/p>\n\n\n\n<p><em>e) Derrumbes gigantes<\/em><\/p>\n\n\n\n<p>Son poco frecuentes y se deben a la intrusi\u00f3n de un cuerpo magm\u00e1tico en la parte interior del cono volc\u00e1nico que desestabiliza uno de sus flancos. Viajan a gran velocidad y destruyen todo lo que se encuentra a su paso. Pueden alcanzar hasta 100 Km de distancia desde su origen.<\/p>\n\n\n\n<p><em>f) Sismicidad<\/em><\/p>\n\n\n\n<p>Las erupciones son precedidas y acompa\u00f1as de una actividad s\u00edsmica que en la mayor\u00eda de los casos es moderada y s\u00f3lo de afectaci\u00f3n local.<\/p>\n\n\n\n<p><strong>El Vulcanismo en M\u00e9xico<\/strong><\/p>\n\n\n\n<p>El vulcanismo que afecta al territorio de M\u00e9xico se encuentra asociado b\u00e1sicamente a tres grandes provincias:<\/p>\n\n\n\n<p><em>1) Provincia de Golfo de California.- <\/em>La mayor\u00eda de los campos volc\u00e1nicos en esta regi\u00f3n se encuentra asociada a un relieve monta\u00f1oso en el oc\u00e9ano, la dorsal del pac\u00edfico. Se trata de un l\u00edmite divergente entre la Placa del Pac\u00edfico y la Placa de Norteam\u00e9rica. Los movimientos divergentes de estas dos placas han creado una zona distensiva que ejerce presi\u00f3n hacia sus puntos extremos, que da origen al Golfo de California y a muchos de los campos volc\u00e1nicos que se localizan en esta regi\u00f3n.<\/p>\n\n\n\n<p><em>2) Cintur\u00f3n Volc\u00e1nico Mexicano.-<\/em> Se trata de la provincia volc\u00e1nica m\u00e1s importante del pa\u00eds. Atraviesa el centro de M\u00e9xico a lo largo de una franja que corre por m\u00e1s de 1,000 Km desde las costas de Nayarit en el Pac\u00edfico hasta las costas de Veracruz en el Golfo de M\u00e9xico. Conformado por m\u00e1s de 3,000 conos monogen\u00e9ticos, es decir, que hacen erupci\u00f3n una sola vez y una veintena de grandes estratovolcanes con erupciones peri\u00f3dicas. El cinturon Volc\u00e1nico Mexicano est\u00e1 gen\u00e9ticamente asociado al l\u00edmite convergente de la Placa de Cocos en el Pac\u00edfico y la Placa de Norteam\u00e9rica.<\/p>\n\n\n\n<p><em>3) Volcanes de Chiapas y Guatemala.- <\/em>Esta franja de volcanes est\u00e1 asociada al l\u00edmite convergente de la Placa de Cocos en el Pac\u00edfico y la Placa del Caribe. Se trata de una regi\u00f3n muy activa con una alta densidad de estratovolcanes. Aunque la mayor\u00eda de estos volcanes se localiza fuera del territorio mexicano, \u00e9ste puede ser afectado por ca\u00edda de cenizas generada por erupciones en estos volcanes.<\/p>\n\n\n\n<p><strong>Tipos de volcanes<\/strong><\/p>\n\n\n\n<p>Existe una gran variedad de volcanes que se distinguen por su composici\u00f3n, estructura,&nbsp; forma y longevidad. Para fines pr\u00e1cticos vale la pena distinguir dos tipos fundamentales:<\/p>\n\n\n\n<p><em>1) Volcanes monogen\u00e9ticos.- <\/em>Existen m\u00e1s de 3,000 volcanes de este tipo en el pa\u00eds, se forman cuando un volumen de magma relativamente peque\u00f1o llega a la superficie y da nacimiento a un peque\u00f1o cono ciner\u00edtico. Ejemplo de ello son el Paricut\u00edn y el Xitle. Estos volcanes se denominan monogen\u00e9ticos, porque hacen erupci\u00f3n en una sola ocasi\u00f3n. Su formaci\u00f3n requiere de algunos meses a a\u00f1os y no vuelven a hacer erupci\u00f3n jam\u00e1s posteriormente.<\/p>\n\n\n\n<p><em>2) Volcanes poligen\u00e9ticos.-&nbsp;<\/em>Existe una veintena de estos volcanes en el pa\u00eds. Se forman en localidades donde asciende magma en repetidas ocasiones a la superficie. Esto puede ocurrir en intervalos cortos (5-10 a\u00f1os) como es el caso del Volc\u00e1n de Colima o en periodos largos (siglos y hasta milenios) como es el caso del volc\u00e1n Chich\u00f3n. Los volcanes poligen\u00e9ticos tambi\u00e9n se llaman estratovolcanes porque est\u00e1n constituidos por muchas capas o sucesiones de material que son el producto de sus m\u00faltiples erupciones a lo largo de miles y hasta millones de a\u00f1os. El resultado final son grandes acumulaciones de material volc\u00e1nico que forman a los volcanes m\u00e1s majestuosos del pa\u00eds como el Popocatepetl y el Pico de Orizaba.&nbsp;<\/p>\n\n\n\n<p>Para fines pr\u00e1cticos se distinguen los volcanes activos de aquellos que se encuentran en reposo o aquellos que se consideran extintos. Actualmente se hallan en actividad los volcanes de Colima y Popocat\u00e9petl. Los volcanes en reposo son aquellos que no muestran signos evidentes de actividad por el momento, pero cuyo sistema magm\u00e1tico a\u00fan est\u00e1 en funcionamiento. Los volcanes pueden permanecer en reposo durante algunos miles de a\u00f1os, mientras que los extintos son aquellos que no han mostrado signo alguno de actividad durante al menos 5,000 a\u00f1os (esta cifra es un tanto arbitraria).<\/p>\n\n\n\n<p class=\"has-text-align-right\"><strong>Fuente: <em>CENAPRED<\/em><\/strong><\/p>\n","protected":false},"excerpt":{"rendered":"<p>Son todos aquellos eventos naturales originados por la din\u00e1mica del interior y exterior de la tierra. En ellos pueden intervenir cantidades de materiales en bajas proporciones o bien escalas continentales o del planeta y se manifiestan recurrentemente a lo largo de millones de a\u00f1os La tierra se encuentra constituida por tres cuerpos dispuestos de manera <a class=\"more-link\" href=\"https:\/\/acapulco.gob.mx\/proteccioncivil\/recomendaciones\/riesgos-geologicos\/\">Continue reading <i class=\"fa fa-chevron-right\"><\/i><\/a><\/p>\n","protected":false},"author":1,"featured_media":0,"parent":42,"menu_order":0,"comment_status":"closed","ping_status":"closed","template":"","meta":{"footnotes":""},"class_list":["post-48","page","type-page","status-publish","hentry"],"_links":{"self":[{"href":"https:\/\/acapulco.gob.mx\/proteccioncivil\/wp-json\/wp\/v2\/pages\/48","targetHints":{"allow":["GET"]}}],"collection":[{"href":"https:\/\/acapulco.gob.mx\/proteccioncivil\/wp-json\/wp\/v2\/pages"}],"about":[{"href":"https:\/\/acapulco.gob.mx\/proteccioncivil\/wp-json\/wp\/v2\/types\/page"}],"author":[{"embeddable":true,"href":"https:\/\/acapulco.gob.mx\/proteccioncivil\/wp-json\/wp\/v2\/users\/1"}],"replies":[{"embeddable":true,"href":"https:\/\/acapulco.gob.mx\/proteccioncivil\/wp-json\/wp\/v2\/comments?post=48"}],"version-history":[{"count":3,"href":"https:\/\/acapulco.gob.mx\/proteccioncivil\/wp-json\/wp\/v2\/pages\/48\/revisions"}],"predecessor-version":[{"id":251,"href":"https:\/\/acapulco.gob.mx\/proteccioncivil\/wp-json\/wp\/v2\/pages\/48\/revisions\/251"}],"up":[{"embeddable":true,"href":"https:\/\/acapulco.gob.mx\/proteccioncivil\/wp-json\/wp\/v2\/pages\/42"}],"wp:attachment":[{"href":"https:\/\/acapulco.gob.mx\/proteccioncivil\/wp-json\/wp\/v2\/media?parent=48"}],"curies":[{"name":"wp","href":"https:\/\/api.w.org\/{rel}","templated":true}]}}