{"id":58,"date":"2025-07-10T18:43:11","date_gmt":"2025-07-10T18:43:11","guid":{"rendered":"https:\/\/acapulco.gob.mx\/proteccioncivil\/?page_id=58"},"modified":"2025-07-31T18:35:25","modified_gmt":"2025-07-31T18:35:25","slug":"incendios-forestales","status":"publish","type":"page","link":"https:\/\/acapulco.gob.mx\/proteccioncivil\/recomendaciones\/incendios-forestales\/","title":{"rendered":"Incendios Forestales"},"content":{"rendered":"\n<p class=\"has-text-align-center\"><strong>Consejos pr\u00e1cticos para la Prevenci\u00f3n de Incendios Forestales<\/strong><\/p>\n\n\n\n<p>De acuerdo a la sesi\u00f3n aprobada el martes 12 de abril en la C\u00e1mara de Diputados del Congreso Local, se exhorto a los Municipios para que de manera coordinada implementen un programa de prevenci\u00f3n y sofocamiento de incendios forestales, que cada a\u00f1o se dan en esta temporada de estiaje; generando grandes p\u00e9rdidas de recursos maderables y pastizales, perjudicando con ello el medio ambiente de nuestro estado, en este sentido la Direcci\u00f3n Municipal de Protecci\u00f3n Civil y Bomberos del Municipio de Acapulco, dentro de sus Programas de Trabajo contemplan acciones para mitigar la incidencia de los Incendios Forestales promoviendo la capacitaci\u00f3n y difusi\u00f3n de las medidas preventivas.<\/p>\n\n\n\n<div class=\"wp-block-columns is-layout-flex wp-container-core-columns-is-layout-9d6595d7 wp-block-columns-is-layout-flex\">\n<div class=\"wp-block-column is-layout-flow wp-block-column-is-layout-flow\" style=\"flex-basis:33.33%\"><div class=\"wp-block-image\">\n<figure class=\"aligncenter size-full\"><img loading=\"lazy\" decoding=\"async\" width=\"149\" height=\"237\" src=\"https:\/\/acapulco.gob.mx\/proteccioncivil\/wp-content\/uploads\/2025\/07\/perico.jpg\" alt=\"\" class=\"wp-image-255\"\/><\/figure>\n<\/div>\n\n\n<h5 class=\"wp-block-heading has-text-align-center\"><strong>\u00a1\u00a1 Reporta un incendio !!<\/strong><\/h5>\n\n\n\n<p class=\"has-text-align-center\">Lada sin costo<br><strong>01 800 46 23 63 46<\/strong> del Centro Nacional de Control de Incendios<br>o al<strong> 066 <\/strong>atenci\u00f3n a emergencias y<br>al <strong>47 1 12 70<\/strong> de la CONAFOR<\/p>\n<\/div>\n\n\n\n<div class=\"wp-block-column is-layout-flow wp-block-column-is-layout-flow\" style=\"flex-basis:66.66%\">\n<p class=\"has-text-align-center\"><strong>10 Consejos pr\u00e1cticos para la prevenci\u00f3n de Incendios Forestales<\/strong><\/p>\n\n\n\n<p><strong>1.-<\/strong> No enciendas fuego en el campo, ni para quemar rastrojos o pasto, ni para utilizar asadores o fogatas. En la \u00e9poca de alto riesgo de incendios, de marzo a mayo, cualquier chispa o llama, por peque\u00f1a que sea, puede dar lugar a un desastre.<\/p>\n\n\n\n<p><strong>2.-<\/strong> No arrojes cerillos, colillas, cigarros u objetos en combusti\u00f3n, ni tampoco papeles, pl\u00e1stico, vidrios o cualquier tipo de residuos o material combustible, susceptible de originar un incendio.<\/p>\n\n\n\n<p><strong>3.-<\/strong> En los terrenos forestales no utilices desbrozadoras, motosierras, soldadoras, esmeriles o equipos que produzcan chispas, procura que los veh\u00edculos est\u00e9n equipados con mata chispas.<\/p>\n\n\n\n<p><strong>4.-<\/strong> Si tu vivienda se encuentra ubicada o circundada por terrenos agr\u00edcolas o forestales, evita el uso de fuego al aire libre durante la temporada critica, no quemes basura, tampoco uses asadores o braseros, especialmente durante los d\u00edas con presencia de viento.<\/p>\n\n\n\n<p><strong>5.-<\/strong> En \u00e9pocas de riesgo de incendios, de marzo a mayo, para adentrarse en el monte es conveniente conocer bien el terreno, las v\u00edas de comunicaci\u00f3n, caminos alternativos y procurar transitar siempre por zonas de gran visibilidad. si vas a practicar senderismo, en especial en compa\u00f1\u00eda de mayores y ni\u00f1os, procura no salir de las rutas conocidas. Si realizas una procesi\u00f3n religiosa a trav\u00e9s del monte, evita el uso de fuegos artificiales y fogatas.<\/p>\n\n\n\n<p><strong>6.-<\/strong> Comunica a las autoridades p\u00fablicas los basureros que encuentres en terrenos forestales o pr\u00f3ximos a ellos, sueles ser causa habitual de incidencia de incendios forestales.<\/p>\n\n\n\n<p><strong>7.-<\/strong> En tus vacaciones por zonas forestales, no pretendas acceder en vehiculo motorizado a todas partes, el contacto del tubo de escape con materiales secos podr\u00eda provocar un incendio. En estas \u00e1reas, estaciona el veh\u00edculo en estacionamientos habilitados, o al menos, en zonas totalmente despejadas de pastos o matorrales.<\/p>\n\n\n\n<p><strong>8.-<\/strong> Si observas un incendio y no estas capacitado para su combate, avisa lo antes posible a la autoridad municipal, estatal o federal. Para ello se atienden los reportes sobre incendios forestales, durante las 24 horas del d\u00eda los 365 d\u00edas del a\u00f1o.<\/p>\n\n\n\n<p><strong>9.-<\/strong> Si te encuentras cerca de un incendio, debes intentar ubicarte en un claro donde el fuego no pueda alcanzarte, tratando de alejarte a trav\u00e9s de las zonas laterales del incendio y m\u00e1s desprovistas de vegetaci\u00f3n; si circulas en veh\u00edculo debes cerrar las ventanillas e intentar dirigirte a una zona fuera de peligro. No debes dirigirte hacia barrancos u hondonadas, ni intentar escapar ladera arriba cuando el fuego suba por ella. Recuerda que un cambio en la direcci\u00f3n del viento puede hacer que el fuego te atrape. Por tanto, ve siempre en sentido contrario a la direcci\u00f3n del viento.<\/p>\n\n\n\n<p><strong>10.- <\/strong>Las personas que participan en labores de extinci\u00f3n no deben trabajas aisladas, deben estar coordinadas y siempre a las \u00f3rdenes de autoridades competentes y de personal capacitado.<\/p>\n<\/div>\n<\/div>\n\n\n\n<p><\/p>\n","protected":false},"excerpt":{"rendered":"<p>Consejos pr\u00e1cticos para la Prevenci\u00f3n de Incendios Forestales De acuerdo a la sesi\u00f3n aprobada el martes 12 de abril en la C\u00e1mara de Diputados del Congreso Local, se exhorto a los Municipios para que de manera coordinada implementen un programa de prevenci\u00f3n y sofocamiento de incendios forestales, que cada a\u00f1o se dan en esta temporada <a class=\"more-link\" href=\"https:\/\/acapulco.gob.mx\/proteccioncivil\/recomendaciones\/incendios-forestales\/\">Continue reading <i class=\"fa fa-chevron-right\"><\/i><\/a><\/p>\n","protected":false},"author":1,"featured_media":0,"parent":42,"menu_order":0,"comment_status":"closed","ping_status":"closed","template":"","meta":{"footnotes":""},"class_list":["post-58","page","type-page","status-publish","hentry"],"_links":{"self":[{"href":"https:\/\/acapulco.gob.mx\/proteccioncivil\/wp-json\/wp\/v2\/pages\/58","targetHints":{"allow":["GET"]}}],"collection":[{"href":"https:\/\/acapulco.gob.mx\/proteccioncivil\/wp-json\/wp\/v2\/pages"}],"about":[{"href":"https:\/\/acapulco.gob.mx\/proteccioncivil\/wp-json\/wp\/v2\/types\/page"}],"author":[{"embeddable":true,"href":"https:\/\/acapulco.gob.mx\/proteccioncivil\/wp-json\/wp\/v2\/users\/1"}],"replies":[{"embeddable":true,"href":"https:\/\/acapulco.gob.mx\/proteccioncivil\/wp-json\/wp\/v2\/comments?post=58"}],"version-history":[{"count":3,"href":"https:\/\/acapulco.gob.mx\/proteccioncivil\/wp-json\/wp\/v2\/pages\/58\/revisions"}],"predecessor-version":[{"id":256,"href":"https:\/\/acapulco.gob.mx\/proteccioncivil\/wp-json\/wp\/v2\/pages\/58\/revisions\/256"}],"up":[{"embeddable":true,"href":"https:\/\/acapulco.gob.mx\/proteccioncivil\/wp-json\/wp\/v2\/pages\/42"}],"wp:attachment":[{"href":"https:\/\/acapulco.gob.mx\/proteccioncivil\/wp-json\/wp\/v2\/media?parent=58"}],"curies":[{"name":"wp","href":"https:\/\/api.w.org\/{rel}","templated":true}]}}