{"id":60,"date":"2025-07-10T18:43:23","date_gmt":"2025-07-10T18:43:23","guid":{"rendered":"https:\/\/acapulco.gob.mx\/proteccioncivil\/?page_id=60"},"modified":"2025-08-01T20:06:10","modified_gmt":"2025-08-01T20:06:10","slug":"pirotecnia","status":"publish","type":"page","link":"https:\/\/acapulco.gob.mx\/proteccioncivil\/recomendaciones\/pirotecnia\/","title":{"rendered":"Pirotecnia"},"content":{"rendered":"\n<p>La Subsecretaria de Seguridad P\u00fablica y Protecci\u00f3n Civil en coordinaci\u00f3n con la Direcci\u00f3n Municipal de Protecci\u00f3n y Bomberos del Municipio de Acapulco, hacen del conocimiento las<br><strong>&#8220;Medidas B\u00e1sicas de Seguridad y Prevenci\u00f3n de Accidentes en Materia Pirot\u00e9cnica&#8221;<\/strong> propuestas por el Instituto Mexiquense de la Pirotecnia, las cuales son las siguientes:<\/p>\n\n\n\n<ol class=\"wp-block-list\">\n<li><a href=\"https:\/\/acapulco.gob.mx\/proteccioncivil\/recomendaciones\/pirotecnia\/para-el-ejercicio-del-comercio-de-jugueteria-pirotecnica\/\" data-type=\"page\" data-id=\"332\">PARA EL EJERCICIO DEL COMERCIO DE JUGUETER\u00cdA PIROT\u00c9CNICA AL INTERIOR DE LAS CIUDADES.<\/a><\/li>\n\n\n\n<li><a href=\"https:\/\/acapulco.gob.mx\/proteccioncivil\/recomendaciones\/pirotecnia\/para-la-quema-de-coheton-pirotecnico\/\" data-type=\"page\" data-id=\"335\">PARA LA QUEMA DE COHET\u00d3N PIROT\u00c9CNICO<\/a><\/li>\n\n\n\n<li><a href=\"https:\/\/acapulco.gob.mx\/proteccioncivil\/recomendaciones\/pirotecnia\/para-la-quema-de-castillos\/\" data-type=\"page\" data-id=\"339\">PARA LA QUEMA DE CASTILLOS<\/a><\/li>\n\n\n\n<li><a href=\"https:\/\/acapulco.gob.mx\/proteccioncivil\/recomendaciones\/pirotecnia\/para-la-quema-de-bombas-y-cometas\/\" data-type=\"page\" data-id=\"342\">PARA LA QUEMA DE BOMBAS Y COMETAS<\/a><\/li>\n\n\n\n<li><a href=\"https:\/\/acapulco.gob.mx\/proteccioncivil\/recomendaciones\/pirotecnia\/para-adquirir-productos-pirotecnicos\/\" data-type=\"page\" data-id=\"345\">PARA ADQUIRIR PRODUCTOS PIROT\u00c9CNICOS CON PERSONAS QUE CUENTEN CON LOS PERMISOS CORRESPONDIENTES<\/a><\/li>\n\n\n\n<li><a href=\"https:\/\/acapulco.gob.mx\/proteccioncivil\/recomendaciones\/pirotecnia\/prevencion-de-accidentes-con-material-de-pirotecnia\/\" data-type=\"page\" data-id=\"348\">PREVENCI\u00d3N DE ACCIDENTES CON MATERIAL DE PIROTECNIA<\/a><\/li>\n<\/ol>\n\n\n\n<div style=\"height:50px\" aria-hidden=\"true\" class=\"wp-block-spacer\"><\/div>\n\n\n\n<p class=\"has-text-align-center\"><strong>SANCIONES<\/strong><\/p>\n\n\n\n<p>Las personas que sin contar con la autorizaci\u00f3n de los permisos extraordinarios a que se refiere la fracci\u00f3n III del art\u00edculo 42 de la Ley Federal de Armas de Fuego y Explosivos, comercialicen, transporten o almacenen artificios pirot\u00e9cnicos, sus conductas se encuadran en el tipo penal previsto en la fracci\u00f3n IV del art\u00edculo 87 de la citada Ley, que sanciona una pena corporal de 2 a\u00f1os de prisi\u00f3n&nbsp; y multas de 2 a 100 d\u00edas de salario m\u00ednimo vigente en la zona econ\u00f3mica.<\/p>\n\n\n\n<p><\/p>\n","protected":false},"excerpt":{"rendered":"<p>La Subsecretaria de Seguridad P\u00fablica y Protecci\u00f3n Civil en coordinaci\u00f3n con la Direcci\u00f3n Municipal de Protecci\u00f3n y Bomberos del Municipio de Acapulco, hacen del conocimiento las&#8220;Medidas B\u00e1sicas de Seguridad y Prevenci\u00f3n de Accidentes en Materia Pirot\u00e9cnica&#8221; propuestas por el Instituto Mexiquense de la Pirotecnia, las cuales son las siguientes: SANCIONES Las personas que sin contar <a class=\"more-link\" href=\"https:\/\/acapulco.gob.mx\/proteccioncivil\/recomendaciones\/pirotecnia\/\">Continue reading <i class=\"fa fa-chevron-right\"><\/i><\/a><\/p>\n","protected":false},"author":1,"featured_media":0,"parent":42,"menu_order":0,"comment_status":"closed","ping_status":"closed","template":"","meta":{"footnotes":""},"class_list":["post-60","page","type-page","status-publish","hentry"],"_links":{"self":[{"href":"https:\/\/acapulco.gob.mx\/proteccioncivil\/wp-json\/wp\/v2\/pages\/60","targetHints":{"allow":["GET"]}}],"collection":[{"href":"https:\/\/acapulco.gob.mx\/proteccioncivil\/wp-json\/wp\/v2\/pages"}],"about":[{"href":"https:\/\/acapulco.gob.mx\/proteccioncivil\/wp-json\/wp\/v2\/types\/page"}],"author":[{"embeddable":true,"href":"https:\/\/acapulco.gob.mx\/proteccioncivil\/wp-json\/wp\/v2\/users\/1"}],"replies":[{"embeddable":true,"href":"https:\/\/acapulco.gob.mx\/proteccioncivil\/wp-json\/wp\/v2\/comments?post=60"}],"version-history":[{"count":6,"href":"https:\/\/acapulco.gob.mx\/proteccioncivil\/wp-json\/wp\/v2\/pages\/60\/revisions"}],"predecessor-version":[{"id":351,"href":"https:\/\/acapulco.gob.mx\/proteccioncivil\/wp-json\/wp\/v2\/pages\/60\/revisions\/351"}],"up":[{"embeddable":true,"href":"https:\/\/acapulco.gob.mx\/proteccioncivil\/wp-json\/wp\/v2\/pages\/42"}],"wp:attachment":[{"href":"https:\/\/acapulco.gob.mx\/proteccioncivil\/wp-json\/wp\/v2\/media?parent=60"}],"curies":[{"name":"wp","href":"https:\/\/api.w.org\/{rel}","templated":true}]}}