{"id":1188,"date":"2015-10-28T22:48:15","date_gmt":"2015-10-28T22:48:15","guid":{"rendered":"https:\/\/acapulco.gob.mx\/transparencia\/?page_id=1188"},"modified":"2026-01-29T23:38:20","modified_gmt":"2026-01-29T23:38:20","slug":"declaracion-patrimonial","status":"publish","type":"page","link":"https:\/\/acapulco.gob.mx\/transparencia\/declaracion-patrimonial\/","title":{"rendered":"Declaraci\u00f3n Patrimonial"},"content":{"rendered":"<p>&nbsp;<\/p>\n<ul>\n<li><a href=\"\/transparencia\/descargar.php?d=\/transparencia\/wp-content\/uploads\/tramitesyservicios\/otros\/Formato_Declaracion_Patrimonial_2026_Inicio.pdf\">Declaraci\u00f3n Patrimonial Inicial.<\/a><\/li>\n<li><a href=\"\/transparencia\/descargar.php?d=\/transparencia\/wp-content\/uploads\/tramitesyservicios\/otros\/Formato_Declaracion_Patrimonial_2026_Inicio_Simplificada.pdf\">Declaraci\u00f3n Patrimonial Inicial (Simplificada).<!-- \/li>\n\n<li><a href=\"\/transparencia\/descargar.php?d=\/transparencia\/wp-content\/uploads\/tramitesyservicios\/otros\/Formato_Declaracion_Patrimonial_2022_Modificacion.pdf\">Declaraci\u00f3n Patrimonial Modificaci\u00f3n.<\/a --><\/li>\n<li><a href=\"\/transparencia\/descargar.php?d=\/transparencia\/wp-content\/uploads\/tramitesyservicios\/otros\/Formato_Declaracion_Patrimonial_2026_Conclusion.pdf\">Declaraci\u00f3n Patrimonial Conclusi\u00f3n.<\/a><\/li>\n<li><a href=\"\/transparencia\/descargar.php?d=\/transparencia\/wp-content\/uploads\/tramitesyservicios\/otros\/Formato_Declaracion_Patrimonial_2026_Conclusion_Simplificada.pdf\">Declaraci\u00f3n Patrimonial Conclusi\u00f3n (Simplificada).<\/a><\/li>\n<li><a href=\"\/transparencia\/descargar.php?d=\/transparencia\/wp-content\/uploads\/privacidad\/Aviso_de_Privacidad_Declaracion_Patrimonial_Intereses_Fiscal_030222.pdf\">Pol\u00edtica de Privacidad.<\/a><\/li>\n<\/ul>\n","protected":false},"excerpt":{"rendered":"<p>&nbsp; Declaraci\u00f3n Patrimonial Inicial. Declaraci\u00f3n Patrimonial Inicial (Simplificada). Declaraci\u00f3n Patrimonial Conclusi\u00f3n. Declaraci\u00f3n Patrimonial Conclusi\u00f3n (Simplificada). Pol\u00edtica de Privacidad.<\/p>\n","protected":false},"author":1,"featured_media":0,"parent":0,"menu_order":0,"comment_status":"closed","ping_status":"closed","template":"","meta":[],"_links":{"self":[{"href":"https:\/\/acapulco.gob.mx\/transparencia\/wp-json\/wp\/v2\/pages\/1188"}],"collection":[{"href":"https:\/\/acapulco.gob.mx\/transparencia\/wp-json\/wp\/v2\/pages"}],"about":[{"href":"https:\/\/acapulco.gob.mx\/transparencia\/wp-json\/wp\/v2\/types\/page"}],"author":[{"embeddable":true,"href":"https:\/\/acapulco.gob.mx\/transparencia\/wp-json\/wp\/v2\/users\/1"}],"replies":[{"embeddable":true,"href":"https:\/\/acapulco.gob.mx\/transparencia\/wp-json\/wp\/v2\/comments?post=1188"}],"version-history":[{"count":36,"href":"https:\/\/acapulco.gob.mx\/transparencia\/wp-json\/wp\/v2\/pages\/1188\/revisions"}],"predecessor-version":[{"id":7762,"href":"https:\/\/acapulco.gob.mx\/transparencia\/wp-json\/wp\/v2\/pages\/1188\/revisions\/7762"}],"wp:attachment":[{"href":"https:\/\/acapulco.gob.mx\/transparencia\/wp-json\/wp\/v2\/media?parent=1188"}],"curies":[{"name":"wp","href":"https:\/\/api.w.org\/{rel}","templated":true}]}}