{"id":1883,"date":"2016-08-19T21:47:20","date_gmt":"2016-08-19T21:47:20","guid":{"rendered":"https:\/\/acapulco.gob.mx\/transparencia\/?page_id=1883"},"modified":"2024-01-03T21:54:00","modified_gmt":"2024-01-03T21:54:00","slug":"informes","status":"publish","type":"page","link":"https:\/\/acapulco.gob.mx\/transparencia\/finanzas-publicas-y-presupuestos\/informacion-presupuestaria\/informes\/","title":{"rendered":"Informaci\u00f3n Presupuestaria"},"content":{"rendered":"<p>&nbsp;<\/p>\n<ul style=\"padding-bottom: 0 !important;\">\n<li>Estado Anal\u00edtico de Ingresos Presupuestarios.\n<p class=\"lip\"><span class=\"descarga\"><a href=\"\/transparencia\/finanzas-publicas-y-presupuestos\/informacion-presupuestaria\/informes\/estado-analitico-de-ingresos-presupuestarios\/\">Ver informes<\/a><\/span><\/p>\n<\/li>\n<li>Montos Pagados por Ayuda y Subsidios.\n<p class=\"lip\"><span class=\"descarga\"><a href=\"\/transparencia\/finanzas-publicas-y-presupuestos\/informacion-presupuestaria\/informes\/montos-pagados-por-ayuda-y-subsidios\/\">Ver informes<\/a><\/span><\/p>\n<\/li>\n<li>Programas con Recursos Concurrentes por Orden de Gobierno.\n<p class=\"lip\"><span class=\"descarga\"><a href=\"\/transparencia\/finanzas-publicas-y-presupuestos\/informacion-presupuestaria\/informes\/programas-con-recursos-concurrentes-por-orden-de-gobierno\/\">Ver informes<\/a><\/span><\/p>\n<\/li>\n<li>Conciliaci\u00f3n entre los Ingresos Presupuestarios y Contables.\n<p class=\"lip\"><span class=\"descarga\"><a href=\"\/transparencia\/finanzas-publicas-y-presupuestos\/informacion-presupuestaria\/informes\/conciliacion-entre-los-ingresos-presupuestarios-y-contables\/\">Ver informes<\/a><\/span><\/p>\n<\/li>\n<li>Conciliaci\u00f3n entre los Egresos Presupuestarios y los Gastos Contables.\n<p class=\"lip\"><span class=\"descarga\"><a href=\"\/transparencia\/finanzas-publicas-y-presupuestos\/informacion-presupuestaria\/informes\/conciliacion-entre-los-egresos-presupuestarios-y-los-gastos-contables\/\">Ver informes<\/a><\/span><\/p>\n<\/li>\n<li>Estado Anal\u00edtico del Ejercicio del Presupuesto de Egresos\n<p class=\"lip\"><span class=\"descarga\"><a href=\"\/transparencia\/finanzas-publicas-y-presupuestos\/informacion-presupuestaria\/informes\/estado-analitico-del-ejercicio-del-presupuesto-de-egresos\/\">Ver informes<\/a><\/span><\/p>\n<\/li>\n<li>Programa Anual de Evaluaci\u00f3n.\n<p class=\"lip\"><span class=\"descarga\"><a href=\"\/transparencia\/finanzas-publicas-y-presupuestos\/informacion-presupuestaria\/informes\/programa-anual-de-evaluacion\/\">Ver informes<\/a><\/span><\/p>\n<\/li>\n<p>\t<!--li>Montos pagados por ayuda y subsidios.\n\n\n<p class=\"lip\"><span class=\"descarga\"><a href=\"\/transparencia\/finanzas-publicas-y-presupuestos\/informacion-financiera\/montos-pagados-por-ayuda-y-subsidios\/\">Ver informes<\/a><\/span><\/p>\n\n<\/li-->\n<\/ul>\n","protected":false},"excerpt":{"rendered":"<p>&nbsp; Estado Anal\u00edtico de Ingresos Presupuestarios. Ver informes Montos Pagados por Ayuda y Subsidios. Ver informes Programas con Recursos Concurrentes por Orden de Gobierno. Ver informes Conciliaci\u00f3n entre los Ingresos Presupuestarios y Contables. Ver informes Conciliaci\u00f3n entre los Egresos Presupuestarios y los Gastos Contables. Ver informes Estado Anal\u00edtico del Ejercicio del Presupuesto de Egresos Ver <a class=\"more-link\" href=\"https:\/\/acapulco.gob.mx\/transparencia\/finanzas-publicas-y-presupuestos\/informacion-presupuestaria\/informes\/\">Continue reading <i class=\"fa fa-chevron-right\"><\/i><\/a><\/p>\n","protected":false},"author":1,"featured_media":0,"parent":2468,"menu_order":0,"comment_status":"closed","ping_status":"closed","template":"","meta":[],"_links":{"self":[{"href":"https:\/\/acapulco.gob.mx\/transparencia\/wp-json\/wp\/v2\/pages\/1883"}],"collection":[{"href":"https:\/\/acapulco.gob.mx\/transparencia\/wp-json\/wp\/v2\/pages"}],"about":[{"href":"https:\/\/acapulco.gob.mx\/transparencia\/wp-json\/wp\/v2\/types\/page"}],"author":[{"embeddable":true,"href":"https:\/\/acapulco.gob.mx\/transparencia\/wp-json\/wp\/v2\/users\/1"}],"replies":[{"embeddable":true,"href":"https:\/\/acapulco.gob.mx\/transparencia\/wp-json\/wp\/v2\/comments?post=1883"}],"version-history":[{"count":26,"href":"https:\/\/acapulco.gob.mx\/transparencia\/wp-json\/wp\/v2\/pages\/1883\/revisions"}],"predecessor-version":[{"id":6338,"href":"https:\/\/acapulco.gob.mx\/transparencia\/wp-json\/wp\/v2\/pages\/1883\/revisions\/6338"}],"up":[{"embeddable":true,"href":"https:\/\/acapulco.gob.mx\/transparencia\/wp-json\/wp\/v2\/pages\/2468"}],"wp:attachment":[{"href":"https:\/\/acapulco.gob.mx\/transparencia\/wp-json\/wp\/v2\/media?parent=1883"}],"curies":[{"name":"wp","href":"https:\/\/api.w.org\/{rel}","templated":true}]}}