{"id":1887,"date":"2016-08-19T21:51:59","date_gmt":"2016-08-19T21:51:59","guid":{"rendered":"https:\/\/acapulco.gob.mx\/transparencia\/?page_id=1887"},"modified":"2026-04-29T21:05:29","modified_gmt":"2026-04-29T21:05:29","slug":"estado-analitico-de-ingresos-presupuestarios","status":"publish","type":"page","link":"https:\/\/acapulco.gob.mx\/transparencia\/finanzas-publicas-y-presupuestos\/informacion-presupuestaria\/informes\/estado-analitico-de-ingresos-presupuestarios\/","title":{"rendered":"Estado Anal\u00edtico de Ingresos Presupuestarios"},"content":{"rendered":"<p>&nbsp;<\/p>\n<ul>\n<li>Estado Anal\u00edtico de Ingresos Presupuestarios 2026 Primer Trimestre\n<p class=\"lip\"><span class=\"descarga\"><a href=\"\/transparencia\/descargar.php?d=\/transparencia\/wp-content\/uploads\/finanzas\/infofinanciera\/Estado_Analitico_de_Ingresos_Presupuestarios_2026-1.pdf\">Descargar PDF<\/a><\/span><\/p>\n<\/li>\n<li>Estado Anal\u00edtico de Ingresos Presupuestarios 2025 Cuarto Trimestre\n<p class=\"lip\"><span class=\"descarga\"><a href=\"\/transparencia\/descargar.php?d=\/transparencia\/wp-content\/uploads\/finanzas\/infofinanciera\/Estado_Analitico_de_Ingresos_Presupuestarios_2025-4.pdf\">Descargar PDF<\/a><\/span><\/p>\n<\/li>\n<li>Estado Anal\u00edtico de Ingresos Presupuestarios 2025 Tercer Trimestre\n<p class=\"lip\"><span class=\"descarga\"><a href=\"\/transparencia\/descargar.php?d=\/transparencia\/wp-content\/uploads\/finanzas\/infofinanciera\/Estado_Analitico_de_Ingresos_Presupuestarios_2025-3.pdf\">Descargar PDF<\/a><\/span><\/p>\n<\/li>\n<li>Estado Anal\u00edtico de Ingresos Presupuestarios 2025 Segundo Trimestre\n<p class=\"lip\"><span class=\"descarga\"><a href=\"\/transparencia\/descargar.php?d=\/transparencia\/wp-content\/uploads\/finanzas\/infofinanciera\/Estado_Analitico_de_Ingresos_Presupuestarios_2025-2.pdf\">Descargar PDF<\/a><\/span><\/p>\n<\/li>\n<li>Estado Anal\u00edtico de Ingresos Presupuestarios 2025 Primer Trimestre\n<p class=\"lip\"><span class=\"descarga\"><a href=\"\/transparencia\/descargar.php?d=\/transparencia\/wp-content\/uploads\/finanzas\/infofinanciera\/Estado_Analitico_de_Ingresos_Presupuestarios_2025-1.pdf\">Descargar PDF<\/a><\/span><\/p>\n<\/li>\n<li>Estado Anal\u00edtico de Ingresos Presupuestarios 2024 Cuarto Trimestre\n<p class=\"lip\"><span class=\"descarga\"><a href=\"\/transparencia\/descargar.php?d=\/transparencia\/wp-content\/uploads\/finanzas\/infofinanciera\/Estado_Analitico_de_Ingresos_Presupuestarios_2024-4.pdf\">Descargar PDF<\/a><\/span><\/p>\n<\/li>\n<li>Estado Anal\u00edtico de Ingresos Presupuestarios 2024 Tercer Trimestre\n<p class=\"lip\"><span class=\"descarga\"><a href=\"\/transparencia\/descargar.php?d=\/transparencia\/wp-content\/uploads\/finanzas\/infofinanciera\/Estado_Analitico_de_Ingresos_Presupuestarios_2024-3.pdf\">Descargar PDF<\/a><\/span><\/p>\n<\/li>\n<li>Estado Anal\u00edtico de Ingresos Presupuestarios 2024 Segundo Trimestre\n<p class=\"lip\"><span class=\"descarga\"><a href=\"\/transparencia\/descargar.php?d=\/transparencia\/wp-content\/uploads\/finanzas\/infofinanciera\/Estado_Analitico_de_Ingresos_Presupuestarios_2024-2.pdf\">Descargar PDF<\/a><\/span><\/p>\n<\/li>\n<li>Estado Anal\u00edtico de Ingresos Presupuestarios 2024 Primer Trimestre\n<p class=\"lip\"><span class=\"descarga\"><a href=\"\/transparencia\/descargar.php?d=\/transparencia\/wp-content\/uploads\/finanzas\/infofinanciera\/Estado_Analitico_de_Ingresos_Presupuestarios_2024-1.pdf\">Descargar PDF<\/a><\/span><\/p>\n<\/li>\n<li>Estado Anal\u00edtico de Ingresos Presupuestarios 2023 Cuarto Trimestre\n<p class=\"lip\"><span class=\"descarga\"><a href=\"\/transparencia\/descargar.php?d=\/transparencia\/wp-content\/uploads\/finanzas\/infofinanciera\/Estado_Analitico_de_Ingresos_Presupuestarios_2023-4.pdf\">Descargar PDF<\/a><\/span><\/p>\n<\/li>\n<li>Estado Anal\u00edtico de Ingresos Presupuestarios 2023 Tercer Trimestre\n<p class=\"lip\"><span class=\"descarga\"><a href=\"\/transparencia\/descargar.php?d=\/transparencia\/wp-content\/uploads\/finanzas\/infofinanciera\/Estado_Analitico_de_Ingresos_Presupuestarios_2023-3.pdf\">Descargar PDF<\/a><\/span><\/p>\n<\/li>\n<li>Estado Anal\u00edtico de Ingresos Presupuestarios 2023 Segundo Trimestre\n<p class=\"lip\"><span class=\"descarga\"><a href=\"\/transparencia\/descargar.php?d=\/transparencia\/wp-content\/uploads\/finanzas\/infofinanciera\/Estado_Analitico_de_Ingresos_Presupuestarios_2023-2.pdf\">Descargar PDF<\/a><\/span><\/p>\n<\/li>\n<li>Estado Anal\u00edtico de Ingresos Presupuestarios 2023 Primer Trimestre\n<p class=\"lip\"><span class=\"descarga\"><a href=\"\/transparencia\/descargar.php?d=\/transparencia\/wp-content\/uploads\/finanzas\/infofinanciera\/Estado_Analitico_de_Ingresos_Presupuestarios_2023-1.pdf\">Descargar PDF<\/a><\/span><\/p>\n<\/li>\n<li>Estado Anal\u00edtico de Ingresos Presupuestarios 2022 Cuarto Trimestre\n<p class=\"lip\"><span class=\"descarga\"><a href=\"\/transparencia\/descargar.php?d=\/transparencia\/wp-content\/uploads\/finanzas\/infofinanciera\/Estado_Analitico_de_Ingresos_Presupuestarios_2022-4.pdf\">Descargar PDF<\/a><\/span><\/p>\n<\/li>\n<li>Estado Anal\u00edtico de Ingresos Presupuestarios 2022 Tercer Trimestre\n<p class=\"lip\"><span class=\"descarga\"><a href=\"\/transparencia\/descargar.php?d=\/transparencia\/wp-content\/uploads\/finanzas\/infofinanciera\/Estado_Analitico_de_Ingresos_Presupuestarios_2022-3.pdf\">Descargar PDF<\/a><\/span><\/p>\n<\/li>\n<li>Estado Anal\u00edtico de Ingresos Presupuestarios 2022 Segundo Trimestre\n<p class=\"lip\"><span class=\"descarga\"><a href=\"\/transparencia\/descargar.php?d=\/transparencia\/wp-content\/uploads\/finanzas\/infofinanciera\/Estado_Analitico_de_Ingresos_Presupuestarios_2022-2.pdf\">Descargar PDF<\/a><\/span><\/p>\n<\/li>\n<li>Estado Anal\u00edtico de Ingresos Presupuestarios 2022 Primer Trimestre\n<p class=\"lip\"><span class=\"descarga\"><a href=\"\/transparencia\/descargar.php?d=\/transparencia\/wp-content\/uploads\/finanzas\/infofinanciera\/Estado_Analitico_de_Ingresos_Presupuestarios_2022-1.pdf?1\">Descargar PDF<\/a><\/span><\/p>\n<\/li>\n<li>Estado Anal\u00edtico de Ingresos Presupuestarios 2021 Cuarto Trimestre\n<p class=\"lip\"><span class=\"descarga\"><a href=\"\/transparencia\/descargar.php?d=\/transparencia\/wp-content\/uploads\/finanzas\/infofinanciera\/Estado_Analitico_de_Ingresos_Presupuestarios_2021-4.pdf\">Descargar PDF<\/a><\/span><\/p>\n<\/li>\n<li>Estado Anal\u00edtico de Ingresos Presupuestarios 2021 Tercer Trimestre\n<p class=\"lip\"><span class=\"descarga\"><a href=\"\/transparencia\/descargar.php?d=\/transparencia\/wp-content\/uploads\/finanzas\/infofinanciera\/Estado_Analitico_de_Ingresos_Presupuestarios_2021-3.pdf\">Descargar PDF<\/a><\/span><\/p>\n<\/li>\n<li>Estado Anal\u00edtico de Ingresos Presupuestarios 2021 Segundo Trimestre\n<p class=\"lip\"><span class=\"descarga\"><a href=\"\/transparencia\/descargar.php?d=\/transparencia\/wp-content\/uploads\/finanzas\/infofinanciera\/Estado_Analitico_de_Ingresos_Presupuestarios_2021-2.pdf\">Descargar PDF<\/a><\/span><\/p>\n<\/li>\n<li>Estado Anal\u00edtico de Ingresos Presupuestarios 2021 Primer Trimestre\n<p class=\"lip\"><span class=\"descarga\"><a href=\"\/transparencia\/descargar.php?d=\/transparencia\/wp-content\/uploads\/finanzas\/infofinanciera\/Estado_Analitico_de_Ingresos_Presupuestarios_2021-1.pdf\">Descargar PDF<\/a><\/span><\/p>\n<\/li>\n<li>Estado Anal\u00edtico de Ingresos Presupuestarios 2020 Cuarto Trimestre\n<p class=\"lip\"><span class=\"descarga\"><a href=\"\/transparencia\/descargar.php?d=\/transparencia\/wp-content\/uploads\/finanzas\/infofinanciera\/Estado_Analitico_de_Ingresos_Presupuestarios_2020-4.pdf\">Descargar PDF<\/a><\/span><\/p>\n<\/li>\n<li>Estado Anal\u00edtico de Ingresos Presupuestarios 2020 Tercer Trimestre\n<p class=\"lip\"><span class=\"descarga\"><a href=\"\/transparencia\/descargar.php?d=\/transparencia\/wp-content\/uploads\/finanzas\/infofinanciera\/Estado_Analitico_de_Ingresos_Presupuestarios_2020-3.pdf\">Descargar PDF<\/a><\/span><\/p>\n<\/li>\n<li>Estado Anal\u00edtico de Ingresos Presupuestarios 2020 Segundo Trimestre\n<p class=\"lip\"><span class=\"descarga\"><a href=\"\/transparencia\/descargar.php?d=\/transparencia\/wp-content\/uploads\/finanzas\/infofinanciera\/Estado_Analitico_de_Ingresos_Presupuestarios_2020-2.pdf\">Descargar PDF<\/a><\/span><\/p>\n<\/li>\n<li>Estado Anal\u00edtico de Ingresos Presupuestarios 2020 Primer Trimestre\n<p class=\"lip\"><span class=\"descarga\"><a href=\"\/transparencia\/descargar.php?d=\/transparencia\/wp-content\/uploads\/finanzas\/infofinanciera\/Estado_Analitico_de_Ingresos_Presupuestarios_2020-1.pdf\">Descargar PDF<\/a><\/span><\/p>\n<\/li>\n<li>Estado Anal\u00edtico de Ingresos Presupuestarios 2019 Cuarto Trimestre\n<p class=\"lip\"><span class=\"descarga\"><a href=\"\/transparencia\/descargar.php?d=\/transparencia\/wp-content\/uploads\/finanzas\/infofinanciera\/Estado_Analitico_de_Ingresos_Presupuestarios_2019-4.pdf\">Descargar PDF<\/a><\/span><\/p>\n<\/li>\n<li>Estado Anal\u00edtico de Ingresos Presupuestarios 2019 Tercer Trimestre\n<p class=\"lip\"><span class=\"descarga\"><a href=\"\/transparencia\/descargar.php?d=\/transparencia\/wp-content\/uploads\/finanzas\/infofinanciera\/Estado_Analitico_de_Ingresos_Presupuestarios_2019-3.pdf\">Descargar PDF<\/a><\/span><\/p>\n<\/li>\n<li>Estado Anal\u00edtico de Ingresos Presupuestarios 2019 Segundo Trimestre\n<p class=\"lip\"><span class=\"descarga\"><a href=\"\/transparencia\/descargar.php?d=\/transparencia\/wp-content\/uploads\/finanzas\/infofinanciera\/Estado_Analitico_de_Ingresos_Presupuestarios_2019-2.pdf\">Descargar PDF<\/a><\/span><\/p>\n<\/li>\n<li>Estado Anal\u00edtico de Ingresos Presupuestarios 2019 Primer Trimestre\n<p class=\"lip\"><span class=\"descarga\"><a href=\"\/transparencia\/descargar.php?d=\/transparencia\/wp-content\/uploads\/finanzas\/infofinanciera\/Estado_Analitico_de_Ingresos_Presupuestarios_2019-1.pdf\">Descargar PDF<\/a><\/span><\/p>\n<\/li>\n<li>Estado Anal\u00edtico de Ingresos Presupuestarios 2018 Segundo Semestre\n<p class=\"lip\"><span class=\"descarga\"><a href=\"\/transparencia\/descargar.php?d=\/transparencia\/wp-content\/uploads\/finanzas\/infofinanciera\/Estado_Analitico_de_Ingresos_Presupuestarios_2018-4.pdf\">Descargar PDF<\/a><\/span><\/p>\n<\/li>\n<li>Estado Anal\u00edtico de Ingresos Presupuestarios 2018 Segundo Trimestre\n<p class=\"lip\"><span class=\"descarga\"><a href=\"\/transparencia\/descargar.php?d=\/transparencia\/wp-content\/uploads\/finanzas\/infofinanciera\/Estado_Analitico_de_Ingresos_Presupuestarios_2018-2.pdf\">Descargar PDF<\/a><\/span><\/p>\n<\/li>\n<li>Estado Anal\u00edtico de Ingresos Presupuestarios 2018 Primer Trimestre\n<p class=\"lip\"><span class=\"descarga\"><a href=\"\/transparencia\/descargar.php?d=\/transparencia\/wp-content\/uploads\/finanzas\/infofinanciera\/Estado_Analitico_de_Ingresos_Presupuestarios_2018-1.pdf\">Descargar PDF<\/a><\/span><\/p>\n<\/li>\n<li>Estado Anal\u00edtico de Ingresos Presupuestarios 2017 Cuarto Trimestre (por Rubro de Ingreso)\n<p class=\"lip\"><span class=\"descarga\"><a href=\"\/transparencia\/descargar.php?d=\/transparencia\/wp-content\/uploads\/finanzas\/infofinanciera\/Estado_Analitico_de_Ingresos_Presupuestarios_2017-4_xRI.pdf\">Descargar PDF<\/a><\/span><\/p>\n<\/li>\n<li>Estado Anal\u00edtico de Ingresos Presupuestarios 2017 Cuarto Trimestre (por Fuente de Financiamiento)\n<p class=\"lip\"><span class=\"descarga\"><a href=\"\/transparencia\/descargar.php?d=\/transparencia\/wp-content\/uploads\/finanzas\/infofinanciera\/Estado_Analitico_de_Ingresos_Presupuestarios_2017-4_xFF.pdf\">Descargar PDF<\/a><\/span><\/p>\n<\/li>\n<li>Estado Anal\u00edtico de Ingresos Presupuestarios 2017 Tercer Trimestre (por Rubro de Ingreso)\n<p class=\"lip\"><span class=\"descarga\"><a href=\"\/transparencia\/descargar.php?d=\/transparencia\/wp-content\/uploads\/finanzas\/infofinanciera\/Estado_Analitico_de_Ingresos_Presupuestarios_2017-3_xRI.pdf\">Descargar PDF<\/a><\/span><\/p>\n<\/li>\n<li>Estado Anal\u00edtico de Ingresos Presupuestarios 2017 Tercer Trimestre (por Fuente de Financiamiento)\n<p class=\"lip\"><span class=\"descarga\"><a href=\"\/transparencia\/descargar.php?d=\/transparencia\/wp-content\/uploads\/finanzas\/infofinanciera\/Estado_Analitico_de_Ingresos_Presupuestarios_2017-3_xFF.pdf\">Descargar PDF<\/a><\/span><\/p>\n<\/li>\n<li>Estado Anal\u00edtico de Ingresos Presupuestarios 2017 Segundo Trimestre (por Rubro de Ingreso)\n<p class=\"lip\"><span class=\"descarga\"><a href=\"\/transparencia\/descargar.php?d=\/transparencia\/wp-content\/uploads\/finanzas\/infofinanciera\/Estado_Analitico_de_Ingresos_Presupuestarios_2017-2_xRI.pdf\">Descargar PDF<\/a><\/span><\/p>\n<\/li>\n<li>Estado Anal\u00edtico de Ingresos Presupuestarios 2017 Segundo Trimestre (por Fuente de Financiamiento)\n<p class=\"lip\"><span class=\"descarga\"><a href=\"\/transparencia\/descargar.php?d=\/transparencia\/wp-content\/uploads\/finanzas\/infofinanciera\/Estado_Analitico_de_Ingresos_Presupuestarios_2017-2_xFF.pdf\">Descargar PDF<\/a><\/span><\/p>\n<\/li>\n<li>Estado Anal\u00edtico de Ingresos Presupuestarios 2017 Primer Trimestre (por Rubro de Ingreso)\n<p class=\"lip\"><span class=\"descarga\"><a href=\"\/transparencia\/descargar.php?d=\/transparencia\/wp-content\/uploads\/finanzas\/infofinanciera\/Estado_Analitico_de_Ingresos_Presupuestarios_2017-1_xRI.pdf\">Descargar PDF<\/a><\/span><\/p>\n<\/li>\n<li>Estado Anal\u00edtico de Ingresos Presupuestarios 2017 Primer Trimestre (por Fuente de Financiamiento)\n<p class=\"lip\"><span class=\"descarga\"><a href=\"\/transparencia\/descargar.php?d=\/transparencia\/wp-content\/uploads\/finanzas\/infofinanciera\/Estado_Analitico_de_Ingresos_Presupuestarios_2017-1_xFF.pdf\">Descargar PDF<\/a><\/span><\/p>\n<\/li>\n<li>Estado Anal\u00edtico de Ingresos Presupuestarios 2016 Cuarto Trimestre (por Rubro de Ingreso)\n<p class=\"lip\"><span class=\"descarga\"><a href=\"\/transparencia\/descargar.php?d=\/transparencia\/wp-content\/uploads\/finanzas\/infofinanciera\/Estado_Analitico_de_Ingresos_Presupuestarios_2016-4_xRI.pdf\">Descargar PDF<\/a><\/span><\/p>\n<\/li>\n<li>Estado Anal\u00edtico de Ingresos Presupuestarios 2016 Cuarto Trimestre (por Fuente de Financiamiento)\n<p class=\"lip\"><span class=\"descarga\"><a href=\"\/transparencia\/descargar.php?d=\/transparencia\/wp-content\/uploads\/finanzas\/infofinanciera\/Estado_Analitico_de_Ingresos_Presupuestarios_2016-4_xFF.pdf\">Descargar PDF<\/a><\/span><\/p>\n<\/li>\n<li>Estado Anal\u00edtico de Ingresos Presupuestarios 2016 Tercer Trimestre\n<p class=\"lip\"><span class=\"descarga\"><a href=\"\/transparencia\/descargar.php?d=\/transparencia\/wp-content\/uploads\/finanzas\/infofinanciera\/Estado_Analitico_de_Ingresos_Presupuestarios_2016-3.pdf\">Descargar PDF<\/a><\/span><\/p>\n<\/li>\n<li>Estado Anal\u00edtico de Ingresos Presupuestarios 2016 Segundo Trimestre\n<p class=\"lip\"><span class=\"descarga\"><a href=\"\/transparencia\/descargar.php?d=\/transparencia\/wp-content\/uploads\/finanzas\/infofinanciera\/Estado_Analitico_de_Ingresos_Presupuestarios_2016-2.pdf\">Descargar PDF<\/a><\/span><\/p>\n<\/li>\n<li>Estado Anal\u00edtico de Ingresos Presupuestarios 2016 Primer Trimestre\n<p class=\"lip\"><span class=\"descarga\"><a href=\"\/transparencia\/descargar.php?d=\/transparencia\/wp-content\/uploads\/finanzas\/infofinanciera\/Estado_Analitico_de_Ingresos_Presupuestarios_2016-1.pdf\">Descargar PDF<\/a><\/span><\/p>\n<\/li>\n<\/ul>\n","protected":false},"excerpt":{"rendered":"<p>&nbsp; Estado Anal\u00edtico de Ingresos Presupuestarios 2026 Primer Trimestre Descargar PDF Estado Anal\u00edtico de Ingresos Presupuestarios 2025 Cuarto Trimestre Descargar PDF Estado Anal\u00edtico de Ingresos Presupuestarios 2025 Tercer Trimestre Descargar PDF Estado Anal\u00edtico de Ingresos Presupuestarios 2025 Segundo Trimestre Descargar PDF Estado Anal\u00edtico de Ingresos Presupuestarios 2025 Primer Trimestre Descargar PDF Estado Anal\u00edtico de Ingresos <a class=\"more-link\" href=\"https:\/\/acapulco.gob.mx\/transparencia\/finanzas-publicas-y-presupuestos\/informacion-presupuestaria\/informes\/estado-analitico-de-ingresos-presupuestarios\/\">Continue reading <i class=\"fa fa-chevron-right\"><\/i><\/a><\/p>\n","protected":false},"author":1,"featured_media":0,"parent":1883,"menu_order":0,"comment_status":"closed","ping_status":"closed","template":"","meta":[],"_links":{"self":[{"href":"https:\/\/acapulco.gob.mx\/transparencia\/wp-json\/wp\/v2\/pages\/1887"}],"collection":[{"href":"https:\/\/acapulco.gob.mx\/transparencia\/wp-json\/wp\/v2\/pages"}],"about":[{"href":"https:\/\/acapulco.gob.mx\/transparencia\/wp-json\/wp\/v2\/types\/page"}],"author":[{"embeddable":true,"href":"https:\/\/acapulco.gob.mx\/transparencia\/wp-json\/wp\/v2\/users\/1"}],"replies":[{"embeddable":true,"href":"https:\/\/acapulco.gob.mx\/transparencia\/wp-json\/wp\/v2\/comments?post=1887"}],"version-history":[{"count":50,"href":"https:\/\/acapulco.gob.mx\/transparencia\/wp-json\/wp\/v2\/pages\/1887\/revisions"}],"predecessor-version":[{"id":7964,"href":"https:\/\/acapulco.gob.mx\/transparencia\/wp-json\/wp\/v2\/pages\/1887\/revisions\/7964"}],"up":[{"embeddable":true,"href":"https:\/\/acapulco.gob.mx\/transparencia\/wp-json\/wp\/v2\/pages\/1883"}],"wp:attachment":[{"href":"https:\/\/acapulco.gob.mx\/transparencia\/wp-json\/wp\/v2\/media?parent=1887"}],"curies":[{"name":"wp","href":"https:\/\/api.w.org\/{rel}","templated":true}]}}