{"id":2188,"date":"2016-12-02T18:44:53","date_gmt":"2016-12-02T18:44:53","guid":{"rendered":"https:\/\/acapulco.gob.mx\/transparencia\/?page_id=2188"},"modified":"2026-02-13T20:24:45","modified_gmt":"2026-02-13T20:24:45","slug":"informacion-de-obligaciones-pagadas-o-garantizadas-con-fondos-federales","status":"publish","type":"page","link":"https:\/\/acapulco.gob.mx\/transparencia\/finanzas-publicas-y-presupuestos\/informacion-financiera\/informacion-de-obligaciones-pagadas-o-garantizadas-con-fondos-federales\/","title":{"rendered":"Informaci\u00f3n de Obligaciones Pagadas o Garantizadas con Fondos Federales"},"content":{"rendered":"<p>&nbsp;<\/p>\n<ul>\n<li>Informaci\u00f3n de Obligaciones Pagadas o Garantizadas con Fondos Federales 2025 Cuarto Trimestre\n<p class=\"lip\"><span class=\"descarga\"><a href=\"\/transparencia\/descargar.php?d=\/transparencia\/wp-content\/uploads\/finanzas\/infofinanciera\/Informacion_de_Obligaciones_Pagadas_2025-4.pdf\">Descargar PDF<\/a><\/span><\/p>\n<\/li>\n<li>Informaci\u00f3n de Obligaciones Pagadas o Garantizadas con Fondos Federales 2025 Tercer Trimestre\n<p class=\"lip\"><span class=\"descarga\"><a href=\"\/transparencia\/descargar.php?d=\/transparencia\/wp-content\/uploads\/finanzas\/infofinanciera\/Informacion_de_Obligaciones_Pagadas_2025-3.pdf\">Descargar PDF<\/a><\/span><\/p>\n<\/li>\n<li>Informaci\u00f3n de Obligaciones Pagadas o Garantizadas con Fondos Federales 2025 Segundo Trimestre\n<p class=\"lip\"><span class=\"descarga\"><a href=\"\/transparencia\/descargar.php?d=\/transparencia\/wp-content\/uploads\/finanzas\/infofinanciera\/Informacion_de_Obligaciones_Pagadas_2025-2.pdf\">Descargar PDF<\/a><\/span><\/p>\n<\/li>\n<li>Informaci\u00f3n de Obligaciones Pagadas o Garantizadas con Fondos Federales 2025 Primer Trimestre\n<p class=\"lip\"><span class=\"descarga\"><a href=\"\/transparencia\/descargar.php?d=\/transparencia\/wp-content\/uploads\/finanzas\/infofinanciera\/Informacion_de_Obligaciones_Pagadas_2025-1.pdf\">Descargar PDF<\/a><\/span><\/p>\n<\/li>\n<li>Informaci\u00f3n de Obligaciones Pagadas o Garantizadas con Fondos Federales 2024 Cuarto Trimestre\n<p class=\"lip\"><span class=\"descarga\"><a href=\"\/transparencia\/descargar.php?d=\/transparencia\/wp-content\/uploads\/finanzas\/infofinanciera\/Informacion_de_Obligaciones_Pagadas_2024-4.pdf\">Descargar PDF<\/a><\/span><\/p>\n<\/li>\n<li>Informaci\u00f3n de Obligaciones Pagadas o Garantizadas con Fondos Federales 2024 Tercer Trimestre\n<p class=\"lip\"><span class=\"descarga\"><a href=\"\/transparencia\/descargar.php?d=\/transparencia\/wp-content\/uploads\/finanzas\/infofinanciera\/Informacion_de_Obligaciones_Pagadas_2024-3.pdf\">Descargar PDF<\/a><\/span><\/p>\n<\/li>\n<li>Informaci\u00f3n de Obligaciones Pagadas o Garantizadas con Fondos Federales 2024 Segundo Trimestre\n<p class=\"lip\"><span class=\"descarga\"><a href=\"\/transparencia\/descargar.php?d=\/transparencia\/wp-content\/uploads\/finanzas\/infofinanciera\/Informacion_de_Obligaciones_Pagadas_2024-2.pdf\">Descargar PDF<\/a><\/span><\/p>\n<\/li>\n<li>Informaci\u00f3n de Obligaciones Pagadas o Garantizadas con Fondos Federales 2024 Primer Trimestre\n<p class=\"lip\"><span class=\"descarga\"><a href=\"\/transparencia\/descargar.php?d=\/transparencia\/wp-content\/uploads\/finanzas\/infofinanciera\/Informacion_de_Obligaciones_Pagadas_2024-1.pdf\">Descargar PDF<\/a><\/span><\/p>\n<\/li>\n<li>Informaci\u00f3n de Obligaciones Pagadas o Garantizadas con Fondos Federales 2023 Cuarto Trimestre\n<p class=\"lip\"><span class=\"descarga\"><a href=\"\/transparencia\/descargar.php?d=\/transparencia\/wp-content\/uploads\/finanzas\/infofinanciera\/Informacion_de_Obligaciones_Pagadas_2023-4.pdf\">Descargar PDF<\/a><\/span><\/p>\n<\/li>\n<li>Informaci\u00f3n de Obligaciones Pagadas o Garantizadas con Fondos Federales 2023 Tercer Trimestre\n<p class=\"lip\"><span class=\"descarga\"><a href=\"\/transparencia\/descargar.php?d=\/transparencia\/wp-content\/uploads\/finanzas\/infofinanciera\/Informacion_de_Obligaciones_Pagadas_2023-3.pdf\">Descargar PDF<\/a><\/span><\/p>\n<\/li>\n<li>Informaci\u00f3n de Obligaciones Pagadas o Garantizadas con Fondos Federales 2023 Segundo Trimestre\n<p class=\"lip\"><span class=\"descarga\"><a href=\"\/transparencia\/descargar.php?d=\/transparencia\/wp-content\/uploads\/finanzas\/infofinanciera\/Informacion_de_Obligaciones_Pagadas_2023-2.pdf\">Descargar PDF<\/a><\/span><\/p>\n<\/li>\n<li>Informaci\u00f3n de Obligaciones Pagadas o Garantizadas con Fondos Federales 2023 Primer Trimestre\n<p class=\"lip\"><span class=\"descarga\"><a href=\"\/transparencia\/descargar.php?d=\/transparencia\/wp-content\/uploads\/finanzas\/infofinanciera\/Informacion_de_Obligaciones_Pagadas_2023-1.pdf\">Descargar PDF<\/a><\/span><\/p>\n<\/li>\n<li>Informaci\u00f3n de Obligaciones Pagadas o Garantizadas con Fondos Federales 2022 Cuarto Trimestre\n<p class=\"lip\"><span class=\"descarga\"><a href=\"\/transparencia\/descargar.php?d=\/transparencia\/wp-content\/uploads\/finanzas\/infofinanciera\/Informacion_de_Obligaciones_Pagadas_2022-4.pdf\">Descargar PDF<\/a><\/span><\/p>\n<\/li>\n<li>Informaci\u00f3n de Obligaciones Pagadas o Garantizadas con Fondos Federales 2022 Tercer Trimestre\n<p class=\"lip\"><span class=\"descarga\"><a href=\"\/transparencia\/descargar.php?d=\/transparencia\/wp-content\/uploads\/finanzas\/infofinanciera\/Informacion_de_Obligaciones_Pagadas_2022-3.pdf\">Descargar PDF<\/a><\/span><\/p>\n<\/li>\n<li>Informaci\u00f3n de Obligaciones Pagadas o Garantizadas con Fondos Federales 2022 Segundo Trimestre\n<p class=\"lip\"><span class=\"descarga\"><a href=\"\/transparencia\/descargar.php?d=\/transparencia\/wp-content\/uploads\/finanzas\/infofinanciera\/Informacion_de_Obligaciones_Pagadas_2022-2.pdf\">Descargar PDF<\/a><\/span><\/p>\n<\/li>\n<li>Informaci\u00f3n de Obligaciones Pagadas o Garantizadas con Fondos Federales 2022 Primer Trimestre\n<p class=\"lip\"><span class=\"descarga\"><a href=\"\/transparencia\/descargar.php?d=\/transparencia\/wp-content\/uploads\/finanzas\/infofinanciera\/Informacion_de_Obligaciones_Pagadas_2022-1.pdf\">Descargar PDF<\/a><\/span><\/p>\n<\/li>\n<li>Informaci\u00f3n de Obligaciones Pagadas o Garantizadas con Fondos Federales 2021 Cuarto Trimestre\n<p class=\"lip\"><span class=\"descarga\"><a href=\"\/transparencia\/descargar.php?d=\/transparencia\/wp-content\/uploads\/finanzas\/infofinanciera\/Informacion_de_Obligaciones_Pagadas_2021-4.pdf\">Descargar PDF<\/a><\/span><\/p>\n<\/li>\n<li>Informaci\u00f3n de Obligaciones Pagadas o Garantizadas con Fondos Federales 2021 Tercer Trimestre\n<p class=\"lip\"><span class=\"descarga\"><a href=\"\/transparencia\/descargar.php?d=\/transparencia\/wp-content\/uploads\/finanzas\/infofinanciera\/Informacion_de_Obligaciones_Pagadas_2021-3.pdf\">Descargar PDF<\/a><\/span><\/p>\n<\/li>\n<li>Informaci\u00f3n de Obligaciones Pagadas o Garantizadas con Fondos Federales 2021 Segundo Trimestre\n<p class=\"lip\"><span class=\"descarga\"><a href=\"\/transparencia\/descargar.php?d=\/transparencia\/wp-content\/uploads\/finanzas\/infofinanciera\/Informacion_de_Obligaciones_Pagadas_2021-2.pdf\">Descargar PDF<\/a><\/span><\/p>\n<\/li>\n<li>Informaci\u00f3n de Obligaciones Pagadas o Garantizadas con Fondos Federales 2021 Primer Trimestre\n<p class=\"lip\"><span class=\"descarga\"><a href=\"\/transparencia\/descargar.php?d=\/transparencia\/wp-content\/uploads\/finanzas\/infofinanciera\/Informacion_de_Obligaciones_Pagadas_2021-1.pdf\">Descargar PDF<\/a><\/span><\/p>\n<\/li>\n<li>Informaci\u00f3n de Obligaciones Pagadas o Garantizadas con Fondos Federales 2020 Cuarto Trimestre\n<p class=\"lip\"><span class=\"descarga\"><a href=\"\/transparencia\/descargar.php?d=\/transparencia\/wp-content\/uploads\/finanzas\/infofinanciera\/Informacion_de_Obligaciones_Pagadas_2020-4.pdf\">Descargar PDF<\/a><\/span><\/p>\n<\/li>\n<li>Informaci\u00f3n de Obligaciones Pagadas o Garantizadas con Fondos Federales 2020 Tercer Trimestre\n<p class=\"lip\"><span class=\"descarga\"><a href=\"\/transparencia\/descargar.php?d=\/transparencia\/wp-content\/uploads\/finanzas\/infofinanciera\/Informacion_de_Obligaciones_Pagadas_2020-3.pdf\">Descargar PDF<\/a><\/span><\/p>\n<\/li>\n<li>Informaci\u00f3n de Obligaciones Pagadas o Garantizadas con Fondos Federales 2020 Segundo Trimestre\n<p class=\"lip\"><span class=\"descarga\"><a href=\"\/transparencia\/descargar.php?d=\/transparencia\/wp-content\/uploads\/finanzas\/infofinanciera\/Informacion_de_Obligaciones_Pagadas_2020-2.pdf\">Descargar PDF<\/a><\/span><\/p>\n<\/li>\n<li>Informaci\u00f3n de Obligaciones Pagadas o Garantizadas con Fondos Federales 2020 Primer Trimestre\n<p class=\"lip\"><span class=\"descarga\"><a href=\"\/transparencia\/descargar.php?d=\/transparencia\/wp-content\/uploads\/finanzas\/infofinanciera\/Informacion_de_Obligaciones_Pagadas_2020-1.pdf\">Descargar PDF<\/a><\/span><\/p>\n<\/li>\n<li>Informaci\u00f3n de Obligaciones Pagadas o Garantizadas con Fondos Federales 2019 Tercer Trimestre\n<p class=\"lip\"><span class=\"descarga\"><a href=\"\/transparencia\/descargar.php?d=\/transparencia\/wp-content\/uploads\/finanzas\/infofinanciera\/Informacion_de_Obligaciones_Pagadas_2019-3.pdf\">Descargar PDF<\/a><\/span><\/p>\n<\/li>\n<li>Informaci\u00f3n de Obligaciones Pagadas o Garantizadas con Fondos Federales 2019 Segundo Trimestre\n<p class=\"lip\"><span class=\"descarga\"><a href=\"\/transparencia\/descargar.php?d=\/transparencia\/wp-content\/uploads\/finanzas\/infofinanciera\/Informacion_de_Obligaciones_Pagadas_2019-2.pdf\">Descargar PDF<\/a><\/span><\/p>\n<\/li>\n<li>Informaci\u00f3n de Obligaciones Pagadas o Garantizadas con Fondos Federales 2019 Primer Trimestre\n<p class=\"lip\"><span class=\"descarga\"><a href=\"\/transparencia\/descargar.php?d=\/transparencia\/wp-content\/uploads\/finanzas\/infofinanciera\/Informacion_de_Obligaciones_Pagadas_2019-1.pdf\">Descargar PDF<\/a><\/span><\/p>\n<\/li>\n<li>Informaci\u00f3n de Obligaciones Pagadas o Garantizadas con Fondos Federales 2018 Segundo Trimestre\n<p class=\"lip\"><span class=\"descarga\"><a href=\"\/transparencia\/descargar.php?d=\/transparencia\/wp-content\/uploads\/finanzas\/infofinanciera\/Informacion_de_Obligaciones_Pagadas_2018-2.pdf\">Descargar PDF<\/a><\/span><\/p>\n<\/li>\n<li>Informaci\u00f3n de Obligaciones Pagadas o Garantizadas con Fondos Federales 2018 Primer Trimestre\n<p class=\"lip\"><span class=\"descarga\"><a href=\"\/transparencia\/descargar.php?d=\/transparencia\/wp-content\/uploads\/finanzas\/infofinanciera\/Informacion_de_Obligaciones_Pagadas_2018-1.pdf\">Descargar PDF<\/a><\/span><\/p>\n<\/li>\n<li>Informaci\u00f3n de Obligaciones Pagadas o Garantizadas con Fondos Federales 2017 Cuarto Trimestre\n<p class=\"lip\"><span class=\"descarga\"><a href=\"\/transparencia\/descargar.php?d=\/transparencia\/wp-content\/uploads\/finanzas\/infofinanciera\/Informacion_de_Obligaciones_Pagadas_2017-4.pdf\">Descargar PDF<\/a><\/span><\/p>\n<\/li>\n<li>Informaci\u00f3n de Obligaciones Pagadas o Garantizadas con Fondos Federales 2017 Tercer Trimestre\n<p class=\"lip\"><span class=\"descarga\"><a href=\"\/transparencia\/descargar.php?d=\/transparencia\/wp-content\/uploads\/finanzas\/infofinanciera\/Informacion_de_Obligaciones_Pagadas_2017-3.pdf\">Descargar PDF<\/a><\/span><\/p>\n<\/li>\n<li>Informaci\u00f3n de Obligaciones Pagadas o Garantizadas con Fondos Federales 2017 Segundo Trimestre\n<p class=\"lip\"><span class=\"descarga\"><a href=\"\/transparencia\/descargar.php?d=\/transparencia\/wp-content\/uploads\/finanzas\/infofinanciera\/Informacion_de_Obligaciones_Pagadas_2017-2.pdf\">Descargar PDF<\/a><\/span><\/p>\n<\/li>\n<li>Informaci\u00f3n de Obligaciones Pagadas o Garantizadas con Fondos Federales 2017 Primer Trimestre\n<p class=\"lip\"><span class=\"descarga\"><a href=\"\/transparencia\/descargar.php?d=\/transparencia\/wp-content\/uploads\/finanzas\/infofinanciera\/Informacion_de_Obligaciones_Pagadas_2017-1.pdf\">Descargar PDF<\/a><\/span><\/p>\n<\/li>\n<li>Informaci\u00f3n de Obligaciones Pagadas o Garantizadas con Fondos Federales 2016 (enero &#8211; diciembre)\n<p class=\"lip\"><span class=\"descarga\"><a href=\"\/transparencia\/descargar.php?d=\/transparencia\/wp-content\/uploads\/finanzas\/infofinanciera\/Informacion_de_Obligaciones_Pagadas_2016-4.pdf\">Descargar PDF<\/a><\/span><\/p>\n<\/li>\n<\/ul>\n","protected":false},"excerpt":{"rendered":"<p>&nbsp; Informaci\u00f3n de Obligaciones Pagadas o Garantizadas con Fondos Federales 2025 Cuarto Trimestre Descargar PDF Informaci\u00f3n de Obligaciones Pagadas o Garantizadas con Fondos Federales 2025 Tercer Trimestre Descargar PDF Informaci\u00f3n de Obligaciones Pagadas o Garantizadas con Fondos Federales 2025 Segundo Trimestre Descargar PDF Informaci\u00f3n de Obligaciones Pagadas o Garantizadas con Fondos Federales 2025 Primer Trimestre <a class=\"more-link\" href=\"https:\/\/acapulco.gob.mx\/transparencia\/finanzas-publicas-y-presupuestos\/informacion-financiera\/informacion-de-obligaciones-pagadas-o-garantizadas-con-fondos-federales\/\">Continue reading <i class=\"fa fa-chevron-right\"><\/i><\/a><\/p>\n","protected":false},"author":1,"featured_media":0,"parent":61,"menu_order":0,"comment_status":"closed","ping_status":"closed","template":"","meta":[],"_links":{"self":[{"href":"https:\/\/acapulco.gob.mx\/transparencia\/wp-json\/wp\/v2\/pages\/2188"}],"collection":[{"href":"https:\/\/acapulco.gob.mx\/transparencia\/wp-json\/wp\/v2\/pages"}],"about":[{"href":"https:\/\/acapulco.gob.mx\/transparencia\/wp-json\/wp\/v2\/types\/page"}],"author":[{"embeddable":true,"href":"https:\/\/acapulco.gob.mx\/transparencia\/wp-json\/wp\/v2\/users\/1"}],"replies":[{"embeddable":true,"href":"https:\/\/acapulco.gob.mx\/transparencia\/wp-json\/wp\/v2\/comments?post=2188"}],"version-history":[{"count":35,"href":"https:\/\/acapulco.gob.mx\/transparencia\/wp-json\/wp\/v2\/pages\/2188\/revisions"}],"predecessor-version":[{"id":7896,"href":"https:\/\/acapulco.gob.mx\/transparencia\/wp-json\/wp\/v2\/pages\/2188\/revisions\/7896"}],"up":[{"embeddable":true,"href":"https:\/\/acapulco.gob.mx\/transparencia\/wp-json\/wp\/v2\/pages\/61"}],"wp:attachment":[{"href":"https:\/\/acapulco.gob.mx\/transparencia\/wp-json\/wp\/v2\/media?parent=2188"}],"curies":[{"name":"wp","href":"https:\/\/api.w.org\/{rel}","templated":true}]}}