{"id":2254,"date":"2017-02-16T03:07:52","date_gmt":"2017-02-16T03:07:52","guid":{"rendered":"https:\/\/acapulco.gob.mx\/transparencia\/?page_id=2254"},"modified":"2026-04-29T21:31:02","modified_gmt":"2026-04-29T21:31:02","slug":"estado-analitico-de-la-deuda-y-otros-pasivos","status":"publish","type":"page","link":"https:\/\/acapulco.gob.mx\/transparencia\/finanzas-publicas-y-presupuestos\/informacion-financiera\/estado-analitico-de-la-deuda-y-otros-pasivos\/","title":{"rendered":"Estado anal\u00edtico de la deuda y otros pasivos"},"content":{"rendered":"<p>&nbsp;<\/p>\n<ul>\n<li>Estado anal\u00edtico de la deuda y otros pasivos 2026 Primer Trimestre\n<p class=\"lip\"><span class=\"descarga\"><a href=\"\/transparencia\/descargar.php?d=\/transparencia\/wp-content\/uploads\/finanzas\/infofinanciera\/Estado_Analitico_de_la_Deuda_y_Otros_Pasivos_2026-1.pdf\">Descargar PDF<\/a><\/span><\/p>\n<\/li>\n<li>Estado anal\u00edtico de la deuda y otros pasivos 2025 Cuarto Trimestre\n<p class=\"lip\"><span class=\"descarga\"><a href=\"\/transparencia\/descargar.php?d=\/transparencia\/wp-content\/uploads\/finanzas\/infofinanciera\/Estado_Analitico_de_la_Deuda_y_Otros_Pasivos_2025-4.pdf\">Descargar PDF<\/a><\/span><\/p>\n<\/li>\n<li>Estado anal\u00edtico de la deuda y otros pasivos 2025 Tercer Trimestre\n<p class=\"lip\"><span class=\"descarga\"><a href=\"\/transparencia\/descargar.php?d=\/transparencia\/wp-content\/uploads\/finanzas\/infofinanciera\/Estado_Analitico_de_la_Deuda_y_Otros_Pasivos_2025-3.pdf\">Descargar PDF<\/a><\/span><\/p>\n<\/li>\n<li>Estado anal\u00edtico de la deuda y otros pasivos 2025 Segundo Trimestre\n<p class=\"lip\"><span class=\"descarga\"><a href=\"\/transparencia\/descargar.php?d=\/transparencia\/wp-content\/uploads\/finanzas\/infofinanciera\/Estado_Analitico_de_la_Deuda_y_Otros_Pasivos_2025-2.pdf\">Descargar PDF<\/a><\/span><\/p>\n<\/li>\n<li>Estado anal\u00edtico de la deuda y otros pasivos 2025 Primer Trimestre\n<p class=\"lip\"><span class=\"descarga\"><a href=\"\/transparencia\/descargar.php?d=\/transparencia\/wp-content\/uploads\/finanzas\/infofinanciera\/Estado_Analitico_de_la_Deuda_y_Otros_Pasivos_2025-1.pdf\">Descargar PDF<\/a><\/span><\/p>\n<\/li>\n<li>Estado anal\u00edtico de la deuda y otros pasivos 2024 Cuarto Trimestre\n<p class=\"lip\"><span class=\"descarga\"><a href=\"\/transparencia\/descargar.php?d=\/transparencia\/wp-content\/uploads\/finanzas\/infofinanciera\/Estado_Analitico_de_la_Deuda_y_Otros_Pasivos_2024-4.pdf\">Descargar PDF<\/a><\/span><\/p>\n<\/li>\n<li>Estado anal\u00edtico de la deuda y otros pasivos 2024 Tercer Trimestre\n<p class=\"lip\"><span class=\"descarga\"><a href=\"\/transparencia\/descargar.php?d=\/transparencia\/wp-content\/uploads\/finanzas\/infofinanciera\/Estado_Analitico_de_la_Deuda_y_Otros_Pasivos_2024-3.pdf\">Descargar PDF<\/a><\/span><\/p>\n<\/li>\n<li>Estado anal\u00edtico de la deuda y otros pasivos 2024 Segundo Trimestre\n<p class=\"lip\"><span class=\"descarga\"><a href=\"\/transparencia\/descargar.php?d=\/transparencia\/wp-content\/uploads\/finanzas\/infofinanciera\/Estado_Analitico_de_la_Deuda_y_Otros_Pasivos_2024-2.pdf\">Descargar PDF<\/a><\/span><\/p>\n<\/li>\n<li>Estado anal\u00edtico de la deuda y otros pasivos 2024 Primer Trimestre\n<p class=\"lip\"><span class=\"descarga\"><a href=\"\/transparencia\/descargar.php?d=\/transparencia\/wp-content\/uploads\/finanzas\/infofinanciera\/Estado_Analitico_de_la_Deuda_y_Otros_Pasivos_2024-1.pdf\">Descargar PDF<\/a><\/span><\/p>\n<\/li>\n<li>Estado anal\u00edtico de la deuda y otros pasivos 2023 Cuarto Trimestre\n<p class=\"lip\"><span class=\"descarga\"><a href=\"\/transparencia\/descargar.php?d=\/transparencia\/wp-content\/uploads\/finanzas\/infofinanciera\/Estado_Analitico_de_la_Deuda_y_Otros_Pasivos_2023-4.pdf\">Descargar PDF<\/a><\/span><\/p>\n<\/li>\n<li>Estado anal\u00edtico de la deuda y otros pasivos 2023 Tercer Trimestre\n<p class=\"lip\"><span class=\"descarga\"><a href=\"\/transparencia\/descargar.php?d=\/transparencia\/wp-content\/uploads\/finanzas\/infofinanciera\/Estado_Analitico_de_la_Deuda_y_Otros_Pasivos_2023-3.pdf\">Descargar PDF<\/a><\/span><\/p>\n<\/li>\n<li>Estado anal\u00edtico de la deuda y otros pasivos 2023 Segundo Trimestre\n<p class=\"lip\"><span class=\"descarga\"><a href=\"\/transparencia\/descargar.php?d=\/transparencia\/wp-content\/uploads\/finanzas\/infofinanciera\/Estado_Analitico_de_la_Deuda_y_Otros_Pasivos_2023-2.pdf\">Descargar PDF<\/a><\/span><\/p>\n<\/li>\n<li>Estado anal\u00edtico de la deuda y otros pasivos 2023 Primer Trimestre\n<p class=\"lip\"><span class=\"descarga\"><a href=\"\/transparencia\/descargar.php?d=\/transparencia\/wp-content\/uploads\/finanzas\/infofinanciera\/Estado_Analitico_de_la_Deuda_y_Otros_Pasivos_2023-1.pdf\">Descargar PDF<\/a><\/span><\/p>\n<\/li>\n<li>Estado anal\u00edtico de la deuda y otros pasivos 2022 Cuarto Trimestre\n<p class=\"lip\"><span class=\"descarga\"><a href=\"\/transparencia\/descargar.php?d=\/transparencia\/wp-content\/uploads\/finanzas\/infofinanciera\/Estado_Analitico_de_la_Deuda_y_Otros_Pasivos_2022-4.pdf\">Descargar PDF<\/a><\/span><\/p>\n<\/li>\n<li>Estado anal\u00edtico de la deuda y otros pasivos 2022 Tercer Trimestre\n<p class=\"lip\"><span class=\"descarga\"><a href=\"\/transparencia\/descargar.php?d=\/transparencia\/wp-content\/uploads\/finanzas\/infofinanciera\/Estado_Analitico_de_la_Deuda_y_Otros_Pasivos_2022-3.pdf\">Descargar PDF<\/a><\/span><\/p>\n<\/li>\n<li>Estado anal\u00edtico de la deuda y otros pasivos 2022 Segundo Trimestre\n<p class=\"lip\"><span class=\"descarga\"><a href=\"\/transparencia\/descargar.php?d=\/transparencia\/wp-content\/uploads\/finanzas\/infofinanciera\/Estado_Analitico_de_la_Deuda_y_Otros_Pasivos_2022-2.pdf\">Descargar PDF<\/a><\/span><\/p>\n<\/li>\n<li>Estado anal\u00edtico de la deuda y otros pasivos 2022 Primer Trimestre\n<p class=\"lip\"><span class=\"descarga\"><a href=\"\/transparencia\/descargar.php?d=\/transparencia\/wp-content\/uploads\/finanzas\/infofinanciera\/Estado_Analitico_de_la_Deuda_y_Otros_Pasivos_2022-1.pdf\">Descargar PDF<\/a><\/span><\/p>\n<\/li>\n<li>Estado anal\u00edtico de la deuda y otros pasivos 2021 Cuarto Trimestre\n<p class=\"lip\"><span class=\"descarga\"><a href=\"\/transparencia\/descargar.php?d=\/transparencia\/wp-content\/uploads\/finanzas\/infofinanciera\/Reporte_Analitico_de_la_Deuda_y_Otros_Pasivos_2021-4.pdf\">Descargar PDF<\/a><\/span><\/p>\n<\/li>\n<li>Estado anal\u00edtico de la deuda y otros pasivos 2021 Tercer Trimestre\n<p class=\"lip\"><span class=\"descarga\"><a href=\"\/transparencia\/descargar.php?d=\/transparencia\/wp-content\/uploads\/finanzas\/infofinanciera\/Reporte_Analitico_de_la_Deuda_y_Otros_Pasivos_2021-3.pdf\">Descargar PDF<\/a><\/span><\/p>\n<\/li>\n<li>Estado anal\u00edtico de la deuda y otros pasivos 2021 Segundo Trimestre\n<p class=\"lip\"><span class=\"descarga\"><a href=\"\/transparencia\/descargar.php?d=\/transparencia\/wp-content\/uploads\/finanzas\/infofinanciera\/Reporte_Analitico_de_la_Deuda_y_Otros_Pasivos_2021-2.pdf\">Descargar PDF<\/a><\/span><\/p>\n<\/li>\n<li>Estado anal\u00edtico de la deuda y otros pasivos 2021 Primer Trimestre\n<p class=\"lip\"><span class=\"descarga\"><a href=\"\/transparencia\/descargar.php?d=\/transparencia\/wp-content\/uploads\/finanzas\/infofinanciera\/Reporte_Analitico_de_la_Deuda_y_Otros_Pasivos_2021-1.pdf\">Descargar PDF<\/a><\/span><\/p>\n<\/li>\n<li>Estado anal\u00edtico de la deuda y otros pasivos 2020 Cuarto Trimestre\n<p class=\"lip\"><span class=\"descarga\"><a href=\"\/transparencia\/descargar.php?d=\/transparencia\/wp-content\/uploads\/finanzas\/infofinanciera\/Reporte_Analitico_de_la_Deuda_y_Otros_Pasivos_2020-4.pdf\">Descargar PDF<\/a><\/span><\/p>\n<\/li>\n<li>Estado anal\u00edtico de la deuda y otros pasivos 2020 Tercer Trimestre\n<p class=\"lip\"><span class=\"descarga\"><a href=\"\/transparencia\/descargar.php?d=\/transparencia\/wp-content\/uploads\/finanzas\/infofinanciera\/Reporte_Analitico_de_la_Deuda_y_Otros_Pasivos_2020-3.pdf\">Descargar PDF<\/a><\/span><\/p>\n<\/li>\n<li>Estado anal\u00edtico de la deuda y otros pasivos 2020 Segundo Trimestre\n<p class=\"lip\"><span class=\"descarga\"><a href=\"\/transparencia\/descargar.php?d=\/transparencia\/wp-content\/uploads\/finanzas\/infofinanciera\/Reporte_Analitico_de_la_Deuda_y_Otros_Pasivos_2020-2.pdf\">Descargar PDF<\/a><\/span><\/p>\n<\/li>\n<li>Estado anal\u00edtico de la deuda y otros pasivos 2020 Primer Trimestre\n<p class=\"lip\"><span class=\"descarga\"><a href=\"\/transparencia\/descargar.php?d=\/transparencia\/wp-content\/uploads\/finanzas\/infofinanciera\/Reporte_Analitico_de_la_Deuda_y_Otros_Pasivos_2020-1.pdf\">Descargar PDF<\/a><\/span><\/p>\n<\/li>\n<li>Estado anal\u00edtico de la deuda y otros pasivos 2019 Tercer Trimestre\n<p class=\"lip\"><span class=\"descarga\"><a href=\"\/transparencia\/descargar.php?d=\/transparencia\/wp-content\/uploads\/finanzas\/infofinanciera\/Reporte_Analitico_de_la_Deuda_y_Otros_Pasivos_2019-3.pdf\">Descargar PDF<\/a><\/span><\/p>\n<\/li>\n<li>Estado anal\u00edtico de la deuda y otros pasivos 2019 Segundo Trimestre\n<p class=\"lip\"><span class=\"descarga\"><a href=\"\/transparencia\/descargar.php?d=\/transparencia\/wp-content\/uploads\/finanzas\/infofinanciera\/Reporte_Analitico_de_la_Deuda_y_Otros_Pasivos_2019-2.pdf\">Descargar PDF<\/a><\/span><\/p>\n<\/li>\n<li>Estado anal\u00edtico de la deuda y otros pasivos 2019 Primer Trimestre\n<p class=\"lip\"><span class=\"descarga\"><a href=\"\/transparencia\/descargar.php?d=\/transparencia\/wp-content\/uploads\/finanzas\/infofinanciera\/Reporte_Analitico_de_la_Deuda_y_Otros_Pasivos_2019-1.pdf\">Descargar PDF<\/a><\/span><\/p>\n<\/li>\n<li>Estado anal\u00edtico de la deuda y otros pasivos 2018 Cuarto Trimestre\n<p class=\"lip\"><span class=\"descarga\"><a href=\"\/transparencia\/descargar.php?d=\/transparencia\/wp-content\/uploads\/finanzas\/infofinanciera\/Reporte_Analitico_de_la_Deuda_y_Otros_Pasivos_2018-4.pdf\">Descargar PDF<\/a><\/span><\/p>\n<\/li>\n<li>Estado anal\u00edtico de la deuda y otros pasivos 2018 Tercer Trimestre\n<p class=\"lip\"><span class=\"descarga\"><a href=\"\/transparencia\/descargar.php?d=\/transparencia\/wp-content\/uploads\/finanzas\/infofinanciera\/Reporte_Analitico_de_la_Deuda_y_Otros_Pasivos_2018-3.pdf\">Descargar PDF<\/a><\/span><\/p>\n<\/li>\n<li>Estado anal\u00edtico de la deuda y otros pasivos 2018 Segundo Trimestre\n<p class=\"lip\"><span class=\"descarga\"><a href=\"\/transparencia\/descargar.php?d=\/transparencia\/wp-content\/uploads\/finanzas\/infofinanciera\/Reporte_Analitico_de_la_Deuda_y_Otros_Pasivos_2018-2.pdf\">Descargar PDF<\/a><\/span><\/p>\n<\/li>\n<li>Estado anal\u00edtico de la deuda y otros pasivos 2018 Primer Trimestre\n<p class=\"lip\"><span class=\"descarga\"><a href=\"\/transparencia\/descargar.php?d=\/transparencia\/wp-content\/uploads\/finanzas\/infofinanciera\/Reporte_Analitico_de_la_Deuda_y_Otros_Pasivos_2018-1.pdf\">Descargar PDF<\/a><\/span><\/p>\n<\/li>\n<li>Estado anal\u00edtico de la deuda y otros pasivos 2017 Cuarto Trimestre\n<p class=\"lip\"><span class=\"descarga\"><a href=\"\/transparencia\/descargar.php?d=\/transparencia\/wp-content\/uploads\/finanzas\/infofinanciera\/Reporte_Analitico_de_la_Deuda_y_Otros_Pasivos_2017-4.pdf\">Descargar PDF<\/a><\/span><\/p>\n<\/li>\n<li>Estado anal\u00edtico de la deuda y otros pasivos 2017 Tercer Trimestre\n<p class=\"lip\"><span class=\"descarga\"><a href=\"\/transparencia\/descargar.php?d=\/transparencia\/wp-content\/uploads\/finanzas\/infofinanciera\/Reporte_Analitico_de_la_Deuda_y_Otros_Pasivos_2017-3.pdf\">Descargar PDF<\/a><\/span><\/p>\n<\/li>\n<li>Estado anal\u00edtico de la deuda y otros pasivos 2017 Segundo Trimestre\n<p class=\"lip\"><span class=\"descarga\"><a href=\"\/transparencia\/descargar.php?d=\/transparencia\/wp-content\/uploads\/finanzas\/infofinanciera\/Reporte_Analitico_de_la_Deuda_y_Otros_Pasivos_2017-2.pdf\">Descargar PDF<\/a><\/span><\/p>\n<\/li>\n<li>Estado anal\u00edtico de la deuda y otros pasivos 2017 Primer Trimestre\n<p class=\"lip\"><span class=\"descarga\"><a href=\"\/transparencia\/descargar.php?d=\/transparencia\/wp-content\/uploads\/finanzas\/infofinanciera\/Reporte_Analitico_de_la_Deuda_y_Otros_Pasivos_2017-1.pdf\">Descargar PDF<\/a><\/span><\/p>\n<\/li>\n<li>Estado anal\u00edtico de la deuda y otros pasivos 2016 Cuarto Trimestre\n<p class=\"lip\"><span class=\"descarga\"><a href=\"\/transparencia\/descargar.php?d=\/transparencia\/wp-content\/uploads\/finanzas\/infofinanciera\/Reporte_Analitico_de_la_Deuda_y_Otros_Pasivos_2016-4.pdf\">Descargar PDF<\/a><\/span><\/p>\n<\/li>\n<\/ul>\n","protected":false},"excerpt":{"rendered":"<p>&nbsp; Estado anal\u00edtico de la deuda y otros pasivos 2026 Primer Trimestre Descargar PDF Estado anal\u00edtico de la deuda y otros pasivos 2025 Cuarto Trimestre Descargar PDF Estado anal\u00edtico de la deuda y otros pasivos 2025 Tercer Trimestre Descargar PDF Estado anal\u00edtico de la deuda y otros pasivos 2025 Segundo Trimestre Descargar PDF Estado anal\u00edtico <a class=\"more-link\" href=\"https:\/\/acapulco.gob.mx\/transparencia\/finanzas-publicas-y-presupuestos\/informacion-financiera\/estado-analitico-de-la-deuda-y-otros-pasivos\/\">Continue reading <i class=\"fa fa-chevron-right\"><\/i><\/a><\/p>\n","protected":false},"author":1,"featured_media":0,"parent":61,"menu_order":0,"comment_status":"closed","ping_status":"closed","template":"","meta":[],"_links":{"self":[{"href":"https:\/\/acapulco.gob.mx\/transparencia\/wp-json\/wp\/v2\/pages\/2254"}],"collection":[{"href":"https:\/\/acapulco.gob.mx\/transparencia\/wp-json\/wp\/v2\/pages"}],"about":[{"href":"https:\/\/acapulco.gob.mx\/transparencia\/wp-json\/wp\/v2\/types\/page"}],"author":[{"embeddable":true,"href":"https:\/\/acapulco.gob.mx\/transparencia\/wp-json\/wp\/v2\/users\/1"}],"replies":[{"embeddable":true,"href":"https:\/\/acapulco.gob.mx\/transparencia\/wp-json\/wp\/v2\/comments?post=2254"}],"version-history":[{"count":47,"href":"https:\/\/acapulco.gob.mx\/transparencia\/wp-json\/wp\/v2\/pages\/2254\/revisions"}],"predecessor-version":[{"id":7977,"href":"https:\/\/acapulco.gob.mx\/transparencia\/wp-json\/wp\/v2\/pages\/2254\/revisions\/7977"}],"up":[{"embeddable":true,"href":"https:\/\/acapulco.gob.mx\/transparencia\/wp-json\/wp\/v2\/pages\/61"}],"wp:attachment":[{"href":"https:\/\/acapulco.gob.mx\/transparencia\/wp-json\/wp\/v2\/media?parent=2254"}],"curies":[{"name":"wp","href":"https:\/\/api.w.org\/{rel}","templated":true}]}}