{"id":2458,"date":"2017-05-18T16:52:14","date_gmt":"2017-05-18T16:52:14","guid":{"rendered":"https:\/\/acapulco.gob.mx\/transparencia\/?page_id=2458"},"modified":"2026-02-06T17:46:38","modified_gmt":"2026-02-06T17:46:38","slug":"xli","status":"publish","type":"page","link":"https:\/\/acapulco.gob.mx\/transparencia\/cumplimiento-de-la-ley-de-transparencia-y-acceso-a-la-informacion-publica\/xli\/","title":{"rendered":"XLI"},"content":{"rendered":"<p>&nbsp;<\/p>\n<ul>\n<li><a href=\"\/transparencia\/descargar.php?d=\/transparencia\/wp-content\/uploads\/lgtaip\/Formato_XLI_Estudios_financiados_con_recursos_publicos_2025_4.xlsx\">Estudios financiados con recursos p\u00fablicos (octubre &#8211; diciembre 2025)<\/a><\/li>\n<li><a href=\"\/transparencia\/descargar.php?d=\/transparencia\/wp-content\/uploads\/lgtaip\/Formato_XLI_Estudios_financiados_con_recursos_publicos_2025_3.xlsx\">Estudios financiados con recursos p\u00fablicos (julio &#8211; septiembre 2025)<\/a><\/li>\n<li><a href=\"\/transparencia\/descargar.php?d=\/transparencia\/wp-content\/uploads\/lgtaip\/Formato_XLI_Estudios_financiados_con_recursos_publicos_2025_2.xlsx\">Estudios financiados con recursos p\u00fablicos (abril &#8211; junio 2025)<\/a><\/li>\n<li><a href=\"\/transparencia\/descargar.php?d=\/transparencia\/wp-content\/uploads\/lgtaip\/Formato_XLI_Estudios_financiados_con_recursos_publicos_2025_1.xlsx\">Estudios financiados con recursos p\u00fablicos (enero &#8211; marzo 2025)<\/a><\/li>\n<li><a href=\"\/transparencia\/descargar.php?d=\/transparencia\/wp-content\/uploads\/lgtaip\/Formato_XLI_Estudios_financiados_con_recursos_publicos_2024_4.xlsx\">Estudios financiados con recursos p\u00fablicos (octubre &#8211; diciembre 2024)<\/a><\/li>\n<li><a href=\"\/transparencia\/descargar.php?d=\/transparencia\/wp-content\/uploads\/lgtaip\/Formato_XLI_Estudios_financiados_con_recursos_publicos_2024_3.xlsx\">Estudios financiados con recursos p\u00fablicos (julio &#8211; septiembre 2024)<\/a><\/li>\n<li><a href=\"\/transparencia\/descargar.php?d=\/transparencia\/wp-content\/uploads\/lgtaip\/Formato_XLI_Estudios_financiados_con_recursos_publicos_2024_2.xlsx\">Estudios financiados con recursos p\u00fablicos (abril &#8211; junio 2024)<\/a><\/li>\n<li><a href=\"\/transparencia\/descargar.php?d=\/transparencia\/wp-content\/uploads\/lgtaip\/Formato_XLI_Estudios_financiados_con_recursos_publicos_2024_1.xlsx\">Estudios financiados con recursos p\u00fablicos (enero &#8211; marzo 2024)<\/a><\/li>\n<li><a href=\"\/transparencia\/descargar.php?d=\/transparencia\/wp-content\/uploads\/lgtaip\/Formato_XLI_Estudios_financiados_con_recursos_publicos_2023_4.xlsx\">Estudios financiados con recursos p\u00fablicos (octubre &#8211; diciembre 2023)<\/a><\/li>\n<li><a href=\"\/transparencia\/descargar.php?d=\/transparencia\/wp-content\/uploads\/lgtaip\/Formato_XLI_Estudios_financiados_con_recursos_publicos_2023_2.xlsx\">Estudios financiados con recursos p\u00fablicos (abril &#8211; junio 2023)<\/a><\/li>\n<li><a href=\"\/transparencia\/descargar.php?d=\/transparencia\/wp-content\/uploads\/lgtaip\/Formato_XLI_Estudios_financiados_con_recursos_publicos_2023_1.xlsx\">Estudios financiados con recursos p\u00fablicos (enero &#8211; marzo 2023)<\/a><\/li>\n<li><a href=\"\/transparencia\/descargar.php?d=\/transparencia\/wp-content\/uploads\/lgtaip\/Formato_XLI_Estudios_financiados_con_recursos_publicos_2022_4.xlsx\">Estudios financiados con recursos p\u00fablicos (octubre &#8211; diciembre 2022)<\/a><\/li>\n<li><a href=\"\/transparencia\/descargar.php?d=\/transparencia\/wp-content\/uploads\/lgtaip\/Formato_XLI_Estudios_financiados_con_recursos_publicos_2022_3.xlsx\">Estudios financiados con recursos p\u00fablicos (julio &#8211; septiembre 2022)<\/a><\/li>\n<li><a href=\"\/transparencia\/descargar.php?d=\/transparencia\/wp-content\/uploads\/lgtaip\/Formato_XLI_Estudios_financiados_con_recursos_publicos_2022_2.xlsx\">Estudios financiados con recursos p\u00fablicos (abril &#8211; junio 2022)<\/a><\/li>\n<li><a href=\"\/transparencia\/descargar.php?d=\/transparencia\/wp-content\/uploads\/lgtaip\/Formato_XLI_Estudios_financiados_con_recursos_publicos_2022_1.xlsx\">Estudios financiados con recursos p\u00fablicos (enero &#8211; marzo 2022)<\/a><\/li>\n<li><a href=\"\/transparencia\/descargar.php?d=\/transparencia\/wp-content\/uploads\/lgtaip\/Formato_XLI_Estudios_financiados_con_recursos_publicos_2021_4.xlsx\">Estudios financiados con recursos p\u00fablicos (octubre &#8211; diciembre 2021)<\/a><\/li>\n<li><a href=\"\/transparencia\/descargar.php?d=\/transparencia\/wp-content\/uploads\/lgtaip\/Formato_XLI_Estudios_financiados_con_recursos_publicos_2021_3.xlsx\">Estudios financiados con recursos p\u00fablicos (julio &#8211; septiembre 2021)<\/a><\/li>\n<li><a href=\"\/transparencia\/descargar.php?d=\/transparencia\/wp-content\/uploads\/lgtaip\/Formato_XLI_Estudios_financiados_con_recursos_publicos_2021_2.xlsx\">Estudios financiados con recursos p\u00fablicos (abril &#8211; junio 2021)<\/a><\/li>\n<li><a href=\"\/transparencia\/descargar.php?d=\/transparencia\/wp-content\/uploads\/lgtaip\/Formato_XLI_Estudios_financiados_con_recursos_publicos_2021_1.xlsx\">Estudios financiados con recursos p\u00fablicos (enero &#8211; marzo 2021)<\/a><\/li>\n<li><a href=\"\/transparencia\/descargar.php?d=\/transparencia\/wp-content\/uploads\/lgtaip\/Formato_XLI_Estudios_financiados_con_recursos_publicos_2020_4.xlsx\">Estudios financiados con recursos p\u00fablicos (octubre &#8211; diciembre 2020)<\/a><\/li>\n<li><a href=\"\/transparencia\/descargar.php?d=\/transparencia\/wp-content\/uploads\/lgtaip\/Formato_XLI_Estudios_financiados_con_recursos_publicos_2019_3.xlsx\">Estudios financiados con recursos p\u00fablicos (julio &#8211; septiembre 2019)<\/a><\/li>\n<li><a href=\"\/transparencia\/descargar.php?d=\/transparencia\/wp-content\/uploads\/lgtaip\/Formato_XLI_Estudios_financiados_con_recursos_publicos_2019_2.xlsx\">Estudios financiados con recursos p\u00fablicos (abril &#8211; junio 2019)<\/a><\/li>\n<li><a href=\"\/transparencia\/descargar.php?d=\/transparencia\/wp-content\/uploads\/lgtaip\/Formato_XLI_Estudios_financiados_con_recursos_publicos_2019_1.xlsx\">Estudios financiados con recursos p\u00fablicos (enero &#8211; marzo 2019)<\/a><\/li>\n<li><a href=\"\/transparencia\/descargar.php?d=\/transparencia\/wp-content\/uploads\/lgtaip\/Formato_XLI_Estudios_financiados_con_recursos_publicos_2018_4.xlsx\">Estudios financiados con recursos p\u00fablicos (octubre &#8211; diciembre 2018)<\/a><\/li>\n<li><a href=\"\/transparencia\/descargar.php?d=\/transparencia\/wp-content\/uploads\/lgtaip\/Formato_XLI_Estudios_financiados_con_recursos_publicos_2018_3.xlsx\">Estudios financiados con recursos p\u00fablicos (julio &#8211; septiembre 2018)<\/a><\/li>\n<li><a href=\"\/transparencia\/descargar.php?d=\/transparencia\/wp-content\/uploads\/lgtaip\/Formato_XLI_Estudios_financiados_con_recursos_publicos_2018_2.xlsx\">Estudios financiados con recursos p\u00fablicos (abril &#8211; junio 2018)<\/a><\/li>\n<li><a href=\"\/transparencia\/descargar.php?d=\/transparencia\/wp-content\/uploads\/lgtaip\/Formato_XLI_Estudios_financiados_con_recursos_publicos_2018_1.xlsx\">Estudios financiados con recursos p\u00fablicos (enero &#8211; marzo 2018)<\/a><\/li>\n<li><a href=\"\/transparencia\/descargar.php?d=\/transparencia\/wp-content\/uploads\/lgtaip\/Formato_XLI-A_Estudios_financiados_con_recursos_publicos_2016-2018.xlsx\">Estudios financiados con recursos p\u00fablicos (2016 &#8211; 2018)<\/a><\/li>\n<li><a href=\"\/transparencia\/descargar.php?d=\/transparencia\/wp-content\/uploads\/lgtaip\/Formato_XLI-B_Estudios_elaborados_en_colaboracion_con_organizaciones_2016-2018.xlsx\">Estudios elaborados en colaboraci\u00f3n con organizaciones del sector social, privado y personas f\u00edsicas (2016 &#8211; 2018)<\/a><\/li>\n<li><a href=\"\/transparencia\/descargar.php?d=\/transparencia\/wp-content\/uploads\/lgtaip\/Formato_XLI-C_Estudios_cuya_elaboracion_se_contrato_a_organizaciones_2016-2018.xlsx\">Estudios cuya elaboraci\u00f3n se contrat\u00f3 a organizaciones de los sectores social y privado (2016 &#8211; 2018)<\/a><\/li>\n<li><a href=\"\/transparencia\/descargar.php?d=\/transparencia\/wp-content\/uploads\/lgtaip\/Formato_XLI-D_Estudios_elaborados_financiados_por_otras_instituciones_publicas_2016-2018.xlsx\">Estudios, investigaciones o an\u00e1lisis elaborados fueron financiados por otras instituciones p\u00fablicas (2016 &#8211; 2018)<\/a><\/li>\n<\/ul>\n","protected":false},"excerpt":{"rendered":"<p>&nbsp; Estudios financiados con recursos p\u00fablicos (octubre &#8211; diciembre 2025) Estudios financiados con recursos p\u00fablicos (julio &#8211; septiembre 2025) Estudios financiados con recursos p\u00fablicos (abril &#8211; junio 2025) Estudios financiados con recursos p\u00fablicos (enero &#8211; marzo 2025) Estudios financiados con recursos p\u00fablicos (octubre &#8211; diciembre 2024) Estudios financiados con recursos p\u00fablicos (julio &#8211; septiembre 2024) <a class=\"more-link\" href=\"https:\/\/acapulco.gob.mx\/transparencia\/cumplimiento-de-la-ley-de-transparencia-y-acceso-a-la-informacion-publica\/xli\/\">Continue reading <i class=\"fa fa-chevron-right\"><\/i><\/a><\/p>\n","protected":false},"author":1,"featured_media":0,"parent":2286,"menu_order":0,"comment_status":"closed","ping_status":"closed","template":"","meta":[],"_links":{"self":[{"href":"https:\/\/acapulco.gob.mx\/transparencia\/wp-json\/wp\/v2\/pages\/2458"}],"collection":[{"href":"https:\/\/acapulco.gob.mx\/transparencia\/wp-json\/wp\/v2\/pages"}],"about":[{"href":"https:\/\/acapulco.gob.mx\/transparencia\/wp-json\/wp\/v2\/types\/page"}],"author":[{"embeddable":true,"href":"https:\/\/acapulco.gob.mx\/transparencia\/wp-json\/wp\/v2\/users\/1"}],"replies":[{"embeddable":true,"href":"https:\/\/acapulco.gob.mx\/transparencia\/wp-json\/wp\/v2\/comments?post=2458"}],"version-history":[{"count":32,"href":"https:\/\/acapulco.gob.mx\/transparencia\/wp-json\/wp\/v2\/pages\/2458\/revisions"}],"predecessor-version":[{"id":7772,"href":"https:\/\/acapulco.gob.mx\/transparencia\/wp-json\/wp\/v2\/pages\/2458\/revisions\/7772"}],"up":[{"embeddable":true,"href":"https:\/\/acapulco.gob.mx\/transparencia\/wp-json\/wp\/v2\/pages\/2286"}],"wp:attachment":[{"href":"https:\/\/acapulco.gob.mx\/transparencia\/wp-json\/wp\/v2\/media?parent=2458"}],"curies":[{"name":"wp","href":"https:\/\/api.w.org\/{rel}","templated":true}]}}