{"id":2570,"date":"2017-08-15T23:20:40","date_gmt":"2017-08-15T23:20:40","guid":{"rendered":"https:\/\/acapulco.gob.mx\/transparencia\/?page_id=2570"},"modified":"2026-02-06T19:49:01","modified_gmt":"2026-02-06T19:49:01","slug":"conciliacion-entre-los-egresos-presupuestarios-y-los-gastos-contables","status":"publish","type":"page","link":"https:\/\/acapulco.gob.mx\/transparencia\/finanzas-publicas-y-presupuestos\/informacion-presupuestaria\/informes\/conciliacion-entre-los-egresos-presupuestarios-y-los-gastos-contables\/","title":{"rendered":"Conciliaci\u00f3n entre los Egresos Presupuestarios y los Gastos Contables"},"content":{"rendered":"<p>&nbsp;<\/p>\n<ul>\n<li>Conciliaci\u00f3n entre los Egresos Presupuestarios y los Gastos Contables 2025 Cuarto Trimestre\n<p class=\"lip\"><span class=\"descarga\"><a href=\"\/transparencia\/descargar.php?d=\/transparencia\/wp-content\/uploads\/finanzas\/infofinanciera\/Conciliacion_entre_los_Egresos_Presupuestarios_y_los_Gastos_Contables_2025-4.pdf\">Descargar PDF<\/a><\/span><\/p>\n<\/li>\n<li>Conciliaci\u00f3n entre los Egresos Presupuestarios y los Gastos Contables 2025 Tercer Trimestre\n<p class=\"lip\"><span class=\"descarga\"><a href=\"\/transparencia\/descargar.php?d=\/transparencia\/wp-content\/uploads\/finanzas\/infofinanciera\/Conciliacion_entre_los_Egresos_Presupuestarios_y_los_Gastos_Contables_2025-3.pdf\">Descargar PDF<\/a><\/span><\/p>\n<\/li>\n<li>Conciliaci\u00f3n entre los Egresos Presupuestarios y los Gastos Contables 2025 Segundo Trimestre\n<p class=\"lip\"><span class=\"descarga\"><a href=\"\/transparencia\/descargar.php?d=\/transparencia\/wp-content\/uploads\/finanzas\/infofinanciera\/Conciliacion_entre_los_Egresos_Presupuestarios_y_los_Gastos_Contables_2025-2.pdf\">Descargar PDF<\/a><\/span><\/p>\n<\/li>\n<li>Conciliaci\u00f3n entre los Egresos Presupuestarios y los Gastos Contables 2025 Primer Trimestre\n<p class=\"lip\"><span class=\"descarga\"><a href=\"\/transparencia\/descargar.php?d=\/transparencia\/wp-content\/uploads\/finanzas\/infofinanciera\/Conciliacion_entre_los_Egresos_Presupuestarios_y_los_Gastos_Contables_2025-1.pdf\">Descargar PDF<\/a><\/span><\/p>\n<\/li>\n<li>Conciliaci\u00f3n entre los Egresos Presupuestarios y los Gastos Contables 2024 Cuarto Trimestre\n<p class=\"lip\"><span class=\"descarga\"><a href=\"\/transparencia\/descargar.php?d=\/transparencia\/wp-content\/uploads\/finanzas\/infofinanciera\/Conciliacion_entre_los_Egresos_Presupuestarios_y_los_Gastos_Contables_2024-4.pdf\">Descargar PDF<\/a><\/span><\/p>\n<\/li>\n<li>Conciliaci\u00f3n entre los Egresos Presupuestarios y los Gastos Contables 2024 Tercer Trimestre\n<p class=\"lip\"><span class=\"descarga\"><a href=\"\/transparencia\/descargar.php?d=\/transparencia\/wp-content\/uploads\/finanzas\/infofinanciera\/Conciliacion_entre_los_Egresos_Presupuestarios_y_los_Gastos_Contables_2024-3.pdf\">Descargar PDF<\/a><\/span><\/p>\n<\/li>\n<li>Conciliaci\u00f3n entre los Egresos Presupuestarios y los Gastos Contables 2024 Segundo Trimestre\n<p class=\"lip\"><span class=\"descarga\"><a href=\"\/transparencia\/descargar.php?d=\/transparencia\/wp-content\/uploads\/finanzas\/infofinanciera\/Conciliacion_entre_los_Egresos_Presupuestarios_y_los_Gastos_Contables_2024-2.pdf\">Descargar PDF<\/a><\/span><\/p>\n<\/li>\n<li>Conciliaci\u00f3n entre los Egresos Presupuestarios y los Gastos Contables 2024 Primer Trimestre\n<p class=\"lip\"><span class=\"descarga\"><a href=\"\/transparencia\/descargar.php?d=\/transparencia\/wp-content\/uploads\/finanzas\/infofinanciera\/Conciliacion_entre_los_Egresos_Presupuestarios_y_los_Gastos_Contables_2024-1.pdf\">Descargar PDF<\/a><\/span><\/p>\n<\/li>\n<li>Conciliaci\u00f3n entre los Egresos Presupuestarios y los Gastos Contables 2023 Cuarto Trimestre\n<p class=\"lip\"><span class=\"descarga\"><a href=\"\/transparencia\/descargar.php?d=\/transparencia\/wp-content\/uploads\/finanzas\/infofinanciera\/Conciliacion_entre_los_Egresos_Presupuestarios_y_los_Gastos_Contables_2023-4.pdf\">Descargar PDF<\/a><\/span><\/p>\n<\/li>\n<li>Conciliaci\u00f3n entre los Egresos Presupuestarios y los Gastos Contables 2023 Tercer Trimestre\n<p class=\"lip\"><span class=\"descarga\"><a href=\"\/transparencia\/descargar.php?d=\/transparencia\/wp-content\/uploads\/finanzas\/infofinanciera\/Conciliacion_entre_los_Egresos_Presupuestarios_y_los_Gastos_Contables_2023-3.pdf\">Descargar PDF<\/a><\/span><\/p>\n<\/li>\n<li>Conciliaci\u00f3n entre los Egresos Presupuestarios y los Gastos Contables 2023 Segundo Trimestre\n<p class=\"lip\"><span class=\"descarga\"><a href=\"\/transparencia\/descargar.php?d=\/transparencia\/wp-content\/uploads\/finanzas\/infofinanciera\/Conciliacion_entre_los_Egresos_Presupuestarios_y_los_Gastos_Contables_2023-2.pdf\">Descargar PDF<\/a><\/span><\/p>\n<\/li>\n<li>Conciliaci\u00f3n entre los Egresos Presupuestarios y los Gastos Contables 2022 Cuarto Trimestre\n<p class=\"lip\"><span class=\"descarga\"><a href=\"\/transparencia\/descargar.php?d=\/transparencia\/wp-content\/uploads\/finanzas\/infofinanciera\/Conciliacion_entre_los_Egresos_Presupuestarios_y_los_Gastos_Contables_2022-4.pdf\">Descargar PDF<\/a><\/span><\/p>\n<\/li>\n<li>Conciliaci\u00f3n entre los Egresos Presupuestarios y los Gastos Contables 2022 Segundo Trimestre\n<p class=\"lip\"><span class=\"descarga\"><a href=\"\/transparencia\/descargar.php?d=\/transparencia\/wp-content\/uploads\/finanzas\/infofinanciera\/Conciliacion_entre_los_Egresos_Presupuestarios_y_los_Gastos_Contables_2022-2.pdf\">Descargar PDF<\/a><\/span><\/p>\n<\/li>\n<li>Conciliaci\u00f3n entre los Egresos Presupuestarios y los Gastos Contables 2021 Cuarto Trimestre\n<p class=\"lip\"><span class=\"descarga\"><a href=\"\/transparencia\/descargar.php?d=\/transparencia\/wp-content\/uploads\/finanzas\/infofinanciera\/Conciliacion_entre_los_Egresos_Presupuestarios_y_los_Gastos_Contables_2021-4.pdf\">Descargar PDF<\/a><\/span><\/p>\n<\/li>\n<li>Conciliaci\u00f3n entre los Egresos Presupuestarios y los Gastos Contables 2020 Cuarto Trimestre\n<p class=\"lip\"><span class=\"descarga\"><a href=\"\/transparencia\/descargar.php?d=\/transparencia\/wp-content\/uploads\/finanzas\/infofinanciera\/Conciliacion_entre_los_Egresos_Presupuestarios_y_los_Gastos_Contables_2020-4.pdf\">Descargar PDF<\/a><\/span><\/p>\n<\/li>\n<li>Conciliaci\u00f3n entre los Egresos Presupuestarios y los Gastos Contables 2020 Segundo Trimestre\n<p class=\"lip\"><span class=\"descarga\"><a href=\"\/transparencia\/descargar.php?d=\/transparencia\/wp-content\/uploads\/finanzas\/infofinanciera\/Conciliacion_entre_los_Egresos_Presupuestarios_y_los_Gastos_Contables_2020-2.pdf\">Descargar PDF<\/a><\/span><\/p>\n<\/li>\n<li>Conciliaci\u00f3n entre los Egresos Presupuestarios y los Gastos Contables 2020 Primer Trimestre\n<p class=\"lip\"><span class=\"descarga\"><a href=\"\/transparencia\/descargar.php?d=\/transparencia\/wp-content\/uploads\/finanzas\/infofinanciera\/Conciliacion_entre_los_Egresos_Presupuestarios_y_los_Gastos_Contables_2020-1.pdf\">Descargar PDF<\/a><\/span><\/p>\n<\/li>\n<li>Conciliaci\u00f3n entre los Egresos Presupuestarios y los Gastos Contables 2019 Primer Semestre\n<p class=\"lip\"><span class=\"descarga\"><a href=\"\/transparencia\/descargar.php?d=\/transparencia\/wp-content\/uploads\/finanzas\/infofinanciera\/Conciliacion_entre_los_Egresos_Presupuestarios_y_los_Gastos_Contables_2019-2.pdf\">Descargar PDF<\/a><\/span><\/p>\n<\/li>\n<li>Conciliaci\u00f3n entre los Egresos Presupuestarios y los Gastos Contables 2018 Segundo Semestre\n<p class=\"lip\"><span class=\"descarga\"><a href=\"\/transparencia\/descargar.php?d=\/transparencia\/wp-content\/uploads\/finanzas\/infofinanciera\/Conciliacion_entre_los_Egresos_Presupuestarios_y_los_Gastos_Contables_2018-4.pdf\">Descargar PDF<\/a><\/span><\/p>\n<\/li>\n<li>Conciliaci\u00f3n entre los Egresos Presupuestarios y los Gastos Contables 2018 Segundo Trimestre\n<p class=\"lip\"><span class=\"descarga\"><a href=\"\/transparencia\/descargar.php?d=\/transparencia\/wp-content\/uploads\/finanzas\/infofinanciera\/Conciliacion_entre_los_Egresos_Presupuestarios_y_los_Gastos_Contables_2018-2.pdf\">Descargar PDF<\/a><\/span><\/p>\n<\/li>\n<li>Conciliaci\u00f3n entre los Egresos Presupuestarios y los Gastos Contables 2018 Primer Trimestre\n<p class=\"lip\"><span class=\"descarga\"><a href=\"\/transparencia\/descargar.php?d=\/transparencia\/wp-content\/uploads\/finanzas\/infofinanciera\/Conciliacion_entre_los_Egresos_Presupuestarios_y_los_Gastos_Contables_2018-1.pdf\">Descargar PDF<\/a><\/span><\/p>\n<\/li>\n<li>Conciliaci\u00f3n entre los Egresos Presupuestarios y los Gastos Contables 2017 Cuarto Trimestre\n<p class=\"lip\"><span class=\"descarga\"><a href=\"\/transparencia\/descargar.php?d=\/transparencia\/wp-content\/uploads\/finanzas\/infofinanciera\/Conciliacion_entre_los_Egresos_Presupuestarios_y_los_Gastos_Contables_2017-4.pdf\">Descargar PDF<\/a><\/span><\/p>\n<\/li>\n<li>Conciliaci\u00f3n entre los Egresos Presupuestarios y los Gastos Contables 2017 Tercer Trimestre\n<p class=\"lip\"><span class=\"descarga\"><a href=\"\/transparencia\/descargar.php?d=\/transparencia\/wp-content\/uploads\/finanzas\/infofinanciera\/Conciliacion_entre_los_Egresos_Presupuestarios_y_los_Gastos_Contables_2017-3.pdf\">Descargar PDF<\/a><\/span><\/p>\n<\/li>\n<li>Conciliaci\u00f3n entre los Egresos Presupuestarios y los Gastos Contables 2017 Primer Semestre\n<p class=\"lip\"><span class=\"descarga\"><a href=\"\/transparencia\/descargar.php?d=\/transparencia\/wp-content\/uploads\/finanzas\/infofinanciera\/Conciliacion_entre_los_Egresos_Presupuestarios_y_los_Gastos_Contables_2017-2.pdf\">Descargar PDF<\/a><\/span><\/p>\n<\/li>\n<\/ul>\n","protected":false},"excerpt":{"rendered":"<p>&nbsp; Conciliaci\u00f3n entre los Egresos Presupuestarios y los Gastos Contables 2025 Cuarto Trimestre Descargar PDF Conciliaci\u00f3n entre los Egresos Presupuestarios y los Gastos Contables 2025 Tercer Trimestre Descargar PDF Conciliaci\u00f3n entre los Egresos Presupuestarios y los Gastos Contables 2025 Segundo Trimestre Descargar PDF Conciliaci\u00f3n entre los Egresos Presupuestarios y los Gastos Contables 2025 Primer Trimestre <a class=\"more-link\" href=\"https:\/\/acapulco.gob.mx\/transparencia\/finanzas-publicas-y-presupuestos\/informacion-presupuestaria\/informes\/conciliacion-entre-los-egresos-presupuestarios-y-los-gastos-contables\/\">Continue reading <i class=\"fa fa-chevron-right\"><\/i><\/a><\/p>\n","protected":false},"author":1,"featured_media":0,"parent":1883,"menu_order":0,"comment_status":"closed","ping_status":"closed","template":"","meta":[],"_links":{"self":[{"href":"https:\/\/acapulco.gob.mx\/transparencia\/wp-json\/wp\/v2\/pages\/2570"}],"collection":[{"href":"https:\/\/acapulco.gob.mx\/transparencia\/wp-json\/wp\/v2\/pages"}],"about":[{"href":"https:\/\/acapulco.gob.mx\/transparencia\/wp-json\/wp\/v2\/types\/page"}],"author":[{"embeddable":true,"href":"https:\/\/acapulco.gob.mx\/transparencia\/wp-json\/wp\/v2\/users\/1"}],"replies":[{"embeddable":true,"href":"https:\/\/acapulco.gob.mx\/transparencia\/wp-json\/wp\/v2\/comments?post=2570"}],"version-history":[{"count":26,"href":"https:\/\/acapulco.gob.mx\/transparencia\/wp-json\/wp\/v2\/pages\/2570\/revisions"}],"predecessor-version":[{"id":7814,"href":"https:\/\/acapulco.gob.mx\/transparencia\/wp-json\/wp\/v2\/pages\/2570\/revisions\/7814"}],"up":[{"embeddable":true,"href":"https:\/\/acapulco.gob.mx\/transparencia\/wp-json\/wp\/v2\/pages\/1883"}],"wp:attachment":[{"href":"https:\/\/acapulco.gob.mx\/transparencia\/wp-json\/wp\/v2\/media?parent=2570"}],"curies":[{"name":"wp","href":"https:\/\/api.w.org\/{rel}","templated":true}]}}