{"id":2696,"date":"2017-09-25T14:55:19","date_gmt":"2017-09-25T14:55:19","guid":{"rendered":"https:\/\/acapulco.gob.mx\/transparencia\/?page_id=2696"},"modified":"2025-05-02T17:11:14","modified_gmt":"2025-05-02T17:11:14","slug":"cuentas-publicas","status":"publish","type":"page","link":"https:\/\/acapulco.gob.mx\/transparencia\/cuentas-publicas\/","title":{"rendered":"4. Cuentas P\u00fablicas"},"content":{"rendered":"<p>&nbsp;<br \/>\n<strong>Administraci\u00f3n 2024-2027<\/strong><\/p>\n<ul>\n<li><a href=\"\/transparencia\/cuentas-publicas\/ejercicio-fiscal-2024\/\">4.10 Ejercicio Fiscal 2024<\/a><\/li>\n<\/ul>\n<hr \/>\n<p><strong>Administraci\u00f3n 2021-2024<\/strong><\/p>\n<ul>\n<li><a href=\"\/transparencia\/cuentas-publicas\/ejercicio-fiscal-2021\/\">4.7 Ejercicio Fiscal 2021<\/a><\/li>\n<li><a href=\"\/transparencia\/cuentas-publicas\/ejercicio-fiscal-2022\/\">4.8 Ejercicio Fiscal 2022<\/a><\/li>\n<li><a href=\"\/transparencia\/cuentas-publicas\/ejercicio-fiscal-2023\/\">4.9 Ejercicio Fiscal 2023<\/a><\/li>\n<\/ul>\n<hr \/>\n<p><strong>Administraci\u00f3n 2018-2021<\/strong><\/p>\n<ul>\n<li><a href=\"\/transparencia\/cuentas-publicas\/ejercicio-fiscal-2018\/\">4.4 Ejercicio Fiscal 2018<\/a><\/li>\n<li><a href=\"\/transparencia\/cuentas-publicas\/ejercicio-fiscal-2019\/\">4.5 Ejercicio Fiscal 2019<\/a><\/li>\n<li><a href=\"\/transparencia\/cuentas-publicas\/ejercicio-fiscal-2020\/\">4.6 Ejercicio Fiscal 2020<\/a><\/li>\n<\/ul>\n<hr \/>\n<p><strong>Administraci\u00f3n 2015-2018<\/strong><\/p>\n<ul>\n<li><a href=\"\/transparencia\/cuentas-publicas\/ejercicio-fiscal-2015\/\">4.1 Ejercicio Fiscal 2015<\/a><\/li>\n<li><a href=\"\/transparencia\/cuentas-publicas\/ejercicio-fiscal-2016\/\">4.2 Ejercicio Fiscal 2016<\/a><\/li>\n<li><a href=\"\/transparencia\/cuentas-publicas\/ejercicio-fiscal-2017\/\">4.3 Ejercicio Fiscal 2017<\/a><\/li>\n<\/ul>\n<hr \/>\n<p><strong>Administraci\u00f3n 2012-2015<\/strong><\/p>\n<ul>\n<li>Ejercicio Fiscal 2014\n<p class=\"lip\"><span class=\"descarga\"><a href=\"\/transparencia\/descargar.php?d=\/transparencia\/wp-content\/uploads\/finanzas\/infofinanciera\/Estado_de_Situacion_Financiera_2014.pdf\" target=\"_blank\" rel=\"noopener noreferrer\">Descargar PDF<\/a><\/span><\/p>\n<\/li>\n<li>Ejercicio Fiscal 2013\n<p class=\"lip\"><span class=\"descarga\"><a href=\"\/transparencia\/descargar.php?d=\/transparencia\/wp-content\/uploads\/finanzas\/cuentapublica\/Cuenta_Publica_2013.xlsx\" target=\"_blank\" rel=\"noopener noreferrer\">Descargar XLS<\/a> | <a href=\"\/transparencia\/descargar.php?d=\/transparencia\/wp-content\/uploads\/finanzas\/cuentapublica\/Cuenta_Publica_2013.pdf\" target=\"_blank\" rel=\"noopener noreferrer\">Descargar PDF<\/a><\/span><\/p>\n<\/li>\n<li>Ejercicio Fiscal 2012\n<p class=\"lip\"><span class=\"descarga\"><a href=\"\/transparencia\/descargar.php?d=\/transparencia\/wp-content\/uploads\/finanzas\/cuentapublica\/Cuenta_Publica_2012.xlsx\" target=\"_blank\" rel=\"noopener noreferrer\">Descargar XLS<\/a> | <a href=\"\/transparencia\/descargar.php?d=\/transparencia\/wp-content\/uploads\/finanzas\/cuentapublica\/Cuenta_Publica_2012.pdf\" target=\"_blank\" rel=\"noopener noreferrer\">Descargar PDF<\/a><\/span><\/p>\n<\/li>\n<\/ul>\n","protected":false},"excerpt":{"rendered":"<p>&nbsp; Administraci\u00f3n 2024-2027 4.10 Ejercicio Fiscal 2024 Administraci\u00f3n 2021-2024 4.7 Ejercicio Fiscal 2021 4.8 Ejercicio Fiscal 2022 4.9 Ejercicio Fiscal 2023 Administraci\u00f3n 2018-2021 4.4 Ejercicio Fiscal 2018 4.5 Ejercicio Fiscal 2019 4.6 Ejercicio Fiscal 2020 Administraci\u00f3n 2015-2018 4.1 Ejercicio Fiscal 2015 4.2 Ejercicio Fiscal 2016 4.3 Ejercicio Fiscal 2017 Administraci\u00f3n 2012-2015 Ejercicio Fiscal 2014 Descargar <a class=\"more-link\" href=\"https:\/\/acapulco.gob.mx\/transparencia\/cuentas-publicas\/\">Continue reading <i class=\"fa fa-chevron-right\"><\/i><\/a><\/p>\n","protected":false},"author":1,"featured_media":0,"parent":0,"menu_order":0,"comment_status":"closed","ping_status":"closed","template":"","meta":[],"_links":{"self":[{"href":"https:\/\/acapulco.gob.mx\/transparencia\/wp-json\/wp\/v2\/pages\/2696"}],"collection":[{"href":"https:\/\/acapulco.gob.mx\/transparencia\/wp-json\/wp\/v2\/pages"}],"about":[{"href":"https:\/\/acapulco.gob.mx\/transparencia\/wp-json\/wp\/v2\/types\/page"}],"author":[{"embeddable":true,"href":"https:\/\/acapulco.gob.mx\/transparencia\/wp-json\/wp\/v2\/users\/1"}],"replies":[{"embeddable":true,"href":"https:\/\/acapulco.gob.mx\/transparencia\/wp-json\/wp\/v2\/comments?post=2696"}],"version-history":[{"count":17,"href":"https:\/\/acapulco.gob.mx\/transparencia\/wp-json\/wp\/v2\/pages\/2696\/revisions"}],"predecessor-version":[{"id":7377,"href":"https:\/\/acapulco.gob.mx\/transparencia\/wp-json\/wp\/v2\/pages\/2696\/revisions\/7377"}],"wp:attachment":[{"href":"https:\/\/acapulco.gob.mx\/transparencia\/wp-json\/wp\/v2\/media?parent=2696"}],"curies":[{"name":"wp","href":"https:\/\/api.w.org\/{rel}","templated":true}]}}