{"id":2721,"date":"2017-09-25T15:24:00","date_gmt":"2017-09-25T15:24:00","guid":{"rendered":"https:\/\/acapulco.gob.mx\/transparencia\/?page_id=2721"},"modified":"2017-09-26T17:06:12","modified_gmt":"2017-09-26T17:06:12","slug":"informacion-contable","status":"publish","type":"page","link":"https:\/\/acapulco.gob.mx\/transparencia\/cuentas-publicas\/ejercicio-fiscal-2015\/cuenta-publica-2015\/informacion-contable\/","title":{"rendered":"I. Informaci\u00f3n Contable"},"content":{"rendered":"<p>[learn_more caption=&#8221;&#8221; state=&#8221;open&#8221;]<\/p>\n<ul>\n<li><a href=\"\/transparencia\/descargar.php?d=\/transparencia\/wp-content\/uploads\/finanzas\/cuentapublica\/2015\/cuentapublica\/infocontable\/Estado_Analitico_del_Activo_2015-4.pdf\" target=\"_blank\">Estado Anal\u00edtico del Activo<\/a><\/li>\n<li><a href=\"\/transparencia\/descargar.php?d=\/transparencia\/wp-content\/uploads\/finanzas\/cuentapublica\/2015\/cuentapublica\/infocontable\/Estado_de_Actividades_2015-4.pdf\" target=\"_blank\">Estado de Actividades<\/a><\/li>\n<li><a href=\"\/transparencia\/descargar.php?d=\/transparencia\/wp-content\/uploads\/finanzas\/cuentapublica\/2015\/cuentapublica\/infocontable\/Estado_de_Actividades_2015-consolidado.pdf\" target=\"_blank\">Estado de Actividades (Consolidado)<\/a><\/li>\n<li><a href=\"\/transparencia\/descargar.php?d=\/transparencia\/wp-content\/uploads\/finanzas\/cuentapublica\/2015\/cuentapublica\/infocontable\/Estado_de_Cambios_en_la_Situacion_Financiera_2015-4.pdf\" target=\"_blank\">Estado de Cambios en la Situaci\u00f3n Financiera<\/a><\/li>\n<li><a href=\"\/transparencia\/descargar.php?d=\/transparencia\/wp-content\/uploads\/finanzas\/cuentapublica\/2015\/cuentapublica\/infocontable\/Estado_de_Cambios_en_la_Situacion_Financiera_2015-consolidado.pdf\" target=\"_blank\">Estado de Cambios en la Situaci\u00f3n Financiera (Consolidado)<\/a><\/li>\n<li><a href=\"\/transparencia\/descargar.php?d=\/transparencia\/wp-content\/uploads\/finanzas\/cuentapublica\/2015\/cuentapublica\/infocontable\/Estado_de_Flujos_de_Efectivo_2015-4.pdf\" target=\"_blank\">Estado de Flujos de Efectivo<\/a><\/li>\n<li><a href=\"\/transparencia\/descargar.php?d=\/transparencia\/wp-content\/uploads\/finanzas\/cuentapublica\/2015\/cuentapublica\/infocontable\/Estado_de_Flujos_de_Efectivo_2015-consolidado.pdf\" target=\"_blank\">Estado de Flujos de Efectivo (Consolidado)<\/a><\/li>\n<li><a href=\"\/transparencia\/descargar.php?d=\/transparencia\/wp-content\/uploads\/finanzas\/cuentapublica\/2015\/cuentapublica\/infocontable\/Estado_de_Situacion_Financiera_2015-4.pdf\" target=\"_blank\">Estado de Situaci\u00f3n Financiera<\/a><\/li>\n<li><a href=\"\/transparencia\/descargar.php?d=\/transparencia\/wp-content\/uploads\/finanzas\/cuentapublica\/2015\/cuentapublica\/infocontable\/Estado_de_Situacion_Financiera_2015-consolidado.pdf\" target=\"_blank\">Estado de Situaci\u00f3n Financiera (Consolidado)<\/a><\/li>\n<li><a href=\"\/transparencia\/descargar.php?d=\/transparencia\/wp-content\/uploads\/finanzas\/cuentapublica\/2015\/cuentapublica\/infocontable\/Estado_de_Variaciones_en_la_Hacienda_Publica_2015-4.pdf\" target=\"_blank\">Estado de Variaciones en la Hacienda P\u00fablica<\/a><\/li>\n<li><a href=\"\/transparencia\/descargar.php?d=\/transparencia\/wp-content\/uploads\/finanzas\/cuentapublica\/2015\/cuentapublica\/infocontable\/Estado_de_Variaciones_en_la_Hacienda_Publica_2015-consolidado.pdf\" target=\"_blank\">Estado de Variaciones en la Hacienda P\u00fablica (Consolidado)<\/a><\/li>\n<li><a href=\"\/transparencia\/descargar.php?d=\/transparencia\/wp-content\/uploads\/finanzas\/cuentapublica\/2015\/cuentapublica\/infocontable\/Notas_a_los_Estados_Financieros-desglose_y_memorias_2015-4.pdf\" target=\"_blank\">Notas a los Estados Financieros \/ Notas de Desglose<\/a><\/li>\n<li><a href=\"\/transparencia\/descargar.php?d=\/transparencia\/wp-content\/uploads\/finanzas\/cuentapublica\/2015\/cuentapublica\/infocontable\/Notas_a_los_Estados_Financieros_2015-consolidado.pdf\" target=\"_blank\">Notas a los Estados Financieros (Consolidado)<\/a><\/li>\n<li><a href=\"\/transparencia\/descargar.php?d=\/transparencia\/wp-content\/uploads\/finanzas\/cuentapublica\/2015\/cuentapublica\/infocontable\/Notas_de_Gestion_Administrativa_2015-4.pdf\" target=\"_blank\">Notas de Gesti\u00f3n Administrativa<\/a><\/li>\n<\/ul>\n<p>[\/learn_more]<\/p>\n","protected":false},"excerpt":{"rendered":"<p>[learn_more caption=&#8221;&#8221; state=&#8221;open&#8221;] Estado Anal\u00edtico del Activo Estado de Actividades Estado de Actividades (Consolidado) Estado de Cambios en la Situaci\u00f3n Financiera Estado de Cambios en la Situaci\u00f3n Financiera (Consolidado) Estado de Flujos de Efectivo Estado de Flujos de Efectivo (Consolidado) Estado de Situaci\u00f3n Financiera Estado de Situaci\u00f3n Financiera (Consolidado) Estado de Variaciones en la Hacienda <a class=\"more-link\" href=\"https:\/\/acapulco.gob.mx\/transparencia\/cuentas-publicas\/ejercicio-fiscal-2015\/cuenta-publica-2015\/informacion-contable\/\">Continue reading <i class=\"fa fa-chevron-right\"><\/i><\/a><\/p>\n","protected":false},"author":1,"featured_media":0,"parent":2703,"menu_order":0,"comment_status":"closed","ping_status":"closed","template":"","meta":[],"_links":{"self":[{"href":"https:\/\/acapulco.gob.mx\/transparencia\/wp-json\/wp\/v2\/pages\/2721"}],"collection":[{"href":"https:\/\/acapulco.gob.mx\/transparencia\/wp-json\/wp\/v2\/pages"}],"about":[{"href":"https:\/\/acapulco.gob.mx\/transparencia\/wp-json\/wp\/v2\/types\/page"}],"author":[{"embeddable":true,"href":"https:\/\/acapulco.gob.mx\/transparencia\/wp-json\/wp\/v2\/users\/1"}],"replies":[{"embeddable":true,"href":"https:\/\/acapulco.gob.mx\/transparencia\/wp-json\/wp\/v2\/comments?post=2721"}],"version-history":[{"count":3,"href":"https:\/\/acapulco.gob.mx\/transparencia\/wp-json\/wp\/v2\/pages\/2721\/revisions"}],"predecessor-version":[{"id":2754,"href":"https:\/\/acapulco.gob.mx\/transparencia\/wp-json\/wp\/v2\/pages\/2721\/revisions\/2754"}],"up":[{"embeddable":true,"href":"https:\/\/acapulco.gob.mx\/transparencia\/wp-json\/wp\/v2\/pages\/2703"}],"wp:attachment":[{"href":"https:\/\/acapulco.gob.mx\/transparencia\/wp-json\/wp\/v2\/media?parent=2721"}],"curies":[{"name":"wp","href":"https:\/\/api.w.org\/{rel}","templated":true}]}}