{"id":2722,"date":"2017-09-25T15:24:26","date_gmt":"2017-09-25T15:24:26","guid":{"rendered":"https:\/\/acapulco.gob.mx\/transparencia\/?page_id=2722"},"modified":"2017-09-26T17:22:17","modified_gmt":"2017-09-26T17:22:17","slug":"informacion-presupuestaria","status":"publish","type":"page","link":"https:\/\/acapulco.gob.mx\/transparencia\/cuentas-publicas\/ejercicio-fiscal-2015\/cuenta-publica-2015\/informacion-presupuestaria\/","title":{"rendered":"II. Informaci\u00f3n Presupuestaria"},"content":{"rendered":"<p>[learn_more caption=&#8221;&#8221; state=&#8221;open&#8221;]<\/p>\n<ul>\n<li>Estado Anal\u00edtico del Ejercicio del Presupuesto de Egresos\n<ul>\n<li><a href=\"\/transparencia\/descargar.php?d=\/transparencia\/wp-content\/uploads\/finanzas\/cuentapublica\/2015\/cuentapublica\/infopresupuestaria\/Estado_Analitico_Ejercicio_Presupuesto_de_Egresos-Clasif_Administrativa_2015-4.pdf\" target=\"_blank\">Clasificaci\u00f3n Administrativa<\/a><\/li>\n<li><a href=\"\/transparencia\/descargar.php?d=\/transparencia\/wp-content\/uploads\/finanzas\/cuentapublica\/2015\/cuentapublica\/infopresupuestaria\/Estado_Analitico_Ejercicio_Presupuesto_de_Egresos-Clasif_Economica_2015-4.pdf\" target=\"_blank\">Clasificaci\u00f3n Econ\u00f3mica<\/a><\/li>\n<li><a href=\"\/transparencia\/descargar.php?d=\/transparencia\/wp-content\/uploads\/finanzas\/cuentapublica\/2015\/cuentapublica\/infopresupuestaria\/Estado_Analitico_Ejercicio_Presupuesto_de_Egresos-Clasif_FuentesdeFinanciamiento_2015-4.pdf\" target=\"_blank\">Clasificaci\u00f3n por Fuentes de Financiamiento<\/a><\/li>\n<li><a href=\"\/transparencia\/descargar.php?d=\/transparencia\/wp-content\/uploads\/finanzas\/cuentapublica\/2015\/cuentapublica\/infopresupuestaria\/Estado_Analitico_Ejercicio_Presupuesto_de_Egresos-Clasif_Funcional_2015-4.pdf\" target=\"_blank\">Clasificaci\u00f3n Funcional<\/a><\/li>\n<li><a href=\"\/transparencia\/descargar.php?d=\/transparencia\/wp-content\/uploads\/finanzas\/cuentapublica\/2015\/cuentapublica\/infopresupuestaria\/Estado_Analitico_Ejercicio_Presupuesto_de_Egresos-Clasif_ObjetoDelGasto_2015-4.pdf\" target=\"_blank\">Clasificaci\u00f3n por Objeto del Gasto<\/a><\/li>\n<\/ul>\n<\/li>\n<\/ul>\n<p>[\/learn_more]<\/p>\n","protected":false},"excerpt":{"rendered":"<p>[learn_more caption=&#8221;&#8221; state=&#8221;open&#8221;] Estado Anal\u00edtico del Ejercicio del Presupuesto de Egresos Clasificaci\u00f3n Administrativa Clasificaci\u00f3n Econ\u00f3mica Clasificaci\u00f3n por Fuentes de Financiamiento Clasificaci\u00f3n Funcional Clasificaci\u00f3n por Objeto del Gasto [\/learn_more]<\/p>\n","protected":false},"author":1,"featured_media":0,"parent":2703,"menu_order":0,"comment_status":"closed","ping_status":"closed","template":"","meta":[],"_links":{"self":[{"href":"https:\/\/acapulco.gob.mx\/transparencia\/wp-json\/wp\/v2\/pages\/2722"}],"collection":[{"href":"https:\/\/acapulco.gob.mx\/transparencia\/wp-json\/wp\/v2\/pages"}],"about":[{"href":"https:\/\/acapulco.gob.mx\/transparencia\/wp-json\/wp\/v2\/types\/page"}],"author":[{"embeddable":true,"href":"https:\/\/acapulco.gob.mx\/transparencia\/wp-json\/wp\/v2\/users\/1"}],"replies":[{"embeddable":true,"href":"https:\/\/acapulco.gob.mx\/transparencia\/wp-json\/wp\/v2\/comments?post=2722"}],"version-history":[{"count":3,"href":"https:\/\/acapulco.gob.mx\/transparencia\/wp-json\/wp\/v2\/pages\/2722\/revisions"}],"predecessor-version":[{"id":2758,"href":"https:\/\/acapulco.gob.mx\/transparencia\/wp-json\/wp\/v2\/pages\/2722\/revisions\/2758"}],"up":[{"embeddable":true,"href":"https:\/\/acapulco.gob.mx\/transparencia\/wp-json\/wp\/v2\/pages\/2703"}],"wp:attachment":[{"href":"https:\/\/acapulco.gob.mx\/transparencia\/wp-json\/wp\/v2\/media?parent=2722"}],"curies":[{"name":"wp","href":"https:\/\/api.w.org\/{rel}","templated":true}]}}