{"id":2736,"date":"2017-09-25T15:27:59","date_gmt":"2017-09-25T15:27:59","guid":{"rendered":"https:\/\/acapulco.gob.mx\/transparencia\/?page_id=2736"},"modified":"2017-11-09T19:16:19","modified_gmt":"2017-11-09T19:16:19","slug":"anexos","status":"publish","type":"page","link":"https:\/\/acapulco.gob.mx\/transparencia\/cuentas-publicas\/ejercicio-fiscal-2016\/cuenta-publica-2016\/anexos\/","title":{"rendered":"III. Anexos"},"content":{"rendered":"<p>[learn_more caption=&#8221;6.1 Informaci\u00f3n General&#8221; state=&#8221;open&#8221;]<\/p>\n<ul>\n<li><a href=\"\/transparencia\/descargar.php?d=\/transparencia\/wp-content\/uploads\/finanzas\/cuentapublica\/2016\/cuentapublica\/anexos\/general\/Estructura_Organica.pdf\" target=\"_blank\">Estructura Org\u00e1nica<\/a><\/li>\n<li><a href=\"\/transparencia\/descargar.php?d=\/transparencia\/wp-content\/uploads\/finanzas\/cuentapublica\/2016\/cuentapublica\/anexos\/general\/Inventario_de_Bienes_Inmuebles.pdf\" target=\"_blank\">Inventario de Bienes Inmuebles<\/a><\/li>\n<li><a href=\"\/transparencia\/descargar.php?d=\/transparencia\/wp-content\/uploads\/finanzas\/cuentapublica\/2016\/cuentapublica\/anexos\/general\/Inventario_de_Bienes_Muebles.pdf\" target=\"_blank\">Inventario de Bienes Muebles<\/a><\/li>\n<\/ul>\n<p>[\/learn_more]<br \/>\n[learn_more caption=&#8221;6.2 Informaci\u00f3n Contable&#8221; state=&#8221;open&#8221;]<\/p>\n<ul>\n<li><a href=\"\/transparencia\/descargar.php?d=\/transparencia\/wp-content\/uploads\/finanzas\/cuentapublica\/2016\/cuentapublica\/anexos\/contable\/Relacion_de_Cuentas_Bancarias_2016.pdf\" target=\"_blank\">Relaci\u00f3n de Cuentas Bancarias<\/a><\/li>\n<\/ul>\n<p>[\/learn_more]<br \/>\n[learn_more caption=&#8221;6.4 Informaci\u00f3n de Deuda P\u00fablica&#8221; state=&#8221;open&#8221;]<\/p>\n<ul>\n<li><a href=\"\/transparencia\/descargar.php?d=\/transparencia\/wp-content\/uploads\/finanzas\/cuentapublica\/2016\/cuentapublica\/anexos\/deudapublica\/Reporte_Analitico_de_la_Deuda_y_Otros_Pasivos.pdf\" target=\"_blank\">Reporte Anal\u00edtico de la Deuda y Otros Pasivos<\/a><\/li>\n<li><a href=\"\/transparencia\/descargar.php?d=\/transparencia\/wp-content\/uploads\/finanzas\/cuentapublica\/2016\/cuentapublica\/anexos\/deudapublica\/Resumen_de_Amortizaciones.pdf\" target=\"_blank\">Resumen de Amortizaciones<\/a><\/li>\n<\/ul>\n<p>[\/learn_more]<br \/>\n[learn_more caption=&#8221;6.5 Informaci\u00f3n Program\u00e1tica&#8221; state=&#8221;open&#8221;]<\/p>\n<ul>\n<li><a href=\"\/transparencia\/descargar.php?d=\/transparencia\/wp-content\/uploads\/finanzas\/cuentapublica\/2016\/cuentapublica\/anexos\/programatica\/Gasto_por_Categoria_Programatica.pdf\" target=\"_blank\">Gasto por Categor\u00eda Program\u00e1tica<\/a><\/li>\n<li><a href=\"\/transparencia\/descargar.php?d=\/transparencia\/wp-content\/uploads\/finanzas\/cuentapublica\/2016\/cuentapublica\/anexos\/programatica\/Programas_y_Proyectos_de_Inversion.pdf\" target=\"_blank\">Programas y Proyectos de Inversi\u00f3n<\/a><\/li>\n<\/ul>\n<p>[\/learn_more]<br \/>\n[learn_more caption=&#8221;6.6 Informaci\u00f3n de Obra P\u00fablica y Acciones&#8221; state=&#8221;open&#8221;]<\/p>\n<ul>\n<li><a href=\"\/transparencia\/descargar.php?d=\/transparencia\/wp-content\/uploads\/finanzas\/cuentapublica\/2016\/cuentapublica\/anexos\/obrapublicayacciones\/Programa_de_Inversion_Anual_en_Obras.pdf\" target=\"_blank\">Programa de Inversi\u00f3n Anual en Obras<\/a><\/li>\n<li><a href=\"\/transparencia\/descargar.php?d=\/transparencia\/wp-content\/uploads\/finanzas\/cuentapublica\/2016\/cuentapublica\/anexos\/obrapublicayacciones\/Reporte_Fisico_Financiero_de_Obras_y_Acciones.pdf\" target=\"_blank\">Reporte de Avance F\u00edsico-Financiero de Obras y Acciones<\/a><\/li>\n<\/ul>\n<p>[\/learn_more]<br \/>\n[learn_more caption=&#8221;6.7 Informaci\u00f3n de Evaluaci\u00f3n del Desempe\u00f1o&#8221; state=&#8221;open&#8221;]<\/p>\n<ul>\n<li><a href=\"\/transparencia\/descargar.php?d=\/transparencia\/wp-content\/uploads\/finanzas\/cuentapublica\/2016\/cuentapublica\/anexos\/evaluacion\/Inversion_del_Fondo.pdf\" target=\"_blank\">Inversion del Fondo y\/o Programa en Obras y\/o Actividades Institucionales<\/a><\/li>\n<\/ul>\n<p>[\/learn_more]<br \/>\n[learn_more caption=&#8221;6.8 Informaci\u00f3n de Disciplina Financiera&#8221; state=&#8221;open&#8221;]<\/p>\n<ul>\n<li><a href=\"\/transparencia\/descargar.php?d=\/transparencia\/wp-content\/uploads\/finanzas\/cuentapublica\/2016\/cuentapublica\/anexos\/disciplinafinanciera\/Balance_Presupuestario.pdf\" target=\"_blank\">Balance Presupuestario<\/a><\/li>\n<\/ul>\n<p>[\/learn_more]<\/p>\n","protected":false},"excerpt":{"rendered":"<p>[learn_more caption=&#8221;6.1 Informaci\u00f3n General&#8221; state=&#8221;open&#8221;] Estructura Org\u00e1nica Inventario de Bienes Inmuebles Inventario de Bienes Muebles [\/learn_more] [learn_more caption=&#8221;6.2 Informaci\u00f3n Contable&#8221; state=&#8221;open&#8221;] Relaci\u00f3n de Cuentas Bancarias [\/learn_more] [learn_more caption=&#8221;6.4 Informaci\u00f3n de Deuda P\u00fablica&#8221; state=&#8221;open&#8221;] Reporte Anal\u00edtico de la Deuda y Otros Pasivos Resumen de Amortizaciones [\/learn_more] [learn_more caption=&#8221;6.5 Informaci\u00f3n Program\u00e1tica&#8221; state=&#8221;open&#8221;] Gasto por Categor\u00eda Program\u00e1tica Programas <a class=\"more-link\" href=\"https:\/\/acapulco.gob.mx\/transparencia\/cuentas-publicas\/ejercicio-fiscal-2016\/cuenta-publica-2016\/anexos\/\">Continue reading <i class=\"fa fa-chevron-right\"><\/i><\/a><\/p>\n","protected":false},"author":1,"featured_media":0,"parent":2704,"menu_order":0,"comment_status":"closed","ping_status":"closed","template":"","meta":[],"_links":{"self":[{"href":"https:\/\/acapulco.gob.mx\/transparencia\/wp-json\/wp\/v2\/pages\/2736"}],"collection":[{"href":"https:\/\/acapulco.gob.mx\/transparencia\/wp-json\/wp\/v2\/pages"}],"about":[{"href":"https:\/\/acapulco.gob.mx\/transparencia\/wp-json\/wp\/v2\/types\/page"}],"author":[{"embeddable":true,"href":"https:\/\/acapulco.gob.mx\/transparencia\/wp-json\/wp\/v2\/users\/1"}],"replies":[{"embeddable":true,"href":"https:\/\/acapulco.gob.mx\/transparencia\/wp-json\/wp\/v2\/comments?post=2736"}],"version-history":[{"count":3,"href":"https:\/\/acapulco.gob.mx\/transparencia\/wp-json\/wp\/v2\/pages\/2736\/revisions"}],"predecessor-version":[{"id":2815,"href":"https:\/\/acapulco.gob.mx\/transparencia\/wp-json\/wp\/v2\/pages\/2736\/revisions\/2815"}],"up":[{"embeddable":true,"href":"https:\/\/acapulco.gob.mx\/transparencia\/wp-json\/wp\/v2\/pages\/2704"}],"wp:attachment":[{"href":"https:\/\/acapulco.gob.mx\/transparencia\/wp-json\/wp\/v2\/media?parent=2736"}],"curies":[{"name":"wp","href":"https:\/\/api.w.org\/{rel}","templated":true}]}}