{"id":2817,"date":"2017-11-10T18:57:58","date_gmt":"2017-11-10T18:57:58","guid":{"rendered":"https:\/\/acapulco.gob.mx\/transparencia\/?page_id=2817"},"modified":"2026-02-06T18:06:12","modified_gmt":"2026-02-06T18:06:12","slug":"xxiii-b","status":"publish","type":"page","link":"https:\/\/acapulco.gob.mx\/transparencia\/cumplimiento-de-la-ley-de-transparencia-y-acceso-a-la-informacion-publica\/xxiii-b\/","title":{"rendered":"XXIII-B"},"content":{"rendered":"<p>&nbsp;<\/p>\n<ul>\n<li><a href=\"\/transparencia\/descargar.php?d=\/transparencia\/wp-content\/uploads\/lgtaip\/Formato_XXIII-B_Erogacion_de_recursos_por_contratacion_de_servicios-2025_4.xlsx\">Gastos relativos a Comunicaci\u00f3n Social (octubre &#8211; diciembre 2025)<\/a><\/li>\n<li><a href=\"\/transparencia\/descargar.php?d=\/transparencia\/wp-content\/uploads\/lgtaip\/Formato_XXIII-B_Erogacion_de_recursos_por_contratacion_de_servicios-2025_3.xlsx\">Gastos relativos a Comunicaci\u00f3n Social (julio &#8211; septiembre 2025)<\/a><\/li>\n<li><a href=\"\/transparencia\/descargar.php?d=\/transparencia\/wp-content\/uploads\/lgtaip\/Formato_XXIII-B_Erogacion_de_recursos_por_contratacion_de_servicios-2025_2.xlsx\">Gastos relativos a Comunicaci\u00f3n Social (abril &#8211; junio 2025)<\/a><\/li>\n<li><a href=\"\/transparencia\/descargar.php?d=\/transparencia\/wp-content\/uploads\/lgtaip\/Formato_XXIII-B_Erogacion_de_recursos_por_contratacion_de_servicios-2025_1.xlsx\">Gastos relativos a Comunicaci\u00f3n Social (enero &#8211; marzo 2025)<\/a><\/li>\n<li><a href=\"\/transparencia\/descargar.php?d=\/transparencia\/wp-content\/uploads\/lgtaip\/Formato_XXIII-B_Erogacion_de_recursos_por_contratacion_de_servicios-2024_4.xlsx\">Gastos relativos a Comunicaci\u00f3n Social (octubre &#8211; diciembre 2024)<\/a><\/li>\n<li><a href=\"\/transparencia\/descargar.php?d=\/transparencia\/wp-content\/uploads\/lgtaip\/Formato_XXIII-B_Erogacion_de_recursos_por_contratacion_de_servicios-2024_3.xlsx\">Gastos relativos a Comunicaci\u00f3n Social (julio &#8211; septiembre 2024)<\/a><\/li>\n<li><a href=\"\/transparencia\/descargar.php?d=\/transparencia\/wp-content\/uploads\/lgtaip\/Formato_XXIII-B_Erogacion_de_recursos_por_contratacion_de_servicios-2024_2.xlsx\">Gastos relativos a Comunicaci\u00f3n Social (abril &#8211; junio 2024)<\/a><\/li>\n<li><a href=\"\/transparencia\/descargar.php?d=\/transparencia\/wp-content\/uploads\/lgtaip\/Formato_XXIII-B_Erogacion_de_recursos_por_contratacion_de_servicios-2024_1.xlsx\">Gastos relativos a Comunicaci\u00f3n Social (enero &#8211; marzo 2024)<\/a><\/li>\n<li><a href=\"\/transparencia\/descargar.php?d=\/transparencia\/wp-content\/uploads\/lgtaip\/Formato_XXIII-B_Erogacion_de_recursos_por_contratacion_de_servicios-2023_4.xlsx\">Gastos relativos a Comunicaci\u00f3n Social (octubre &#8211; diciembre 2023)<\/a><\/li>\n<li><a href=\"\/transparencia\/descargar.php?d=\/transparencia\/wp-content\/uploads\/lgtaip\/Formato_XXIII-B_Erogacion_de_recursos_por_contratacion_de_servicios-2023_3.xlsx\">Gastos relativos a Comunicaci\u00f3n Social (julio &#8211; septiembre 2023)<\/a><\/li>\n<li><a href=\"\/transparencia\/descargar.php?d=\/transparencia\/wp-content\/uploads\/lgtaip\/Formato_XXIII-B_Erogacion_de_recursos_por_contratacion_de_servicios-2023_2.xlsx\">Gastos relativos a Comunicaci\u00f3n Social (abril &#8211; junio 2023)<\/a><\/li>\n<li><a href=\"\/transparencia\/descargar.php?d=\/transparencia\/wp-content\/uploads\/lgtaip\/Formato_XXIII-B_Erogacion_de_recursos_por_contratacion_de_servicios-2023_1.xlsx\">Gastos relativos a Comunicaci\u00f3n Social (enero &#8211; marzo 2023)<\/a><\/li>\n<li><a href=\"\/transparencia\/descargar.php?d=\/transparencia\/wp-content\/uploads\/lgtaip\/Formato_XXIII-B_Erogacion_de_recursos_por_contratacion_de_servicios-2022_4.xlsx\">Gastos relativos a Comunicaci\u00f3n Social (octubre &#8211; diciembre 2022)<\/a><\/li>\n<li><a href=\"\/transparencia\/descargar.php?d=\/transparencia\/wp-content\/uploads\/lgtaip\/Formato_XXIII-B_Erogacion_de_recursos_por_contratacion_de_servicios-2022_3.xlsx\">Gastos relativos a Comunicaci\u00f3n Social (julio &#8211; septiembre 2022)<\/a><\/li>\n<li><a href=\"\/transparencia\/descargar.php?d=\/transparencia\/wp-content\/uploads\/lgtaip\/Formato_XXIII-B_Erogacion_de_recursos_por_contratacion_de_servicios-2022_2.xlsx\">Gastos relativos a Comunicaci\u00f3n Social (abril &#8211; junio 2022)<\/a><\/li>\n<li><a href=\"\/transparencia\/descargar.php?d=\/transparencia\/wp-content\/uploads\/lgtaip\/Formato_XXIII-B_Erogacion_de_recursos_por_contratacion_de_servicios-2022_1.xlsx\">Gastos relativos a Comunicaci\u00f3n Social (enero &#8211; marzo 2022)<\/a><\/li>\n<li><a href=\"\/transparencia\/descargar.php?d=\/transparencia\/wp-content\/uploads\/lgtaip\/Formato_XXIII-B_Erogacion_de_recursos_por_contratacion_de_servicios-2021_4.xlsx\">Gastos relativos a Comunicaci\u00f3n Social (octubre &#8211; diciembre 2021)<\/a><\/li>\n<li><a href=\"\/transparencia\/descargar.php?d=\/transparencia\/wp-content\/uploads\/lgtaip\/Formato_XXIII-B_Erogacion_de_recursos_por_contratacion_de_servicios-2021_3.xlsx\">Gastos relativos a Comunicaci\u00f3n Social (julio &#8211; septiembre 2021)<\/a><\/li>\n<li><a href=\"\/transparencia\/descargar.php?d=\/transparencia\/wp-content\/uploads\/lgtaip\/Formato_XXIII-B_Erogacion_de_recursos_por_contratacion_de_servicios-2021_2.xlsx\">Gastos relativos a Comunicaci\u00f3n Social (abril &#8211; junio 2021)<\/a><\/li>\n<li><a href=\"\/transparencia\/descargar.php?d=\/transparencia\/wp-content\/uploads\/lgtaip\/Formato_XXIII-B_Erogacion_de_recursos_por_contratacion_de_servicios-2021_1.xlsx\">Gastos relativos a Comunicaci\u00f3n Social (enero &#8211; marzo 2021)<\/a><\/li>\n<li><a href=\"\/transparencia\/descargar.php?d=\/transparencia\/wp-content\/uploads\/lgtaip\/Formato_XXIII-B_Erogacion_de_recursos_por_contratacion_de_servicios-2020_4.xlsx\">Gastos relativos a Comunicaci\u00f3n Social (octubre &#8211; diciembre 2020)<\/a><\/li>\n<li><a href=\"\/transparencia\/descargar.php?d=\/transparencia\/wp-content\/uploads\/lgtaip\/Formato_XXIII-B_Erogacion_de_recursos_por_contratacion_de_servicios-2020_3.xlsx\">Gastos relativos a Comunicaci\u00f3n Social (julio &#8211; septiembre 2020)<\/a><\/li>\n<li><a href=\"\/transparencia\/descargar.php?d=\/transparencia\/wp-content\/uploads\/lgtaip\/Formato_XXIII-B_Erogacion_de_recursos_por_contratacion_de_servicios-2020_2.xlsx\">Gastos relativos a Comunicaci\u00f3n Social (abril &#8211; junio 2020)<\/a><\/li>\n<li><a href=\"\/transparencia\/descargar.php?d=\/transparencia\/wp-content\/uploads\/lgtaip\/Formato_XXIII-B_Erogacion_de_recursos_por_contratacion_de_servicios-2020_1.xlsx\">Gastos relativos a Comunicaci\u00f3n Social (enero &#8211; marzo 2020)<\/a><\/li>\n<li><a href=\"\/transparencia\/descargar.php?d=\/transparencia\/wp-content\/uploads\/lgtaip\/Formato_XXIII-B_Erogacion_de_recursos_por_contratacion_de_servicios-2019_3.xlsx\">Gastos relativos a Comunicaci\u00f3n Social (julio &#8211; septiembre 2019)<\/a><\/li>\n<li><a href=\"\/transparencia\/descargar.php?d=\/transparencia\/wp-content\/uploads\/lgtaip\/Formato_XXIII-B_Erogacion_de_recursos_por_contratacion_de_servicios-2019_2.xlsx\">Gastos relativos a Comunicaci\u00f3n Social (abril &#8211; junio 2019)<\/a><\/li>\n<li><a href=\"\/transparencia\/descargar.php?d=\/transparencia\/wp-content\/uploads\/lgtaip\/Formato_XXIII-B_Erogacion_de_recursos_por_contratacion_de_servicios-2019_1.xlsx\">Gastos relativos a Comunicaci\u00f3n Social (enero &#8211; marzo 2019)<\/a><\/li>\n<li><a href=\"\/transparencia\/descargar.php?d=\/transparencia\/wp-content\/uploads\/lgtaip\/Formato_XXIII-B_Erogacion_de_recursos_por_contratacion_de_servicios-2018_4.xlsx\">Gastos relativos a Comunicaci\u00f3n Social (octubre &#8211; diciembre 2018)<\/a><\/li>\n<li><a href=\"\/transparencia\/descargar.php?d=\/transparencia\/wp-content\/uploads\/lgtaip\/Formato_XXIII-B_Erogacion_de_recursos_por_contratacion_de_servicios-2018_3.xlsx\">Gastos relativos a Comunicaci\u00f3n Social (julio &#8211; septiembre 2018)<\/a><\/li>\n<li><a href=\"\/transparencia\/descargar.php?d=\/transparencia\/wp-content\/uploads\/lgtaip\/Formato_XXIII-B_Erogacion_de_recursos_por_contratacion_de_servicios-2018_2.xlsx\">Gastos relativos a Comunicaci\u00f3n Social (abril &#8211; junio 2018)<\/a><\/li>\n<li><a href=\"\/transparencia\/descargar.php?d=\/transparencia\/wp-content\/uploads\/lgtaip\/Formato_XXIII-B_Erogacion_de_recursos_por_contratacion_de_servicios-2018_1.xlsx\">Gastos relativos a Comunicaci\u00f3n Social (enero &#8211; marzo 2018)<\/a><\/li>\n<li><a href=\"\/transparencia\/descargar.php?d=\/transparencia\/wp-content\/uploads\/lgtaip\/Formato_XXIII-B_Erogacion_de_recursos_por_contratacion_de_servicios-2017_4.xlsx\">Gastos relativos a Comunicaci\u00f3n Social (octubre &#8211; diciembre 2017)<\/a><\/li>\n<li><a href=\"\/transparencia\/descargar.php?d=\/transparencia\/wp-content\/uploads\/lgtaip\/Formato_XXIII-B_Erogacion_de_recursos_por_contratacion_de_servicios-2017_3.xlsx\">Gastos relativos a Comunicaci\u00f3n Social (julio &#8211; septiembre 2017)<\/a><\/li>\n<li><a href=\"\/transparencia\/descargar.php?d=\/transparencia\/wp-content\/uploads\/lgtaip\/Formato_XXIII-B_Erogacion_de_recursos_por_contratacion_de_servicios-2017_2.xlsx\">Gastos relativos a Comunicaci\u00f3n Social (enero &#8211; junio 2017)<\/a><\/li>\n<li><a href=\"\/transparencia\/descargar.php?d=\/transparencia\/wp-content\/uploads\/lgtaip\/Formato_XXIII-B_Erogacion_de_recursos_por_contratacion_de_servicios-2016.xlsx\">Gastos relativos a Comunicaci\u00f3n Social (enero &#8211; diciembre 2016)<\/a><\/li>\n<\/ul>\n","protected":false},"excerpt":{"rendered":"<p>&nbsp; Gastos relativos a Comunicaci\u00f3n Social (octubre &#8211; diciembre 2025) Gastos relativos a Comunicaci\u00f3n Social (julio &#8211; septiembre 2025) Gastos relativos a Comunicaci\u00f3n Social (abril &#8211; junio 2025) Gastos relativos a Comunicaci\u00f3n Social (enero &#8211; marzo 2025) Gastos relativos a Comunicaci\u00f3n Social (octubre &#8211; diciembre 2024) Gastos relativos a Comunicaci\u00f3n Social (julio &#8211; septiembre 2024) <a class=\"more-link\" href=\"https:\/\/acapulco.gob.mx\/transparencia\/cumplimiento-de-la-ley-de-transparencia-y-acceso-a-la-informacion-publica\/xxiii-b\/\">Continue reading <i class=\"fa fa-chevron-right\"><\/i><\/a><\/p>\n","protected":false},"author":1,"featured_media":0,"parent":2286,"menu_order":0,"comment_status":"closed","ping_status":"closed","template":"","meta":[],"_links":{"self":[{"href":"https:\/\/acapulco.gob.mx\/transparencia\/wp-json\/wp\/v2\/pages\/2817"}],"collection":[{"href":"https:\/\/acapulco.gob.mx\/transparencia\/wp-json\/wp\/v2\/pages"}],"about":[{"href":"https:\/\/acapulco.gob.mx\/transparencia\/wp-json\/wp\/v2\/types\/page"}],"author":[{"embeddable":true,"href":"https:\/\/acapulco.gob.mx\/transparencia\/wp-json\/wp\/v2\/users\/1"}],"replies":[{"embeddable":true,"href":"https:\/\/acapulco.gob.mx\/transparencia\/wp-json\/wp\/v2\/comments?post=2817"}],"version-history":[{"count":37,"href":"https:\/\/acapulco.gob.mx\/transparencia\/wp-json\/wp\/v2\/pages\/2817\/revisions"}],"predecessor-version":[{"id":7784,"href":"https:\/\/acapulco.gob.mx\/transparencia\/wp-json\/wp\/v2\/pages\/2817\/revisions\/7784"}],"up":[{"embeddable":true,"href":"https:\/\/acapulco.gob.mx\/transparencia\/wp-json\/wp\/v2\/pages\/2286"}],"wp:attachment":[{"href":"https:\/\/acapulco.gob.mx\/transparencia\/wp-json\/wp\/v2\/media?parent=2817"}],"curies":[{"name":"wp","href":"https:\/\/api.w.org\/{rel}","templated":true}]}}