{"id":2831,"date":"2017-11-10T20:29:21","date_gmt":"2017-11-10T20:29:21","guid":{"rendered":"https:\/\/acapulco.gob.mx\/transparencia\/?page_id=2831"},"modified":"2026-02-06T17:41:32","modified_gmt":"2026-02-06T17:41:32","slug":"iv","status":"publish","type":"page","link":"https:\/\/acapulco.gob.mx\/transparencia\/cumplimiento-de-la-ley-de-transparencia-y-acceso-a-la-informacion-publica\/iv\/","title":{"rendered":"IV"},"content":{"rendered":"<p>&nbsp;<\/p>\n<ul>\n<li><a href=\"\/transparencia\/descargar.php?d=\/transparencia\/wp-content\/uploads\/lgtaip\/Formato_IV_Metas_y_objetivos_de_las_areas_2025_4.xlsx\">Metas y Objetivos de las \u00c1reas (octubre &#8211; diciembre 2025)<\/a><\/li>\n<li><a href=\"\/transparencia\/descargar.php?d=\/transparencia\/wp-content\/uploads\/lgtaip\/Formato_IV_Metas_y_objetivos_de_las_areas_2025_3.xlsx\">Metas y Objetivos de las \u00c1reas (julio &#8211; septiembre 2025)<\/a><\/li>\n<li><a href=\"\/transparencia\/descargar.php?d=\/transparencia\/wp-content\/uploads\/lgtaip\/Formato_IV_Metas_y_objetivos_de_las_areas_2025_2.xlsx\">Metas y Objetivos de las \u00c1reas (enero &#8211; junio 2025)<\/a><\/li>\n<li><a href=\"\/transparencia\/descargar.php?d=\/transparencia\/wp-content\/uploads\/lgtaip\/Formato_IV_Metas_y_objetivos_de_las_areas_2024_4.xlsx\">Metas y Objetivos de las \u00c1reas (octubre &#8211; diciembre 2024)<\/a><\/li>\n<li><a href=\"\/transparencia\/descargar.php?d=\/transparencia\/wp-content\/uploads\/lgtaip\/Formato_IV_Metas_y_objetivos_de_las_areas_2023_4.xlsx\">Metas y Objetivos de las \u00c1reas (octubre &#8211; diciembre 2023)<\/a><\/li>\n<li><a href=\"\/transparencia\/descargar.php?d=\/transparencia\/wp-content\/uploads\/lgtaip\/Formato_IV_Metas_y_objetivos_de_las_areas_2023_3.xlsx\">Metas y Objetivos de las \u00c1reas (julio &#8211; septiembre 2023)<\/a><\/li>\n<li><a href=\"\/transparencia\/descargar.php?d=\/transparencia\/wp-content\/uploads\/lgtaip\/Formato_IV_Metas_y_objetivos_de_las_areas_2023_2.xlsx\">Metas y Objetivos de las \u00c1reas (abril &#8211; junio 2023)<\/a><\/li>\n<li><a href=\"\/transparencia\/descargar.php?d=\/transparencia\/wp-content\/uploads\/lgtaip\/Formato_IV_Metas_y_objetivos_de_las_areas_2023_1.xlsx\">Metas y Objetivos de las \u00c1reas (enero &#8211; marzo 2023)<\/a><\/li>\n<li><a href=\"\/transparencia\/descargar.php?d=\/transparencia\/wp-content\/uploads\/lgtaip\/Formato_IV_Metas_y_objetivos_de_las_areas_2022_4.xlsx\">Metas y Objetivos de las \u00c1reas (octubre &#8211; diciembre 2022)<\/a><\/li>\n<li><a href=\"\/transparencia\/descargar.php?d=\/transparencia\/wp-content\/uploads\/lgtaip\/Formato_IV_Metas_y_objetivos_de_las_areas_2022_3.xlsx\">Metas y Objetivos de las \u00c1reas (julio &#8211; septiembre 2022)<\/a><\/li>\n<li><a href=\"\/transparencia\/descargar.php?d=\/transparencia\/wp-content\/uploads\/lgtaip\/Formato_IV_Metas_y_objetivos_de_las_areas_2022_2.xlsx\">Metas y Objetivos de las \u00c1reas (abril &#8211; junio 2022)<\/a><\/li>\n<li><a href=\"\/transparencia\/descargar.php?d=\/transparencia\/wp-content\/uploads\/lgtaip\/Formato_IV_Metas_y_objetivos_de_las_areas_2022_1.xlsx\">Metas y Objetivos de las \u00c1reas (enero &#8211; marzo 2022)<\/a><\/li>\n<li><a href=\"\/transparencia\/descargar.php?d=\/transparencia\/wp-content\/uploads\/lgtaip\/Formato_IV_Metas_y_objetivos_de_las_areas_2021_4.xlsx\">Metas y Objetivos de las \u00c1reas (octubre &#8211; diciembre 2021)<\/a><\/li>\n<li><a href=\"\/transparencia\/descargar.php?d=\/transparencia\/wp-content\/uploads\/lgtaip\/Formato_IV_Metas_y_objetivos_de_las_areas_2021_3.xlsx\">Metas y Objetivos de las \u00c1reas (julio &#8211; septiembre 2021)<\/a><\/li>\n<li><a href=\"\/transparencia\/descargar.php?d=\/transparencia\/wp-content\/uploads\/lgtaip\/Formato_IV_Metas_y_objetivos_de_las_areas_2021_2.xlsx\">Metas y Objetivos de las \u00c1reas (abril &#8211; junio 2021)<\/a><\/li>\n<li><a href=\"\/transparencia\/descargar.php?d=\/transparencia\/wp-content\/uploads\/lgtaip\/Formato_IV_Metas_y_objetivos_de_las_areas_2021_1.xlsx\">Metas y Objetivos de las \u00c1reas (enero &#8211; marzo 2021)<\/a><\/li>\n<li><a href=\"\/transparencia\/descargar.php?d=\/transparencia\/wp-content\/uploads\/lgtaip\/Formato_IV_Metas_y_objetivos_de_las_areas_2020_4.xlsx\">Metas y Objetivos de las \u00c1reas (octubre &#8211; diciembre 2020)<\/a><\/li>\n<li><a href=\"\/transparencia\/descargar.php?d=\/transparencia\/wp-content\/uploads\/lgtaip\/Formato_IV_Metas_y_objetivos_de_las_areas_2020_3.xlsx\">Metas y Objetivos de las \u00c1reas (julio &#8211; septiembre 2020)<\/a><\/li>\n<li><a href=\"\/transparencia\/descargar.php?d=\/transparencia\/wp-content\/uploads\/lgtaip\/Formato_IV_Metas_y_objetivos_de_las_areas_2020_2.xlsx\">Metas y Objetivos de las \u00c1reas (abril &#8211; junio 2020)<\/a><\/li>\n<li><a href=\"\/transparencia\/descargar.php?d=\/transparencia\/wp-content\/uploads\/lgtaip\/Formato_IV_Metas_y_objetivos_de_las_areas_2020_1.xlsx\">Metas y Objetivos de las \u00c1reas (enero &#8211; marzo 2020)<\/a><\/li>\n<li><a href=\"\/transparencia\/descargar.php?d=\/transparencia\/wp-content\/uploads\/lgtaip\/Formato_IV_Metas_y_objetivos_de_las_areas_2019_4.xlsx\">Metas y Objetivos de las \u00c1reas (2019)<\/a><\/li>\n<li><a href=\"\/transparencia\/descargar.php?d=\/transparencia\/wp-content\/uploads\/lgtaip\/Formato_IV_Metas_y_objetivos_de_las_areas_2018.xlsx\">Metas y Objetivos de las \u00c1reas (2018)<\/a><\/li>\n<li><a href=\"\/transparencia\/descargar.php?d=\/transparencia\/wp-content\/uploads\/lgtaip\/Formato_IV_Metas_y_objetivos_de_las_areas_2016-2017.xlsx\">Metas y Objetivos de las \u00c1reas (2016 &#8211; 2017)<\/a><\/li>\n<\/ul>\n","protected":false},"excerpt":{"rendered":"<p>&nbsp; Metas y Objetivos de las \u00c1reas (octubre &#8211; diciembre 2025) Metas y Objetivos de las \u00c1reas (julio &#8211; septiembre 2025) Metas y Objetivos de las \u00c1reas (enero &#8211; junio 2025) Metas y Objetivos de las \u00c1reas (octubre &#8211; diciembre 2024) Metas y Objetivos de las \u00c1reas (octubre &#8211; diciembre 2023) Metas y Objetivos de <a class=\"more-link\" href=\"https:\/\/acapulco.gob.mx\/transparencia\/cumplimiento-de-la-ley-de-transparencia-y-acceso-a-la-informacion-publica\/iv\/\">Continue reading <i class=\"fa fa-chevron-right\"><\/i><\/a><\/p>\n","protected":false},"author":1,"featured_media":0,"parent":2286,"menu_order":0,"comment_status":"closed","ping_status":"closed","template":"","meta":[],"_links":{"self":[{"href":"https:\/\/acapulco.gob.mx\/transparencia\/wp-json\/wp\/v2\/pages\/2831"}],"collection":[{"href":"https:\/\/acapulco.gob.mx\/transparencia\/wp-json\/wp\/v2\/pages"}],"about":[{"href":"https:\/\/acapulco.gob.mx\/transparencia\/wp-json\/wp\/v2\/types\/page"}],"author":[{"embeddable":true,"href":"https:\/\/acapulco.gob.mx\/transparencia\/wp-json\/wp\/v2\/users\/1"}],"replies":[{"embeddable":true,"href":"https:\/\/acapulco.gob.mx\/transparencia\/wp-json\/wp\/v2\/comments?post=2831"}],"version-history":[{"count":35,"href":"https:\/\/acapulco.gob.mx\/transparencia\/wp-json\/wp\/v2\/pages\/2831\/revisions"}],"predecessor-version":[{"id":7765,"href":"https:\/\/acapulco.gob.mx\/transparencia\/wp-json\/wp\/v2\/pages\/2831\/revisions\/7765"}],"up":[{"embeddable":true,"href":"https:\/\/acapulco.gob.mx\/transparencia\/wp-json\/wp\/v2\/pages\/2286"}],"wp:attachment":[{"href":"https:\/\/acapulco.gob.mx\/transparencia\/wp-json\/wp\/v2\/media?parent=2831"}],"curies":[{"name":"wp","href":"https:\/\/api.w.org\/{rel}","templated":true}]}}