{"id":2857,"date":"2017-11-12T17:14:35","date_gmt":"2017-11-12T17:14:35","guid":{"rendered":"https:\/\/acapulco.gob.mx\/transparencia\/?page_id=2857"},"modified":"2026-02-06T18:06:53","modified_gmt":"2026-02-06T18:06:53","slug":"xxvi","status":"publish","type":"page","link":"https:\/\/acapulco.gob.mx\/transparencia\/cumplimiento-de-la-ley-de-transparencia-y-acceso-a-la-informacion-publica\/xxvi\/","title":{"rendered":"XXVI"},"content":{"rendered":"<p>&nbsp;<\/p>\n<ul>\n<li><a href=\"\/transparencia\/descargar.php?d=\/transparencia\/wp-content\/uploads\/lgtaip\/Formato_XXVI_Personas_fisicas_o_morales_a_quienes_asigna_recursos_publicos_2025_4.xlsx\">Listado de personas f\u00edsicas o morales a quienes se les asigne o permita usar recursos p\u00fablicos (octubre &#8211; diciembre 2025)<\/a><\/li>\n<li><a href=\"\/transparencia\/descargar.php?d=\/transparencia\/wp-content\/uploads\/lgtaip\/Formato_XXVI_Personas_fisicas_o_morales_a_quienes_asigna_recursos_publicos_2025_3.xlsx\">Listado de personas f\u00edsicas o morales a quienes se les asigne o permita usar recursos p\u00fablicos (julio &#8211; septiembre 2025)<\/a><\/li>\n<li><a href=\"\/transparencia\/descargar.php?d=\/transparencia\/wp-content\/uploads\/lgtaip\/Formato_XXVI_Personas_fisicas_o_morales_a_quienes_asigna_recursos_publicos_2025_2.xlsx\">Listado de personas f\u00edsicas o morales a quienes se les asigne o permita usar recursos p\u00fablicos (abril &#8211; junio 2025)<\/a><\/li>\n<li><a href=\"\/transparencia\/descargar.php?d=\/transparencia\/wp-content\/uploads\/lgtaip\/Formato_XXVI_Personas_fisicas_o_morales_a_quienes_asigna_recursos_publicos_2025_1.xlsx\">Listado de personas f\u00edsicas o morales a quienes se les asigne o permita usar recursos p\u00fablicos (enero &#8211; marzo 2025)<\/a><\/li>\n<li><a href=\"\/transparencia\/descargar.php?d=\/transparencia\/wp-content\/uploads\/lgtaip\/Formato_XXVI_Personas_fisicas_o_morales_a_quienes_asigna_recursos_publicos_2024_4.xlsx\">Listado de personas f\u00edsicas o morales a quienes se les asigne o permita usar recursos p\u00fablicos (octubre &#8211; diciembre 2024)<\/a><\/li>\n<li><a href=\"\/transparencia\/descargar.php?d=\/transparencia\/wp-content\/uploads\/lgtaip\/Formato_XXVI_Personas_fisicas_o_morales_a_quienes_asigna_recursos_publicos_2024_3.xlsx\">Listado de personas f\u00edsicas o morales a quienes se les asigne o permita usar recursos p\u00fablicos (julio &#8211; septiembre 2024)<\/a><\/li>\n<li><a href=\"\/transparencia\/descargar.php?d=\/transparencia\/wp-content\/uploads\/lgtaip\/Formato_XXVI_Personas_fisicas_o_morales_a_quienes_asigna_recursos_publicos_2024_2.xlsx\">Listado de personas f\u00edsicas o morales a quienes se les asigne o permita usar recursos p\u00fablicos (abril &#8211; junio 2024)<\/a><\/li>\n<li><a href=\"\/transparencia\/descargar.php?d=\/transparencia\/wp-content\/uploads\/lgtaip\/Formato_XXVI_Personas_fisicas_o_morales_a_quienes_asigna_recursos_publicos_2024_1.xlsx\">Listado de personas f\u00edsicas o morales a quienes se les asigne o permita usar recursos p\u00fablicos (enero &#8211; marzo 2024)<\/a><\/li>\n<li><a href=\"\/transparencia\/descargar.php?d=\/transparencia\/wp-content\/uploads\/lgtaip\/Formato_XXVI_Personas_fisicas_o_morales_a_quienes_asigna_recursos_publicos_2023_4.xlsx\">Listado de personas f\u00edsicas o morales a quienes se les asigne o permita usar recursos p\u00fablicos (octubre &#8211; diciembre 2023)<\/a><\/li>\n<li><a href=\"\/transparencia\/descargar.php?d=\/transparencia\/wp-content\/uploads\/lgtaip\/Formato_XXVI_Personas_fisicas_o_morales_a_quienes_asigna_recursos_publicos_2023_3.xlsx\">Listado de personas f\u00edsicas o morales a quienes se les asigne o permita usar recursos p\u00fablicos (julio &#8211; septiembre 2023)<\/a><\/li>\n<li><a href=\"\/transparencia\/descargar.php?d=\/transparencia\/wp-content\/uploads\/lgtaip\/Formato_XXVI_Personas_fisicas_o_morales_a_quienes_asigna_recursos_publicos_2023_2.xlsx\">Listado de personas f\u00edsicas o morales a quienes se les asigne o permita usar recursos p\u00fablicos (abril &#8211; junio 2023)<\/a><\/li>\n<li><a href=\"\/transparencia\/descargar.php?d=\/transparencia\/wp-content\/uploads\/lgtaip\/Formato_XXVI_Personas_fisicas_o_morales_a_quienes_asigna_recursos_publicos_2023_1.xlsx\">Listado de personas f\u00edsicas o morales a quienes se les asigne o permita usar recursos p\u00fablicos (enero &#8211; marzo 2023)<\/a><\/li>\n<li><a href=\"\/transparencia\/descargar.php?d=\/transparencia\/wp-content\/uploads\/lgtaip\/Formato_XXVI_Personas_fisicas_o_morales_a_quienes_asigna_recursos_publicos_2022_4.xlsx\">Listado de personas f\u00edsicas o morales a quienes se les asigne o permita usar recursos p\u00fablicos (octubre &#8211; diciembre 2022)<\/a><\/li>\n<li><a href=\"\/transparencia\/descargar.php?d=\/transparencia\/wp-content\/uploads\/lgtaip\/Formato_XXVI_Personas_fisicas_o_morales_a_quienes_asigna_recursos_publicos_2022_3.xlsx\">Listado de personas f\u00edsicas o morales a quienes se les asigne o permita usar recursos p\u00fablicos (julio &#8211; septiembre 2022)<\/a><\/li>\n<li><a href=\"\/transparencia\/descargar.php?d=\/transparencia\/wp-content\/uploads\/lgtaip\/Formato_XXVI_Personas_fisicas_o_morales_a_quienes_asigna_recursos_publicos_2022_2.xlsx\">Listado de personas f\u00edsicas o morales a quienes se les asigne o permita usar recursos p\u00fablicos (abril &#8211; junio 2022)<\/a><\/li>\n<li><a href=\"\/transparencia\/descargar.php?d=\/transparencia\/wp-content\/uploads\/lgtaip\/Formato_XXVI_Personas_fisicas_o_morales_a_quienes_asigna_recursos_publicos_2022_1.xlsx\">Listado de personas f\u00edsicas o morales a quienes se les asigne o permita usar recursos p\u00fablicos (enero &#8211; marzo 2022)<\/a><\/li>\n<li><a href=\"\/transparencia\/descargar.php?d=\/transparencia\/wp-content\/uploads\/lgtaip\/Formato_XXVI_Personas_fisicas_o_morales_a_quienes_asigna_recursos_publicos_2021_4.xlsx\">Listado de personas f\u00edsicas o morales a quienes se les asigne o permita usar recursos p\u00fablicos (octubre &#8211; diciembre 2021)<\/a><\/li>\n<li><a href=\"\/transparencia\/descargar.php?d=\/transparencia\/wp-content\/uploads\/lgtaip\/Formato_XXVI_Personas_fisicas_o_morales_a_quienes_asigna_recursos_publicos_2020_3.xlsx\">Listado de personas f\u00edsicas o morales a quienes se les asigne o permita usar recursos p\u00fablicos (julio &#8211; septiembre 2020)<\/a><\/li>\n<li><a href=\"\/transparencia\/descargar.php?d=\/transparencia\/wp-content\/uploads\/lgtaip\/Formato_XXVI_Personas_fisicas_o_morales_a_quienes_asigna_recursos_publicos_2020_2.xlsx\">Listado de personas f\u00edsicas o morales a quienes se les asigne o permita usar recursos p\u00fablicos (abril &#8211; junio 2020)<\/a><\/li>\n<li><a href=\"\/transparencia\/descargar.php?d=\/transparencia\/wp-content\/uploads\/lgtaip\/Formato_XXVI_Personas_fisicas_o_morales_a_quienes_asigna_recursos_publicos_2020_1.xlsx\">Listado de personas f\u00edsicas o morales a quienes se les asigne o permita usar recursos p\u00fablicos (enero &#8211; marzo 2020)<\/a><\/li>\n<li><a href=\"\/transparencia\/descargar.php?d=\/transparencia\/wp-content\/uploads\/lgtaip\/Formato_XXVI_Personas_fisicas_o_morales_a_quienes_asigna_recursos_publicos_2019_4.xlsx\">Listado de personas f\u00edsicas o morales a quienes se les asigne o permita usar recursos p\u00fablicos (octubre &#8211; diciembre 2019)<\/a><\/li>\n<li><a href=\"\/transparencia\/descargar.php?d=\/transparencia\/wp-content\/uploads\/lgtaip\/Formato_XXVI_Personas_fisicas_o_morales_a_quienes_asigna_recursos_publicos_2019_2.xlsx\">Listado de personas f\u00edsicas o morales a quienes se les asigne o permita usar recursos p\u00fablicos (abril &#8211; junio 2019)<\/a><\/li>\n<li><a href=\"\/transparencia\/descargar.php?d=\/transparencia\/wp-content\/uploads\/lgtaip\/Formato_XXVI_Personas_fisicas_o_morales_a_quienes_asigna_recursos_publicos_2019_1.xlsx\">Listado de personas f\u00edsicas o morales a quienes se les asigne o permita usar recursos p\u00fablicos (enero &#8211; marzo 2019)<\/a><\/li>\n<li><a href=\"\/transparencia\/descargar.php?d=\/transparencia\/wp-content\/uploads\/lgtaip\/Formato_XXVI_Personas_fisicas_o_morales_a_quienes_asigna_recursos_publicos_2018_4.xlsx\">Listado de personas f\u00edsicas o morales a quienes se les asigne o permita usar recursos p\u00fablicos (octubre &#8211; diciembre 2018)<\/a><\/li>\n<li><a href=\"\/transparencia\/descargar.php?d=\/transparencia\/wp-content\/uploads\/lgtaip\/Formato_XXVI_Personas_fisicas_o_morales_a_quienes_asigna_recursos_publicos_2018_3.xlsx\">Listado de personas f\u00edsicas o morales a quienes se les asigne o permita usar recursos p\u00fablicos (julio &#8211; septiembre 2018)<\/a><\/li>\n<li><a href=\"\/transparencia\/descargar.php?d=\/transparencia\/wp-content\/uploads\/lgtaip\/Formato_XXVI_Personas_fisicas_o_morales_a_quienes_asigna_recursos_publicos_2018_2.xlsx\">Listado de personas f\u00edsicas o morales a quienes se les asigne o permita usar recursos p\u00fablicos (abril &#8211; junio 2018)<\/a><\/li>\n<li><a href=\"\/transparencia\/descargar.php?d=\/transparencia\/wp-content\/uploads\/lgtaip\/Formato_XXVI_Personas_fisicas_o_morales_a_quienes_asigna_recursos_publicos_2018_1.xlsx\">Listado de personas f\u00edsicas o morales a quienes se les asigne o permita usar recursos p\u00fablicos (enero &#8211; marzo 2018)<\/a><\/li>\n<li><a href=\"\/transparencia\/descargar.php?d=\/transparencia\/wp-content\/uploads\/lgtaip\/Formato_XXVI_Personas_fisicas_o_morales_a_quienes_asigna_recursos_publicos_2017_4.xlsx\">Listado de personas f\u00edsicas o morales a quienes se les asigne o permita usar recursos p\u00fablicos (octubre &#8211; diciembre 2017)<\/a><\/li>\n<li><a href=\"\/transparencia\/descargar.php?d=\/transparencia\/wp-content\/uploads\/lgtaip\/Formato_XXVI_Personas_fisicas_o_morales_a_quienes_asigna_recursos_publicos_2017_3.xlsx\">Listado de personas f\u00edsicas o morales a quienes se les asigne o permita usar recursos p\u00fablicos (julio &#8211; septiembre 2017)<\/a><\/li>\n<li><a href=\"\/transparencia\/descargar.php?d=\/transparencia\/wp-content\/uploads\/lgtaip\/Formato_XXVI_Personas_fisicas_o_morales_a_quienes_asigna_recursos_publicos_2017_2.xlsx\">Listado de personas f\u00edsicas o morales a quienes se les asigne o permita usar recursos p\u00fablicos (enero &#8211; junio 2017)<\/a><\/li>\n<li><a href=\"\/transparencia\/descargar.php?d=\/transparencia\/wp-content\/uploads\/lgtaip\/Formato_XXVI_Personas_fisicas_o_morales_a_quienes_asigna_recursos_publicos_2016.xlsx\">Listado de personas f\u00edsicas o morales a quienes se les asigne o permita usar recursos p\u00fablicos (enero &#8211; diciembre 2016)<\/a><\/li>\n<\/ul>\n","protected":false},"excerpt":{"rendered":"<p>&nbsp; Listado de personas f\u00edsicas o morales a quienes se les asigne o permita usar recursos p\u00fablicos (octubre &#8211; diciembre 2025) Listado de personas f\u00edsicas o morales a quienes se les asigne o permita usar recursos p\u00fablicos (julio &#8211; septiembre 2025) Listado de personas f\u00edsicas o morales a quienes se les asigne o permita usar <a class=\"more-link\" href=\"https:\/\/acapulco.gob.mx\/transparencia\/cumplimiento-de-la-ley-de-transparencia-y-acceso-a-la-informacion-publica\/xxvi\/\">Continue reading <i class=\"fa fa-chevron-right\"><\/i><\/a><\/p>\n","protected":false},"author":1,"featured_media":0,"parent":2286,"menu_order":0,"comment_status":"closed","ping_status":"closed","template":"","meta":[],"_links":{"self":[{"href":"https:\/\/acapulco.gob.mx\/transparencia\/wp-json\/wp\/v2\/pages\/2857"}],"collection":[{"href":"https:\/\/acapulco.gob.mx\/transparencia\/wp-json\/wp\/v2\/pages"}],"about":[{"href":"https:\/\/acapulco.gob.mx\/transparencia\/wp-json\/wp\/v2\/types\/page"}],"author":[{"embeddable":true,"href":"https:\/\/acapulco.gob.mx\/transparencia\/wp-json\/wp\/v2\/users\/1"}],"replies":[{"embeddable":true,"href":"https:\/\/acapulco.gob.mx\/transparencia\/wp-json\/wp\/v2\/comments?post=2857"}],"version-history":[{"count":30,"href":"https:\/\/acapulco.gob.mx\/transparencia\/wp-json\/wp\/v2\/pages\/2857\/revisions"}],"predecessor-version":[{"id":7787,"href":"https:\/\/acapulco.gob.mx\/transparencia\/wp-json\/wp\/v2\/pages\/2857\/revisions\/7787"}],"up":[{"embeddable":true,"href":"https:\/\/acapulco.gob.mx\/transparencia\/wp-json\/wp\/v2\/pages\/2286"}],"wp:attachment":[{"href":"https:\/\/acapulco.gob.mx\/transparencia\/wp-json\/wp\/v2\/media?parent=2857"}],"curies":[{"name":"wp","href":"https:\/\/api.w.org\/{rel}","templated":true}]}}