{"id":2915,"date":"2017-11-29T19:00:47","date_gmt":"2017-11-29T19:00:47","guid":{"rendered":"https:\/\/acapulco.gob.mx\/transparencia\/?page_id=2915"},"modified":"2026-02-06T17:51:37","modified_gmt":"2026-02-06T17:51:37","slug":"xxi-a","status":"publish","type":"page","link":"https:\/\/acapulco.gob.mx\/transparencia\/cumplimiento-de-la-ley-de-transparencia-y-acceso-a-la-informacion-publica\/xxi-a\/","title":{"rendered":"XXI-A"},"content":{"rendered":"<p>&nbsp;<\/p>\n<ul>\n<li><a href=\"\/transparencia\/descargar.php?d=\/transparencia\/wp-content\/uploads\/lgtaip\/Formato_XXI-A_Informacion_financiera_de_presupuesto_asignado_2025_4.xlsx\">Informaci\u00f3n financiera de presupuesto asignado (octubre &#8211; diciembre 2025)<\/a><\/li>\n<li><a href=\"\/transparencia\/descargar.php?d=\/transparencia\/wp-content\/uploads\/lgtaip\/Formato_XXI-A_Informacion_financiera_de_presupuesto_asignado_2025.xlsx\">Informaci\u00f3n financiera de presupuesto asignado (enero &#8211; diciembre 2025)<\/a><\/li>\n<li><a href=\"\/transparencia\/descargar.php?d=\/transparencia\/wp-content\/uploads\/lgtaip\/Formato_XXI-A_Informacion_financiera_de_presupuesto_asignado_2024_4.xlsx\">Informaci\u00f3n financiera de presupuesto asignado (octubre &#8211; diciembre 2024)<\/a><\/li>\n<li><a href=\"\/transparencia\/descargar.php?d=\/transparencia\/wp-content\/uploads\/lgtaip\/Formato_XXI-A_Informacion_financiera_de_presupuesto_asignado_2024_3.xlsx\">Informaci\u00f3n financiera de presupuesto asignado (julio &#8211; septiembre 2024)<\/a><\/li>\n<li><a href=\"\/transparencia\/descargar.php?d=\/transparencia\/wp-content\/uploads\/lgtaip\/Formato_XXI-A_Informacion_financiera_de_presupuesto_asignado_2024_2.xlsx\">Informaci\u00f3n financiera de presupuesto asignado (abril &#8211; junio 2024)<\/a><\/li>\n<li><a href=\"\/transparencia\/descargar.php?d=\/transparencia\/wp-content\/uploads\/lgtaip\/Formato_XXI-A_Informacion_financiera_de_presupuesto_asignado_2023_4.xlsx\">Informaci\u00f3n financiera de presupuesto asignado (octubre &#8211; diciembre 2023)<\/a><\/li>\n<li><a href=\"\/transparencia\/descargar.php?d=\/transparencia\/wp-content\/uploads\/lgtaip\/Formato_XXI-A_Informacion_financiera_de_presupuesto_asignado_2023_3.xlsx\">Informaci\u00f3n financiera de presupuesto asignado (julio &#8211; septiembre 2023)<\/a><\/li>\n<li><a href=\"\/transparencia\/descargar.php?d=\/transparencia\/wp-content\/uploads\/lgtaip\/Formato_XXI-A_Informacion_financiera_de_presupuesto_asignado_2023_2.xlsx\">Informaci\u00f3n financiera de presupuesto asignado (abril &#8211; junio 2023)<\/a><\/li>\n<li><a href=\"\/transparencia\/descargar.php?d=\/transparencia\/wp-content\/uploads\/lgtaip\/Formato_XXI-A_Informacion_financiera_de_presupuesto_asignado_2023_1.xlsx\">Informaci\u00f3n financiera de presupuesto asignado (enero &#8211; marzo 2023)<\/a><\/li>\n<li><a href=\"\/transparencia\/descargar.php?d=\/transparencia\/wp-content\/uploads\/lgtaip\/Formato_XXI-A_Informacion_financiera_de_presupuesto_asignado_2022_4.xlsx\">Informaci\u00f3n financiera de presupuesto asignado (octubre &#8211; diciembre 2022)<\/a><\/li>\n<li><a href=\"\/transparencia\/descargar.php?d=\/transparencia\/wp-content\/uploads\/lgtaip\/Formato_XXI-A_Informacion_financiera_de_presupuesto_asignado_2022_3.xlsx\">Informaci\u00f3n financiera de presupuesto asignado (julio &#8211; septiembre 2022)<\/a><\/li>\n<li><a href=\"\/transparencia\/descargar.php?d=\/transparencia\/wp-content\/uploads\/lgtaip\/Formato_XXI-A_Informacion_financiera_de_presupuesto_asignado_2022_2.xlsx\">Informaci\u00f3n financiera de presupuesto asignado (abril &#8211; junio 2022)<\/a><\/li>\n<li><a href=\"\/transparencia\/descargar.php?d=\/transparencia\/wp-content\/uploads\/lgtaip\/Formato_XXI-A_Informacion_financiera_de_presupuesto_asignado_2022_1.xlsx\">Informaci\u00f3n financiera de presupuesto asignado (enero &#8211; marzo 2022)<\/a><\/li>\n<li><a href=\"\/transparencia\/descargar.php?d=\/transparencia\/wp-content\/uploads\/lgtaip\/Formato_XXI-A_Informacion_financiera_de_presupuesto_asignado_2021_4.xlsx\">Informaci\u00f3n financiera de presupuesto asignado (octubre &#8211; diciembre 2021)<\/a><\/li>\n<li><a href=\"\/transparencia\/descargar.php?d=\/transparencia\/wp-content\/uploads\/lgtaip\/Formato_XXI-A_Informacion_financiera_de_presupuesto_asignado_2021_3.xlsx\">Informaci\u00f3n financiera de presupuesto asignado (julio &#8211; septiembre 2021)<\/a><\/li>\n<li><a href=\"\/transparencia\/descargar.php?d=\/transparencia\/wp-content\/uploads\/lgtaip\/Formato_XXI-A_Informacion_financiera_de_presupuesto_asignado_2021_2.xlsx\">Informaci\u00f3n financiera de presupuesto asignado (abril &#8211; junio 2021)<\/a><\/li>\n<li><a href=\"\/transparencia\/descargar.php?d=\/transparencia\/wp-content\/uploads\/lgtaip\/Formato_XXI-A_Informacion_financiera_de_presupuesto_asignado_2021_1.xlsx\">Informaci\u00f3n financiera de presupuesto asignado (enero &#8211; marzo 2021)<\/a><\/li>\n<li><a href=\"\/transparencia\/descargar.php?d=\/transparencia\/wp-content\/uploads\/lgtaip\/Formato_XXI-A_Informacion_financiera_de_presupuesto_asignado_2020_4.xlsx\">Informaci\u00f3n financiera de presupuesto asignado (octubre &#8211; diciembre 2020)<\/a><\/li>\n<li><a href=\"\/transparencia\/descargar.php?d=\/transparencia\/wp-content\/uploads\/lgtaip\/Formato_XXI-A_Informacion_financiera_de_presupuesto_asignado_2020_3.xlsx\">Informaci\u00f3n financiera de presupuesto asignado (julio &#8211; septiembre 2020)<\/a><\/li>\n<li><a href=\"\/transparencia\/descargar.php?d=\/transparencia\/wp-content\/uploads\/lgtaip\/Formato_XXI-A_Informacion_financiera_de_presupuesto_asignado_2020_2.xlsx\">Informaci\u00f3n financiera de presupuesto asignado (abril &#8211; junio 2020)<\/a><\/li>\n<li><a href=\"\/transparencia\/descargar.php?d=\/transparencia\/wp-content\/uploads\/lgtaip\/Formato_XXI-A_Informacion_financiera_de_presupuesto_asignado_2020_1.xlsx\">Informaci\u00f3n financiera de presupuesto asignado (enero &#8211; marzo 2020)<\/a><\/li>\n<li><a href=\"\/transparencia\/descargar.php?d=\/transparencia\/wp-content\/uploads\/lgtaip\/Formato_XXI-A_Informacion_financiera_de_presupuesto_asignado_2019_4.xlsx\">Informaci\u00f3n financiera de presupuesto asignado (octubre &#8211; diciembre 2019)<\/a><\/li>\n<li><a href=\"\/transparencia\/descargar.php?d=\/transparencia\/wp-content\/uploads\/lgtaip\/Formato_XXI-A_Informacion_financiera_de_presupuesto_asignado_2019_3.xlsx\">Informaci\u00f3n financiera de presupuesto asignado (julio &#8211; septiembre 2019)<\/a><\/li>\n<li><a href=\"\/transparencia\/descargar.php?d=\/transparencia\/wp-content\/uploads\/lgtaip\/Formato_XXI-A_Informacion_financiera_de_presupuesto_asignado_2019_2.xlsx\">Informaci\u00f3n financiera de presupuesto asignado (abril &#8211; junio 2019)<\/a><\/li>\n<li><a href=\"\/transparencia\/descargar.php?d=\/transparencia\/wp-content\/uploads\/lgtaip\/Formato_XXI-A_Informacion_financiera_de_presupuesto_asignado_2019_1.xlsx\">Informaci\u00f3n financiera de presupuesto asignado (enero &#8211; marzo 2019)<\/a><\/li>\n<li><a href=\"\/transparencia\/descargar.php?d=\/transparencia\/wp-content\/uploads\/lgtaip\/Formato_XXI-A_Informacion_financiera_de_presupuesto_asignado_2018_4.xlsx\">Informaci\u00f3n financiera de presupuesto asignado (octubre &#8211; diciembre 2018)<\/a><\/li>\n<li><a href=\"\/transparencia\/descargar.php?d=\/transparencia\/wp-content\/uploads\/lgtaip\/Formato_XXI-A_Informacion_financiera_de_presupuesto_asignado_2018_3.xlsx\">Informaci\u00f3n financiera de presupuesto asignado (julio &#8211; septiembre 2018)<\/a><\/li>\n<li><a href=\"\/transparencia\/descargar.php?d=\/transparencia\/wp-content\/uploads\/lgtaip\/Formato_XXI-A_Informacion_financiera_de_presupuesto_asignado_2018_2.xlsx\">Informaci\u00f3n financiera de presupuesto asignado (abril &#8211; junio 2018)<\/a><\/li>\n<li><a href=\"\/transparencia\/descargar.php?d=\/transparencia\/wp-content\/uploads\/lgtaip\/Formato_XXI-A_Informacion_financiera_de_presupuesto_asignado_2018_1.xlsx\">Informaci\u00f3n financiera de presupuesto asignado (enero &#8211; marzo 2018)<\/a><\/li>\n<li><a href=\"\/transparencia\/descargar.php?d=\/transparencia\/wp-content\/uploads\/lgtaip\/Formato_XXI-A_Informacion_financiera_de_presupuesto_asignado_2017.xlsx\">Informaci\u00f3n financiera de presupuesto asignado (2017)<\/a><\/li>\n<li><a href=\"\/transparencia\/descargar.php?d=\/transparencia\/wp-content\/uploads\/lgtaip\/Formato_XXI-A_Informacion_financiera_de_presupuesto_asignado_2016.xlsx\">Informaci\u00f3n financiera de presupuesto asignado (2016)<\/a><\/li>\n<li><a href=\"\/transparencia\/descargar.php?d=\/transparencia\/wp-content\/uploads\/lgtaip\/Formato_XXI-A_Informacion_financiera_de_presupuesto_asignado_2015.xlsx\">Informaci\u00f3n financiera de presupuesto asignado (2015)<\/a><\/li>\n<li><a href=\"\/transparencia\/descargar.php?d=\/transparencia\/wp-content\/uploads\/lgtaip\/Formato_XXI-A_Informacion_financiera_de_presupuesto_asignado_2014.xlsx\">Informaci\u00f3n financiera de presupuesto asignado (2014)<\/a><\/li>\n<li><a href=\"\/transparencia\/descargar.php?d=\/transparencia\/wp-content\/uploads\/lgtaip\/Formato_XXI-A_Informacion_financiera_de_presupuesto_asignado_2013.xlsx\">Informaci\u00f3n financiera de presupuesto asignado (2013)<\/a><\/li>\n<li><a href=\"\/transparencia\/descargar.php?d=\/transparencia\/wp-content\/uploads\/lgtaip\/Formato_XXI-A_Informacion_financiera_de_presupuesto_asignado_2012.xlsx\">Informaci\u00f3n financiera de presupuesto asignado (2012)<\/a><\/li>\n<\/ul>\n","protected":false},"excerpt":{"rendered":"<p>&nbsp; Informaci\u00f3n financiera de presupuesto asignado (octubre &#8211; diciembre 2025) Informaci\u00f3n financiera de presupuesto asignado (enero &#8211; diciembre 2025) Informaci\u00f3n financiera de presupuesto asignado (octubre &#8211; diciembre 2024) Informaci\u00f3n financiera de presupuesto asignado (julio &#8211; septiembre 2024) Informaci\u00f3n financiera de presupuesto asignado (abril &#8211; junio 2024) Informaci\u00f3n financiera de presupuesto asignado (octubre &#8211; diciembre 2023) <a class=\"more-link\" href=\"https:\/\/acapulco.gob.mx\/transparencia\/cumplimiento-de-la-ley-de-transparencia-y-acceso-a-la-informacion-publica\/xxi-a\/\">Continue reading <i class=\"fa fa-chevron-right\"><\/i><\/a><\/p>\n","protected":false},"author":1,"featured_media":0,"parent":2286,"menu_order":0,"comment_status":"closed","ping_status":"closed","template":"","meta":[],"_links":{"self":[{"href":"https:\/\/acapulco.gob.mx\/transparencia\/wp-json\/wp\/v2\/pages\/2915"}],"collection":[{"href":"https:\/\/acapulco.gob.mx\/transparencia\/wp-json\/wp\/v2\/pages"}],"about":[{"href":"https:\/\/acapulco.gob.mx\/transparencia\/wp-json\/wp\/v2\/types\/page"}],"author":[{"embeddable":true,"href":"https:\/\/acapulco.gob.mx\/transparencia\/wp-json\/wp\/v2\/users\/1"}],"replies":[{"embeddable":true,"href":"https:\/\/acapulco.gob.mx\/transparencia\/wp-json\/wp\/v2\/comments?post=2915"}],"version-history":[{"count":33,"href":"https:\/\/acapulco.gob.mx\/transparencia\/wp-json\/wp\/v2\/pages\/2915\/revisions"}],"predecessor-version":[{"id":7779,"href":"https:\/\/acapulco.gob.mx\/transparencia\/wp-json\/wp\/v2\/pages\/2915\/revisions\/7779"}],"up":[{"embeddable":true,"href":"https:\/\/acapulco.gob.mx\/transparencia\/wp-json\/wp\/v2\/pages\/2286"}],"wp:attachment":[{"href":"https:\/\/acapulco.gob.mx\/transparencia\/wp-json\/wp\/v2\/media?parent=2915"}],"curies":[{"name":"wp","href":"https:\/\/api.w.org\/{rel}","templated":true}]}}