{"id":2917,"date":"2017-11-29T19:02:03","date_gmt":"2017-11-29T19:02:03","guid":{"rendered":"https:\/\/acapulco.gob.mx\/transparencia\/?page_id=2917"},"modified":"2026-02-06T17:51:52","modified_gmt":"2026-02-06T17:51:52","slug":"xxi-b","status":"publish","type":"page","link":"https:\/\/acapulco.gob.mx\/transparencia\/cumplimiento-de-la-ley-de-transparencia-y-acceso-a-la-informacion-publica\/xxi-b\/","title":{"rendered":"XXI-B"},"content":{"rendered":"<p>&nbsp;<\/p>\n<ul>\n<li><a href=\"\/transparencia\/descargar.php?d=\/transparencia\/wp-content\/uploads\/lgtaip\/Formato_XXI-B_Informacion_financiera_de_informes_de_gasto_2025_4.xlsx\">Informaci\u00f3n financiera de informes de gasto (octubre &#8211; diciembre 2025)<\/a><\/li>\n<li><a href=\"\/transparencia\/descargar.php?d=\/transparencia\/wp-content\/uploads\/lgtaip\/Formato_XXI-B_Informacion_financiera_de_informes_de_gasto_2025_3.xlsx\">Informaci\u00f3n financiera de informes de gasto (julio &#8211; septiembre 2025)<\/a><\/li>\n<li><a href=\"\/transparencia\/descargar.php?d=\/transparencia\/wp-content\/uploads\/lgtaip\/Formato_XXI-B_Informacion_financiera_de_informes_de_gasto_2025_2.xlsx\">Informaci\u00f3n financiera de informes de gasto (abril &#8211; junio 2025)<\/a><\/li>\n<li><a href=\"\/transparencia\/descargar.php?d=\/transparencia\/wp-content\/uploads\/lgtaip\/Formato_XXI-B_Informacion_financiera_de_informes_de_gasto_2025_1.xlsx\">Informaci\u00f3n financiera de informes de gasto (enero &#8211; marzo 2025)<\/a><\/li>\n<li><a href=\"\/transparencia\/descargar.php?d=\/transparencia\/wp-content\/uploads\/lgtaip\/Formato_XXI-B_Informacion_financiera_de_informes_de_gasto_2024_4.xlsx\">Informaci\u00f3n financiera de informes de gasto (octubre &#8211; diciembre 2024)<\/a><\/li>\n<li><a href=\"\/transparencia\/descargar.php?d=\/transparencia\/wp-content\/uploads\/lgtaip\/Formato_XXI-B_Informacion_financiera_de_informes_de_gasto_2024_3.xlsx\">Informaci\u00f3n financiera de informes de gasto (julio &#8211; septiembre 2024)<\/a><\/li>\n<li><a href=\"\/transparencia\/descargar.php?d=\/transparencia\/wp-content\/uploads\/lgtaip\/Formato_XXI-B_Informacion_financiera_de_informes_de_gasto_2024_2.xlsx\">Informaci\u00f3n financiera de informes de gasto (abril &#8211; junio 2024)<\/a><\/li>\n<li><a href=\"\/transparencia\/descargar.php?d=\/transparencia\/wp-content\/uploads\/lgtaip\/Formato_XXI-B_Informacion_financiera_de_informes_de_gasto_2023_4.xlsx\">Informaci\u00f3n financiera de informes de gasto (octubre &#8211; diciembre 2023)<\/a><\/li>\n<li><a href=\"\/transparencia\/descargar.php?d=\/transparencia\/wp-content\/uploads\/lgtaip\/Formato_XXI-B_Informacion_financiera_de_informes_de_gasto_2023_3.xlsx\">Informaci\u00f3n financiera de informes de gasto (julio &#8211; septiembre 2023)<\/a><\/li>\n<li><a href=\"\/transparencia\/descargar.php?d=\/transparencia\/wp-content\/uploads\/lgtaip\/Formato_XXI-B_Informacion_financiera_de_informes_de_gasto_2023_2.xlsx\">Informaci\u00f3n financiera de informes de gasto (abril &#8211; junio 2023)<\/a><\/li>\n<li><a href=\"\/transparencia\/descargar.php?d=\/transparencia\/wp-content\/uploads\/lgtaip\/Formato_XXI-B_Informacion_financiera_de_informes_de_gasto_2023_1.xlsx\">Informaci\u00f3n financiera de informes de gasto (enero &#8211; marzo 2023)<\/a><\/li>\n<li><a href=\"\/transparencia\/descargar.php?d=\/transparencia\/wp-content\/uploads\/lgtaip\/Formato_XXI-B_Informacion_financiera_de_informes_de_gasto_2022_4.xlsx\">Informaci\u00f3n financiera de informes de gasto (octubre &#8211; diciembre 2022)<\/a><\/li>\n<li><a href=\"\/transparencia\/descargar.php?d=\/transparencia\/wp-content\/uploads\/lgtaip\/Formato_XXI-B_Informacion_financiera_de_informes_de_gasto_2022_3.xlsx\">Informaci\u00f3n financiera de informes de gasto (julio &#8211; septiembre 2022)<\/a><\/li>\n<li><a href=\"\/transparencia\/descargar.php?d=\/transparencia\/wp-content\/uploads\/lgtaip\/Formato_XXI-B_Informacion_financiera_de_informes_de_gasto_2022_2.xlsx\">Informaci\u00f3n financiera de informes de gasto (abril &#8211; junio 2022)<\/a><\/li>\n<li><a href=\"\/transparencia\/descargar.php?d=\/transparencia\/wp-content\/uploads\/lgtaip\/Formato_XXI-B_Informacion_financiera_de_informes_de_gasto_2022_1.xlsx\">Informaci\u00f3n financiera de informes de gasto (enero &#8211; marzo 2022)<\/a><\/li>\n<li><a href=\"\/transparencia\/descargar.php?d=\/transparencia\/wp-content\/uploads\/lgtaip\/Formato_XXI-B_Informacion_financiera_de_informes_de_gasto_2021_4.xlsx\">Informaci\u00f3n financiera de informes de gasto (octubre &#8211; diciembre 2021)<\/a><\/li>\n<li><a href=\"\/transparencia\/descargar.php?d=\/transparencia\/wp-content\/uploads\/lgtaip\/Formato_XXI-B_Informacion_financiera_de_informes_de_gasto_2021_3.xlsx\">Informaci\u00f3n financiera de informes de gasto (julio &#8211; septiembre 2021)<\/a><\/li>\n<li><a href=\"\/transparencia\/descargar.php?d=\/transparencia\/wp-content\/uploads\/lgtaip\/Formato_XXI-B_Informacion_financiera_de_informes_de_gasto_2021_2.xlsx\">Informaci\u00f3n financiera de informes de gasto (abril &#8211; junio 2021)<\/a><\/li>\n<\/ul>\n","protected":false},"excerpt":{"rendered":"<p>&nbsp; Informaci\u00f3n financiera de informes de gasto (octubre &#8211; diciembre 2025) Informaci\u00f3n financiera de informes de gasto (julio &#8211; septiembre 2025) Informaci\u00f3n financiera de informes de gasto (abril &#8211; junio 2025) Informaci\u00f3n financiera de informes de gasto (enero &#8211; marzo 2025) Informaci\u00f3n financiera de informes de gasto (octubre &#8211; diciembre 2024) Informaci\u00f3n financiera de informes <a class=\"more-link\" href=\"https:\/\/acapulco.gob.mx\/transparencia\/cumplimiento-de-la-ley-de-transparencia-y-acceso-a-la-informacion-publica\/xxi-b\/\">Continue reading <i class=\"fa fa-chevron-right\"><\/i><\/a><\/p>\n","protected":false},"author":1,"featured_media":0,"parent":2286,"menu_order":0,"comment_status":"closed","ping_status":"closed","template":"","meta":[],"_links":{"self":[{"href":"https:\/\/acapulco.gob.mx\/transparencia\/wp-json\/wp\/v2\/pages\/2917"}],"collection":[{"href":"https:\/\/acapulco.gob.mx\/transparencia\/wp-json\/wp\/v2\/pages"}],"about":[{"href":"https:\/\/acapulco.gob.mx\/transparencia\/wp-json\/wp\/v2\/types\/page"}],"author":[{"embeddable":true,"href":"https:\/\/acapulco.gob.mx\/transparencia\/wp-json\/wp\/v2\/users\/1"}],"replies":[{"embeddable":true,"href":"https:\/\/acapulco.gob.mx\/transparencia\/wp-json\/wp\/v2\/comments?post=2917"}],"version-history":[{"count":39,"href":"https:\/\/acapulco.gob.mx\/transparencia\/wp-json\/wp\/v2\/pages\/2917\/revisions"}],"predecessor-version":[{"id":7780,"href":"https:\/\/acapulco.gob.mx\/transparencia\/wp-json\/wp\/v2\/pages\/2917\/revisions\/7780"}],"up":[{"embeddable":true,"href":"https:\/\/acapulco.gob.mx\/transparencia\/wp-json\/wp\/v2\/pages\/2286"}],"wp:attachment":[{"href":"https:\/\/acapulco.gob.mx\/transparencia\/wp-json\/wp\/v2\/media?parent=2917"}],"curies":[{"name":"wp","href":"https:\/\/api.w.org\/{rel}","templated":true}]}}