{"id":2919,"date":"2017-11-29T19:03:03","date_gmt":"2017-11-29T19:03:03","guid":{"rendered":"https:\/\/acapulco.gob.mx\/transparencia\/?page_id=2919"},"modified":"2026-02-06T17:52:08","modified_gmt":"2026-02-06T17:52:08","slug":"xxi-c","status":"publish","type":"page","link":"https:\/\/acapulco.gob.mx\/transparencia\/cumplimiento-de-la-ley-de-transparencia-y-acceso-a-la-informacion-publica\/xxi-c\/","title":{"rendered":"XXI-C"},"content":{"rendered":"<p>&nbsp;<\/p>\n<ul>\n<li><a href=\"\/transparencia\/descargar.php?d=\/transparencia\/wp-content\/uploads\/lgtaip\/Formato_XXI-C_Informacion_financiera_de_cuenta_publica_2025_4.xlsx\">Informaci\u00f3n financiera de cuenta p\u00fablica (octubre &#8211; diciembre 2025)<\/a><\/li>\n<li><a href=\"\/transparencia\/descargar.php?d=\/transparencia\/wp-content\/uploads\/lgtaip\/Formato_XXI-C_Informacion_financiera_de_cuenta_publica_2025.xlsx\">Informaci\u00f3n financiera de cuenta p\u00fablica (enero &#8211; diciembre 2025)<\/a><\/li>\n<li><a href=\"\/transparencia\/descargar.php?d=\/transparencia\/wp-content\/uploads\/lgtaip\/Formato_XXI-C_Informacion_financiera_de_cuenta_publica_2024_4.xlsx\">Informaci\u00f3n financiera de cuenta p\u00fablica (octubre &#8211; diciembre 2024)<\/a><\/li>\n<li><a href=\"\/transparencia\/descargar.php?d=\/transparencia\/wp-content\/uploads\/lgtaip\/Formato_XXI-C_Informacion_financiera_de_cuenta_publica_2024_3.xlsx\">Informaci\u00f3n financiera de cuenta p\u00fablica (julio &#8211; septiembre 2024)<\/a><\/li>\n<li><a href=\"\/transparencia\/descargar.php?d=\/transparencia\/wp-content\/uploads\/lgtaip\/Formato_XXI-C_Informacion_financiera_de_cuenta_publica_2024_2.xlsx\">Informaci\u00f3n financiera de cuenta p\u00fablica (abril &#8211; junio 2024)<\/a><\/li>\n<li><a href=\"\/transparencia\/descargar.php?d=\/transparencia\/wp-content\/uploads\/lgtaip\/Formato_XXI-C_Informacion_financiera_de_cuenta_publica_2023_4.xlsx\">Informaci\u00f3n financiera de cuenta p\u00fablica (octubre &#8211; diciembre 2023)<\/a><\/li>\n<li><a href=\"\/transparencia\/descargar.php?d=\/transparencia\/wp-content\/uploads\/lgtaip\/Formato_XXI-C_Informacion_financiera_de_cuenta_publica_2023_3.xlsx\">Informaci\u00f3n financiera de cuenta p\u00fablica (julio &#8211; septiembre 2023)<\/a><\/li>\n<li><a href=\"\/transparencia\/descargar.php?d=\/transparencia\/wp-content\/uploads\/lgtaip\/Formato_XXI-C_Informacion_financiera_de_cuenta_publica_2023_2.xlsx\">Informaci\u00f3n financiera de cuenta p\u00fablica (abril &#8211; junio 2023)<\/a><\/li>\n<li><a href=\"\/transparencia\/descargar.php?d=\/transparencia\/wp-content\/uploads\/lgtaip\/Formato_XXI-C_Informacion_financiera_de_cuenta_publica_2023_1.xlsx\">Informaci\u00f3n financiera de cuenta p\u00fablica (enero &#8211; marzo 2023)<\/a><\/li>\n<li><a href=\"\/transparencia\/descargar.php?d=\/transparencia\/wp-content\/uploads\/lgtaip\/Formato_XXI-C_Informacion_financiera_de_cuenta_publica_2022_4.xlsx\">Informaci\u00f3n financiera de cuenta p\u00fablica (octubre &#8211; diciembre 2022)<\/a><\/li>\n<li><a href=\"\/transparencia\/descargar.php?d=\/transparencia\/wp-content\/uploads\/lgtaip\/Formato_XXI-C_Informacion_financiera_de_cuenta_publica_2022_3.xlsx\">Informaci\u00f3n financiera de cuenta p\u00fablica (julio &#8211; septiembre 2022)<\/a><\/li>\n<li><a href=\"\/transparencia\/descargar.php?d=\/transparencia\/wp-content\/uploads\/lgtaip\/Formato_XXI-C_Informacion_financiera_de_cuenta_publica_2022_2.xlsx\">Informaci\u00f3n financiera de cuenta p\u00fablica (abril &#8211; junio 2022)<\/a><\/li>\n<li><a href=\"\/transparencia\/descargar.php?d=\/transparencia\/wp-content\/uploads\/lgtaip\/Formato_XXI-C_Informacion_financiera_de_cuenta_publica_2022_1.xlsx\">Informaci\u00f3n financiera de cuenta p\u00fablica (enero &#8211; marzo 2022)<\/a><\/li>\n<li><a href=\"\/transparencia\/descargar.php?d=\/transparencia\/wp-content\/uploads\/lgtaip\/Formato_XXI-C_Informacion_financiera_de_cuenta_publica_2021_4.xlsx\">Informaci\u00f3n financiera de cuenta p\u00fablica (octubre &#8211; diciembre 2021)<\/a><\/li>\n<li><a href=\"\/transparencia\/descargar.php?d=\/transparencia\/wp-content\/uploads\/lgtaip\/Formato_XXI-C_Informacion_financiera_de_cuenta_publica_2021_3.xlsx\">Informaci\u00f3n financiera de cuenta p\u00fablica (julio &#8211; septiembre 2021)<\/a><\/li>\n<li><a href=\"\/transparencia\/descargar.php?d=\/transparencia\/wp-content\/uploads\/lgtaip\/Formato_XXI-C_Informacion_financiera_de_cuenta_publica_2021_2.xlsx\">Informaci\u00f3n financiera de cuenta p\u00fablica (abril &#8211; junio 2021)<\/a><\/li>\n<li><a href=\"\/transparencia\/descargar.php?d=\/transparencia\/wp-content\/uploads\/lgtaip\/Formato_XXI-C_Informacion_financiera_de_cuenta_publica_2021_1.xlsx\">Informaci\u00f3n financiera de cuenta p\u00fablica (enero &#8211; marzo 2021)<\/a><\/li>\n<li><a href=\"\/transparencia\/descargar.php?d=\/transparencia\/wp-content\/uploads\/lgtaip\/Formato_XXI-C_Informacion_financiera_de_cuenta_publica_2020_4.xlsx\">Informaci\u00f3n financiera de cuenta p\u00fablica (octubre &#8211; diciembre 2020)<\/a><\/li>\n<li><a href=\"\/transparencia\/descargar.php?d=\/transparencia\/wp-content\/uploads\/lgtaip\/Formato_XXI-C_Informacion_financiera_de_cuenta_publica_2020_3.xlsx\">Informaci\u00f3n financiera de cuenta p\u00fablica (julio &#8211; septiembre 2020)<\/a><\/li>\n<li><a href=\"\/transparencia\/descargar.php?d=\/transparencia\/wp-content\/uploads\/lgtaip\/Formato_XXI-C_Informacion_financiera_de_cuenta_publica_2020_2.xlsx\">Informaci\u00f3n financiera de cuenta p\u00fablica (abril &#8211; junio 2020)<\/a><\/li>\n<li><a href=\"\/transparencia\/descargar.php?d=\/transparencia\/wp-content\/uploads\/lgtaip\/Formato_XXI-C_Informacion_financiera_de_cuenta_publica_2020_1.xlsx\">Informaci\u00f3n financiera de cuenta p\u00fablica (enero &#8211; marzo 2020)<\/a><\/li>\n<li><a href=\"\/transparencia\/descargar.php?d=\/transparencia\/wp-content\/uploads\/lgtaip\/Formato_XXI-C_Informacion_financiera_de_cuenta_publica_2019_4.xlsx\">Informaci\u00f3n financiera de cuenta p\u00fablica (octubre &#8211; diciembre 2019)<\/a><\/li>\n<li><a href=\"\/transparencia\/descargar.php?d=\/transparencia\/wp-content\/uploads\/lgtaip\/Formato_XXI-C_Informacion_financiera_de_cuenta_publica_2019_3.xlsx\">Informaci\u00f3n financiera de cuenta p\u00fablica (julio &#8211; septiembre 2019)<\/a><\/li>\n<li><a href=\"\/transparencia\/descargar.php?d=\/transparencia\/wp-content\/uploads\/lgtaip\/Formato_XXI-C_Informacion_financiera_de_cuenta_publica_2019_2.xlsx\">Informaci\u00f3n financiera de cuenta p\u00fablica (abril &#8211; junio 2019)<\/a><\/li>\n<li><a href=\"\/transparencia\/descargar.php?d=\/transparencia\/wp-content\/uploads\/lgtaip\/Formato_XXI-C_Informacion_financiera_de_cuenta_publica_2019_1.xlsx\">Informaci\u00f3n financiera de cuenta p\u00fablica (enero &#8211; marzo 2019)<\/a><\/li>\n<li><a href=\"\/transparencia\/descargar.php?d=\/transparencia\/wp-content\/uploads\/lgtaip\/Formato_XXI-C_Informacion_financiera_de_cuenta_publica_2018_4.xlsx\">Informaci\u00f3n financiera de cuenta p\u00fablica (octubre &#8211; diciembre 2018)<\/a><\/li>\n<li><a href=\"\/transparencia\/descargar.php?d=\/transparencia\/wp-content\/uploads\/lgtaip\/Formato_XXI-C_Informacion_financiera_de_cuenta_publica_2018_3.xlsx\">Informaci\u00f3n financiera de cuenta p\u00fablica (julio &#8211; septiembre 2018)<\/a><\/li>\n<li><a href=\"\/transparencia\/descargar.php?d=\/transparencia\/wp-content\/uploads\/lgtaip\/Formato_XXI-C_Informacion_financiera_de_cuenta_publica_2018_2.xlsx\">Informaci\u00f3n financiera de cuenta p\u00fablica (enero &#8211; junio 2018)<\/a><\/li>\n<li><a href=\"\/transparencia\/descargar.php?d=\/transparencia\/wp-content\/uploads\/lgtaip\/Formato_XXI-C_Informacion_financiera_de_cuenta_publica_2012-2017.xlsx\">Informaci\u00f3n financiera de cuenta p\u00fablica (2012 &#8211; 2017)<\/a><\/li>\n<\/ul>\n","protected":false},"excerpt":{"rendered":"<p>&nbsp; Informaci\u00f3n financiera de cuenta p\u00fablica (octubre &#8211; diciembre 2025) Informaci\u00f3n financiera de cuenta p\u00fablica (enero &#8211; diciembre 2025) Informaci\u00f3n financiera de cuenta p\u00fablica (octubre &#8211; diciembre 2024) Informaci\u00f3n financiera de cuenta p\u00fablica (julio &#8211; septiembre 2024) Informaci\u00f3n financiera de cuenta p\u00fablica (abril &#8211; junio 2024) Informaci\u00f3n financiera de cuenta p\u00fablica (octubre &#8211; diciembre 2023) <a class=\"more-link\" href=\"https:\/\/acapulco.gob.mx\/transparencia\/cumplimiento-de-la-ley-de-transparencia-y-acceso-a-la-informacion-publica\/xxi-c\/\">Continue reading <i class=\"fa fa-chevron-right\"><\/i><\/a><\/p>\n","protected":false},"author":1,"featured_media":0,"parent":2286,"menu_order":0,"comment_status":"closed","ping_status":"closed","template":"","meta":[],"_links":{"self":[{"href":"https:\/\/acapulco.gob.mx\/transparencia\/wp-json\/wp\/v2\/pages\/2919"}],"collection":[{"href":"https:\/\/acapulco.gob.mx\/transparencia\/wp-json\/wp\/v2\/pages"}],"about":[{"href":"https:\/\/acapulco.gob.mx\/transparencia\/wp-json\/wp\/v2\/types\/page"}],"author":[{"embeddable":true,"href":"https:\/\/acapulco.gob.mx\/transparencia\/wp-json\/wp\/v2\/users\/1"}],"replies":[{"embeddable":true,"href":"https:\/\/acapulco.gob.mx\/transparencia\/wp-json\/wp\/v2\/comments?post=2919"}],"version-history":[{"count":32,"href":"https:\/\/acapulco.gob.mx\/transparencia\/wp-json\/wp\/v2\/pages\/2919\/revisions"}],"predecessor-version":[{"id":7781,"href":"https:\/\/acapulco.gob.mx\/transparencia\/wp-json\/wp\/v2\/pages\/2919\/revisions\/7781"}],"up":[{"embeddable":true,"href":"https:\/\/acapulco.gob.mx\/transparencia\/wp-json\/wp\/v2\/pages\/2286"}],"wp:attachment":[{"href":"https:\/\/acapulco.gob.mx\/transparencia\/wp-json\/wp\/v2\/media?parent=2919"}],"curies":[{"name":"wp","href":"https:\/\/api.w.org\/{rel}","templated":true}]}}