{"id":2931,"date":"2018-01-17T22:15:32","date_gmt":"2018-01-17T22:15:32","guid":{"rendered":"https:\/\/acapulco.gob.mx\/transparencia\/?page_id=2931"},"modified":"2026-02-10T23:18:06","modified_gmt":"2026-02-10T23:18:06","slug":"viii","status":"publish","type":"page","link":"https:\/\/acapulco.gob.mx\/transparencia\/cumplimiento-de-la-ley-de-transparencia-y-acceso-a-la-informacion-publica\/viii\/","title":{"rendered":"VIII"},"content":{"rendered":"<p>&nbsp;<br \/>\n<b>VIII-A<\/b><\/p>\n<ul>\n<li><a href=\"\/transparencia\/descargar.php?d=\/transparencia\/wp-content\/uploads\/lgtaip\/Formato_VIII-A_Remuneracion_bruta_y_neta_2025_4.xlsx\">La remuneraci\u00f3n bruta y neta de todos los Servidores P\u00fablicos (octubre &#8211; diciembre 2025)<\/a><\/li>\n<li><a href=\"\/transparencia\/descargar.php?d=\/transparencia\/wp-content\/uploads\/lgtaip\/Formato_VIII-A_Remuneracion_bruta_y_neta_2025_3.xlsx\">La remuneraci\u00f3n bruta y neta de todos los Servidores P\u00fablicos (julio &#8211; septiembre 2025)<\/a><\/li>\n<li><a href=\"\/transparencia\/descargar.php?d=\/transparencia\/wp-content\/uploads\/lgtaip\/Formato_VIII-A_Remuneracion_bruta_y_neta_2025_2.xlsx\">La remuneraci\u00f3n bruta y neta de todos los Servidores P\u00fablicos (abril &#8211; junio 2025)<\/a><\/li>\n<li><a href=\"\/transparencia\/descargar.php?d=\/transparencia\/wp-content\/uploads\/lgtaip\/Formato_VIII-A_Remuneracion_bruta_y_neta_2025_1.xlsx\">La remuneraci\u00f3n bruta y neta de todos los Servidores P\u00fablicos (enero &#8211; marzo 2025)<\/a><\/li>\n<li><a href=\"\/transparencia\/descargar.php?d=\/transparencia\/wp-content\/uploads\/lgtaip\/Formato_VIII-A_Remuneracion_bruta_y_neta_2024_4.xlsx\">La remuneraci\u00f3n bruta y neta de todos los Servidores P\u00fablicos (octubre &#8211; diciembre 2024)<\/a><\/li>\n<li><a href=\"\/transparencia\/descargar.php?d=\/transparencia\/wp-content\/uploads\/lgtaip\/Formato_VIII-A_Remuneracion_bruta_y_neta_2024_3.xlsx\">La remuneraci\u00f3n bruta y neta de todos los Servidores P\u00fablicos (julio &#8211; septiembre 2024)<\/a><\/li>\n<li><a href=\"\/transparencia\/descargar.php?d=\/transparencia\/wp-content\/uploads\/lgtaip\/Formato_VIII-A_Remuneracion_bruta_y_neta_2024_1.xlsx\">La remuneraci\u00f3n bruta y neta de todos los Servidores P\u00fablicos (enero &#8211; marzo 2024)<\/a><\/li>\n<li><a href=\"\/transparencia\/descargar.php?d=\/transparencia\/wp-content\/uploads\/lgtaip\/Formato_VIII-A_Remuneracion_bruta_y_neta_2023_4.xlsx\">La remuneraci\u00f3n bruta y neta de todos los Servidores P\u00fablicos (octubre &#8211; diciembre 2023)<\/a><\/li>\n<li><a href=\"\/transparencia\/descargar.php?d=\/transparencia\/wp-content\/uploads\/lgtaip\/Formato_VIII-A_Remuneracion_bruta_y_neta_2023_3.xlsx\">La remuneraci\u00f3n bruta y neta de todos los Servidores P\u00fablicos (julio &#8211; septiembre 2023)<\/a><\/li>\n<li><a href=\"\/transparencia\/descargar.php?d=\/transparencia\/wp-content\/uploads\/lgtaip\/Formato_VIII-A_Remuneracion_bruta_y_neta_2023_2.xlsx\">La remuneraci\u00f3n bruta y neta de todos los Servidores P\u00fablicos (abril &#8211; junio 2023)<\/a><\/li>\n<li><a href=\"\/transparencia\/descargar.php?d=\/transparencia\/wp-content\/uploads\/lgtaip\/Formato_VIII-A_Remuneracion_bruta_y_neta_2023_1.xlsx\">La remuneraci\u00f3n bruta y neta de todos los Servidores P\u00fablicos (enero &#8211; marzo 2023)<\/a><\/li>\n<li><a href=\"\/transparencia\/descargar.php?d=\/transparencia\/wp-content\/uploads\/lgtaip\/Formato_VIII-A_Remuneracion_bruta_y_neta_2022_4.xlsx\">La remuneraci\u00f3n bruta y neta de todos los Servidores P\u00fablicos (octubre &#8211; diciembre 2022)<\/a><\/li>\n<li><a href=\"\/transparencia\/descargar.php?d=\/transparencia\/wp-content\/uploads\/lgtaip\/Formato_VIII-A_Remuneracion_bruta_y_neta_2022_3.xlsx\">La remuneraci\u00f3n bruta y neta de todos los Servidores P\u00fablicos (julio &#8211; septiembre 2022)<\/a><\/li>\n<li><a href=\"\/transparencia\/descargar.php?d=\/transparencia\/wp-content\/uploads\/lgtaip\/Formato_VIII-A_Remuneracion_bruta_y_neta_2022_2.xlsx\">La remuneraci\u00f3n bruta y neta de todos los Servidores P\u00fablicos (abril &#8211; junio 2022)<\/a><\/li>\n<li><a href=\"\/transparencia\/descargar.php?d=\/transparencia\/wp-content\/uploads\/lgtaip\/Formato_VIII-A_Remuneracion_bruta_y_neta_2022_1.xlsx\">La remuneraci\u00f3n bruta y neta de todos los Servidores P\u00fablicos (enero &#8211; marzo 2022)<\/a><\/li>\n<li><a href=\"\/transparencia\/descargar.php?d=\/transparencia\/wp-content\/uploads\/lgtaip\/Formato_VIII-A_Remuneracion_bruta_y_neta_2021_4.xlsx\">La remuneraci\u00f3n bruta y neta de todos los Servidores P\u00fablicos (octubre &#8211; diciembre 2021)<\/a><\/li>\n<li><a href=\"\/transparencia\/descargar.php?d=\/transparencia\/wp-content\/uploads\/lgtaip\/Formato_VIII-A_Remuneracion_bruta_y_neta_2021_3.xlsx\">La remuneraci\u00f3n bruta y neta de todos los Servidores P\u00fablicos (julio &#8211; septiembre 2021)<\/a><\/li>\n<li><a href=\"\/transparencia\/descargar.php?d=\/transparencia\/wp-content\/uploads\/lgtaip\/Formato_VIII-A_Remuneracion_bruta_y_neta_2021_2.xlsx\">La remuneraci\u00f3n bruta y neta de todos los Servidores P\u00fablicos (abril &#8211; junio 2021)<\/a><\/li>\n<li><a href=\"\/transparencia\/descargar.php?d=\/transparencia\/wp-content\/uploads\/lgtaip\/Formato_VIII-A_Remuneracion_bruta_y_neta_2021_1.xlsx\">La remuneraci\u00f3n bruta y neta de todos los Servidores P\u00fablicos (enero &#8211; marzo 2021)<\/a><\/li>\n<\/ul>\n<p>&nbsp;<br \/>\n<b>VIII-B<\/b><\/p>\n<ul>\n<li><a href=\"\/transparencia\/descargar.php?d=\/transparencia\/wp-content\/uploads\/lgtaip\/Formato_VIII-B_Tabulador_sueldos_y_salarios_2025_4.xlsx\">Tabulador de sueldos y salarios (octubre &#8211; diciembre 2025)<\/a><\/li>\n<li><a href=\"\/transparencia\/descargar.php?d=\/transparencia\/wp-content\/uploads\/lgtaip\/Formato_VIII-B_Tabulador_sueldos_y_salarios_2025_3.xlsx\">Tabulador de sueldos y salarios (julio &#8211; septiembre 2025)<\/a><\/li>\n<li><a href=\"\/transparencia\/descargar.php?d=\/transparencia\/wp-content\/uploads\/lgtaip\/Formato_VIII-B_Tabulador_sueldos_y_salarios_2025_2.xlsx\">Tabulador de sueldos y salarios (abril &#8211; junio 2025)<\/a><\/li>\n<li><a href=\"\/transparencia\/descargar.php?d=\/transparencia\/wp-content\/uploads\/lgtaip\/Formato_VIII-B_Tabulador_sueldos_y_salarios_2025_1.xlsx\">Tabulador de sueldos y salarios (enero &#8211; marzo 2025)<\/a><\/li>\n<li><a href=\"\/transparencia\/descargar.php?d=\/transparencia\/wp-content\/uploads\/lgtaip\/Formato_VIII-B_Tabulador_sueldos_y_salarios_2024_4.xlsx\">Tabulador de sueldos y salarios (octubre &#8211; diciembre 2024)<\/a><\/li>\n<li><a href=\"\/transparencia\/descargar.php?d=\/transparencia\/wp-content\/uploads\/lgtaip\/Formato_VIII-B_Tabulador_sueldos_y_salarios_2024_3.xlsx\">Tabulador de sueldos y salarios (julio &#8211; septiembre 2024)<\/a><\/li>\n<li><a href=\"\/transparencia\/descargar.php?d=\/transparencia\/wp-content\/uploads\/lgtaip\/Formato_VIII-B_Tabulador_sueldos_y_salarios_2024_2.xlsx\">Tabulador de sueldos y salarios (abril &#8211; junio 2024)<\/a><\/li>\n<li><a href=\"\/transparencia\/descargar.php?d=\/transparencia\/wp-content\/uploads\/lgtaip\/Formato_VIII-B_Tabulador_sueldos_y_salarios_2024_1.xlsx\">Tabulador de sueldos y salarios (enero &#8211; marzo 2024)<\/a><\/li>\n<li><a href=\"\/transparencia\/descargar.php?d=\/transparencia\/wp-content\/uploads\/lgtaip\/Formato_VIII-B_Tabulador_sueldos_y_salarios_2023_4.xlsx\">Tabulador de sueldos y salarios (octubre &#8211; diciembre 2023)<\/a><\/li>\n<li><a href=\"\/transparencia\/descargar.php?d=\/transparencia\/wp-content\/uploads\/lgtaip\/Formato_VIII-B_Tabulador_sueldos_y_salarios_2023_3.xlsx\">Tabulador de sueldos y salarios (julio &#8211; septiembre 2023)<\/a><\/li>\n<li><a href=\"\/transparencia\/descargar.php?d=\/transparencia\/wp-content\/uploads\/lgtaip\/Formato_VIII-B_Tabulador_sueldos_y_salarios_2023_2.xlsx\">Tabulador de sueldos y salarios (abril &#8211; junio 2023)<\/a><\/li>\n<li><a href=\"\/transparencia\/descargar.php?d=\/transparencia\/wp-content\/uploads\/lgtaip\/Formato_VIII-B_Tabulador_sueldos_y_salarios_2023_1.xlsx\">Tabulador de sueldos y salarios (enero &#8211; marzo 2023)<\/a><\/li>\n<li><a href=\"\/transparencia\/descargar.php?d=\/transparencia\/wp-content\/uploads\/lgtaip\/Formato_VIII-B_Tabulador_sueldos_y_salarios_2022_3.xlsx\">Tabulador de sueldos y salarios (julio &#8211; septiembre 2022)<\/a><\/li>\n<li><a href=\"\/transparencia\/descargar.php?d=\/transparencia\/wp-content\/uploads\/lgtaip\/Formato_VIII-B_Tabulador_sueldos_y_salarios_2022_2.xlsx\">Tabulador de sueldos y salarios (abril &#8211; junio 2022)<\/a><\/li>\n<li><a href=\"\/transparencia\/descargar.php?d=\/transparencia\/wp-content\/uploads\/lgtaip\/Formato_VIII-B_Tabulador_sueldos_y_salarios_2022_1.xlsx\">Tabulador de sueldos y salarios (enero &#8211; marzo 2022)<\/a><\/li>\n<li><a href=\"\/transparencia\/descargar.php?d=\/transparencia\/wp-content\/uploads\/lgtaip\/Formato_VIII-B_Tabulador_sueldos_y_salarios_2021_4.xlsx\">Tabulador de sueldos y salarios (octubre &#8211; diciembre 2021)<\/a><\/li>\n<li><a href=\"\/transparencia\/descargar.php?d=\/transparencia\/wp-content\/uploads\/lgtaip\/Formato_VIII-B_Tabulador_sueldos_y_salarios_2021_3.xlsx\">Tabulador de sueldos y salarios (julio &#8211; septiembre 2021)<\/a><\/li>\n<li><a href=\"\/transparencia\/descargar.php?d=\/transparencia\/wp-content\/uploads\/lgtaip\/Formato_VIII-B_Tabulador_sueldos_y_salarios_2021_2.xlsx\">Tabulador de sueldos y salarios (abril &#8211; junio 2021)<\/a><\/li>\n<li><a href=\"\/transparencia\/descargar.php?d=\/transparencia\/wp-content\/uploads\/lgtaip\/Formato_VIII-B_Tabulador_sueldos_y_salarios_2021_1.xlsx\">Tabulador de sueldos y salarios (enero &#8211; marzo 2021)<\/a><\/li>\n<\/ul>\n<p>&nbsp;<br \/>\n<b>Participaciones Federales a Municipios<\/b><\/p>\n<ul>\n<li><a href=\"\/transparencia\/descargar.php?d=\/transparencia\/wp-content\/uploads\/estructura\/Tabulador_Sueldos_y_Salarios_2022.xlsx\">Tabulador de Sueldos y Salarios 2022.<\/a><\/li>\n<\/ul>\n<p>&nbsp;<br \/>\n<b>VIII<\/b> (anteriores a 2021)<\/p>\n<ul>\n<li><a href=\"\/transparencia\/descargar.php?d=\/transparencia\/wp-content\/uploads\/lgtaip\/Formato_VIII_Remuneracion_bruta_y_neta_2020_4.xlsx\">La remuneraci\u00f3n bruta y neta de todos los Servidores P\u00fablicos (octubre &#8211; diciembre 2020)<\/a><\/li>\n<li><a href=\"\/transparencia\/descargar.php?d=\/transparencia\/wp-content\/uploads\/lgtaip\/Formato_VIII_Remuneracion_bruta_y_neta_2020_3.xlsx\">La remuneraci\u00f3n bruta y neta de todos los Servidores P\u00fablicos (julio &#8211; septiembre 2020)<\/a><\/li>\n<li><a href=\"\/transparencia\/descargar.php?d=\/transparencia\/wp-content\/uploads\/lgtaip\/Formato_VIII_Remuneracion_bruta_y_neta_2020_2.xlsx\">La remuneraci\u00f3n bruta y neta de todos los Servidores P\u00fablicos (abril &#8211; junio 2020)<\/a><\/li>\n<li><a href=\"\/transparencia\/descargar.php?d=\/transparencia\/wp-content\/uploads\/lgtaip\/Formato_VIII_Remuneracion_bruta_y_neta_2020_1.xlsx\">La remuneraci\u00f3n bruta y neta de todos los Servidores P\u00fablicos (enero &#8211; marzo 2020)<\/a><\/li>\n<li><a href=\"\/transparencia\/descargar.php?d=\/transparencia\/wp-content\/uploads\/lgtaip\/Formato_VIII_Remuneracion_bruta_y_neta_2019_4.xlsx\">La remuneraci\u00f3n bruta y neta de todos los Servidores P\u00fablicos (julio &#8211; diciembre 2019)<\/a><\/li>\n<li><a href=\"\/transparencia\/descargar.php?d=\/transparencia\/wp-content\/uploads\/lgtaip\/Formato_VIII_Remuneracion_bruta_y_neta_2019_2.xlsx\">La remuneraci\u00f3n bruta y neta de todos los Servidores P\u00fablicos (enero &#8211; junio 2019)<\/a><\/li>\n<li><a href=\"\/transparencia\/descargar.php?d=\/transparencia\/wp-content\/uploads\/lgtaip\/Formato_VIII_Remuneracion_bruta_y_neta_2018_4.xlsx\">La remuneraci\u00f3n bruta y neta de todos los Servidores P\u00fablicos (julio &#8211; diciembre 2018)<\/a><\/li>\n<li><a href=\"\/transparencia\/descargar.php?d=\/transparencia\/wp-content\/uploads\/lgtaip\/Formato_VIII_Remuneracion_bruta_y_neta_2018_2.xlsx\">La remuneraci\u00f3n bruta y neta de todos los Servidores P\u00fablicos (enero &#8211; junio 2018)<\/a><\/li>\n<li><a href=\"\/transparencia\/descargar.php?d=\/transparencia\/wp-content\/uploads\/lgtaip\/Formato_VIII_Remuneracion_bruta_y_neta_2017.xlsx\">La remuneraci\u00f3n bruta y neta de todos los Servidores P\u00fablicos (2017)<\/a><\/li>\n<li><a href=\"\/transparencia\/descargar.php?d=\/transparencia\/wp-content\/uploads\/lgtaip\/Formato_VIII_Remuneracion_bruta_y_neta_2016.xlsx\">La remuneraci\u00f3n bruta y neta de todos los Servidores P\u00fablicos (2016)<\/a><\/li>\n<\/ul>\n","protected":false},"excerpt":{"rendered":"<p>&nbsp; VIII-A La remuneraci\u00f3n bruta y neta de todos los Servidores P\u00fablicos (octubre &#8211; diciembre 2025) La remuneraci\u00f3n bruta y neta de todos los Servidores P\u00fablicos (julio &#8211; septiembre 2025) La remuneraci\u00f3n bruta y neta de todos los Servidores P\u00fablicos (abril &#8211; junio 2025) La remuneraci\u00f3n bruta y neta de todos los Servidores P\u00fablicos (enero <a class=\"more-link\" href=\"https:\/\/acapulco.gob.mx\/transparencia\/cumplimiento-de-la-ley-de-transparencia-y-acceso-a-la-informacion-publica\/viii\/\">Continue reading <i class=\"fa fa-chevron-right\"><\/i><\/a><\/p>\n","protected":false},"author":1,"featured_media":0,"parent":2286,"menu_order":0,"comment_status":"closed","ping_status":"closed","template":"","meta":[],"_links":{"self":[{"href":"https:\/\/acapulco.gob.mx\/transparencia\/wp-json\/wp\/v2\/pages\/2931"}],"collection":[{"href":"https:\/\/acapulco.gob.mx\/transparencia\/wp-json\/wp\/v2\/pages"}],"about":[{"href":"https:\/\/acapulco.gob.mx\/transparencia\/wp-json\/wp\/v2\/types\/page"}],"author":[{"embeddable":true,"href":"https:\/\/acapulco.gob.mx\/transparencia\/wp-json\/wp\/v2\/users\/1"}],"replies":[{"embeddable":true,"href":"https:\/\/acapulco.gob.mx\/transparencia\/wp-json\/wp\/v2\/comments?post=2931"}],"version-history":[{"count":46,"href":"https:\/\/acapulco.gob.mx\/transparencia\/wp-json\/wp\/v2\/pages\/2931\/revisions"}],"predecessor-version":[{"id":7882,"href":"https:\/\/acapulco.gob.mx\/transparencia\/wp-json\/wp\/v2\/pages\/2931\/revisions\/7882"}],"up":[{"embeddable":true,"href":"https:\/\/acapulco.gob.mx\/transparencia\/wp-json\/wp\/v2\/pages\/2286"}],"wp:attachment":[{"href":"https:\/\/acapulco.gob.mx\/transparencia\/wp-json\/wp\/v2\/media?parent=2931"}],"curies":[{"name":"wp","href":"https:\/\/api.w.org\/{rel}","templated":true}]}}