{"id":2966,"date":"2018-02-02T02:33:08","date_gmt":"2018-02-02T02:33:08","guid":{"rendered":"https:\/\/acapulco.gob.mx\/transparencia\/?page_id=2966"},"modified":"2026-02-06T18:10:38","modified_gmt":"2026-02-06T18:10:38","slug":"xxxi","status":"publish","type":"page","link":"https:\/\/acapulco.gob.mx\/transparencia\/cumplimiento-de-la-ley-de-transparencia-y-acceso-a-la-informacion-publica\/xxxi\/","title":{"rendered":"XXXI"},"content":{"rendered":"<p>&nbsp;<br \/>\n<b>XXXI-A<\/b><\/p>\n<ul>\n<li><a href=\"\/transparencia\/descargar.php?d=\/transparencia\/wp-content\/uploads\/lgtaip\/Formato_XXXI-A_Gasto_por_capitulo_2025_4.xlsx\">Gasto por Cap\u00edtulo, Concepto y Partida (octubre &#8211; diciembre 2025)<\/a><\/li>\n<li><a href=\"\/transparencia\/descargar.php?d=\/transparencia\/wp-content\/uploads\/lgtaip\/Formato_XXXI-A_Gasto_por_capitulo_2025_3.xlsx\">Gasto por Cap\u00edtulo, Concepto y Partida (julio &#8211; septiembre 2025)<\/a><\/li>\n<li><a href=\"\/transparencia\/descargar.php?d=\/transparencia\/wp-content\/uploads\/lgtaip\/Formato_XXXI-A_Gasto_por_capitulo_2025_2.xls\">Gasto por Cap\u00edtulo, Concepto y Partida (abril &#8211; junio 2025)<\/a><\/li>\n<li><a href=\"\/transparencia\/descargar.php?d=\/transparencia\/wp-content\/uploads\/lgtaip\/Formato_XXXI-A_Gasto_por_capitulo_2025_1.xlsx\">Gasto por Cap\u00edtulo, Concepto y Partida (enero &#8211; marzo 2025)<\/a><\/li>\n<li><a href=\"\/transparencia\/descargar.php?d=\/transparencia\/wp-content\/uploads\/lgtaip\/Formato_XXXI-A_Gasto_por_capitulo_2024_4.xlsx\">Gasto por Cap\u00edtulo, Concepto y Partida (octubre &#8211; diciembre 2024)<\/a><\/li>\n<li><a href=\"\/transparencia\/descargar.php?d=\/transparencia\/wp-content\/uploads\/lgtaip\/Formato_XXXI-A_Gasto_por_capitulo_2024_3.xlsx\">Gasto por Cap\u00edtulo, Concepto y Partida (julio &#8211; septiembre 2024)<\/a><\/li>\n<li><a href=\"\/transparencia\/descargar.php?d=\/transparencia\/wp-content\/uploads\/lgtaip\/Formato_XXXI-A_Gasto_por_capitulo_2023_4.xlsx\">Gasto por Cap\u00edtulo, Concepto y Partida (octubre &#8211; diciembre 2023)<\/a><\/li>\n<li><a href=\"\/transparencia\/descargar.php?d=\/transparencia\/wp-content\/uploads\/lgtaip\/Formato_XXXI-A_Gasto_por_capitulo_2023_2.xlsx\">Gasto por Cap\u00edtulo, Concepto y Partida (abril &#8211; junio 2023)<\/a><\/li>\n<li><a href=\"\/transparencia\/descargar.php?d=\/transparencia\/wp-content\/uploads\/lgtaip\/Formato_XXXI-A_Gasto_por_capitulo_2023_1.xlsx\">Gasto por Cap\u00edtulo, Concepto y Partida (enero &#8211; marzo 2023)<\/a><\/li>\n<li><a href=\"\/transparencia\/descargar.php?d=\/transparencia\/wp-content\/uploads\/lgtaip\/Formato_XXXI-A_Gasto_por_capitulo_2022_4.xlsx\">Gasto por Cap\u00edtulo, Concepto y Partida (octubre &#8211; diciembre 2022)<\/a><\/li>\n<li><a href=\"\/transparencia\/descargar.php?d=\/transparencia\/wp-content\/uploads\/lgtaip\/Formato_XXXI-A_Gasto_por_capitulo_2022_3.xlsx\">Gasto por Cap\u00edtulo, Concepto y Partida (julio &#8211; septiembre 2022)<\/a><\/li>\n<li><a href=\"\/transparencia\/descargar.php?d=\/transparencia\/wp-content\/uploads\/lgtaip\/Formato_XXXI-A_Gasto_por_capitulo_2022_2.xlsx\">Gasto por Cap\u00edtulo, Concepto y Partida (abril &#8211; junio 2022)<\/a><\/li>\n<li><a href=\"\/transparencia\/descargar.php?d=\/transparencia\/wp-content\/uploads\/lgtaip\/Formato_XXXI-A_Gasto_por_capitulo_2022_1.xlsx\">Gasto por Cap\u00edtulo, Concepto y Partida (enero &#8211; marzo 2022)<\/a><\/li>\n<li><a href=\"\/transparencia\/descargar.php?d=\/transparencia\/wp-content\/uploads\/lgtaip\/Formato_XXXI-A_Gasto_por_capitulo_2021_4.xlsx\">Gasto por Cap\u00edtulo, Concepto y Partida (octubre &#8211; diciembre 2021)<\/a><\/li>\n<li><a href=\"\/transparencia\/descargar.php?d=\/transparencia\/wp-content\/uploads\/lgtaip\/Formato_XXXI-A_Gasto_por_capitulo_2021_3.xlsx\">Gasto por Cap\u00edtulo, Concepto y Partida (julio &#8211; septiembre 2021)<\/a><\/li>\n<li><a href=\"\/transparencia\/descargar.php?d=\/transparencia\/wp-content\/uploads\/lgtaip\/Formato_XXXI-A_Gasto_por_capitulo_2021_2.xlsx\">Gasto por Cap\u00edtulo, Concepto y Partida (abril &#8211; junio 2021)<\/a><\/li>\n<li><a href=\"\/transparencia\/descargar.php?d=\/transparencia\/wp-content\/uploads\/lgtaip\/Formato_XXXI-A_Gasto_por_capitulo_2021_1.xlsx\">Gasto por Cap\u00edtulo, Concepto y Partida (enero &#8211; marzo 2021)<\/a><\/li>\n<li><a href=\"\/transparencia\/descargar.php?d=\/transparencia\/wp-content\/uploads\/lgtaip\/Formato_XXXI-A_Gasto_por_capitulo_2020_4.xlsx\">Gasto por Cap\u00edtulo, Concepto y Partida (octubre &#8211; diciembre 2020)<\/a><\/li>\n<li><a href=\"\/transparencia\/descargar.php?d=\/transparencia\/wp-content\/uploads\/lgtaip\/Formato_XXXI-A_Gasto_por_capitulo_2020_3.xlsx\">Gasto por Cap\u00edtulo, Concepto y Partida (julio &#8211; septiembre 2020)<\/a><\/li>\n<li><a href=\"\/transparencia\/descargar.php?d=\/transparencia\/wp-content\/uploads\/lgtaip\/Formato_XXXI-A_Gasto_por_capitulo_2020_2.xlsx\">Gasto por Cap\u00edtulo, Concepto y Partida (abril &#8211; junio 2020)<\/a><\/li>\n<li><a href=\"\/transparencia\/descargar.php?d=\/transparencia\/wp-content\/uploads\/lgtaip\/Formato_XXXI-A_Gasto_por_capitulo_2020_1.xlsx\">Gasto por Cap\u00edtulo, Concepto y Partida (enero &#8211; marzo 2020)<\/a><\/li>\n<li><a href=\"\/transparencia\/descargar.php?d=\/transparencia\/wp-content\/uploads\/lgtaip\/Formato_XXXI-A_Gasto_por_capitulo_2019_4.xlsx\">Gasto por Cap\u00edtulo, Concepto y Partida (octubre &#8211; diciembre 2019)<\/a><\/li>\n<li><a href=\"\/transparencia\/descargar.php?d=\/transparencia\/wp-content\/uploads\/lgtaip\/Formato_XXXI-A_Gasto_por_capitulo_2019_3.xlsx\">Gasto por Cap\u00edtulo, Concepto y Partida (julio &#8211; septiembre 2019)<\/a><\/li>\n<li><a href=\"\/transparencia\/descargar.php?d=\/transparencia\/wp-content\/uploads\/lgtaip\/Formato_XXXI-A_Gasto_por_capitulo_2019_2.xlsx\">Gasto por Cap\u00edtulo, Concepto y Partida (abril &#8211; junio 2019)<\/a><\/li>\n<li><a href=\"\/transparencia\/descargar.php?d=\/transparencia\/wp-content\/uploads\/lgtaip\/Formato_XXXI-A_Gasto_por_capitulo_2019_1.xlsx\">Gasto por Cap\u00edtulo, Concepto y Partida (enero &#8211; marzo 2019)<\/a><\/li>\n<li><a href=\"\/transparencia\/descargar.php?d=\/transparencia\/wp-content\/uploads\/lgtaip\/Formato_XXXI-A_Gasto_por_capitulo_2018_4.xlsx\">Gasto por Cap\u00edtulo, Concepto y Partida (octubre &#8211; diciembre 2018)<\/a><\/li>\n<li><a href=\"\/transparencia\/descargar.php?d=\/transparencia\/wp-content\/uploads\/lgtaip\/Formato_XXXI-A_Gasto_por_capitulo_2018_3.xlsx\">Gasto por Cap\u00edtulo, Concepto y Partida (julio &#8211; septiembre 2018)<\/a><\/li>\n<li><a href=\"\/transparencia\/descargar.php?d=\/transparencia\/wp-content\/uploads\/lgtaip\/Formato_XXXI-A_Gasto_por_capitulo_2018_2.xlsx\">Gasto por Cap\u00edtulo, Concepto y Partida (abril &#8211; junio 2018)<\/a><\/li>\n<li><a href=\"\/transparencia\/descargar.php?d=\/transparencia\/wp-content\/uploads\/lgtaip\/Formato_XXXI-A_Gasto_por_capitulo_2018_1.xlsx\">Gasto por Cap\u00edtulo, Concepto y Partida (enero &#8211; marzo 2018)<\/a><\/li>\n<\/ul>\n<p>&nbsp;<br \/>\n<b>XXXI-B<\/b><\/p>\n<ul>\n<li><a href=\"\/transparencia\/descargar.php?d=\/transparencia\/wp-content\/uploads\/lgtaip\/Formato_XXXI-B_Informes_financieros_2025_4.xlsx\">Informes financieros contables, presupuestales y program\u00e1ticos (octubre &#8211; diciembre 2025)<\/a><\/li>\n<li><a href=\"\/transparencia\/descargar.php?d=\/transparencia\/wp-content\/uploads\/lgtaip\/Formato_XXXI-B_Informes_financieros_2025_3.xlsx\">Informes financieros contables, presupuestales y program\u00e1ticos (julio &#8211; septiembre 2025)<\/a><\/li>\n<li><a href=\"\/transparencia\/descargar.php?d=\/transparencia\/wp-content\/uploads\/lgtaip\/Formato_XXXI-B_Informes_financieros_2025_2.xls\">Informes financieros contables, presupuestales y program\u00e1ticos (abril &#8211; junio 2025)<\/a><\/li>\n<li><a href=\"\/transparencia\/descargar.php?d=\/transparencia\/wp-content\/uploads\/lgtaip\/Formato_XXXI-B_Informes_financieros_2025_1.xlsx\">Informes financieros contables, presupuestales y program\u00e1ticos (enero &#8211; marzo 2025)<\/a><\/li>\n<li><a href=\"\/transparencia\/descargar.php?d=\/transparencia\/wp-content\/uploads\/lgtaip\/Formato_XXXI-B_Informes_financieros_2024_4.xlsx\">Informes financieros contables, presupuestales y program\u00e1ticos (octubre &#8211; diciembre 2024)<\/a><\/li>\n<li><a href=\"\/transparencia\/descargar.php?d=\/transparencia\/wp-content\/uploads\/lgtaip\/Formato_XXXI-B_Informes_financieros_2024_3.xlsx\">Informes financieros contables, presupuestales y program\u00e1ticos (julio &#8211; septiembre 2024)<\/a><\/li>\n<li><a href=\"\/transparencia\/descargar.php?d=\/transparencia\/wp-content\/uploads\/lgtaip\/Formato_XXXI-B_Informes_financieros_2024_2.xlsx\">Informes financieros contables, presupuestales y program\u00e1ticos (abril &#8211; junio 2024)<\/a><\/li>\n<li><a href=\"\/transparencia\/descargar.php?d=\/transparencia\/wp-content\/uploads\/lgtaip\/Formato_XXXI-B_Informes_financieros_2023_4.xlsx\">Informes financieros contables, presupuestales y program\u00e1ticos (octubre &#8211; diciembre 2023)<\/a><\/li>\n<li><a href=\"\/transparencia\/descargar.php?d=\/transparencia\/wp-content\/uploads\/lgtaip\/Formato_XXXI-B_Informes_financieros_2023_3.xlsx\">Informes financieros contables, presupuestales y program\u00e1ticos (julio &#8211; septiembre 2023)<\/a><\/li>\n<li><a href=\"\/transparencia\/descargar.php?d=\/transparencia\/wp-content\/uploads\/lgtaip\/Formato_XXXI-B_Informes_financieros_2023_2.xlsx\">Informes financieros contables, presupuestales y program\u00e1ticos (abril &#8211; junio 2023)<\/a><\/li>\n<li><a href=\"\/transparencia\/descargar.php?d=\/transparencia\/wp-content\/uploads\/lgtaip\/Formato_XXXI-B_Informes_financieros_2023_1.xlsx\">Informes financieros contables, presupuestales y program\u00e1ticos (enero &#8211; marzo 2023)<\/a><\/li>\n<li><a href=\"\/transparencia\/descargar.php?d=\/transparencia\/wp-content\/uploads\/lgtaip\/Formato_XXXI-B_Informes_financieros_2022_4.xlsx\">Informes financieros contables, presupuestales y program\u00e1ticos (octubre &#8211; diciembre 2022)<\/a><\/li>\n<li><a href=\"\/transparencia\/descargar.php?d=\/transparencia\/wp-content\/uploads\/lgtaip\/Formato_XXXI-B_Informes_financieros_2022_3.xlsx\">Informes financieros contables, presupuestales y program\u00e1ticos (julio &#8211; septiembre 2022)<\/a><\/li>\n<li><a href=\"\/transparencia\/descargar.php?d=\/transparencia\/wp-content\/uploads\/lgtaip\/Formato_XXXI-B_Informes_financieros_2022_2.xlsx\">Informes financieros contables, presupuestales y program\u00e1ticos (abril &#8211; junio 2022)<\/a><\/li>\n<li><a href=\"\/transparencia\/descargar.php?d=\/transparencia\/wp-content\/uploads\/lgtaip\/Formato_XXXI-B_Informes_financieros_2022_1.xlsx\">Informes financieros contables, presupuestales y program\u00e1ticos (enero &#8211; marzo 2022)<\/a><\/li>\n<li><a href=\"\/transparencia\/descargar.php?d=\/transparencia\/wp-content\/uploads\/lgtaip\/Formato_XXXI-B_Informes_financieros_2021_4.xlsx\">Informes financieros contables, presupuestales y program\u00e1ticos (octubre &#8211; diciembre 2021)<\/a><\/li>\n<li><a href=\"\/transparencia\/descargar.php?d=\/transparencia\/wp-content\/uploads\/lgtaip\/Formato_XXXI-B_Informes_financieros_2021_3.xlsx\">Informes financieros contables, presupuestales y program\u00e1ticos (julio &#8211; septiembre 2021)<\/a><\/li>\n<li><a href=\"\/transparencia\/descargar.php?d=\/transparencia\/wp-content\/uploads\/lgtaip\/Formato_XXXI-B_Informes_financieros_2021_2.xlsx\">Informes financieros contables, presupuestales y program\u00e1ticos (abril &#8211; junio 2021)<\/a><\/li>\n<li><a href=\"\/transparencia\/descargar.php?d=\/transparencia\/wp-content\/uploads\/lgtaip\/Formato_XXXI-B_Informes_financieros_2021_1.xlsx\">Informes financieros contables, presupuestales y program\u00e1ticos (enero &#8211; marzo 2021)<\/a><\/li>\n<li><a href=\"\/transparencia\/descargar.php?d=\/transparencia\/wp-content\/uploads\/lgtaip\/Formato_XXXI-B_Informes_financieros_2020_4.xlsx\">Informes financieros contables, presupuestales y program\u00e1ticos (octubre &#8211; diciembre 2020)<\/a><\/li>\n<li><a href=\"\/transparencia\/descargar.php?d=\/transparencia\/wp-content\/uploads\/lgtaip\/Formato_XXXI-B_Informes_financieros_2020_3.xlsx\">Informes financieros contables, presupuestales y program\u00e1ticos (julio &#8211; septiembre 2020)<\/a><\/li>\n<li><a href=\"\/transparencia\/descargar.php?d=\/transparencia\/wp-content\/uploads\/lgtaip\/Formato_XXXI-B_Informes_financieros_2020_2.xlsx\">Informes financieros contables, presupuestales y program\u00e1ticos (abril &#8211; junio 2020)<\/a><\/li>\n<li><a href=\"\/transparencia\/descargar.php?d=\/transparencia\/wp-content\/uploads\/lgtaip\/Formato_XXXI-B_Informes_financieros_2020_1.xlsx\">Informes financieros contables, presupuestales y program\u00e1ticos (enero &#8211; marzo 2020)<\/a><\/li>\n<li><a href=\"\/transparencia\/descargar.php?d=\/transparencia\/wp-content\/uploads\/lgtaip\/Formato_XXXI-B_Informes_financieros_2019_4.xlsx\">Informes financieros contables, presupuestales y program\u00e1ticos (octubre &#8211; diciembre 2019)<\/a><\/li>\n<li><a href=\"\/transparencia\/descargar.php?d=\/transparencia\/wp-content\/uploads\/lgtaip\/Formato_XXXI-B_Informes_financieros_2019_3.xlsx\">Informes financieros contables, presupuestales y program\u00e1ticos (julio &#8211; septiembre 2019)<\/a><\/li>\n<li><a href=\"\/transparencia\/descargar.php?d=\/transparencia\/wp-content\/uploads\/lgtaip\/Formato_XXXI-B_Informes_financieros_2019_2.xlsx\">Informes financieros contables, presupuestales y program\u00e1ticos (abril &#8211; junio 2019)<\/a><\/li>\n<li><a href=\"\/transparencia\/descargar.php?d=\/transparencia\/wp-content\/uploads\/lgtaip\/Formato_XXXI-B_Informes_financieros_2019_1.xlsx\">Informes financieros contables, presupuestales y program\u00e1ticos (enero &#8211; marzo 2019)<\/a><\/li>\n<li><a href=\"\/transparencia\/descargar.php?d=\/transparencia\/wp-content\/uploads\/lgtaip\/Formato_XXXI-B_Informes_financieros_2018_4.xlsx\">Informes financieros contables, presupuestales y program\u00e1ticos (octubre &#8211; diciembre 2018)<\/a><\/li>\n<li><a href=\"\/transparencia\/descargar.php?d=\/transparencia\/wp-content\/uploads\/lgtaip\/Formato_XXXI-B_Informes_financieros_2018_3.xlsx\">Informes financieros contables, presupuestales y program\u00e1ticos (julio &#8211; septiembre 2018)<\/a><\/li>\n<li><a href=\"\/transparencia\/descargar.php?d=\/transparencia\/wp-content\/uploads\/lgtaip\/Formato_XXXI-B_Informes_financieros_2018_2.xlsx\">Informes financieros contables, presupuestales y program\u00e1ticos (abril &#8211; junio 2018)<\/a><\/li>\n<li><a href=\"\/transparencia\/descargar.php?d=\/transparencia\/wp-content\/uploads\/lgtaip\/Formato_XXXI-B_Informes_financieros_2018_1.xlsx\">Informes financieros contables, presupuestales y program\u00e1ticos (enero &#8211; marzo 2018)<\/a><\/li>\n<\/ul>\n<p>&nbsp;<br \/>\n<b>XXXI<\/b> (anteriores a 2018)<\/p>\n<ul>\n<li><a href=\"\/transparencia\/descargar.php?d=\/transparencia\/wp-content\/uploads\/lgtaip\/Formato_XXXI_Informes_programaticos_presupuestales_balances_y_estados_2017.xlsx\">Informe de avances program\u00e1ticos o presupuestales, balances generales y su estado financiero (2017)<\/a><\/li>\n<li><a href=\"\/transparencia\/descargar.php?d=\/transparencia\/wp-content\/uploads\/lgtaip\/Formato_XXXI_Informes_programaticos_presupuestales_balances_y_estados_2016.xlsx\">Informe de avances program\u00e1ticos o presupuestales, balances generales y su estado financiero (2016)<\/a><\/li>\n<li><a href=\"\/transparencia\/descargar.php?d=\/transparencia\/wp-content\/uploads\/lgtaip\/Formato_XXXI_Informes_programaticos_presupuestales_balances_y_estados_2015.xlsx\">Informe de avances program\u00e1ticos o presupuestales, balances generales y su estado financiero (2015)<\/a><\/li>\n<li><a href=\"\/transparencia\/descargar.php?d=\/transparencia\/wp-content\/uploads\/lgtaip\/Formato_XXXI_Informes_programaticos_presupuestales_balances_y_estados_2014.xlsx\">Informe de avances program\u00e1ticos o presupuestales, balances generales y su estado financiero (2014)<\/a><\/li>\n<li><a href=\"\/transparencia\/descargar.php?d=\/transparencia\/wp-content\/uploads\/lgtaip\/Formato_XXXI_Informes_programaticos_presupuestales_balances_y_estados_2013.xlsx\">Informe de avances program\u00e1ticos o presupuestales, balances generales y su estado financiero (2013)<\/a><\/li>\n<li><a href=\"\/transparencia\/descargar.php?d=\/transparencia\/wp-content\/uploads\/lgtaip\/Formato_XXXI_Informes_programaticos_presupuestales_balances_y_estados_2012.xlsx\">Informe de avances program\u00e1ticos o presupuestales, balances generales y su estado financiero (2012)<\/a><\/li>\n<\/ul>\n","protected":false},"excerpt":{"rendered":"<p>&nbsp; XXXI-A Gasto por Cap\u00edtulo, Concepto y Partida (octubre &#8211; diciembre 2025) Gasto por Cap\u00edtulo, Concepto y Partida (julio &#8211; septiembre 2025) Gasto por Cap\u00edtulo, Concepto y Partida (abril &#8211; junio 2025) Gasto por Cap\u00edtulo, Concepto y Partida (enero &#8211; marzo 2025) Gasto por Cap\u00edtulo, Concepto y Partida (octubre &#8211; diciembre 2024) Gasto por Cap\u00edtulo, <a class=\"more-link\" href=\"https:\/\/acapulco.gob.mx\/transparencia\/cumplimiento-de-la-ley-de-transparencia-y-acceso-a-la-informacion-publica\/xxxi\/\">Continue reading <i class=\"fa fa-chevron-right\"><\/i><\/a><\/p>\n","protected":false},"author":1,"featured_media":0,"parent":2286,"menu_order":0,"comment_status":"closed","ping_status":"closed","template":"","meta":[],"_links":{"self":[{"href":"https:\/\/acapulco.gob.mx\/transparencia\/wp-json\/wp\/v2\/pages\/2966"}],"collection":[{"href":"https:\/\/acapulco.gob.mx\/transparencia\/wp-json\/wp\/v2\/pages"}],"about":[{"href":"https:\/\/acapulco.gob.mx\/transparencia\/wp-json\/wp\/v2\/types\/page"}],"author":[{"embeddable":true,"href":"https:\/\/acapulco.gob.mx\/transparencia\/wp-json\/wp\/v2\/users\/1"}],"replies":[{"embeddable":true,"href":"https:\/\/acapulco.gob.mx\/transparencia\/wp-json\/wp\/v2\/comments?post=2966"}],"version-history":[{"count":42,"href":"https:\/\/acapulco.gob.mx\/transparencia\/wp-json\/wp\/v2\/pages\/2966\/revisions"}],"predecessor-version":[{"id":7789,"href":"https:\/\/acapulco.gob.mx\/transparencia\/wp-json\/wp\/v2\/pages\/2966\/revisions\/7789"}],"up":[{"embeddable":true,"href":"https:\/\/acapulco.gob.mx\/transparencia\/wp-json\/wp\/v2\/pages\/2286"}],"wp:attachment":[{"href":"https:\/\/acapulco.gob.mx\/transparencia\/wp-json\/wp\/v2\/media?parent=2966"}],"curies":[{"name":"wp","href":"https:\/\/api.w.org\/{rel}","templated":true}]}}