{"id":2968,"date":"2018-02-02T02:37:29","date_gmt":"2018-02-02T02:37:29","guid":{"rendered":"https:\/\/acapulco.gob.mx\/transparencia\/?page_id=2968"},"modified":"2026-02-09T23:25:43","modified_gmt":"2026-02-09T23:25:43","slug":"xxxii","status":"publish","type":"page","link":"https:\/\/acapulco.gob.mx\/transparencia\/cumplimiento-de-la-ley-de-transparencia-y-acceso-a-la-informacion-publica\/xxxii\/","title":{"rendered":"XXXII"},"content":{"rendered":"<p>&nbsp;<\/p>\n<ul>\n<li><a href=\"\/transparencia\/descargar.php?d=\/transparencia\/wp-content\/uploads\/lgtaip\/Formato_XXXII_Padron_de_proveedores_y_contratistas_2025_4.xlsx\">Padr\u00f3n de proveedores y contratistas (octubre &#8211; diciembre 2025)<\/a><\/li>\n<li><a href=\"\/transparencia\/descargar.php?d=\/transparencia\/wp-content\/uploads\/lgtaip\/Formato_XXXII_Padron_de_proveedores_y_contratistas_2025_3.xlsx\">Padr\u00f3n de proveedores y contratistas (julio &#8211; septiembre 2025)<\/a><\/li>\n<li><a href=\"\/transparencia\/descargar.php?d=\/transparencia\/wp-content\/uploads\/lgtaip\/Formato_XXXII_Padron_de_proveedores_y_contratistas_2025_2.xls\">Padr\u00f3n de proveedores y contratistas (abril &#8211; junio 2025)<\/a><\/li>\n<li><a href=\"\/transparencia\/descargar.php?d=\/transparencia\/wp-content\/uploads\/lgtaip\/Formato_XXXII_Padron_de_proveedores_y_contratistas_2025_1.xlsx\">Padr\u00f3n de proveedores y contratistas (enero &#8211; marzo 2025)<\/a><\/li>\n<li><a href=\"\/transparencia\/descargar.php?d=\/transparencia\/wp-content\/uploads\/lgtaip\/Formato_XXXII_Padron_de_proveedores_y_contratistas_2024_4.xlsx\">Padr\u00f3n de proveedores y contratistas (octubre &#8211; diciembre 2024)<\/a><\/li>\n<li><a href=\"\/transparencia\/descargar.php?d=\/transparencia\/wp-content\/uploads\/lgtaip\/Formato_XXXII_Padron_de_proveedores_y_contratistas_2024_3.xlsx\">Padr\u00f3n de proveedores y contratistas (julio &#8211; septiembre 2024)<\/a><\/li>\n<li><a href=\"\/transparencia\/descargar.php?d=\/transparencia\/wp-content\/uploads\/lgtaip\/Formato_XXXII_Padron_de_proveedores_y_contratistas_2024_2.xlsx\">Padr\u00f3n de proveedores y contratistas (abril &#8211; junio 2024)<\/a><\/li>\n<li><a href=\"\/transparencia\/descargar.php?d=\/transparencia\/wp-content\/uploads\/lgtaip\/Formato_XXXII_Padron_de_proveedores_y_contratistas_2024_1.xlsx\">Padr\u00f3n de proveedores y contratistas (enero &#8211; marzo 2024)<\/a><\/li>\n<li><a href=\"\/transparencia\/descargar.php?d=\/transparencia\/wp-content\/uploads\/lgtaip\/Formato_XXXII_Padron_de_proveedores_y_contratistas_2023_4.xlsx\">Padr\u00f3n de proveedores y contratistas (octubre &#8211; diciembre 2023)<\/a><\/li>\n<li><a href=\"\/transparencia\/descargar.php?d=\/transparencia\/wp-content\/uploads\/lgtaip\/Formato_XXXII_Padron_de_proveedores_y_contratistas_2023_3.xlsx\">Padr\u00f3n de proveedores y contratistas (julio &#8211; septiembre 2023)<\/a><\/li>\n<li><a href=\"\/transparencia\/descargar.php?d=\/transparencia\/wp-content\/uploads\/lgtaip\/Formato_XXXII_Padron_de_proveedores_y_contratistas_2023_2.xlsx\">Padr\u00f3n de proveedores y contratistas (abril &#8211; junio 2023)<\/a><\/li>\n<li><a href=\"\/transparencia\/descargar.php?d=\/transparencia\/wp-content\/uploads\/lgtaip\/Formato_XXXII_Padron_de_proveedores_y_contratistas_2023_1.xlsx\">Padr\u00f3n de proveedores y contratistas (enero &#8211; marzo 2023)<\/a><\/li>\n<li><a href=\"\/transparencia\/descargar.php?d=\/transparencia\/wp-content\/uploads\/lgtaip\/Formato_XXXII_Padron_de_proveedores_y_contratistas_2022_4.xlsx\">Padr\u00f3n de proveedores y contratistas (octubre &#8211; diciembre 2022)<\/a><\/li>\n<li><a href=\"\/transparencia\/descargar.php?d=\/transparencia\/wp-content\/uploads\/lgtaip\/Formato_XXXII_Padron_de_proveedores_y_contratistas_2022_3.xlsx\">Padr\u00f3n de proveedores y contratistas (julio &#8211; septiembre 2022)<\/a><\/li>\n<li><a href=\"\/transparencia\/descargar.php?d=\/transparencia\/wp-content\/uploads\/lgtaip\/Formato_XXXII_Padron_de_proveedores_y_contratistas_2022_2.xlsx\">Padr\u00f3n de proveedores y contratistas (abril &#8211; junio 2022)<\/a><\/li>\n<li><a href=\"\/transparencia\/descargar.php?d=\/transparencia\/wp-content\/uploads\/lgtaip\/Formato_XXXII_Padron_de_proveedores_y_contratistas_2022_1.xlsx\">Padr\u00f3n de proveedores y contratistas (enero &#8211; marzo 2022)<\/a><\/li>\n<li><a href=\"\/transparencia\/descargar.php?d=\/transparencia\/wp-content\/uploads\/lgtaip\/Formato_XXXII_Padron_de_proveedores_y_contratistas_2021_4.xlsx\">Padr\u00f3n de proveedores y contratistas (octubre &#8211; diciembre 2021)<\/a><\/li>\n<li><a href=\"\/transparencia\/descargar.php?d=\/transparencia\/wp-content\/uploads\/lgtaip\/Formato_XXXII_Padron_de_proveedores_y_contratistas_2021_3.xlsx\">Padr\u00f3n de proveedores y contratistas (julio &#8211; septiembre 2021)<\/a><\/li>\n<li><a href=\"\/transparencia\/descargar.php?d=\/transparencia\/wp-content\/uploads\/lgtaip\/Formato_XXXII_Padron_de_proveedores_y_contratistas_2021_2.xlsx\">Padr\u00f3n de proveedores y contratistas (abril &#8211; junio 2021)<\/a><\/li>\n<li><a href=\"\/transparencia\/descargar.php?d=\/transparencia\/wp-content\/uploads\/lgtaip\/Formato_XXXII_Padron_de_proveedores_y_contratistas_2021_1.xlsx\">Padr\u00f3n de proveedores y contratistas (enero &#8211; marzo 2021)<\/a><\/li>\n<li><a href=\"\/transparencia\/descargar.php?d=\/transparencia\/wp-content\/uploads\/lgtaip\/Formato_XXXII_Padron_de_proveedores_y_contratistas_2020_4.xlsx\">Padr\u00f3n de proveedores y contratistas (octubre &#8211; diciembre 2020)<\/a><\/li>\n<li><a href=\"\/transparencia\/descargar.php?d=\/transparencia\/wp-content\/uploads\/lgtaip\/Formato_XXXII_Padron_de_proveedores_y_contratistas_2020_3.xlsx\">Padr\u00f3n de proveedores y contratistas (julio &#8211; septiembre 2020)<\/a><\/li>\n<li><a href=\"\/transparencia\/descargar.php?d=\/transparencia\/wp-content\/uploads\/lgtaip\/Formato_XXXII_Padron_de_proveedores_y_contratistas_2020_2.xlsx\">Padr\u00f3n de proveedores y contratistas (abril &#8211; junio 2020)<\/a><\/li>\n<li><a href=\"\/transparencia\/descargar.php?d=\/transparencia\/wp-content\/uploads\/lgtaip\/Formato_XXXII_Padron_de_proveedores_y_contratistas_2020_1.xlsx\">Padr\u00f3n de proveedores y contratistas (enero &#8211; marzo 2020)<\/a><\/li>\n<li><a href=\"\/transparencia\/descargar.php?d=\/transparencia\/wp-content\/uploads\/lgtaip\/Formato_XXXII_Padron_de_proveedores_y_contratistas_2019_4.xlsx\">Padr\u00f3n de proveedores y contratistas (octubre &#8211; diciembre 2019)<\/a><\/li>\n<li><a href=\"\/transparencia\/descargar.php?d=\/transparencia\/wp-content\/uploads\/lgtaip\/Formato_XXXII_Padron_de_proveedores_y_contratistas_2019_3.xlsx\">Padr\u00f3n de proveedores y contratistas (julio &#8211; septiembre 2019)<\/a><\/li>\n<li><a href=\"\/transparencia\/descargar.php?d=\/transparencia\/wp-content\/uploads\/lgtaip\/Formato_XXXII_Padron_de_proveedores_y_contratistas_2019_2.xlsx\">Padr\u00f3n de proveedores y contratistas (abril &#8211; junio 2019)<\/a><\/li>\n<li><a href=\"\/transparencia\/descargar.php?d=\/transparencia\/wp-content\/uploads\/lgtaip\/Formato_XXXII_Padron_de_proveedores_y_contratistas_2019_1.xlsx\">Padr\u00f3n de proveedores y contratistas (enero &#8211; marzo 2019)<\/a><\/li>\n<li><a href=\"\/transparencia\/descargar.php?d=\/transparencia\/wp-content\/uploads\/lgtaip\/Formato_XXXII_Padron_de_proveedores_y_contratistas_2018_4.xlsx\">Padr\u00f3n de proveedores y contratistas (octubre &#8211; diciembre 2018)<\/a><\/li>\n<li><a href=\"\/transparencia\/descargar.php?d=\/transparencia\/wp-content\/uploads\/lgtaip\/Formato_XXXII_Padron_de_proveedores_y_contratistas_2018_3.xlsx\">Padr\u00f3n de proveedores y contratistas (julio &#8211; septiembre 2018)<\/a><\/li>\n<li><a href=\"\/transparencia\/descargar.php?d=\/transparencia\/wp-content\/uploads\/lgtaip\/Formato_XXXII_Padron_de_proveedores_y_contratistas_2018_2.xlsx\">Padr\u00f3n de proveedores y contratistas (abril &#8211; junio 2018)<\/a><\/li>\n<li><a href=\"\/transparencia\/descargar.php?d=\/transparencia\/wp-content\/uploads\/lgtaip\/Formato_XXXII_Padron_de_proveedores_y_contratistas_2018_1.xlsx\">Padr\u00f3n de proveedores y contratistas (enero &#8211; marzo 2018)<\/a><\/li>\n<li><a href=\"\/transparencia\/descargar.php?d=\/transparencia\/wp-content\/uploads\/lgtaip\/Formato_XXXII_Padron_de_proveedores_y_contratistas_2017.xlsx\">Padr\u00f3n de proveedores y contratistas (2017)<\/a><\/li>\n<li><a href=\"\/transparencia\/descargar.php?d=\/transparencia\/wp-content\/uploads\/lgtaip\/Formato_XXXII_Padron_de_proveedores_y_contratistas_2016.xlsx\">Padr\u00f3n de proveedores y contratistas (2016)<\/a><\/li>\n<\/ul>\n","protected":false},"excerpt":{"rendered":"<p>&nbsp; Padr\u00f3n de proveedores y contratistas (octubre &#8211; diciembre 2025) Padr\u00f3n de proveedores y contratistas (julio &#8211; septiembre 2025) Padr\u00f3n de proveedores y contratistas (abril &#8211; junio 2025) Padr\u00f3n de proveedores y contratistas (enero &#8211; marzo 2025) Padr\u00f3n de proveedores y contratistas (octubre &#8211; diciembre 2024) Padr\u00f3n de proveedores y contratistas (julio &#8211; septiembre 2024) <a class=\"more-link\" href=\"https:\/\/acapulco.gob.mx\/transparencia\/cumplimiento-de-la-ley-de-transparencia-y-acceso-a-la-informacion-publica\/xxxii\/\">Continue reading <i class=\"fa fa-chevron-right\"><\/i><\/a><\/p>\n","protected":false},"author":1,"featured_media":0,"parent":2286,"menu_order":0,"comment_status":"closed","ping_status":"closed","template":"","meta":[],"_links":{"self":[{"href":"https:\/\/acapulco.gob.mx\/transparencia\/wp-json\/wp\/v2\/pages\/2968"}],"collection":[{"href":"https:\/\/acapulco.gob.mx\/transparencia\/wp-json\/wp\/v2\/pages"}],"about":[{"href":"https:\/\/acapulco.gob.mx\/transparencia\/wp-json\/wp\/v2\/types\/page"}],"author":[{"embeddable":true,"href":"https:\/\/acapulco.gob.mx\/transparencia\/wp-json\/wp\/v2\/users\/1"}],"replies":[{"embeddable":true,"href":"https:\/\/acapulco.gob.mx\/transparencia\/wp-json\/wp\/v2\/comments?post=2968"}],"version-history":[{"count":36,"href":"https:\/\/acapulco.gob.mx\/transparencia\/wp-json\/wp\/v2\/pages\/2968\/revisions"}],"predecessor-version":[{"id":7870,"href":"https:\/\/acapulco.gob.mx\/transparencia\/wp-json\/wp\/v2\/pages\/2968\/revisions\/7870"}],"up":[{"embeddable":true,"href":"https:\/\/acapulco.gob.mx\/transparencia\/wp-json\/wp\/v2\/pages\/2286"}],"wp:attachment":[{"href":"https:\/\/acapulco.gob.mx\/transparencia\/wp-json\/wp\/v2\/media?parent=2968"}],"curies":[{"name":"wp","href":"https:\/\/api.w.org\/{rel}","templated":true}]}}