{"id":3052,"date":"2018-03-06T16:15:48","date_gmt":"2018-03-06T16:15:48","guid":{"rendered":"https:\/\/acapulco.gob.mx\/transparencia\/?page_id=3052"},"modified":"2018-03-06T16:15:48","modified_gmt":"2018-03-06T16:15:48","slug":"evaluaciones-de-programas-presupuestarios-2017","status":"publish","type":"page","link":"https:\/\/acapulco.gob.mx\/transparencia\/finanzas-publicas-y-presupuestos\/informacion-presupuestaria\/evaluaciones-de-programas-presupuestarios-2017\/","title":{"rendered":"Evaluaciones de Programas Presupuestarios 2017"},"content":{"rendered":"<p>&nbsp;<\/p>\n<ul>\n<li><a href=\"\/transparencia\/descargar.php?d=\/transparencia\/wp-content\/uploads\/informes\/finanzaspublicas\/programas\/Informe_Final_Migrantes.pdf\" target=\"_blank\">Informe Final de Evaluaci\u00f3n de Dise\u00f1o Programa Migrantes.<\/a><\/li>\n<li><a href=\"\/transparencia\/descargar.php?d=\/transparencia\/wp-content\/uploads\/informes\/finanzaspublicas\/programas\/Difusion_Evaluacion_Migrantes.pdf\" target=\"_blank\">Evaluaci\u00f3n Programa Migrantes Formato CONAC.<\/a><\/li>\n<li><a href=\"\/transparencia\/descargar.php?d=\/transparencia\/wp-content\/uploads\/informes\/finanzaspublicas\/programas\/Informe_Final_PintaTuEscuela.pdf\">Informe Final de Evaluaci\u00f3n de Consistencia y Resultados Programa Pinta Tu Escuela.<\/a><\/li>\n<li><a href=\"\/transparencia\/descargar.php?d=\/transparencia\/wp-content\/uploads\/informes\/finanzaspublicas\/programas\/Difusion_Evaluacion_PintaTuEscuela.pdf\" target=\"_blank\">Evaluaci\u00f3n Programa Pinta Tu Escuela Formato CONAC.<\/a><\/li>\n<\/ul>\n<p><span class=\"ultimaactualizacion\">\u00daltima actualizaci\u00f3n: 06\/mar\/2018<\/span><\/p>\n","protected":false},"excerpt":{"rendered":"<p>&nbsp; Informe Final de Evaluaci\u00f3n de Dise\u00f1o Programa Migrantes. Evaluaci\u00f3n Programa Migrantes Formato CONAC. Informe Final de Evaluaci\u00f3n de Consistencia y Resultados Programa Pinta Tu Escuela. Evaluaci\u00f3n Programa Pinta Tu Escuela Formato CONAC. \u00daltima actualizaci\u00f3n: 06\/mar\/2018<\/p>\n","protected":false},"author":1,"featured_media":0,"parent":2468,"menu_order":0,"comment_status":"closed","ping_status":"closed","template":"","meta":[],"_links":{"self":[{"href":"https:\/\/acapulco.gob.mx\/transparencia\/wp-json\/wp\/v2\/pages\/3052"}],"collection":[{"href":"https:\/\/acapulco.gob.mx\/transparencia\/wp-json\/wp\/v2\/pages"}],"about":[{"href":"https:\/\/acapulco.gob.mx\/transparencia\/wp-json\/wp\/v2\/types\/page"}],"author":[{"embeddable":true,"href":"https:\/\/acapulco.gob.mx\/transparencia\/wp-json\/wp\/v2\/users\/1"}],"replies":[{"embeddable":true,"href":"https:\/\/acapulco.gob.mx\/transparencia\/wp-json\/wp\/v2\/comments?post=3052"}],"version-history":[{"count":1,"href":"https:\/\/acapulco.gob.mx\/transparencia\/wp-json\/wp\/v2\/pages\/3052\/revisions"}],"predecessor-version":[{"id":3053,"href":"https:\/\/acapulco.gob.mx\/transparencia\/wp-json\/wp\/v2\/pages\/3052\/revisions\/3053"}],"up":[{"embeddable":true,"href":"https:\/\/acapulco.gob.mx\/transparencia\/wp-json\/wp\/v2\/pages\/2468"}],"wp:attachment":[{"href":"https:\/\/acapulco.gob.mx\/transparencia\/wp-json\/wp\/v2\/media?parent=3052"}],"curies":[{"name":"wp","href":"https:\/\/api.w.org\/{rel}","templated":true}]}}