{"id":3055,"date":"2018-03-06T16:26:41","date_gmt":"2018-03-06T16:26:41","guid":{"rendered":"https:\/\/acapulco.gob.mx\/transparencia\/?page_id=3055"},"modified":"2026-02-24T03:55:42","modified_gmt":"2026-02-24T03:55:42","slug":"sima","status":"publish","type":"page","link":"https:\/\/acapulco.gob.mx\/transparencia\/sima\/","title":{"rendered":"Sistema de Evaluaci\u00f3n del Desempe\u00f1o del Municipio de Acapulco (SIMA)"},"content":{"rendered":"<p>&nbsp;<\/p>\n<ul>\n<li><a href=\"\/transparencia\/descargar.php?d=\/transparencia\/wp-content\/uploads\/buengobierno\/MIR_2025.xlsx\">Matr\u00edz de Indicadores para Resultados 2025.<\/a><\/li>\n<li><a href=\"\/transparencia\/descargar.php?d=\/transparencia\/wp-content\/uploads\/buengobierno\/Avance_de_Indicadores_de_Resultados_Estrategicos_y_de_Gestion_2025-2.pdf?01\">Avance de Indicadores de Resultados Estrat\u00e9gicos y de Gesti\u00f3n 2025 Segundo Trimestre.<\/a><\/li>\n<li><a href=\"\/transparencia\/descargar.php?d=\/transparencia\/wp-content\/uploads\/buengobierno\/Avance_de_Indicadores_de_Resultados_Estrategicos_y_de_Gestion_2025-3.pdf\">Avance de Indicadores de Resultados Estrat\u00e9gicos y de Gesti\u00f3n 2025 Tercer Trimestre.<\/a><\/li>\n<li><a href=\"\/transparencia\/descargar.php?d=\/transparencia\/wp-content\/uploads\/buengobierno\/Indicadores_de_Resultados_Estrategicos_y_de_Gestion_2024.pdf\">Indicadores de Resultados Estrat\u00e9gicos y de Gesti\u00f3n 2024.<\/a><\/li>\n<li><a href=\"\/transparencia\/descargar.php?d=\/transparencia\/wp-content\/uploads\/buengobierno\/Avance_de_Indicadores_de_Resultados_Estrategicos_y_de_Gestion_2024-1.pdf\">Avance de Indicadores de Resultados Estrat\u00e9gicos y de Gesti\u00f3n 2024 Primer Trimestre.<\/a><\/li>\n<li><a href=\"\/transparencia\/descargar.php?d=\/transparencia\/wp-content\/uploads\/buengobierno\/Avance_de_Indicadores_de_Resultados_Estrategicos_y_de_Gestion_2024-2.pdf\">Avance de Indicadores de Resultados Estrat\u00e9gicos y de Gesti\u00f3n 2024 Segundo Trimestre.<\/a><\/li>\n<li><a href=\"\/transparencia\/descargar.php?d=\/transparencia\/wp-content\/uploads\/buengobierno\/Avance_de_Indicadores_de_Resultados_Estrategicos_y_de_Gestion_2024-3.pdf\">Avance de Indicadores de Resultados Estrat\u00e9gicos y de Gesti\u00f3n 2024 Tercer Trimestre.<\/a><\/li>\n<li><a href=\"\/transparencia\/descargar.php?d=\/transparencia\/wp-content\/uploads\/buengobierno\/Ficha_Tecnica_del_Indicador_2023.pdf\">Ficha T\u00e9cnica del Indicador 2023.<\/a><\/li>\n<li><a href=\"\/transparencia\/descargar.php?d=\/transparencia\/wp-content\/uploads\/buengobierno\/Indicadores_de_Resultados_Estrategicos_y_de_Gestion_2023.pdf\">Indicadores de Resultados Estrat\u00e9gicos y de Gesti\u00f3n 2023.<\/a><\/li>\n<li><a href=\"\/transparencia\/descargar.php?d=\/transparencia\/wp-content\/uploads\/buengobierno\/MIR_2023.pdf\">Matr\u00edz de Indicadores para Resultados 2023.<\/a><\/li>\n<li><a href=\"\/transparencia\/descargar.php?d=\/transparencia\/wp-content\/uploads\/buengobierno\/E005_Servicios_publicos_eficientes_para_mejorar_la_imagen_urbana.pdf\">E005.- Servicios P\u00fablicos Eficientes para Mejorar la Imagen Urbana y Contribuir al Desarrollo Econ\u00f3mico y Social del Municipio.<\/a><\/li>\n<li><a href=\"\/transparencia\/descargar.php?d=\/transparencia\/wp-content\/uploads\/buengobierno\/E005_PbR_2023.pdf\">E005.- Presupuesto Basado en Resultados 2003.<\/a><\/li>\n<\/ul>\n<hr \/>\n<p><strong>SIMA<\/strong><\/p>\n<ul>\n<li><a href=\"\/transparencia\/descargar.php?d=\/transparencia\/wp-content\/uploads\/buengobierno\/SIMA_2025_2do_Semestre.xlsx\">Indicadores Municipales 2025 Segundo Semestre.<\/a><\/li>\n<li><a href=\"\/transparencia\/descargar.php?d=\/transparencia\/wp-content\/uploads\/buengobierno\/SIMA_2025_1er_Semestre.xlsx\">Indicadores Municipales 2025 Primer Semestre.<\/a><\/li>\n<li><a href=\"\/transparencia\/descargar.php?d=\/transparencia\/wp-content\/uploads\/buengobierno\/SIMA_2024_2do_Semestre.xlsx\">Indicadores Municipales 2024 Segundo Semestre.<\/a><\/li>\n<li><a href=\"\/transparencia\/descargar.php?d=\/transparencia\/wp-content\/uploads\/buengobierno\/SIMA_2024_1er_Semestre.xls\">Indicadores Municipales 2024 Primer Semestre.<\/a><\/li>\n<li><a href=\"\/transparencia\/descargar.php?d=\/transparencia\/wp-content\/uploads\/buengobierno\/SIMA_2023_2do_Semestre.xlsx\">Indicadores Municipales 2023 Segundo Semestre.<\/a><\/li>\n<li><a href=\"\/transparencia\/descargar.php?d=\/transparencia\/wp-content\/uploads\/buengobierno\/SIMA_2023_1er_Semestre.xlsx\">Indicadores Municipales 2023 Primer Semestre.<\/a><\/li>\n<li><a href=\"\/transparencia\/descargar.php?d=\/transparencia\/wp-content\/uploads\/buengobierno\/SIMA_2022_2do_Semestre.xlsx\">Indicadores Municipales 2022 Segundo Semestre.<\/a><\/li>\n<li><a href=\"\/transparencia\/descargar.php?d=\/transparencia\/wp-content\/uploads\/buengobierno\/SIMA_2022_1er_Semestre.xlsx\">Indicadores Municipales 2022 Primer Semestre.<\/a><\/li>\n<li><a href=\"\/transparencia\/descargar.php?d=\/transparencia\/wp-content\/uploads\/buengobierno\/SIMA_2021_2do_Semestre.xlsx\">Indicadores Municipales 2021 Segundo Semestre.<\/a><\/li>\n<li><a href=\"\/transparencia\/descargar.php?d=\/transparencia\/wp-content\/uploads\/buengobierno\/SIMA_2021_1er_Semestre.xlsx\">Indicadores Municipales 2021 Primer Semestre.<\/a><\/li>\n<li><a href=\"\/transparencia\/descargar.php?d=\/transparencia\/wp-content\/uploads\/buengobierno\/SIMA_2020_2do_Semestre.xlsx\">Indicadores Municipales 2020 Segundo Semestre.<\/a><\/li>\n<li><a href=\"\/transparencia\/descargar.php?d=\/transparencia\/wp-content\/uploads\/buengobierno\/SIMA_2020_1er_Semestre.xlsx\">Indicadores Municipales 2020 Primer Semestre.<\/a><\/li>\n<li><a href=\"\/transparencia\/descargar.php?d=\/transparencia\/wp-content\/uploads\/buengobierno\/SIMA_2019_2do_Semestre.xlsx\">Indicadores Municipales 2019 Segundo Semestre.<\/a><\/li>\n<li><a href=\"\/transparencia\/descargar.php?d=\/transparencia\/wp-content\/uploads\/buengobierno\/SIMA_2019_1er_Semestre.xlsx\">Indicadores Municipales 2019 Primer Semestre.<\/a><\/li>\n<li><a href=\"\/transparencia\/descargar.php?d=\/transparencia\/wp-content\/uploads\/buengobierno\/SIMA_2018_2do_Semestre.xlsx\">Indicadores Municipales 2018 Segundo Semestre.<\/a><\/li>\n<li><a href=\"\/transparencia\/descargar.php?d=\/transparencia\/wp-content\/uploads\/buengobierno\/SIMA_2017_2do_Semestre.xlsx\">Indicadores Municipales 2017 Segundo Semestre.<\/a><\/li>\n<\/ul>\n<hr \/>\n<p><strong>SINDES-ICMA<\/strong><\/p>\n<ul>\n<li><a href=\"\/transparencia\/descargar.php?d=\/transparencia\/wp-content\/uploads\/buengobierno\/SINDES-ICMA_2do_Semestre_2022.pdf\" target=\"_blank\" rel=\"noopener noreferrer\">Indicadores de desempe\u00f1o SINDES-ICMA 2022 Segundo Semestre.<\/a><\/li>\n<li><a href=\"\/transparencia\/descargar.php?d=\/transparencia\/wp-content\/uploads\/buengobierno\/SINDES-ICMA_1er_Semestre_2022.pdf\" target=\"_blank\" rel=\"noopener noreferrer\">Indicadores de desempe\u00f1o SINDES-ICMA 2022 Primer Semestre.<\/a><\/li>\n<li><a href=\"\/transparencia\/descargar.php?d=\/transparencia\/wp-content\/uploads\/buengobierno\/SINDES-ICMA_2do_Semestre_2021.pdf\" target=\"_blank\" rel=\"noopener noreferrer\">Indicadores de desempe\u00f1o SINDES-ICMA 2021 Segundo Semestre.<\/a><\/li>\n<li><a href=\"\/transparencia\/descargar.php?d=\/transparencia\/wp-content\/uploads\/buengobierno\/SINDES-ICMA_1er_Semestre_2021.pdf\" target=\"_blank\" rel=\"noopener noreferrer\">Indicadores de desempe\u00f1o SINDES-ICMA 2021 Primer Semestre.<\/a><\/li>\n<li><a href=\"\/transparencia\/descargar.php?d=\/transparencia\/wp-content\/uploads\/buengobierno\/SINDES-ICMA_2do_Semestre_2020.pdf\" target=\"_blank\" rel=\"noopener noreferrer\">Indicadores de desempe\u00f1o SINDES-ICMA 2020 Segundo Semestre.<\/a><\/li>\n<li><a href=\"\/transparencia\/descargar.php?d=\/transparencia\/wp-content\/uploads\/buengobierno\/SINDES-ICMA_1er_Semestre_2020.pdf\" target=\"_blank\" rel=\"noopener noreferrer\">Indicadores de desempe\u00f1o SINDES-ICMA 2020 Primer Semestre.<\/a><\/li>\n<li><a href=\"\/transparencia\/descargar.php?d=\/transparencia\/wp-content\/uploads\/buengobierno\/SINDES-ICMA_2do_Semestre_2019.pdf\" target=\"_blank\" rel=\"noopener noreferrer\">Indicadores de desempe\u00f1o SINDES-ICMA 2019 Segundo Semestre.<\/a><\/li>\n<li><a href=\"\/transparencia\/descargar.php?d=\/transparencia\/wp-content\/uploads\/buengobierno\/SINDES-ICMA_1er_Semestre_2019.pdf\" target=\"_blank\" rel=\"noopener noreferrer\">Indicadores de desempe\u00f1o SINDES-ICMA 2019 Primer Semestre.<\/a><\/li>\n<li><a href=\"\/transparencia\/descargar.php?d=\/transparencia\/wp-content\/uploads\/buengobierno\/SINDES-ICMA_2do_Semestre_2018.pdf\" target=\"_blank\" rel=\"noopener noreferrer\">Indicadores de desempe\u00f1o SINDES-ICMA 2018 Segundo Semestre.<\/a><\/li>\n<li><a href=\"\/transparencia\/descargar.php?d=\/transparencia\/wp-content\/uploads\/buengobierno\/SINDES-ICMA_1er_Semestre_2018.pdf\" target=\"_blank\" rel=\"noopener noreferrer\">Indicadores de desempe\u00f1o SINDES-ICMA 2018 Primer Semestre.<\/a><\/li>\n<li><a href=\"\/transparencia\/descargar.php?d=\/transparencia\/wp-content\/uploads\/buengobierno\/SINDES-ICMA_2do_Semestre_2017.pdf\" target=\"_blank\" rel=\"noopener noreferrer\">Indicadores de desempe\u00f1o SINDES-ICMA 2017 Segundo Semestre.<\/a><\/li>\n<\/ul>\n<ul>\n<li><a href=\"\/transparencia\/descargar.php?d=\/transparencia\/wp-content\/uploads\/buengobierno\/Boletin_Informativo_Resultados_SINDES_2do_Semestre_2021.pdf\" target=\"_blank\" rel=\"noopener noreferrer\">Bolet\u00edn Informativo Resultados SINDES 2021 Segundo Semestre.<\/a><\/li>\n<\/ul>\n<hr \/>\n<p><strong>Plan Municipal de Desarrollo<\/strong><\/p>\n<ul>\n<li><a href=\"\/transparencia\/descargar.php?d=\/transparencia\/wp-content\/uploads\/marcojuridico\/planes\/Nivel_de_Cumplimiento_PMD_2021.pdf\" target=\"_blank\" rel=\"noopener noreferrer\">Nivel de Cumplimiento del Plan Municipal de Desarrollo 2021.<\/a><\/li>\n<li><a href=\"\/transparencia\/descargar.php?d=\/transparencia\/wp-content\/uploads\/marcojuridico\/planes\/Nivel_de_Cumplimiento_PMD_2020.pdf\" target=\"_blank\" rel=\"noopener noreferrer\">Nivel de Cumplimiento del Plan Municipal de Desarrollo 2020.<\/a><\/li>\n<li><a href=\"\/transparencia\/descargar.php?d=\/transparencia\/wp-content\/uploads\/marcojuridico\/planes\/Nivel_de_Cumplimiento_PMD_2019.pdf\" target=\"_blank\" rel=\"noopener noreferrer\">Nivel de Cumplimiento del Plan Municipal de Desarrollo 2019.<\/a><\/li>\n<li><a href=\"\/transparencia\/descargar.php?d=\/transparencia\/wp-content\/uploads\/marcojuridico\/planes\/Nivel_de_Cumplimiento_PMD_2018.pdf\" target=\"_blank\" rel=\"noopener noreferrer\">Nivel de Cumplimiento del Plan Municipal de Desarrollo 2018.<\/a><\/li>\n<li><a href=\"\/transparencia\/descargar.php?d=\/transparencia\/wp-content\/uploads\/marcojuridico\/planes\/Nivel_de_Cumplimiento_PMD_2017.pdf\" target=\"_blank\" rel=\"noopener noreferrer\">Nivel de Cumplimiento del Plan Municipal de Desarrollo 2017.<\/a><\/li>\n<\/ul>\n<p><!--span class=\"ultimaactualizacion\">\u00daltima actualizaci\u00f3n: 16\/jul\/2019<\/span--><\/p>\n","protected":false},"excerpt":{"rendered":"<p>&nbsp; Matr\u00edz de Indicadores para Resultados 2025. Avance de Indicadores de Resultados Estrat\u00e9gicos y de Gesti\u00f3n 2025 Segundo Trimestre. Avance de Indicadores de Resultados Estrat\u00e9gicos y de Gesti\u00f3n 2025 Tercer Trimestre. Indicadores de Resultados Estrat\u00e9gicos y de Gesti\u00f3n 2024. Avance de Indicadores de Resultados Estrat\u00e9gicos y de Gesti\u00f3n 2024 Primer Trimestre. Avance de Indicadores de <a class=\"more-link\" href=\"https:\/\/acapulco.gob.mx\/transparencia\/sima\/\">Continue reading <i class=\"fa fa-chevron-right\"><\/i><\/a><\/p>\n","protected":false},"author":1,"featured_media":0,"parent":0,"menu_order":0,"comment_status":"closed","ping_status":"closed","template":"","meta":[],"_links":{"self":[{"href":"https:\/\/acapulco.gob.mx\/transparencia\/wp-json\/wp\/v2\/pages\/3055"}],"collection":[{"href":"https:\/\/acapulco.gob.mx\/transparencia\/wp-json\/wp\/v2\/pages"}],"about":[{"href":"https:\/\/acapulco.gob.mx\/transparencia\/wp-json\/wp\/v2\/types\/page"}],"author":[{"embeddable":true,"href":"https:\/\/acapulco.gob.mx\/transparencia\/wp-json\/wp\/v2\/users\/1"}],"replies":[{"embeddable":true,"href":"https:\/\/acapulco.gob.mx\/transparencia\/wp-json\/wp\/v2\/comments?post=3055"}],"version-history":[{"count":34,"href":"https:\/\/acapulco.gob.mx\/transparencia\/wp-json\/wp\/v2\/pages\/3055\/revisions"}],"predecessor-version":[{"id":7905,"href":"https:\/\/acapulco.gob.mx\/transparencia\/wp-json\/wp\/v2\/pages\/3055\/revisions\/7905"}],"wp:attachment":[{"href":"https:\/\/acapulco.gob.mx\/transparencia\/wp-json\/wp\/v2\/media?parent=3055"}],"curies":[{"name":"wp","href":"https:\/\/api.w.org\/{rel}","templated":true}]}}