{"id":3144,"date":"2018-05-07T14:49:42","date_gmt":"2018-05-07T14:49:42","guid":{"rendered":"https:\/\/acapulco.gob.mx\/transparencia\/?page_id=3144"},"modified":"2024-02-01T20:43:17","modified_gmt":"2024-02-01T20:43:17","slug":"xxiii-d","status":"publish","type":"page","link":"https:\/\/acapulco.gob.mx\/transparencia\/cumplimiento-de-la-ley-de-transparencia-y-acceso-a-la-informacion-publica\/xxiii-d\/","title":{"rendered":"XXIII-D"},"content":{"rendered":"<p>&nbsp;<\/p>\n<ul>\n<li><a href=\"\/transparencia\/descargar.php?d=\/transparencia\/wp-content\/uploads\/lgtaip\/Formato_XXIII-D_Informacion_de_Tiempos_Oficiales_en_Radio_y_TV_2023_4.xlsx\">Informaci\u00f3n de Tiempos Oficiales en Radio y Televisi\u00f3n (octubre &#8211; diciembre 2023)<\/a><\/li>\n<li><a href=\"\/transparencia\/descargar.php?d=\/transparencia\/wp-content\/uploads\/lgtaip\/Formato_XXIII-D_Informacion_de_Tiempos_Oficiales_en_Radio_y_TV_2023_3.xlsx\">Informaci\u00f3n de Tiempos Oficiales en Radio y Televisi\u00f3n (julio &#8211; septiembre 2023)<\/a><\/li>\n<li><a href=\"\/transparencia\/descargar.php?d=\/transparencia\/wp-content\/uploads\/lgtaip\/Formato_XXIII-D_Informacion_de_Tiempos_Oficiales_en_Radio_y_TV_2023_2.xlsx\">Informaci\u00f3n de Tiempos Oficiales en Radio y Televisi\u00f3n (abril &#8211; junio 2023)<\/a><\/li>\n<li><a href=\"\/transparencia\/descargar.php?d=\/transparencia\/wp-content\/uploads\/lgtaip\/Formato_XXIII-D_Informacion_de_Tiempos_Oficiales_en_Radio_y_TV_2023_1.xlsx\">Informaci\u00f3n de Tiempos Oficiales en Radio y Televisi\u00f3n (enero &#8211; marzo 2023)<\/a><\/li>\n<li><a href=\"\/transparencia\/descargar.php?d=\/transparencia\/wp-content\/uploads\/lgtaip\/Formato_XXIII-D_Informacion_de_Tiempos_Oficiales_en_Radio_y_TV_2022_4.xlsx\">Informaci\u00f3n de Tiempos Oficiales en Radio y Televisi\u00f3n (octubre &#8211; diciembre 2022)<\/a><\/li>\n<li><a href=\"\/transparencia\/descargar.php?d=\/transparencia\/wp-content\/uploads\/lgtaip\/Formato_XXIII-D_Informacion_de_Tiempos_Oficiales_en_Radio_y_TV_2022_3.xlsx\">Informaci\u00f3n de Tiempos Oficiales en Radio y Televisi\u00f3n (julio &#8211; septiembre 2022)<\/a><\/li>\n<li><a href=\"\/transparencia\/descargar.php?d=\/transparencia\/wp-content\/uploads\/lgtaip\/Formato_XXIII-D_Informacion_de_Tiempos_Oficiales_en_Radio_y_TV_2022_2.xlsx\">Informaci\u00f3n de Tiempos Oficiales en Radio y Televisi\u00f3n (abril &#8211; junio 2022)<\/a><\/li>\n<li><a href=\"\/transparencia\/descargar.php?d=\/transparencia\/wp-content\/uploads\/lgtaip\/Formato_XXIII-D_Informacion_de_Tiempos_Oficiales_en_Radio_y_TV_2022_1.xlsx\">Informaci\u00f3n de Tiempos Oficiales en Radio y Televisi\u00f3n (enero &#8211; marzo 2022)<\/a><\/li>\n<li><a href=\"\/transparencia\/descargar.php?d=\/transparencia\/wp-content\/uploads\/lgtaip\/Formato_XXIII-D_Informacion_de_Tiempos_Oficiales_en_Radio_y_TV_2021_4.xlsx\">Informaci\u00f3n de Tiempos Oficiales en Radio y Televisi\u00f3n (octubre &#8211; diciembre 2021)<\/a><\/li>\n<li><a href=\"\/transparencia\/descargar.php?d=\/transparencia\/wp-content\/uploads\/lgtaip\/Formato_XXIII-D_Informacion_de_Tiempos_Oficiales_en_Radio_y_TV_2021_3.xlsx\">Informaci\u00f3n de Tiempos Oficiales en Radio y Televisi\u00f3n (julio &#8211; septiembre 2021)<\/a><\/li>\n<li><a href=\"\/transparencia\/descargar.php?d=\/transparencia\/wp-content\/uploads\/lgtaip\/Formato_XXIII-D_Informacion_de_Tiempos_Oficiales_en_Radio_y_TV_2021_2.xlsx\">Informaci\u00f3n de Tiempos Oficiales en Radio y Televisi\u00f3n (abril &#8211; junio 2021)<\/a><\/li>\n<li><a href=\"\/transparencia\/descargar.php?d=\/transparencia\/wp-content\/uploads\/lgtaip\/Formato_XXIII-D_Informacion_de_Tiempos_Oficiales_en_Radio_y_TV_2021_1.xlsx\">Informaci\u00f3n de Tiempos Oficiales en Radio y Televisi\u00f3n (enero &#8211; marzo 2021)<\/a><\/li>\n<li><a href=\"\/transparencia\/descargar.php?d=\/transparencia\/wp-content\/uploads\/lgtaip\/Formato_XXIII-D_Informacion_de_Tiempos_Oficiales_en_Radio_y_TV_2020_4.xlsx\">Informaci\u00f3n de Tiempos Oficiales en Radio y Televisi\u00f3n (octubre &#8211; diciembre 2020)<\/a><\/li>\n<li><a href=\"\/transparencia\/descargar.php?d=\/transparencia\/wp-content\/uploads\/lgtaip\/Formato_XXIII-D_Informacion_de_Tiempos_Oficiales_en_Radio_y_TV_2020_3.xlsx\">Informaci\u00f3n de Tiempos Oficiales en Radio y Televisi\u00f3n (julio &#8211; septiembre 2020)<\/a><\/li>\n<li><a href=\"\/transparencia\/descargar.php?d=\/transparencia\/wp-content\/uploads\/lgtaip\/Formato_XXIII-D_Informacion_de_Tiempos_Oficiales_en_Radio_y_TV_2020_2.xlsx\">Informaci\u00f3n de Tiempos Oficiales en Radio y Televisi\u00f3n (abril &#8211; junio 2020)<\/a><\/li>\n<li><a href=\"\/transparencia\/descargar.php?d=\/transparencia\/wp-content\/uploads\/lgtaip\/Formato_XXIII-D_Informacion_de_Tiempos_Oficiales_en_Radio_y_TV_2020_1.xlsx\">Informaci\u00f3n de Tiempos Oficiales en Radio y Televisi\u00f3n (enero &#8211; marzo 2020)<\/a><\/li>\n<li><a href=\"\/transparencia\/descargar.php?d=\/transparencia\/wp-content\/uploads\/lgtaip\/Formato_XXIII-D_Informacion_de_Tiempos_Oficiales_en_Radio_y_TV_2019_3.xlsx\">Informaci\u00f3n de Tiempos Oficiales en Radio y Televisi\u00f3n (julio &#8211; septiembre 2019)<\/a><\/li>\n<li><a href=\"\/transparencia\/descargar.php?d=\/transparencia\/wp-content\/uploads\/lgtaip\/Formato_XXIII-D_Informacion_de_Tiempos_Oficiales_en_Radio_y_TV_2019_2.xlsx\">Informaci\u00f3n de Tiempos Oficiales en Radio y Televisi\u00f3n (abril &#8211; junio 2019)<\/a><\/li>\n<li><a href=\"\/transparencia\/descargar.php?d=\/transparencia\/wp-content\/uploads\/lgtaip\/Formato_XXIII-D_Informacion_de_Tiempos_Oficiales_en_Radio_y_TV_2019_1.xlsx\">Informaci\u00f3n de Tiempos Oficiales en Radio y Televisi\u00f3n (enero &#8211; marzo 2019)<\/a><\/li>\n<li><a href=\"\/transparencia\/descargar.php?d=\/transparencia\/wp-content\/uploads\/lgtaip\/Formato_XXIII-D_Informacion_de_Tiempos_Oficiales_en_Radio_y_TV_2018_4.xlsx\">Informaci\u00f3n de Tiempos Oficiales en Radio y Televisi\u00f3n (octubre &#8211; diciembre 2018)<\/a><\/li>\n<li><a href=\"\/transparencia\/descargar.php?d=\/transparencia\/wp-content\/uploads\/lgtaip\/Formato_XXIII-D_Informacion_de_Tiempos_Oficiales_en_Radio_y_TV_2018_3.xlsx\">Informaci\u00f3n de Tiempos Oficiales en Radio y Televisi\u00f3n (julio &#8211; septiembre 2018)<\/a><\/li>\n<li><a href=\"\/transparencia\/descargar.php?d=\/transparencia\/wp-content\/uploads\/lgtaip\/Formato_XXIII-D_Informacion_de_Tiempos_Oficiales_en_Radio_y_TV_2018_2.xlsx\">Informaci\u00f3n de Tiempos Oficiales en Radio y Televisi\u00f3n (abril &#8211; junio 2018)<\/a><\/li>\n<li><a href=\"\/transparencia\/descargar.php?d=\/transparencia\/wp-content\/uploads\/lgtaip\/Formato_XXIII-D_Informacion_de_Tiempos_Oficiales_en_Radio_y_TV_2018_1.xlsx\">Informaci\u00f3n de Tiempos Oficiales en Radio y Televisi\u00f3n (enero &#8211; marzo 2018)<\/a><\/li>\n<\/ul>\n","protected":false},"excerpt":{"rendered":"<p>&nbsp; Informaci\u00f3n de Tiempos Oficiales en Radio y Televisi\u00f3n (octubre &#8211; diciembre 2023) Informaci\u00f3n de Tiempos Oficiales en Radio y Televisi\u00f3n (julio &#8211; septiembre 2023) Informaci\u00f3n de Tiempos Oficiales en Radio y Televisi\u00f3n (abril &#8211; junio 2023) Informaci\u00f3n de Tiempos Oficiales en Radio y Televisi\u00f3n (enero &#8211; marzo 2023) Informaci\u00f3n de Tiempos Oficiales en Radio <a class=\"more-link\" href=\"https:\/\/acapulco.gob.mx\/transparencia\/cumplimiento-de-la-ley-de-transparencia-y-acceso-a-la-informacion-publica\/xxiii-d\/\">Continue reading <i class=\"fa fa-chevron-right\"><\/i><\/a><\/p>\n","protected":false},"author":1,"featured_media":0,"parent":2286,"menu_order":0,"comment_status":"closed","ping_status":"closed","template":"","meta":[],"_links":{"self":[{"href":"https:\/\/acapulco.gob.mx\/transparencia\/wp-json\/wp\/v2\/pages\/3144"}],"collection":[{"href":"https:\/\/acapulco.gob.mx\/transparencia\/wp-json\/wp\/v2\/pages"}],"about":[{"href":"https:\/\/acapulco.gob.mx\/transparencia\/wp-json\/wp\/v2\/types\/page"}],"author":[{"embeddable":true,"href":"https:\/\/acapulco.gob.mx\/transparencia\/wp-json\/wp\/v2\/users\/1"}],"replies":[{"embeddable":true,"href":"https:\/\/acapulco.gob.mx\/transparencia\/wp-json\/wp\/v2\/comments?post=3144"}],"version-history":[{"count":24,"href":"https:\/\/acapulco.gob.mx\/transparencia\/wp-json\/wp\/v2\/pages\/3144\/revisions"}],"predecessor-version":[{"id":6485,"href":"https:\/\/acapulco.gob.mx\/transparencia\/wp-json\/wp\/v2\/pages\/3144\/revisions\/6485"}],"up":[{"embeddable":true,"href":"https:\/\/acapulco.gob.mx\/transparencia\/wp-json\/wp\/v2\/pages\/2286"}],"wp:attachment":[{"href":"https:\/\/acapulco.gob.mx\/transparencia\/wp-json\/wp\/v2\/media?parent=3144"}],"curies":[{"name":"wp","href":"https:\/\/api.w.org\/{rel}","templated":true}]}}