{"id":3195,"date":"2018-05-15T14:52:25","date_gmt":"2018-05-15T14:52:25","guid":{"rendered":"https:\/\/acapulco.gob.mx\/transparencia\/?page_id=3195"},"modified":"2026-02-06T17:46:26","modified_gmt":"2026-02-06T17:46:26","slug":"xl","status":"publish","type":"page","link":"https:\/\/acapulco.gob.mx\/transparencia\/cumplimiento-de-la-ley-de-transparencia-y-acceso-a-la-informacion-publica\/xl\/","title":{"rendered":"XL"},"content":{"rendered":"<p>&nbsp;<\/p>\n<ul>\n<li><a href=\"\/transparencia\/descargar.php?d=\/transparencia\/wp-content\/uploads\/lgtaip\/Formato_XL_Evaluaciones_y_encuestas_a_programas_financiados_con_recursos_publicos_2025_4.xlsx\">Evaluaciones y encuestas a programas financiados con recursos p\u00fablicos (octubre &#8211; diciembre 2025)<\/a><\/li>\n<li><a href=\"\/transparencia\/descargar.php?d=\/transparencia\/wp-content\/uploads\/lgtaip\/Formato_XL_Evaluaciones_y_encuestas_a_programas_financiados_con_recursos_publicos_2025_3.xlsx\">Evaluaciones y encuestas a programas financiados con recursos p\u00fablicos (julio &#8211; septiembre 2025)<\/a><\/li>\n<li><a href=\"\/transparencia\/descargar.php?d=\/transparencia\/wp-content\/uploads\/lgtaip\/Formato_XL_Evaluaciones_y_encuestas_a_programas_financiados_con_recursos_publicos_2025_2.xlsx\">Evaluaciones y encuestas a programas financiados con recursos p\u00fablicos (abril &#8211; junio 2025)<\/a><\/li>\n<li><a href=\"\/transparencia\/descargar.php?d=\/transparencia\/wp-content\/uploads\/lgtaip\/Formato_XL_Evaluaciones_y_encuestas_a_programas_financiados_con_recursos_publicos_2025_1.xlsx\">Evaluaciones y encuestas a programas financiados con recursos p\u00fablicos (enero &#8211; marzo 2025)<\/a><\/li>\n<li><a href=\"\/transparencia\/descargar.php?d=\/transparencia\/wp-content\/uploads\/lgtaip\/Formato_XL_Evaluaciones_y_encuestas_a_programas_financiados_con_recursos_publicos_2024_4.xlsx\">Evaluaciones y encuestas a programas financiados con recursos p\u00fablicos (octubre &#8211; diciembre 2024)<\/a><\/li>\n<li><a href=\"\/transparencia\/descargar.php?d=\/transparencia\/wp-content\/uploads\/lgtaip\/Formato_XL_Evaluaciones_y_encuestas_a_programas_financiados_con_recursos_publicos_2024_3.xlsx\">Evaluaciones y encuestas a programas financiados con recursos p\u00fablicos (julio &#8211; septiembre 2024)<\/a><\/li>\n<li><a href=\"\/transparencia\/descargar.php?d=\/transparencia\/wp-content\/uploads\/lgtaip\/Formato_XL_Evaluaciones_y_encuestas_a_programas_financiados_con_recursos_publicos_2024_2.xlsx\">Evaluaciones y encuestas a programas financiados con recursos p\u00fablicos (abril &#8211; junio 2024)<\/a><\/li>\n<li><a href=\"\/transparencia\/descargar.php?d=\/transparencia\/wp-content\/uploads\/lgtaip\/Formato_XL_Evaluaciones_y_encuestas_a_programas_financiados_con_recursos_publicos_2024_1.xlsx\">Evaluaciones y encuestas a programas financiados con recursos p\u00fablicos (enero &#8211; marzo 2024)<\/a><\/li>\n<\/ul>\n<p>&nbsp;<br \/>\n<b>XL-A<\/b> (anteriores a 2024)<\/p>\n<ul>\n<li><a href=\"\/transparencia\/descargar.php?d=\/transparencia\/wp-content\/uploads\/lgtaip\/Formato_XL-A_Evaluaciones_y_encuestas_a_programas_financiados_con_recursos_publicos_2023_4.xlsx\">Encuestas sobre programas financiados con recursos p\u00fablicos (octubre &#8211; diciembre 2023)<\/a><\/li>\n<li><a href=\"\/transparencia\/descargar.php?d=\/transparencia\/wp-content\/uploads\/lgtaip\/Formato_XL-A_Evaluaciones_y_encuestas_a_programas_financiados_con_recursos_publicos_2023_2.xlsx\">Encuestas sobre programas financiados con recursos p\u00fablicos (abril &#8211; junio 2023)<\/a><\/li>\n<li><a href=\"\/transparencia\/descargar.php?d=\/transparencia\/wp-content\/uploads\/lgtaip\/Formato_XL-A_Evaluaciones_y_encuestas_a_programas_financiados_con_recursos_publicos_2023_1.xlsx\">Encuestas sobre programas financiados con recursos p\u00fablicos (enero &#8211; marzo 2023)<\/a><\/li>\n<li><a href=\"\/transparencia\/descargar.php?d=\/transparencia\/wp-content\/uploads\/lgtaip\/Formato_XL-A_Evaluaciones_y_encuestas_a_programas_financiados_con_recursos_publicos_2022_4.xlsx\">Encuestas sobre programas financiados con recursos p\u00fablicos (octubre &#8211; diciembre 2022)<\/a><\/li>\n<li><a href=\"\/transparencia\/descargar.php?d=\/transparencia\/wp-content\/uploads\/lgtaip\/Formato_XL-A_Evaluaciones_y_encuestas_a_programas_financiados_con_recursos_publicos_2022_3.xlsx\">Encuestas sobre programas financiados con recursos p\u00fablicos (julio &#8211; septiembre 2022)<\/a><\/li>\n<li><a href=\"\/transparencia\/descargar.php?d=\/transparencia\/wp-content\/uploads\/lgtaip\/Formato_XL-A_Evaluaciones_y_encuestas_a_programas_financiados_con_recursos_publicos_2022_2.xlsx\">Encuestas sobre programas financiados con recursos p\u00fablicos (abril &#8211; junio 2022)<\/a><\/li>\n<li><a href=\"\/transparencia\/descargar.php?d=\/transparencia\/wp-content\/uploads\/lgtaip\/Formato_XL-A_Evaluaciones_y_encuestas_a_programas_financiados_con_recursos_publicos_2022_1.xlsx\">Encuestas sobre programas financiados con recursos p\u00fablicos (enero &#8211; marzo 2022)<\/a><\/li>\n<li><a href=\"\/transparencia\/descargar.php?d=\/transparencia\/wp-content\/uploads\/lgtaip\/Formato_XL-A_Evaluaciones_y_encuestas_a_programas_financiados_con_recursos_publicos_2021_4.xlsx\">Encuestas sobre programas financiados con recursos p\u00fablicos (octubre &#8211; diciembre 2021)<\/a><\/li>\n<li><a href=\"\/transparencia\/descargar.php?d=\/transparencia\/wp-content\/uploads\/lgtaip\/Formato_XL-A_Evaluaciones_y_encuestas_a_programas_financiados_con_recursos_publicos_2021_2.xlsx\">Encuestas sobre programas financiados con recursos p\u00fablicos (abril &#8211; junio 2021)<\/a><\/li>\n<li><a href=\"\/transparencia\/descargar.php?d=\/transparencia\/wp-content\/uploads\/lgtaip\/Formato_XL-A_Evaluaciones_y_encuestas_a_programas_financiados_con_recursos_publicos_2021_1.xlsx\">Encuestas sobre programas financiados con recursos p\u00fablicos (enero &#8211; marzo 2021)<\/a><\/li>\n<li><a href=\"\/transparencia\/descargar.php?d=\/transparencia\/wp-content\/uploads\/lgtaip\/Formato_XL-A_Evaluaciones_y_encuestas_a_programas_financiados_con_recursos_publicos_2020_4.xlsx\">Encuestas sobre programas financiados con recursos p\u00fablicos (octubre &#8211; diciembre 2020)<\/a><\/li>\n<li><a href=\"\/transparencia\/descargar.php?d=\/transparencia\/wp-content\/uploads\/lgtaip\/Formato_XL-A_Evaluaciones_y_encuestas_a_programas_financiados_con_recursos_publicos_2020_3.xlsx\">Encuestas sobre programas financiados con recursos p\u00fablicos (julio &#8211; septiembre 2020)<\/a><\/li>\n<li><a href=\"\/transparencia\/descargar.php?d=\/transparencia\/wp-content\/uploads\/lgtaip\/Formato_XL-A_Evaluaciones_y_encuestas_a_programas_financiados_con_recursos_publicos_2020_1.xlsx\">Encuestas sobre programas financiados con recursos p\u00fablicos (enero &#8211; marzo 2020)<\/a><\/li>\n<li><a href=\"\/transparencia\/descargar.php?d=\/transparencia\/wp-content\/uploads\/lgtaip\/Formato_XL-A_Evaluaciones_y_encuestas_a_programas_financiados_con_recursos_publicos_2019_4.xlsx\">Encuestas sobre programas financiados con recursos p\u00fablicos (octubre &#8211; diciembre 2019)<\/a><\/li>\n<li><a href=\"\/transparencia\/descargar.php?d=\/transparencia\/wp-content\/uploads\/lgtaip\/Formato_XL-A_Evaluaciones_y_encuestas_a_programas_financiados_con_recursos_publicos_2019_2.xlsx\">Encuestas sobre programas financiados con recursos p\u00fablicos (abril &#8211; junio 2019)<\/a><\/li>\n<li><a href=\"\/transparencia\/descargar.php?d=\/transparencia\/wp-content\/uploads\/lgtaip\/Formato_XL-A_Evaluaciones_y_encuestas_a_programas_financiados_con_recursos_publicos_2019_1.xlsx\">Encuestas sobre programas financiados con recursos p\u00fablicos (enero &#8211; marzo 2019)<\/a><\/li>\n<li><a href=\"\/transparencia\/descargar.php?d=\/transparencia\/wp-content\/uploads\/lgtaip\/Formato_XL-A_Evaluaciones_y_encuestas_a_programas_financiados_con_recursos_publicos_2018_4.xlsx\">Encuestas sobre programas financiados con recursos p\u00fablicos (octubre &#8211; diciembre 2018)<\/a><\/li>\n<li><a href=\"\/transparencia\/descargar.php?d=\/transparencia\/wp-content\/uploads\/lgtaip\/Formato_XL-A_Evaluaciones_y_encuestas_a_programas_financiados_con_recursos_publicos_2018_3.xlsx\">Encuestas sobre programas financiados con recursos p\u00fablicos (julio &#8211; septiembre 2018)<\/a><\/li>\n<li><a href=\"\/transparencia\/descargar.php?d=\/transparencia\/wp-content\/uploads\/lgtaip\/Formato_XL-A_Evaluaciones_y_encuestas_a_programas_financiados_con_recursos_publicos_2018_2.xlsx\">Encuestas sobre programas financiados con recursos p\u00fablicos (abril &#8211; junio 2018)<\/a><\/li>\n<li><a href=\"\/transparencia\/descargar.php?d=\/transparencia\/wp-content\/uploads\/lgtaip\/Formato_XL-A_Evaluaciones_y_encuestas_a_programas_financiados_con_recursos_publicos_2018_1.xlsx\">Encuestas sobre programas financiados con recursos p\u00fablicos (enero &#8211; marzo 2018)<\/a><\/li>\n<li><a href=\"\/transparencia\/descargar.php?d=\/transparencia\/wp-content\/uploads\/lgtaip\/Formato_XL-A_Evaluaciones_y_encuestas_a_programas_financiados_con_recursos_publicos_2017.xlsx\">Encuestas sobre programas financiados con recursos p\u00fablicos (2017)<\/a><\/li>\n<\/ul>\n<p>&nbsp;<br \/>\n<b>XL-B<\/b> (anteriores a 2024)<\/p>\n<ul>\n<li><a href=\"\/transparencia\/descargar.php?d=\/transparencia\/wp-content\/uploads\/lgtaip\/Formato_XL-B_Encuestas_sobre_programas_2023_4.xlsx\">Evaluaciones y encuestas a programas financiados con recursos p\u00fablicos (octubre &#8211; diciembre 2023)<\/a><\/li>\n<li><a href=\"\/transparencia\/descargar.php?d=\/transparencia\/wp-content\/uploads\/lgtaip\/Formato_XL-B_Encuestas_sobre_programas_2023_2.xlsx\">Evaluaciones y encuestas a programas financiados con recursos p\u00fablicos (abril &#8211; junio 2023)<\/a><\/li>\n<li><a href=\"\/transparencia\/descargar.php?d=\/transparencia\/wp-content\/uploads\/lgtaip\/Formato_XL-B_Encuestas_sobre_programas_2023_1.xlsx\">Evaluaciones y encuestas a programas financiados con recursos p\u00fablicos (enero &#8211; marzo 2023)<\/a><\/li>\n<li><a href=\"\/transparencia\/descargar.php?d=\/transparencia\/wp-content\/uploads\/lgtaip\/Formato_XL-B_Encuestas_sobre_programas_2022_4.xlsx\">Evaluaciones y encuestas a programas financiados con recursos p\u00fablicos (octubre &#8211; diciembre 2022)<\/a><\/li>\n<li><a href=\"\/transparencia\/descargar.php?d=\/transparencia\/wp-content\/uploads\/lgtaip\/Formato_XL-B_Encuestas_sobre_programas_2022_3.xlsx\">Evaluaciones y encuestas a programas financiados con recursos p\u00fablicos (julio &#8211; septiembre 2022)<\/a><\/li>\n<li><a href=\"\/transparencia\/descargar.php?d=\/transparencia\/wp-content\/uploads\/lgtaip\/Formato_XL-B_Encuestas_sobre_programas_2022_2.xlsx\">Evaluaciones y encuestas a programas financiados con recursos p\u00fablicos (abril &#8211; junio 2022)<\/a><\/li>\n<li><a href=\"\/transparencia\/descargar.php?d=\/transparencia\/wp-content\/uploads\/lgtaip\/Formato_XL-B_Encuestas_sobre_programas_2022_1.xlsx\">Evaluaciones y encuestas a programas financiados con recursos p\u00fablicos (enero &#8211; marzo 2022)<\/a><\/li>\n<li><a href=\"\/transparencia\/descargar.php?d=\/transparencia\/wp-content\/uploads\/lgtaip\/Formato_XL-B_Encuestas_sobre_programas_2021_4.xlsx\">Evaluaciones y encuestas a programas financiados con recursos p\u00fablicos (octubre &#8211; diciembre 2021)<\/a><\/li>\n<li><a href=\"\/transparencia\/descargar.php?d=\/transparencia\/wp-content\/uploads\/lgtaip\/Formato_XL-B_Encuestas_sobre_programas_2021_2.xlsx\">Evaluaciones y encuestas a programas financiados con recursos p\u00fablicos (abril &#8211; junio 2021)<\/a><\/li>\n<li><a href=\"\/transparencia\/descargar.php?d=\/transparencia\/wp-content\/uploads\/lgtaip\/Formato_XL-B_Encuestas_sobre_programas_2021_1.xlsx\">Evaluaciones y encuestas a programas financiados con recursos p\u00fablicos (enero &#8211; marzo 2021)<\/a><\/li>\n<li><a href=\"\/transparencia\/descargar.php?d=\/transparencia\/wp-content\/uploads\/lgtaip\/Formato_XL-B_Encuestas_sobre_programas_2020_4.xlsx\">Evaluaciones y encuestas a programas financiados con recursos p\u00fablicos (octubre &#8211; diciembre 2020)<\/a><\/li>\n<li><a href=\"\/transparencia\/descargar.php?d=\/transparencia\/wp-content\/uploads\/lgtaip\/Formato_XL-B_Encuestas_sobre_programas_2020_3.xlsx\">Evaluaciones y encuestas a programas financiados con recursos p\u00fablicos (julio &#8211; septiembre 2020)<\/a><\/li>\n<li><a href=\"\/transparencia\/descargar.php?d=\/transparencia\/wp-content\/uploads\/lgtaip\/Formato_XL-B_Encuestas_sobre_programas_2020_1.xlsx\">Evaluaciones y encuestas a programas financiados con recursos p\u00fablicos (enero &#8211; marzo 2020)<\/a><\/li>\n<li><a href=\"\/transparencia\/descargar.php?d=\/transparencia\/wp-content\/uploads\/lgtaip\/Formato_XL-B_Encuestas_sobre_programas_2019_4.xlsx\">Evaluaciones y encuestas a programas financiados con recursos p\u00fablicos (octubre &#8211; diciembre 2019)<\/a><\/li>\n<li><a href=\"\/transparencia\/descargar.php?d=\/transparencia\/wp-content\/uploads\/lgtaip\/Formato_XL-B_Encuestas_sobre_programas_2019_2.xlsx\">Evaluaciones y encuestas a programas financiados con recursos p\u00fablicos (abril &#8211; junio 2019)<\/a><\/li>\n<li><a href=\"\/transparencia\/descargar.php?d=\/transparencia\/wp-content\/uploads\/lgtaip\/Formato_XL-B_Encuestas_sobre_programas_2019_1.xlsx\">Evaluaciones y encuestas a programas financiados con recursos p\u00fablicos (enero &#8211; marzo 2019)<\/a><\/li>\n<li><a href=\"\/transparencia\/descargar.php?d=\/transparencia\/wp-content\/uploads\/lgtaip\/Formato_XL-B_Encuestas_sobre_programas_2018_4.xlsx\">Evaluaciones y encuestas a programas financiados con recursos p\u00fablicos (octubre &#8211; diciembre 2018)<\/a><\/li>\n<li><a href=\"\/transparencia\/descargar.php?d=\/transparencia\/wp-content\/uploads\/lgtaip\/Formato_XL-B_Encuestas_sobre_programas_2018_3.xlsx\">Evaluaciones y encuestas a programas financiados con recursos p\u00fablicos (julio &#8211; septiembre 2018)<\/a><\/li>\n<li><a href=\"\/transparencia\/descargar.php?d=\/transparencia\/wp-content\/uploads\/lgtaip\/Formato_XL-B_Encuestas_sobre_programas_2018_2.xlsx\">Evaluaciones y encuestas a programas financiados con recursos p\u00fablicos (abril &#8211; junio 2018)<\/a><\/li>\n<li><a href=\"\/transparencia\/descargar.php?d=\/transparencia\/wp-content\/uploads\/lgtaip\/Formato_XL-B_Encuestas_sobre_programas_2018_1.xlsx\">Evaluaciones y encuestas a programas financiados con recursos p\u00fablicos (enero &#8211; marzo 2018)<\/a><\/li>\n<li><a href=\"\/transparencia\/descargar.php?d=\/transparencia\/wp-content\/uploads\/lgtaip\/Formato_XL-B_Encuestas_sobre_programas_2017.xlsx\">Evaluaciones y encuestas a programas financiados con recursos p\u00fablicos (2017)<\/a><\/li>\n<\/ul>\n","protected":false},"excerpt":{"rendered":"<p>&nbsp; Evaluaciones y encuestas a programas financiados con recursos p\u00fablicos (octubre &#8211; diciembre 2025) Evaluaciones y encuestas a programas financiados con recursos p\u00fablicos (julio &#8211; septiembre 2025) Evaluaciones y encuestas a programas financiados con recursos p\u00fablicos (abril &#8211; junio 2025) Evaluaciones y encuestas a programas financiados con recursos p\u00fablicos (enero &#8211; marzo 2025) Evaluaciones y <a class=\"more-link\" href=\"https:\/\/acapulco.gob.mx\/transparencia\/cumplimiento-de-la-ley-de-transparencia-y-acceso-a-la-informacion-publica\/xl\/\">Continue reading <i class=\"fa fa-chevron-right\"><\/i><\/a><\/p>\n","protected":false},"author":1,"featured_media":0,"parent":2286,"menu_order":0,"comment_status":"closed","ping_status":"closed","template":"","meta":[],"_links":{"self":[{"href":"https:\/\/acapulco.gob.mx\/transparencia\/wp-json\/wp\/v2\/pages\/3195"}],"collection":[{"href":"https:\/\/acapulco.gob.mx\/transparencia\/wp-json\/wp\/v2\/pages"}],"about":[{"href":"https:\/\/acapulco.gob.mx\/transparencia\/wp-json\/wp\/v2\/types\/page"}],"author":[{"embeddable":true,"href":"https:\/\/acapulco.gob.mx\/transparencia\/wp-json\/wp\/v2\/users\/1"}],"replies":[{"embeddable":true,"href":"https:\/\/acapulco.gob.mx\/transparencia\/wp-json\/wp\/v2\/comments?post=3195"}],"version-history":[{"count":30,"href":"https:\/\/acapulco.gob.mx\/transparencia\/wp-json\/wp\/v2\/pages\/3195\/revisions"}],"predecessor-version":[{"id":7771,"href":"https:\/\/acapulco.gob.mx\/transparencia\/wp-json\/wp\/v2\/pages\/3195\/revisions\/7771"}],"up":[{"embeddable":true,"href":"https:\/\/acapulco.gob.mx\/transparencia\/wp-json\/wp\/v2\/pages\/2286"}],"wp:attachment":[{"href":"https:\/\/acapulco.gob.mx\/transparencia\/wp-json\/wp\/v2\/media?parent=3195"}],"curies":[{"name":"wp","href":"https:\/\/api.w.org\/{rel}","templated":true}]}}