{"id":3327,"date":"2018-09-05T16:58:52","date_gmt":"2018-09-05T16:58:52","guid":{"rendered":"https:\/\/acapulco.gob.mx\/transparencia\/?page_id=3327"},"modified":"2026-02-06T17:41:47","modified_gmt":"2026-02-06T17:41:47","slug":"ix","status":"publish","type":"page","link":"https:\/\/acapulco.gob.mx\/transparencia\/cumplimiento-de-la-ley-de-transparencia-y-acceso-a-la-informacion-publica\/ix\/","title":{"rendered":"IX"},"content":{"rendered":"<p>&nbsp;<\/p>\n<ul>\n<li><a href=\"\/transparencia\/descargar.php?d=\/transparencia\/wp-content\/uploads\/lgtaip\/Formato_IX_Gastos_de_Representacion_y_Viaticos_2025_4.xlsx\">Gastos de Representaci\u00f3n y Vi\u00e1ticos (octubre &#8211; diciembre 2025)<\/a><\/li>\n<li><a href=\"\/transparencia\/descargar.php?d=\/transparencia\/wp-content\/uploads\/lgtaip\/Formato_IX_Gastos_de_Representacion_y_Viaticos_2025_3.xlsx\">Gastos de Representaci\u00f3n y Vi\u00e1ticos (julio &#8211; septiembre 2025)<\/a><\/li>\n<li><a href=\"\/transparencia\/descargar.php?d=\/transparencia\/wp-content\/uploads\/lgtaip\/Formato_IX_Gastos_de_Representacion_y_Viaticos_2025_2.xlsx\">Gastos de Representaci\u00f3n y Vi\u00e1ticos (enero &#8211; junio 2025)<\/a><\/li>\n<li><a href=\"\/transparencia\/descargar.php?d=\/transparencia\/wp-content\/uploads\/lgtaip\/Formato_IX_Gastos_de_Representacion_y_Viaticos_2024_4.xlsx\">Gastos de Representaci\u00f3n y Vi\u00e1ticos (octubre &#8211; diciembre 2024)<\/a><\/li>\n<li><a href=\"\/transparencia\/descargar.php?d=\/transparencia\/wp-content\/uploads\/lgtaip\/Formato_IX_Gastos_de_Representacion_y_Viaticos_2024_3.xlsx\">Gastos de Representaci\u00f3n y Vi\u00e1ticos (julio &#8211; septiembre 2024)<\/a><\/li>\n<li><a href=\"\/transparencia\/descargar.php?d=\/transparencia\/wp-content\/uploads\/lgtaip\/Formato_IX_Gastos_de_Representacion_y_Viaticos_2024_2.xlsx\">Gastos de Representaci\u00f3n y Vi\u00e1ticos (abril &#8211; junio 2024)<\/a><\/li>\n<li><a href=\"\/transparencia\/descargar.php?d=\/transparencia\/wp-content\/uploads\/lgtaip\/Formato_IX_Gastos_de_Representacion_y_Viaticos_2024_1.xlsx\">Gastos de Representaci\u00f3n y Vi\u00e1ticos (enero &#8211; marzo 2024)<\/a><\/li>\n<li><a href=\"\/transparencia\/descargar.php?d=\/transparencia\/wp-content\/uploads\/lgtaip\/Formato_IX_Gastos_de_Representacion_y_Viaticos_2023_4.xlsx\">Gastos de Representaci\u00f3n y Vi\u00e1ticos (octubre &#8211; diciembre 2023)<\/a><\/li>\n<li><a href=\"\/transparencia\/descargar.php?d=\/transparencia\/wp-content\/uploads\/lgtaip\/Formato_IX_Gastos_de_Representacion_y_Viaticos_2023_3.xlsx\">Gastos de Representaci\u00f3n y Vi\u00e1ticos (julio &#8211; septiembre 2023)<\/a><\/li>\n<li><a href=\"\/transparencia\/descargar.php?d=\/transparencia\/wp-content\/uploads\/lgtaip\/Formato_IX_Gastos_de_Representacion_y_Viaticos_2023_2.xlsx\">Gastos de Representaci\u00f3n y Vi\u00e1ticos (abril &#8211; junio 2023)<\/a><\/li>\n<li><a href=\"\/transparencia\/descargar.php?d=\/transparencia\/wp-content\/uploads\/lgtaip\/Formato_IX_Gastos_de_Representacion_y_Viaticos_2023_1.xlsx\">Gastos de Representaci\u00f3n y Vi\u00e1ticos (enero &#8211; marzo 2023)<\/a><\/li>\n<li><a href=\"\/transparencia\/descargar.php?d=\/transparencia\/wp-content\/uploads\/lgtaip\/Formato_IX_Gastos_de_Representacion_y_Viaticos_2022_4.xlsx\">Gastos de Representaci\u00f3n y Vi\u00e1ticos (octubre &#8211; diciembre 2022)<\/a><\/li>\n<li><a href=\"\/transparencia\/descargar.php?d=\/transparencia\/wp-content\/uploads\/lgtaip\/Formato_IX_Gastos_de_Representacion_y_Viaticos_2022_3.xlsx\">Gastos de Representaci\u00f3n y Vi\u00e1ticos (julio &#8211; septiembre 2022)<\/a><\/li>\n<li><a href=\"\/transparencia\/descargar.php?d=\/transparencia\/wp-content\/uploads\/lgtaip\/Formato_IX_Gastos_de_Representacion_y_Viaticos_2022_2.xlsx\">Gastos de Representaci\u00f3n y Vi\u00e1ticos (abril &#8211; junio 2022)<\/a><\/li>\n<li><a href=\"\/transparencia\/descargar.php?d=\/transparencia\/wp-content\/uploads\/lgtaip\/Formato_IX_Gastos_de_Representacion_y_Viaticos_2022_1.xlsx\">Gastos de Representaci\u00f3n y Vi\u00e1ticos (enero &#8211; marzo 2022)<\/a><\/li>\n<li><a href=\"\/transparencia\/descargar.php?d=\/transparencia\/wp-content\/uploads\/lgtaip\/Formato_IX_Gastos_de_Representacion_y_Viaticos_2021_4.xlsx\">Gastos de Representaci\u00f3n y Vi\u00e1ticos (octubre &#8211; diciembre 2021)<\/a><\/li>\n<li><a href=\"\/transparencia\/descargar.php?d=\/transparencia\/wp-content\/uploads\/lgtaip\/Formato_IX_Gastos_de_Representacion_y_Viaticos_2021_3.xlsx\">Gastos de Representaci\u00f3n y Vi\u00e1ticos (julio &#8211; septiembre 2021)<\/a><\/li>\n<li><a href=\"\/transparencia\/descargar.php?d=\/transparencia\/wp-content\/uploads\/lgtaip\/Formato_IX_Gastos_de_Representacion_y_Viaticos_2021_2.xlsx\">Gastos de Representaci\u00f3n y Vi\u00e1ticos (abril &#8211; junio 2021)<\/a><\/li>\n<li><a href=\"\/transparencia\/descargar.php?d=\/transparencia\/wp-content\/uploads\/lgtaip\/Formato_IX_Gastos_de_Representacion_y_Viaticos_2021_1.xlsx\">Gastos de Representaci\u00f3n y Vi\u00e1ticos (enero &#8211; marzo 2021)<\/a><\/li>\n<li><a href=\"\/transparencia\/descargar.php?d=\/transparencia\/wp-content\/uploads\/lgtaip\/Formato_IX_Gastos_de_Representacion_y_Viaticos_2020_4.xlsx\">Gastos de Representaci\u00f3n y Vi\u00e1ticos (octubre &#8211; diciembre 2020)<\/a><\/li>\n<li><a href=\"\/transparencia\/descargar.php?d=\/transparencia\/wp-content\/uploads\/lgtaip\/Formato_IX_Gastos_de_Representacion_y_Viaticos_2020_3.xlsx\">Gastos de Representaci\u00f3n y Vi\u00e1ticos (julio &#8211; septiembre 2020)<\/a><\/li>\n<li><a href=\"\/transparencia\/descargar.php?d=\/transparencia\/wp-content\/uploads\/lgtaip\/Formato_IX_Gastos_de_Representacion_y_Viaticos_2020_2.xlsx\">Gastos de Representaci\u00f3n y Vi\u00e1ticos (abril &#8211; junio 2020)<\/a><\/li>\n<li><a href=\"\/transparencia\/descargar.php?d=\/transparencia\/wp-content\/uploads\/lgtaip\/Formato_IX_Gastos_de_Representacion_y_Viaticos_2020_1.xlsx\">Gastos de Representaci\u00f3n y Vi\u00e1ticos (enero &#8211; marzo 2020)<\/a><\/li>\n<li><a href=\"\/transparencia\/descargar.php?d=\/transparencia\/wp-content\/uploads\/lgtaip\/Formato_IX_Gastos_de_Representacion_y_Viaticos_2019_4.xlsx\">Gastos de Representaci\u00f3n y Vi\u00e1ticos (octubre &#8211; diciembre 2019)<\/a><\/li>\n<li><a href=\"\/transparencia\/descargar.php?d=\/transparencia\/wp-content\/uploads\/lgtaip\/Formato_IX_Gastos_de_Representacion_y_Viaticos_2019_3.xlsx\">Gastos de Representaci\u00f3n y Vi\u00e1ticos (julio &#8211; septiembre 2019)<\/a><\/li>\n<li><a href=\"\/transparencia\/descargar.php?d=\/transparencia\/wp-content\/uploads\/lgtaip\/Formato_IX_Gastos_de_Representacion_y_Viaticos_2019_2.xlsx\">Gastos de Representaci\u00f3n y Vi\u00e1ticos (abril &#8211; junio 2019)<\/a><\/li>\n<li><a href=\"\/transparencia\/descargar.php?d=\/transparencia\/wp-content\/uploads\/lgtaip\/Formato_IX_Gastos_de_Representacion_y_Viaticos_2019_1.xlsx\">Gastos de Representaci\u00f3n y Vi\u00e1ticos (enero &#8211; marzo 2019)<\/a><\/li>\n<li><a href=\"\/transparencia\/descargar.php?d=\/transparencia\/wp-content\/uploads\/lgtaip\/Formato_IX_Gastos_de_Representacion_y_Viaticos_2018_4.xlsx\">Gastos de Representaci\u00f3n y Vi\u00e1ticos (octubre &#8211; diciembre 2018)<\/a><\/li>\n<li><a href=\"\/transparencia\/descargar.php?d=\/transparencia\/wp-content\/uploads\/lgtaip\/Formato_IX_Gastos_de_Representacion_y_Viaticos_2018_3.xlsx\">Gastos de Representaci\u00f3n y Vi\u00e1ticos (julio &#8211; septiembre 2018)<\/a><\/li>\n<li><a href=\"\/transparencia\/descargar.php?d=\/transparencia\/wp-content\/uploads\/lgtaip\/Formato_IX_Gastos_de_Representacion_y_Viaticos_2018_2.xlsx\">Gastos de Representaci\u00f3n y Vi\u00e1ticos (abril &#8211; junio 2018)<\/a><\/li>\n<li><a href=\"\/transparencia\/descargar.php?d=\/transparencia\/wp-content\/uploads\/lgtaip\/Formato_IX_Gastos_de_Representacion_y_Viaticos_2018_1.xlsx\">Gastos de Representaci\u00f3n y Vi\u00e1ticos (enero &#8211; marzo 2018)<\/a><\/li>\n<li><a href=\"\/transparencia\/descargar.php?d=\/transparencia\/wp-content\/uploads\/lgtaip\/Formato_IX-B_Gastos_de_Representacion_2017_4.xls\">Gastos de Representaci\u00f3n (octubre &#8211; diciembre 2017).<\/a><\/li>\n<li><a href=\"\/transparencia\/descargar.php?d=\/transparencia\/wp-content\/uploads\/lgtaip\/Formato_IX-B_Gastos_de_Representacion_2017_3.xls\">Gastos de Representaci\u00f3n (julio &#8211; septiembre 2017).<\/a><\/li>\n<li><a href=\"\/transparencia\/descargar.php?d=\/transparencia\/wp-content\/uploads\/lgtaip\/Formato_IX-B_Gastos_de_Representacion_2017_2.xls\">Gastos de Representaci\u00f3n (abril &#8211; junio 2017).<\/a><\/li>\n<li><a href=\"\/transparencia\/descargar.php?d=\/transparencia\/wp-content\/uploads\/lgtaip\/Formato_IX-B_Gastos_de_Representacion_2017_1.xls\">Gastos de Representaci\u00f3n (enero &#8211; marzo 2017).<\/a><\/li>\n<li><a href=\"\/transparencia\/descargar.php?d=\/transparencia\/wp-content\/uploads\/lgtaip\/Formato_IX-B_Gastos_de_Representacion_2016.xls\">Gastos de Representaci\u00f3n (enero &#8211; diciembre 2016).<\/a><\/li>\n<li><a href=\"\/transparencia\/descargar.php?d=\/transparencia\/wp-content\/uploads\/lgtaip\/Formato_IX-A_Gastos_por_Conceptos_de_Viaticos_2017_4.xls\">Gastos por conceptos de Vi\u00e1ticos (octubre &#8211; diciembre 2017).<\/a><\/li>\n<li><a href=\"\/transparencia\/descargar.php?d=\/transparencia\/wp-content\/uploads\/lgtaip\/Formato_IX-A_Gastos_por_Conceptos_de_Viaticos_2017_3.xls\">Gastos por conceptos de Vi\u00e1ticos (julio &#8211; septiembre 2017).<\/a><\/li>\n<li><a href=\"\/transparencia\/descargar.php?d=\/transparencia\/wp-content\/uploads\/lgtaip\/Formato_IX-A_Gastos_por_Conceptos_de_Viaticos_2017_2.xls\">Gastos por conceptos de Vi\u00e1ticos (enero &#8211; junio 2017).<\/a><\/li>\n<li><a href=\"\/transparencia\/descargar.php?d=\/transparencia\/wp-content\/uploads\/lgtaip\/Formato_IX-A_Gastos_por_Conceptos_de_Viaticos_2016.xls\">Gastos por conceptos de Vi\u00e1ticos (enero &#8211; diciembre 2016).<\/a><\/li>\n<\/ul>\n","protected":false},"excerpt":{"rendered":"<p>&nbsp; Gastos de Representaci\u00f3n y Vi\u00e1ticos (octubre &#8211; diciembre 2025) Gastos de Representaci\u00f3n y Vi\u00e1ticos (julio &#8211; septiembre 2025) Gastos de Representaci\u00f3n y Vi\u00e1ticos (enero &#8211; junio 2025) Gastos de Representaci\u00f3n y Vi\u00e1ticos (octubre &#8211; diciembre 2024) Gastos de Representaci\u00f3n y Vi\u00e1ticos (julio &#8211; septiembre 2024) Gastos de Representaci\u00f3n y Vi\u00e1ticos (abril &#8211; junio 2024) <a class=\"more-link\" href=\"https:\/\/acapulco.gob.mx\/transparencia\/cumplimiento-de-la-ley-de-transparencia-y-acceso-a-la-informacion-publica\/ix\/\">Continue reading <i class=\"fa fa-chevron-right\"><\/i><\/a><\/p>\n","protected":false},"author":1,"featured_media":0,"parent":2286,"menu_order":0,"comment_status":"closed","ping_status":"closed","template":"","meta":[],"_links":{"self":[{"href":"https:\/\/acapulco.gob.mx\/transparencia\/wp-json\/wp\/v2\/pages\/3327"}],"collection":[{"href":"https:\/\/acapulco.gob.mx\/transparencia\/wp-json\/wp\/v2\/pages"}],"about":[{"href":"https:\/\/acapulco.gob.mx\/transparencia\/wp-json\/wp\/v2\/types\/page"}],"author":[{"embeddable":true,"href":"https:\/\/acapulco.gob.mx\/transparencia\/wp-json\/wp\/v2\/users\/1"}],"replies":[{"embeddable":true,"href":"https:\/\/acapulco.gob.mx\/transparencia\/wp-json\/wp\/v2\/comments?post=3327"}],"version-history":[{"count":33,"href":"https:\/\/acapulco.gob.mx\/transparencia\/wp-json\/wp\/v2\/pages\/3327\/revisions"}],"predecessor-version":[{"id":7766,"href":"https:\/\/acapulco.gob.mx\/transparencia\/wp-json\/wp\/v2\/pages\/3327\/revisions\/7766"}],"up":[{"embeddable":true,"href":"https:\/\/acapulco.gob.mx\/transparencia\/wp-json\/wp\/v2\/pages\/2286"}],"wp:attachment":[{"href":"https:\/\/acapulco.gob.mx\/transparencia\/wp-json\/wp\/v2\/media?parent=3327"}],"curies":[{"name":"wp","href":"https:\/\/api.w.org\/{rel}","templated":true}]}}