{"id":3357,"date":"2018-09-24T19:50:45","date_gmt":"2018-09-24T19:50:45","guid":{"rendered":"https:\/\/acapulco.gob.mx\/transparencia\/?page_id=3357"},"modified":"2026-02-06T18:05:41","modified_gmt":"2026-02-06T18:05:41","slug":"xxii","status":"publish","type":"page","link":"https:\/\/acapulco.gob.mx\/transparencia\/cumplimiento-de-la-ley-de-transparencia-y-acceso-a-la-informacion-publica\/xxii\/","title":{"rendered":"XXII"},"content":{"rendered":"<p>&nbsp;<\/p>\n<ul>\n<li><a href=\"\/transparencia\/descargar.php?d=\/transparencia\/wp-content\/uploads\/lgtaip\/Formato_XXII_Deuda_Publica_2025_4.xlsx\">Deuda P\u00fablica (octubre &#8211; diciembre 2025)<\/a><\/li>\n<li><a href=\"\/transparencia\/descargar.php?d=\/transparencia\/wp-content\/uploads\/lgtaip\/Formato_XXII_Deuda_Publica_2025_3.xlsx\">Deuda P\u00fablica (julio &#8211; septiembre 2025)<\/a><\/li>\n<li><a href=\"\/transparencia\/descargar.php?d=\/transparencia\/wp-content\/uploads\/lgtaip\/Formato_XXII_Deuda_Publica_2025_2.xlsx\">Deuda P\u00fablica (abril &#8211; junio 2025)<\/a><\/li>\n<li><a href=\"\/transparencia\/descargar.php?d=\/transparencia\/wp-content\/uploads\/lgtaip\/Formato_XXII_Deuda_Publica_2025_1.xlsx\">Deuda P\u00fablica (enero &#8211; marzo 2025)<\/a><\/li>\n<li><a href=\"\/transparencia\/descargar.php?d=\/transparencia\/wp-content\/uploads\/lgtaip\/Formato_XXII_Deuda_Publica_2024_4.xlsx\">Deuda P\u00fablica (octubre &#8211; diciembre 2024)<\/a><\/li>\n<li><a href=\"\/transparencia\/descargar.php?d=\/transparencia\/wp-content\/uploads\/lgtaip\/Formato_XXII_Deuda_Publica_2024_3.xlsx\">Deuda P\u00fablica (julio &#8211; septiembre 2024)<\/a><\/li>\n<li><a href=\"\/transparencia\/descargar.php?d=\/transparencia\/wp-content\/uploads\/lgtaip\/Formato_XXII_Deuda_Publica_2024_2.xlsx\">Deuda P\u00fablica (abril &#8211; junio 2024)<\/a><\/li>\n<li><a href=\"\/transparencia\/descargar.php?d=\/transparencia\/wp-content\/uploads\/lgtaip\/Formato_XXII_Deuda_Publica_2024_1.xlsx\">Deuda P\u00fablica (enero &#8211; marzo 2024)<\/a><\/li>\n<li><a href=\"\/transparencia\/descargar.php?d=\/transparencia\/wp-content\/uploads\/lgtaip\/Formato_XXII_Deuda_Publica_2023_4.xlsx\">Deuda P\u00fablica (octubre &#8211; diciembre 2023)<\/a><\/li>\n<li><a href=\"\/transparencia\/descargar.php?d=\/transparencia\/wp-content\/uploads\/lgtaip\/Formato_XXII_Deuda_Publica_2023_3.xlsx\">Deuda P\u00fablica (julio &#8211; septiembre 2023)<\/a><\/li>\n<li><a href=\"\/transparencia\/descargar.php?d=\/transparencia\/wp-content\/uploads\/lgtaip\/Formato_XXII_Deuda_Publica_2023_2.xlsx\">Deuda P\u00fablica (abril &#8211; junio 2023)<\/a><\/li>\n<li><a href=\"\/transparencia\/descargar.php?d=\/transparencia\/wp-content\/uploads\/lgtaip\/Formato_XXII_Deuda_Publica_2023_1.xlsx\">Deuda P\u00fablica (enero &#8211; marzo 2023)<\/a><\/li>\n<li><a href=\"\/transparencia\/descargar.php?d=\/transparencia\/wp-content\/uploads\/lgtaip\/Formato_XXII_Deuda_Publica_2022_4.xlsx\">Deuda P\u00fablica (octubre &#8211; diciembre 2022)<\/a><\/li>\n<li><a href=\"\/transparencia\/descargar.php?d=\/transparencia\/wp-content\/uploads\/lgtaip\/Formato_XXII_Deuda_Publica_2022_3.xlsx\">Deuda P\u00fablica (julio &#8211; septiembre 2022)<\/a><\/li>\n<li><a href=\"\/transparencia\/descargar.php?d=\/transparencia\/wp-content\/uploads\/lgtaip\/Formato_XXII_Deuda_Publica_2022_2.xlsx\">Deuda P\u00fablica (abril &#8211; junio 2022)<\/a><\/li>\n<li><a href=\"\/transparencia\/descargar.php?d=\/transparencia\/wp-content\/uploads\/lgtaip\/Formato_XXII_Deuda_Publica_2022_1.xlsx\">Deuda P\u00fablica (enero &#8211; marzo 2022)<\/a><\/li>\n<li><a href=\"\/transparencia\/descargar.php?d=\/transparencia\/wp-content\/uploads\/lgtaip\/Formato_XXII_Deuda_Publica_2021_4.xlsx\">Deuda P\u00fablica (octubre &#8211; diciembre 2021)<\/a><\/li>\n<li><a href=\"\/transparencia\/descargar.php?d=\/transparencia\/wp-content\/uploads\/lgtaip\/Formato_XXII_Deuda_Publica_2021_3.xlsx\">Deuda P\u00fablica (julio &#8211; septiembre 2021)<\/a><\/li>\n<li><a href=\"\/transparencia\/descargar.php?d=\/transparencia\/wp-content\/uploads\/lgtaip\/Formato_XXII_Deuda_Publica_2021_2.xlsx\">Deuda P\u00fablica (abril &#8211; junio 2021)<\/a><\/li>\n<li><a href=\"\/transparencia\/descargar.php?d=\/transparencia\/wp-content\/uploads\/lgtaip\/Formato_XXII_Deuda_Publica_2021_1.xlsx\">Deuda P\u00fablica (enero &#8211; marzo 2021)<\/a><\/li>\n<li><a href=\"\/transparencia\/descargar.php?d=\/transparencia\/wp-content\/uploads\/lgtaip\/Formato_XXII_Deuda_Publica_2020_4.xlsx\">Deuda P\u00fablica (octubre &#8211; diciembre 2020)<\/a><\/li>\n<li><a href=\"\/transparencia\/descargar.php?d=\/transparencia\/wp-content\/uploads\/lgtaip\/Formato_XXII_Deuda_Publica_2020_1.xlsx\">Deuda P\u00fablica (enero &#8211; marzo 2020)<\/a><\/li>\n<li><a href=\"\/transparencia\/descargar.php?d=\/transparencia\/wp-content\/uploads\/lgtaip\/Formato_XXII_Deuda_Publica_2019_4.xlsx\">Deuda P\u00fablica (octubre &#8211; diciembre 2019)<\/a><\/li>\n<li><a href=\"\/transparencia\/descargar.php?d=\/transparencia\/wp-content\/uploads\/lgtaip\/Formato_XXII_Deuda_Publica_2019_3.xlsx\">Deuda P\u00fablica (julio &#8211; septiembre 2019)<\/a><\/li>\n<li><a href=\"\/transparencia\/descargar.php?d=\/transparencia\/wp-content\/uploads\/lgtaip\/Formato_XXII_Deuda_Publica_2019_2.xlsx\">Deuda P\u00fablica (abril &#8211; junio 2019)<\/a><\/li>\n<li><a href=\"\/transparencia\/descargar.php?d=\/transparencia\/wp-content\/uploads\/lgtaip\/Formato_XXII_Deuda_Publica_2019_1.xlsx\">Deuda P\u00fablica (enero &#8211; marzo 2019)<\/a><\/li>\n<li><a href=\"\/transparencia\/descargar.php?d=\/transparencia\/wp-content\/uploads\/lgtaip\/Formato_XXII_Deuda_Publica_2018_4.xlsx\">Deuda P\u00fablica (octubre &#8211; diciembre 2018)<\/a><\/li>\n<li><a href=\"\/transparencia\/descargar.php?d=\/transparencia\/wp-content\/uploads\/lgtaip\/Formato_XXII_Deuda_Publica_2018_3.xlsx\">Deuda P\u00fablica (julio &#8211; septiembre 2018)<\/a><\/li>\n<li><a href=\"\/transparencia\/descargar.php?d=\/transparencia\/wp-content\/uploads\/lgtaip\/Formato_XXII_Deuda_Publica_2018_2.xlsx\">Deuda P\u00fablica (abril &#8211; junio 2018)<\/a><\/li>\n<li><a href=\"\/transparencia\/descargar.php?d=\/transparencia\/wp-content\/uploads\/lgtaip\/Formato_XXII_Deuda_Publica_2018_1.xlsx\">Deuda P\u00fablica (enero &#8211; marzo 2018)<\/a><\/li>\n<\/ul>\n","protected":false},"excerpt":{"rendered":"<p>&nbsp; Deuda P\u00fablica (octubre &#8211; diciembre 2025) Deuda P\u00fablica (julio &#8211; septiembre 2025) Deuda P\u00fablica (abril &#8211; junio 2025) Deuda P\u00fablica (enero &#8211; marzo 2025) Deuda P\u00fablica (octubre &#8211; diciembre 2024) Deuda P\u00fablica (julio &#8211; septiembre 2024) Deuda P\u00fablica (abril &#8211; junio 2024) Deuda P\u00fablica (enero &#8211; marzo 2024) Deuda P\u00fablica (octubre &#8211; diciembre 2023) <a class=\"more-link\" href=\"https:\/\/acapulco.gob.mx\/transparencia\/cumplimiento-de-la-ley-de-transparencia-y-acceso-a-la-informacion-publica\/xxii\/\">Continue reading <i class=\"fa fa-chevron-right\"><\/i><\/a><\/p>\n","protected":false},"author":1,"featured_media":0,"parent":2286,"menu_order":0,"comment_status":"closed","ping_status":"closed","template":"","meta":[],"_links":{"self":[{"href":"https:\/\/acapulco.gob.mx\/transparencia\/wp-json\/wp\/v2\/pages\/3357"}],"collection":[{"href":"https:\/\/acapulco.gob.mx\/transparencia\/wp-json\/wp\/v2\/pages"}],"about":[{"href":"https:\/\/acapulco.gob.mx\/transparencia\/wp-json\/wp\/v2\/types\/page"}],"author":[{"embeddable":true,"href":"https:\/\/acapulco.gob.mx\/transparencia\/wp-json\/wp\/v2\/users\/1"}],"replies":[{"embeddable":true,"href":"https:\/\/acapulco.gob.mx\/transparencia\/wp-json\/wp\/v2\/comments?post=3357"}],"version-history":[{"count":32,"href":"https:\/\/acapulco.gob.mx\/transparencia\/wp-json\/wp\/v2\/pages\/3357\/revisions"}],"predecessor-version":[{"id":7782,"href":"https:\/\/acapulco.gob.mx\/transparencia\/wp-json\/wp\/v2\/pages\/3357\/revisions\/7782"}],"up":[{"embeddable":true,"href":"https:\/\/acapulco.gob.mx\/transparencia\/wp-json\/wp\/v2\/pages\/2286"}],"wp:attachment":[{"href":"https:\/\/acapulco.gob.mx\/transparencia\/wp-json\/wp\/v2\/media?parent=3357"}],"curies":[{"name":"wp","href":"https:\/\/api.w.org\/{rel}","templated":true}]}}